{"id":22457,"date":"2023-07-17T15:50:46","date_gmt":"2022-05-11T15:13:48","guid":{"rendered":"https:\/\/my-french-grocery.com\/?post_type=product&#038;p=22457"},"modified":"2022-05-11T17:22:39","modified_gmt":"2022-05-11T15:22:39","slug":"lait-corps-bio-intensif-peaux-seches-mixa","status":"publish","type":"product","link":"https:\/\/my-french-grocery.com\/fr\/produit\/lait-corps-bio-intensif-peaux-seches-mixa\/","title":{"rendered":"Lait Corps Bio Intensif Peaux S\u00e8ches Mixa"},"content":{"rendered":"<p>Lait Corps Bio Intensif Peaux S\u00e8ches Mixa<\/p>\n<p>Pompe de 250 ml<\/p>\n<div class=\"secondary-details__description\">\n<p class=\"paragraph\">Le lait corps nutritif protecteur Bio de Mixa offre \u00e0 votre peau les bienfaits des ingr\u00e9dients d\u2019origine naturelle et ce dans le plus grand respect de votre peau sensible et s\u00e8che. Imm\u00e9diatement, votre peau est apais\u00e9e, elle retrouve son confort et son velout\u00e9.<\/p>\n<\/div>\n<div class=\"secondary-details-blocks\"><\/div>\n","protected":false},"excerpt":{"rendered":"<p>Lait Corps Bio Intensif Peaux S\u00e8ches Mixa<\/p>\n<p>Pompe de 250 ml<\/p>\n","protected":false},"featured_media":22460,"comment_status":"open","ping_status":"closed","template":"","meta":[],"pwb-brand":[2758],"product_brand":[],"product_cat":[2753],"product_tag":[2757,2764],"class_list":{"0":"post-22457","1":"product","2":"type-product","3":"status-publish","4":"has-post-thumbnail","6":"pwb-brand-mixa-fr","7":"product_cat-soin-du-corps","8":"product_tag-mixa-fr","9":"product_tag-soin-du-corps","10":"product_shipping_class-expedition-dans-le-monde-entier","12":"first","13":"instock","14":"taxable","15":"shipping-taxable","16":"purchasable","17":"product-type-simple"},"brands":[{"id":2758,"name":"Mixa","slug":"mixa-fr"}],"_links":{"self":[{"href":"https:\/\/my-french-grocery.com\/fr\/wp-json\/wp\/v2\/product\/22457","targetHints":{"allow":["GET"]}}],"collection":[{"href":"https:\/\/my-french-grocery.com\/fr\/wp-json\/wp\/v2\/product"}],"about":[{"href":"https:\/\/my-french-grocery.com\/fr\/wp-json\/wp\/v2\/types\/product"}],"replies":[{"embeddable":true,"href":"https:\/\/my-french-grocery.com\/fr\/wp-json\/wp\/v2\/comments?post=22457"}],"wp:featuredmedia":[{"embeddable":true,"href":"https:\/\/my-french-grocery.com\/fr\/wp-json\/wp\/v2\/media\/22460"}],"wp:attachment":[{"href":"https:\/\/my-french-grocery.com\/fr\/wp-json\/wp\/v2\/media?parent=22457"}],"wp:term":[{"taxonomy":"pwb-brand","embeddable":true,"href":"https:\/\/my-french-grocery.com\/fr\/wp-json\/wp\/v2\/pwb-brand?post=22457"},{"taxonomy":"product_brand","embeddable":true,"href":"https:\/\/my-french-grocery.com\/fr\/wp-json\/wp\/v2\/product_brand?post=22457"},{"taxonomy":"product_cat","embeddable":true,"href":"https:\/\/my-french-grocery.com\/fr\/wp-json\/wp\/v2\/product_cat?post=22457"},{"taxonomy":"product_tag","embeddable":true,"href":"https:\/\/my-french-grocery.com\/fr\/wp-json\/wp\/v2\/product_tag?post=22457"}],"curies":[{"name":"wp","href":"https:\/\/api.w.org\/{rel}","templated":true}]}}