{"id":22519,"date":"2022-05-13T10:36:28","date_gmt":"2022-05-13T08:36:30","guid":{"rendered":"https:\/\/my-french-grocery.com\/?post_type=product&#038;p=22519"},"modified":"2022-05-13T10:42:15","modified_gmt":"2022-05-13T08:42:15","slug":"creme-visage-bio-expert-peau-sensible-mixa","status":"publish","type":"product","link":"https:\/\/my-french-grocery.com\/fr\/produit\/creme-visage-bio-expert-peau-sensible-mixa\/","title":{"rendered":"Cr\u00e8me visage Bio Expert Peau Sensible Mixa"},"content":{"rendered":"<p>Cr\u00e8me visage Bio Expert Peau Sensible Mixa<\/p>\n<p>Bo\u00eete de 50ml<\/p>\n<div class=\"secondary-details__description\">\n<p class=\"paragraph\">Soin Visage Protecteur Bio de Mixa enrichi en th\u00e9 vert et raisin certifi\u00e9s BIO, aux vertus antioxydantes et hydratantes. Intens\u00e9ment hydrat\u00e9e et durablement prot\u00e9g\u00e9e, votre peau est apais\u00e9e. Elle est naturellement fra\u00eeche et souple.<\/p>\n<\/div>\n<div class=\"secondary-details-blocks\"><\/div>\n","protected":false},"excerpt":{"rendered":"<p>Cr\u00e8me visage Bio Expert Peau Sensible Mixa<\/p>\n<p>Bo\u00eete de 50ml<\/p>\n","protected":false},"featured_media":22522,"comment_status":"open","ping_status":"closed","template":"","meta":[],"pwb-brand":[2758],"product_brand":[],"product_cat":[2753],"product_tag":[2757,2764],"class_list":{"0":"post-22519","1":"product","2":"type-product","3":"status-publish","4":"has-post-thumbnail","6":"pwb-brand-mixa-fr","7":"product_cat-soin-du-corps","8":"product_tag-mixa-fr","9":"product_tag-soin-du-corps","10":"product_shipping_class-expedition-dans-le-monde-entier","12":"first","13":"outofstock","14":"taxable","15":"shipping-taxable","16":"purchasable","17":"product-type-simple"},"yoast_head":"<!-- This site is optimized with the Yoast SEO plugin v27.4 - https:\/\/yoast.com\/product\/yoast-seo-wordpress\/ -->\n<title>Cr\u00e8me visage Bio Expert Peau Sensible Mixa | Acheter En Ligne | My French Grocery<\/title>\n<meta name=\"description\" content=\"Cr\u00e8me visage Bio Expert Peau Sensible Mixa - Bo\u00eete de 50ml - Soin Visage Protecteur Bio de Mixa enrichi en th\u00e9 vert et raisin certifi\u00e9s BIO\" \/>\n<meta name=\"robots\" content=\"index, follow, max-snippet:-1, max-image-preview:large, max-video-preview:-1\" \/>\n<link rel=\"canonical\" href=\"https:\/\/my-french-grocery.com\/fr\/produit\/creme-visage-bio-expert-peau-sensible-mixa\/\" \/>\n<meta property=\"og:locale\" content=\"fr_FR\" \/>\n<meta property=\"og:type\" content=\"article\" \/>\n<meta property=\"og:title\" content=\"Cr\u00e8me visage Bio Expert Peau Sensible Mixa | Acheter En Ligne | My French Grocery\" \/>\n<meta property=\"og:description\" content=\"Cr\u00e8me visage Bio Expert Peau Sensible Mixa - Bo\u00eete de 50ml - Soin Visage Protecteur Bio de Mixa enrichi en th\u00e9 vert et raisin certifi\u00e9s BIO\" \/>\n<meta property=\"og:url\" content=\"https:\/\/my-french-grocery.com\/fr\/produit\/creme-visage-bio-expert-peau-sensible-mixa\/\" \/>\n<meta property=\"og:site_name\" content=\"My French Grocery\" \/>\n<meta property=\"article:publisher\" content=\"https:\/\/www.facebook.com\/myfrenchgrocery\/\" \/>\n<meta property=\"article:modified_time\" content=\"2022-05-13T08:42:15+00:00\" \/>\n<meta property=\"og:image\" content=\"https:\/\/my-french-grocery.com\/wp-content\/uploads\/2022\/05\/9653962-1-3600550164046.jpg\" \/>\n\t<meta property=\"og:image:width\" content=\"600\" \/>\n\t<meta property=\"og:image:height\" content=\"600\" \/>\n\t<meta property=\"og:image:type\" content=\"image\/jpeg\" \/>\n<meta name=\"twitter:card\" content=\"summary_large_image\" \/>\n<script type=\"application\/ld+json\" class=\"yoast-schema-graph\">{\"@context\":\"https:\\\/\\\/schema.org\",\"@graph\":[{\"@type\":\"WebPage\",\"@id\":\"https:\\\/\\\/my-french-grocery.com\\\/fr\\\/produit\\\/creme-visage-bio-expert-peau-sensible-mixa\\\/\",\"url\":\"https:\\\/\\\/my-french-grocery.com\\\/fr\\\/produit\\\/creme-visage-bio-expert-peau-sensible-mixa\\\/\",\"name\":\"Cr\u00e8me visage Bio Expert Peau Sensible Mixa | Acheter En Ligne | My French Grocery\",\"isPartOf\":{\"@id\":\"https:\\\/\\\/my-french-grocery.com\\\/fr\\\/#website\"},\"primaryImageOfPage\":{\"@id\":\"https:\\\/\\\/my-french-grocery.com\\\/fr\\\/produit\\\/creme-visage-bio-expert-peau-sensible-mixa\\\/#primaryimage\"},\"image\":{\"@id\":\"https:\\\/\\\/my-french-grocery.com\\\/fr\\\/produit\\\/creme-visage-bio-expert-peau-sensible-mixa\\\/#primaryimage\"},\"thumbnailUrl\":\"https:\\\/\\\/my-french-grocery.com\\\/wp-content\\\/uploads\\\/2022\\\/05\\\/9653962-1-3600550164046.jpg\",\"datePublished\":\"2022-05-13T08:36:30+00:00\",\"dateModified\":\"2022-05-13T08:42:15+00:00\",\"description\":\"Cr\u00e8me visage Bio Expert Peau Sensible Mixa - Bo\u00eete de 50ml - Soin Visage Protecteur Bio de Mixa enrichi en th\u00e9 vert et raisin certifi\u00e9s BIO\",\"breadcrumb\":{\"@id\":\"https:\\\/\\\/my-french-grocery.com\\\/fr\\\/produit\\\/creme-visage-bio-expert-peau-sensible-mixa\\\/#breadcrumb\"},\"inLanguage\":\"fr-FR\",\"potentialAction\":[{\"@type\":\"ReadAction\",\"target\":[\"https:\\\/\\\/my-french-grocery.com\\\/fr\\\/produit\\\/creme-visage-bio-expert-peau-sensible-mixa\\\/\"]}]},{\"@type\":\"ImageObject\",\"inLanguage\":\"fr-FR\",\"@id\":\"https:\\\/\\\/my-french-grocery.com\\\/fr\\\/produit\\\/creme-visage-bio-expert-peau-sensible-mixa\\\/#primaryimage\",\"url\":\"https:\\\/\\\/my-french-grocery.com\\\/wp-content\\\/uploads\\\/2022\\\/05\\\/9653962-1-3600550164046.jpg\",\"contentUrl\":\"https:\\\/\\\/my-french-grocery.com\\\/wp-content\\\/uploads\\\/2022\\\/05\\\/9653962-1-3600550164046.jpg\",\"width\":600,\"height\":600,\"caption\":\"Cr\u00e8me visage Bio Expert Peau Sensible Mixa\"},{\"@type\":\"BreadcrumbList\",\"@id\":\"https:\\\/\\\/my-french-grocery.com\\\/fr\\\/produit\\\/creme-visage-bio-expert-peau-sensible-mixa\\\/#breadcrumb\",\"itemListElement\":[{\"@type\":\"ListItem\",\"position\":1,\"name\":\"Home\",\"item\":\"https:\\\/\\\/my-french-grocery.com\\\/fr\\\/\"},{\"@type\":\"ListItem\",\"position\":2,\"name\":\"Shop\",\"item\":\"https:\\\/\\\/my-french-grocery.com\\\/shop\\\/\"},{\"@type\":\"ListItem\",\"position\":3,\"name\":\"Cosm\u00e9tiques\",\"item\":\"https:\\\/\\\/my-french-grocery.com\\\/fr\\\/categorie-produit\\\/cosmetiques\\\/\"},{\"@type\":\"ListItem\",\"position\":4,\"name\":\"Soin Du Corps\",\"item\":\"https:\\\/\\\/my-french-grocery.com\\\/fr\\\/categorie-produit\\\/cosmetiques\\\/soin-du-corps\\\/\"},{\"@type\":\"ListItem\",\"position\":5,\"name\":\"Cr\u00e8me visage Bio Expert Peau Sensible Mixa\"}]},{\"@type\":\"WebSite\",\"@id\":\"https:\\\/\\\/my-french-grocery.com\\\/fr\\\/#website\",\"url\":\"https:\\\/\\\/my-french-grocery.com\\\/fr\\\/\",\"name\":\"My French Grocery\",\"description\":\"Your Online French Grocery  !\",\"publisher\":{\"@id\":\"https:\\\/\\\/my-french-grocery.com\\\/fr\\\/#organization\"},\"potentialAction\":[{\"@type\":\"SearchAction\",\"target\":{\"@type\":\"EntryPoint\",\"urlTemplate\":\"https:\\\/\\\/my-french-grocery.com\\\/fr\\\/?s={search_term_string}\"},\"query-input\":{\"@type\":\"PropertyValueSpecification\",\"valueRequired\":true,\"valueName\":\"search_term_string\"}}],\"inLanguage\":\"fr-FR\"},{\"@type\":\"Organization\",\"@id\":\"https:\\\/\\\/my-french-grocery.com\\\/fr\\\/#organization\",\"name\":\"MY FRENCH GROCERY\",\"url\":\"https:\\\/\\\/my-french-grocery.com\\\/fr\\\/\",\"logo\":{\"@type\":\"ImageObject\",\"inLanguage\":\"fr-FR\",\"@id\":\"https:\\\/\\\/my-french-grocery.com\\\/fr\\\/#\\\/schema\\\/logo\\\/image\\\/\",\"url\":\"https:\\\/\\\/my-french-grocery.com\\\/wp-content\\\/uploads\\\/2021\\\/11\\\/My-French-Grocery-Online-French-Grocery.png\",\"contentUrl\":\"https:\\\/\\\/my-french-grocery.com\\\/wp-content\\\/uploads\\\/2021\\\/11\\\/My-French-Grocery-Online-French-Grocery.png\",\"width\":100,\"height\":100,\"caption\":\"MY FRENCH GROCERY\"},\"image\":{\"@id\":\"https:\\\/\\\/my-french-grocery.com\\\/fr\\\/#\\\/schema\\\/logo\\\/image\\\/\"},\"sameAs\":[\"https:\\\/\\\/www.facebook.com\\\/myfrenchgrocery\\\/\"]}]}<\/script>\n<!-- \/ Yoast SEO plugin. -->","yoast_head_json":{"title":"Cr\u00e8me visage Bio Expert Peau Sensible Mixa | Acheter En Ligne | My French Grocery","description":"Cr\u00e8me visage Bio Expert Peau Sensible Mixa - Bo\u00eete de 50ml - Soin Visage Protecteur Bio de Mixa enrichi en th\u00e9 vert et raisin certifi\u00e9s BIO","robots":{"index":"index","follow":"follow","max-snippet":"max-snippet:-1","max-image-preview":"max-image-preview:large","max-video-preview":"max-video-preview:-1"},"canonical":"https:\/\/my-french-grocery.com\/fr\/produit\/creme-visage-bio-expert-peau-sensible-mixa\/","og_locale":"fr_FR","og_type":"article","og_title":"Cr\u00e8me visage Bio Expert Peau Sensible Mixa | Acheter En Ligne | My French Grocery","og_description":"Cr\u00e8me visage Bio Expert Peau Sensible Mixa - Bo\u00eete de 50ml - Soin Visage Protecteur Bio de Mixa enrichi en th\u00e9 vert et raisin certifi\u00e9s BIO","og_url":"https:\/\/my-french-grocery.com\/fr\/produit\/creme-visage-bio-expert-peau-sensible-mixa\/","og_site_name":"My French Grocery","article_publisher":"https:\/\/www.facebook.com\/myfrenchgrocery\/","article_modified_time":"2022-05-13T08:42:15+00:00","og_image":[{"width":600,"height":600,"url":"https:\/\/my-french-grocery.com\/wp-content\/uploads\/2022\/05\/9653962-1-3600550164046.jpg","type":"image\/jpeg"}],"twitter_card":"summary_large_image","schema":{"@context":"https:\/\/schema.org","@graph":[{"@type":"WebPage","@id":"https:\/\/my-french-grocery.com\/fr\/produit\/creme-visage-bio-expert-peau-sensible-mixa\/","url":"https:\/\/my-french-grocery.com\/fr\/produit\/creme-visage-bio-expert-peau-sensible-mixa\/","name":"Cr\u00e8me visage Bio Expert Peau Sensible Mixa | Acheter En Ligne | My French Grocery","isPartOf":{"@id":"https:\/\/my-french-grocery.com\/fr\/#website"},"primaryImageOfPage":{"@id":"https:\/\/my-french-grocery.com\/fr\/produit\/creme-visage-bio-expert-peau-sensible-mixa\/#primaryimage"},"image":{"@id":"https:\/\/my-french-grocery.com\/fr\/produit\/creme-visage-bio-expert-peau-sensible-mixa\/#primaryimage"},"thumbnailUrl":"https:\/\/my-french-grocery.com\/wp-content\/uploads\/2022\/05\/9653962-1-3600550164046.jpg","datePublished":"2022-05-13T08:36:30+00:00","dateModified":"2022-05-13T08:42:15+00:00","description":"Cr\u00e8me visage Bio Expert Peau Sensible Mixa - Bo\u00eete de 50ml - Soin Visage Protecteur Bio de Mixa enrichi en th\u00e9 vert et raisin certifi\u00e9s BIO","breadcrumb":{"@id":"https:\/\/my-french-grocery.com\/fr\/produit\/creme-visage-bio-expert-peau-sensible-mixa\/#breadcrumb"},"inLanguage":"fr-FR","potentialAction":[{"@type":"ReadAction","target":["https:\/\/my-french-grocery.com\/fr\/produit\/creme-visage-bio-expert-peau-sensible-mixa\/"]}]},{"@type":"ImageObject","inLanguage":"fr-FR","@id":"https:\/\/my-french-grocery.com\/fr\/produit\/creme-visage-bio-expert-peau-sensible-mixa\/#primaryimage","url":"https:\/\/my-french-grocery.com\/wp-content\/uploads\/2022\/05\/9653962-1-3600550164046.jpg","contentUrl":"https:\/\/my-french-grocery.com\/wp-content\/uploads\/2022\/05\/9653962-1-3600550164046.jpg","width":600,"height":600,"caption":"Cr\u00e8me visage Bio Expert Peau Sensible Mixa"},{"@type":"BreadcrumbList","@id":"https:\/\/my-french-grocery.com\/fr\/produit\/creme-visage-bio-expert-peau-sensible-mixa\/#breadcrumb","itemListElement":[{"@type":"ListItem","position":1,"name":"Home","item":"https:\/\/my-french-grocery.com\/fr\/"},{"@type":"ListItem","position":2,"name":"Shop","item":"https:\/\/my-french-grocery.com\/shop\/"},{"@type":"ListItem","position":3,"name":"Cosm\u00e9tiques","item":"https:\/\/my-french-grocery.com\/fr\/categorie-produit\/cosmetiques\/"},{"@type":"ListItem","position":4,"name":"Soin Du Corps","item":"https:\/\/my-french-grocery.com\/fr\/categorie-produit\/cosmetiques\/soin-du-corps\/"},{"@type":"ListItem","position":5,"name":"Cr\u00e8me visage Bio Expert Peau Sensible Mixa"}]},{"@type":"WebSite","@id":"https:\/\/my-french-grocery.com\/fr\/#website","url":"https:\/\/my-french-grocery.com\/fr\/","name":"My French Grocery","description":"Your Online French Grocery  !","publisher":{"@id":"https:\/\/my-french-grocery.com\/fr\/#organization"},"potentialAction":[{"@type":"SearchAction","target":{"@type":"EntryPoint","urlTemplate":"https:\/\/my-french-grocery.com\/fr\/?s={search_term_string}"},"query-input":{"@type":"PropertyValueSpecification","valueRequired":true,"valueName":"search_term_string"}}],"inLanguage":"fr-FR"},{"@type":"Organization","@id":"https:\/\/my-french-grocery.com\/fr\/#organization","name":"MY FRENCH GROCERY","url":"https:\/\/my-french-grocery.com\/fr\/","logo":{"@type":"ImageObject","inLanguage":"fr-FR","@id":"https:\/\/my-french-grocery.com\/fr\/#\/schema\/logo\/image\/","url":"https:\/\/my-french-grocery.com\/wp-content\/uploads\/2021\/11\/My-French-Grocery-Online-French-Grocery.png","contentUrl":"https:\/\/my-french-grocery.com\/wp-content\/uploads\/2021\/11\/My-French-Grocery-Online-French-Grocery.png","width":100,"height":100,"caption":"MY FRENCH GROCERY"},"image":{"@id":"https:\/\/my-french-grocery.com\/fr\/#\/schema\/logo\/image\/"},"sameAs":["https:\/\/www.facebook.com\/myfrenchgrocery\/"]}]}},"brands":[{"id":2758,"name":"Mixa","slug":"mixa-fr"}],"_links":{"self":[{"href":"https:\/\/my-french-grocery.com\/fr\/wp-json\/wp\/v2\/product\/22519","targetHints":{"allow":["GET"]}}],"collection":[{"href":"https:\/\/my-french-grocery.com\/fr\/wp-json\/wp\/v2\/product"}],"about":[{"href":"https:\/\/my-french-grocery.com\/fr\/wp-json\/wp\/v2\/types\/product"}],"replies":[{"embeddable":true,"href":"https:\/\/my-french-grocery.com\/fr\/wp-json\/wp\/v2\/comments?post=22519"}],"wp:featuredmedia":[{"embeddable":true,"href":"https:\/\/my-french-grocery.com\/fr\/wp-json\/wp\/v2\/media\/22522"}],"wp:attachment":[{"href":"https:\/\/my-french-grocery.com\/fr\/wp-json\/wp\/v2\/media?parent=22519"}],"wp:term":[{"taxonomy":"pwb-brand","embeddable":true,"href":"https:\/\/my-french-grocery.com\/fr\/wp-json\/wp\/v2\/pwb-brand?post=22519"},{"taxonomy":"product_brand","embeddable":true,"href":"https:\/\/my-french-grocery.com\/fr\/wp-json\/wp\/v2\/product_brand?post=22519"},{"taxonomy":"product_cat","embeddable":true,"href":"https:\/\/my-french-grocery.com\/fr\/wp-json\/wp\/v2\/product_cat?post=22519"},{"taxonomy":"product_tag","embeddable":true,"href":"https:\/\/my-french-grocery.com\/fr\/wp-json\/wp\/v2\/product_tag?post=22519"}],"curies":[{"name":"wp","href":"https:\/\/api.w.org\/{rel}","templated":true}]}}