{"id":22561,"date":"2022-05-16T16:10:11","date_gmt":"2022-05-16T14:10:12","guid":{"rendered":"https:\/\/my-french-grocery.com\/?post_type=product&#038;p=22561"},"modified":"2022-05-16T16:17:07","modified_gmt":"2022-05-16T14:17:07","slug":"carambar-caramoellow","status":"publish","type":"product","link":"https:\/\/my-french-grocery.com\/fr\/produit\/carambar-caramoellow\/","title":{"rendered":"Carambar Caramoellow"},"content":{"rendered":"<p id=\"tw-target-text\" class=\"tw-data-text tw-ta tw-text-small\" dir=\"ltr\" data-placeholder=\"Traduction\">Carambar Caramoellow<\/p>\n<p>Paquet de 160g<\/p>\n<p>D\u00e9couvrez Caramoellow, une guimauve gout carambar caramel enrob\u00e9e de chocolat au lait qui s\u00e9duit d\u00e9j\u00e0 toutes les papilles. En forme de papillote, cette guimauve recouverte de chocolat au lait vous fera fondre de tendresse.<\/p>\n","protected":false},"excerpt":{"rendered":"<p id=\"tw-target-text\" class=\"tw-data-text tw-ta tw-text-small\" dir=\"ltr\" data-placeholder=\"Traduction\">Carambar Caramoellow<\/p>\n<p>Paquet de 160g<\/p>\n<p>&nbsp;<\/p>\n","protected":false},"featured_media":35746,"comment_status":"open","ping_status":"closed","template":"","meta":[],"pwb-brand":[561],"product_brand":[],"product_cat":[449],"product_tag":[2771],"class_list":{"0":"post-22561","1":"product","2":"type-product","3":"status-publish","4":"has-post-thumbnail","6":"pwb-brand-carambar-fr","7":"product_cat-bonbons","8":"product_tag-carambar-fr","9":"product_shipping_class-expedition-dans-le-monde-entier","11":"first","12":"outofstock","13":"taxable","14":"shipping-taxable","15":"purchasable","16":"product-type-simple"},"yoast_head":"<!-- This site is optimized with the Yoast SEO plugin v27.3 - https:\/\/yoast.com\/product\/yoast-seo-wordpress\/ -->\n<title>Carambar Caramoellow | Acheter En Ligne | My French Grocery<\/title>\n<meta name=\"description\" content=\"Carambar Caramoellow - Paquet de 160g - D\u00e9couvrez Caramoellow, une guimauve gout carambar caramel enrob\u00e9e de chocolat au lait qui s\u00e9duit d\u00e9j\u00e0 toutes les papilles.\" \/>\n<meta name=\"robots\" content=\"index, follow, max-snippet:-1, max-image-preview:large, max-video-preview:-1\" \/>\n<link rel=\"canonical\" href=\"https:\/\/my-french-grocery.com\/fr\/produit\/carambar-caramoellow\/\" \/>\n<meta property=\"og:locale\" content=\"fr_FR\" \/>\n<meta property=\"og:type\" content=\"article\" \/>\n<meta property=\"og:title\" content=\"Carambar Caramoellow | Acheter En Ligne | My French Grocery\" \/>\n<meta property=\"og:description\" content=\"Carambar Caramoellow - Paquet de 160g - D\u00e9couvrez Caramoellow, une guimauve gout carambar caramel enrob\u00e9e de chocolat au lait qui s\u00e9duit d\u00e9j\u00e0 toutes les papilles.\" \/>\n<meta property=\"og:url\" content=\"https:\/\/my-french-grocery.com\/fr\/produit\/carambar-caramoellow\/\" \/>\n<meta property=\"og:site_name\" content=\"My French Grocery\" \/>\n<meta property=\"article:publisher\" content=\"https:\/\/www.facebook.com\/myfrenchgrocery\/\" \/>\n<meta property=\"article:modified_time\" content=\"2022-05-16T14:17:07+00:00\" \/>\n<meta property=\"og:image\" content=\"https:\/\/my-french-grocery.com\/wp-content\/uploads\/2022\/05\/La-Guimauve-Carambar.jpg\" \/>\n\t<meta property=\"og:image:width\" content=\"540\" \/>\n\t<meta property=\"og:image:height\" content=\"540\" \/>\n\t<meta property=\"og:image:type\" content=\"image\/jpeg\" \/>\n<meta name=\"twitter:card\" content=\"summary_large_image\" \/>\n<script type=\"application\/ld+json\" class=\"yoast-schema-graph\">{\"@context\":\"https:\\\/\\\/schema.org\",\"@graph\":[{\"@type\":\"WebPage\",\"@id\":\"https:\\\/\\\/my-french-grocery.com\\\/fr\\\/produit\\\/carambar-caramoellow\\\/\",\"url\":\"https:\\\/\\\/my-french-grocery.com\\\/fr\\\/produit\\\/carambar-caramoellow\\\/\",\"name\":\"Carambar Caramoellow | Acheter En Ligne | My French Grocery\",\"isPartOf\":{\"@id\":\"https:\\\/\\\/my-french-grocery.com\\\/fr\\\/#website\"},\"primaryImageOfPage\":{\"@id\":\"https:\\\/\\\/my-french-grocery.com\\\/fr\\\/produit\\\/carambar-caramoellow\\\/#primaryimage\"},\"image\":{\"@id\":\"https:\\\/\\\/my-french-grocery.com\\\/fr\\\/produit\\\/carambar-caramoellow\\\/#primaryimage\"},\"thumbnailUrl\":\"https:\\\/\\\/my-french-grocery.com\\\/wp-content\\\/uploads\\\/2022\\\/05\\\/La-Guimauve-Carambar.jpg\",\"datePublished\":\"2022-05-16T14:10:12+00:00\",\"dateModified\":\"2022-05-16T14:17:07+00:00\",\"description\":\"Carambar Caramoellow - Paquet de 160g - D\u00e9couvrez Caramoellow, une guimauve gout carambar caramel enrob\u00e9e de chocolat au lait qui s\u00e9duit d\u00e9j\u00e0 toutes les papilles.\",\"breadcrumb\":{\"@id\":\"https:\\\/\\\/my-french-grocery.com\\\/fr\\\/produit\\\/carambar-caramoellow\\\/#breadcrumb\"},\"inLanguage\":\"fr-FR\",\"potentialAction\":[{\"@type\":\"ReadAction\",\"target\":[\"https:\\\/\\\/my-french-grocery.com\\\/fr\\\/produit\\\/carambar-caramoellow\\\/\"]}]},{\"@type\":\"ImageObject\",\"inLanguage\":\"fr-FR\",\"@id\":\"https:\\\/\\\/my-french-grocery.com\\\/fr\\\/produit\\\/carambar-caramoellow\\\/#primaryimage\",\"url\":\"https:\\\/\\\/my-french-grocery.com\\\/wp-content\\\/uploads\\\/2022\\\/05\\\/La-Guimauve-Carambar.jpg\",\"contentUrl\":\"https:\\\/\\\/my-french-grocery.com\\\/wp-content\\\/uploads\\\/2022\\\/05\\\/La-Guimauve-Carambar.jpg\",\"width\":540,\"height\":540},{\"@type\":\"BreadcrumbList\",\"@id\":\"https:\\\/\\\/my-french-grocery.com\\\/fr\\\/produit\\\/carambar-caramoellow\\\/#breadcrumb\",\"itemListElement\":[{\"@type\":\"ListItem\",\"position\":1,\"name\":\"Home\",\"item\":\"https:\\\/\\\/my-french-grocery.com\\\/fr\\\/\"},{\"@type\":\"ListItem\",\"position\":2,\"name\":\"Shop\",\"item\":\"https:\\\/\\\/my-french-grocery.com\\\/shop\\\/\"},{\"@type\":\"ListItem\",\"position\":3,\"name\":\"Alimentation\",\"item\":\"https:\\\/\\\/my-french-grocery.com\\\/fr\\\/categorie-produit\\\/alimentation\\\/\"},{\"@type\":\"ListItem\",\"position\":4,\"name\":\"Bonbons &amp; Chocolats\",\"item\":\"https:\\\/\\\/my-french-grocery.com\\\/fr\\\/categorie-produit\\\/alimentation\\\/bonbons-chocolats\\\/\"},{\"@type\":\"ListItem\",\"position\":5,\"name\":\"Bonbons\",\"item\":\"https:\\\/\\\/my-french-grocery.com\\\/fr\\\/categorie-produit\\\/alimentation\\\/bonbons-chocolats\\\/bonbons\\\/\"},{\"@type\":\"ListItem\",\"position\":6,\"name\":\"Carambar Caramoellow\"}]},{\"@type\":\"WebSite\",\"@id\":\"https:\\\/\\\/my-french-grocery.com\\\/fr\\\/#website\",\"url\":\"https:\\\/\\\/my-french-grocery.com\\\/fr\\\/\",\"name\":\"My French Grocery\",\"description\":\"Your Online French Grocery  !\",\"publisher\":{\"@id\":\"https:\\\/\\\/my-french-grocery.com\\\/fr\\\/#organization\"},\"potentialAction\":[{\"@type\":\"SearchAction\",\"target\":{\"@type\":\"EntryPoint\",\"urlTemplate\":\"https:\\\/\\\/my-french-grocery.com\\\/fr\\\/?s={search_term_string}\"},\"query-input\":{\"@type\":\"PropertyValueSpecification\",\"valueRequired\":true,\"valueName\":\"search_term_string\"}}],\"inLanguage\":\"fr-FR\"},{\"@type\":\"Organization\",\"@id\":\"https:\\\/\\\/my-french-grocery.com\\\/fr\\\/#organization\",\"name\":\"MY FRENCH GROCERY\",\"url\":\"https:\\\/\\\/my-french-grocery.com\\\/fr\\\/\",\"logo\":{\"@type\":\"ImageObject\",\"inLanguage\":\"fr-FR\",\"@id\":\"https:\\\/\\\/my-french-grocery.com\\\/fr\\\/#\\\/schema\\\/logo\\\/image\\\/\",\"url\":\"https:\\\/\\\/my-french-grocery.com\\\/wp-content\\\/uploads\\\/2021\\\/11\\\/My-French-Grocery-Online-French-Grocery.png\",\"contentUrl\":\"https:\\\/\\\/my-french-grocery.com\\\/wp-content\\\/uploads\\\/2021\\\/11\\\/My-French-Grocery-Online-French-Grocery.png\",\"width\":100,\"height\":100,\"caption\":\"MY FRENCH GROCERY\"},\"image\":{\"@id\":\"https:\\\/\\\/my-french-grocery.com\\\/fr\\\/#\\\/schema\\\/logo\\\/image\\\/\"},\"sameAs\":[\"https:\\\/\\\/www.facebook.com\\\/myfrenchgrocery\\\/\"]}]}<\/script>\n<!-- \/ Yoast SEO plugin. -->","yoast_head_json":{"title":"Carambar Caramoellow | Acheter En Ligne | My French Grocery","description":"Carambar Caramoellow - Paquet de 160g - D\u00e9couvrez Caramoellow, une guimauve gout carambar caramel enrob\u00e9e de chocolat au lait qui s\u00e9duit d\u00e9j\u00e0 toutes les papilles.","robots":{"index":"index","follow":"follow","max-snippet":"max-snippet:-1","max-image-preview":"max-image-preview:large","max-video-preview":"max-video-preview:-1"},"canonical":"https:\/\/my-french-grocery.com\/fr\/produit\/carambar-caramoellow\/","og_locale":"fr_FR","og_type":"article","og_title":"Carambar Caramoellow | Acheter En Ligne | My French Grocery","og_description":"Carambar Caramoellow - Paquet de 160g - D\u00e9couvrez Caramoellow, une guimauve gout carambar caramel enrob\u00e9e de chocolat au lait qui s\u00e9duit d\u00e9j\u00e0 toutes les papilles.","og_url":"https:\/\/my-french-grocery.com\/fr\/produit\/carambar-caramoellow\/","og_site_name":"My French Grocery","article_publisher":"https:\/\/www.facebook.com\/myfrenchgrocery\/","article_modified_time":"2022-05-16T14:17:07+00:00","og_image":[{"width":540,"height":540,"url":"https:\/\/my-french-grocery.com\/wp-content\/uploads\/2022\/05\/La-Guimauve-Carambar.jpg","type":"image\/jpeg"}],"twitter_card":"summary_large_image","schema":{"@context":"https:\/\/schema.org","@graph":[{"@type":"WebPage","@id":"https:\/\/my-french-grocery.com\/fr\/produit\/carambar-caramoellow\/","url":"https:\/\/my-french-grocery.com\/fr\/produit\/carambar-caramoellow\/","name":"Carambar Caramoellow | Acheter En Ligne | My French Grocery","isPartOf":{"@id":"https:\/\/my-french-grocery.com\/fr\/#website"},"primaryImageOfPage":{"@id":"https:\/\/my-french-grocery.com\/fr\/produit\/carambar-caramoellow\/#primaryimage"},"image":{"@id":"https:\/\/my-french-grocery.com\/fr\/produit\/carambar-caramoellow\/#primaryimage"},"thumbnailUrl":"https:\/\/my-french-grocery.com\/wp-content\/uploads\/2022\/05\/La-Guimauve-Carambar.jpg","datePublished":"2022-05-16T14:10:12+00:00","dateModified":"2022-05-16T14:17:07+00:00","description":"Carambar Caramoellow - Paquet de 160g - D\u00e9couvrez Caramoellow, une guimauve gout carambar caramel enrob\u00e9e de chocolat au lait qui s\u00e9duit d\u00e9j\u00e0 toutes les papilles.","breadcrumb":{"@id":"https:\/\/my-french-grocery.com\/fr\/produit\/carambar-caramoellow\/#breadcrumb"},"inLanguage":"fr-FR","potentialAction":[{"@type":"ReadAction","target":["https:\/\/my-french-grocery.com\/fr\/produit\/carambar-caramoellow\/"]}]},{"@type":"ImageObject","inLanguage":"fr-FR","@id":"https:\/\/my-french-grocery.com\/fr\/produit\/carambar-caramoellow\/#primaryimage","url":"https:\/\/my-french-grocery.com\/wp-content\/uploads\/2022\/05\/La-Guimauve-Carambar.jpg","contentUrl":"https:\/\/my-french-grocery.com\/wp-content\/uploads\/2022\/05\/La-Guimauve-Carambar.jpg","width":540,"height":540},{"@type":"BreadcrumbList","@id":"https:\/\/my-french-grocery.com\/fr\/produit\/carambar-caramoellow\/#breadcrumb","itemListElement":[{"@type":"ListItem","position":1,"name":"Home","item":"https:\/\/my-french-grocery.com\/fr\/"},{"@type":"ListItem","position":2,"name":"Shop","item":"https:\/\/my-french-grocery.com\/shop\/"},{"@type":"ListItem","position":3,"name":"Alimentation","item":"https:\/\/my-french-grocery.com\/fr\/categorie-produit\/alimentation\/"},{"@type":"ListItem","position":4,"name":"Bonbons &amp; Chocolats","item":"https:\/\/my-french-grocery.com\/fr\/categorie-produit\/alimentation\/bonbons-chocolats\/"},{"@type":"ListItem","position":5,"name":"Bonbons","item":"https:\/\/my-french-grocery.com\/fr\/categorie-produit\/alimentation\/bonbons-chocolats\/bonbons\/"},{"@type":"ListItem","position":6,"name":"Carambar Caramoellow"}]},{"@type":"WebSite","@id":"https:\/\/my-french-grocery.com\/fr\/#website","url":"https:\/\/my-french-grocery.com\/fr\/","name":"My French Grocery","description":"Your Online French Grocery  !","publisher":{"@id":"https:\/\/my-french-grocery.com\/fr\/#organization"},"potentialAction":[{"@type":"SearchAction","target":{"@type":"EntryPoint","urlTemplate":"https:\/\/my-french-grocery.com\/fr\/?s={search_term_string}"},"query-input":{"@type":"PropertyValueSpecification","valueRequired":true,"valueName":"search_term_string"}}],"inLanguage":"fr-FR"},{"@type":"Organization","@id":"https:\/\/my-french-grocery.com\/fr\/#organization","name":"MY FRENCH GROCERY","url":"https:\/\/my-french-grocery.com\/fr\/","logo":{"@type":"ImageObject","inLanguage":"fr-FR","@id":"https:\/\/my-french-grocery.com\/fr\/#\/schema\/logo\/image\/","url":"https:\/\/my-french-grocery.com\/wp-content\/uploads\/2021\/11\/My-French-Grocery-Online-French-Grocery.png","contentUrl":"https:\/\/my-french-grocery.com\/wp-content\/uploads\/2021\/11\/My-French-Grocery-Online-French-Grocery.png","width":100,"height":100,"caption":"MY FRENCH GROCERY"},"image":{"@id":"https:\/\/my-french-grocery.com\/fr\/#\/schema\/logo\/image\/"},"sameAs":["https:\/\/www.facebook.com\/myfrenchgrocery\/"]}]}},"brands":[{"id":561,"name":"Carambar","slug":"carambar-fr"}],"_links":{"self":[{"href":"https:\/\/my-french-grocery.com\/fr\/wp-json\/wp\/v2\/product\/22561","targetHints":{"allow":["GET"]}}],"collection":[{"href":"https:\/\/my-french-grocery.com\/fr\/wp-json\/wp\/v2\/product"}],"about":[{"href":"https:\/\/my-french-grocery.com\/fr\/wp-json\/wp\/v2\/types\/product"}],"replies":[{"embeddable":true,"href":"https:\/\/my-french-grocery.com\/fr\/wp-json\/wp\/v2\/comments?post=22561"}],"wp:featuredmedia":[{"embeddable":true,"href":"https:\/\/my-french-grocery.com\/fr\/wp-json\/wp\/v2\/media\/35746"}],"wp:attachment":[{"href":"https:\/\/my-french-grocery.com\/fr\/wp-json\/wp\/v2\/media?parent=22561"}],"wp:term":[{"taxonomy":"pwb-brand","embeddable":true,"href":"https:\/\/my-french-grocery.com\/fr\/wp-json\/wp\/v2\/pwb-brand?post=22561"},{"taxonomy":"product_brand","embeddable":true,"href":"https:\/\/my-french-grocery.com\/fr\/wp-json\/wp\/v2\/product_brand?post=22561"},{"taxonomy":"product_cat","embeddable":true,"href":"https:\/\/my-french-grocery.com\/fr\/wp-json\/wp\/v2\/product_cat?post=22561"},{"taxonomy":"product_tag","embeddable":true,"href":"https:\/\/my-french-grocery.com\/fr\/wp-json\/wp\/v2\/product_tag?post=22561"}],"curies":[{"name":"wp","href":"https:\/\/api.w.org\/{rel}","templated":true}]}}