{"id":22741,"date":"2022-05-26T17:19:01","date_gmt":"2022-05-26T15:19:03","guid":{"rendered":"https:\/\/my-french-grocery.com\/?post_type=product&#038;p=22741"},"modified":"2022-05-26T17:28:59","modified_gmt":"2022-05-26T15:28:59","slug":"petit-lu-moelleux","status":"publish","type":"product","link":"https:\/\/my-french-grocery.com\/fr\/produit\/petit-lu-moelleux\/","title":{"rendered":"Petit Lu Moelleux"},"content":{"rendered":"<p>Petit Lu Moelleux<\/p>\n<p>Paquet de 5 \u2013 140 g<\/p>\n<p>Go\u00fbtez le moelleux nature Petit Lu ! Un g\u00e2teau tendre et gourmand pour des go\u00fbters r\u00e9ussis ! Un paquet contient 5 g\u00e2teaux emball\u00e9s individuellement.<\/p>\n","protected":false},"excerpt":{"rendered":"<p>Petit Lu Moelleux<\/p>\n<p>Paquet de 5 &#8211; 140 g<\/p>\n<p>&nbsp;<\/p>\n","protected":false},"featured_media":22750,"comment_status":"open","ping_status":"closed","template":"","meta":[],"pwb-brand":[754],"product_brand":[],"product_cat":[1025],"product_tag":[],"class_list":{"0":"post-22741","1":"product","2":"type-product","3":"status-publish","4":"has-post-thumbnail","6":"pwb-brand-lu-fr","7":"product_cat-gateaux-biscuits","8":"product_shipping_class-expedition-dans-le-monde-entier","10":"first","11":"instock","12":"taxable","13":"shipping-taxable","14":"purchasable","15":"product-type-simple"},"brands":[{"id":754,"name":"Lu","slug":"lu-fr"}],"_links":{"self":[{"href":"https:\/\/my-french-grocery.com\/fr\/wp-json\/wp\/v2\/product\/22741","targetHints":{"allow":["GET"]}}],"collection":[{"href":"https:\/\/my-french-grocery.com\/fr\/wp-json\/wp\/v2\/product"}],"about":[{"href":"https:\/\/my-french-grocery.com\/fr\/wp-json\/wp\/v2\/types\/product"}],"replies":[{"embeddable":true,"href":"https:\/\/my-french-grocery.com\/fr\/wp-json\/wp\/v2\/comments?post=22741"}],"wp:featuredmedia":[{"embeddable":true,"href":"https:\/\/my-french-grocery.com\/fr\/wp-json\/wp\/v2\/media\/22750"}],"wp:attachment":[{"href":"https:\/\/my-french-grocery.com\/fr\/wp-json\/wp\/v2\/media?parent=22741"}],"wp:term":[{"taxonomy":"pwb-brand","embeddable":true,"href":"https:\/\/my-french-grocery.com\/fr\/wp-json\/wp\/v2\/pwb-brand?post=22741"},{"taxonomy":"product_brand","embeddable":true,"href":"https:\/\/my-french-grocery.com\/fr\/wp-json\/wp\/v2\/product_brand?post=22741"},{"taxonomy":"product_cat","embeddable":true,"href":"https:\/\/my-french-grocery.com\/fr\/wp-json\/wp\/v2\/product_cat?post=22741"},{"taxonomy":"product_tag","embeddable":true,"href":"https:\/\/my-french-grocery.com\/fr\/wp-json\/wp\/v2\/product_tag?post=22741"}],"curies":[{"name":"wp","href":"https:\/\/api.w.org\/{rel}","templated":true}]}}