{"id":30088,"date":"2022-08-21T11:14:10","date_gmt":"2022-08-21T09:14:12","guid":{"rendered":"https:\/\/my-french-grocery.com\/?post_type=product&#038;p=30088"},"modified":"2024-03-02T18:45:50","modified_gmt":"2024-03-02T16:45:50","slug":"cacahuetes-gout-barbecue-twinuts","status":"publish","type":"product","link":"https:\/\/my-french-grocery.com\/fr\/produit\/cacahuetes-gout-barbecue-twinuts\/","title":{"rendered":"Cacahu\u00e8tes Saveur Mexicaine Twinuts"},"content":{"rendered":"<p>Cacahu\u00e8tes Saveur Mexicaine Twinuts<\/p>\n<p>sachet de 150 g<\/p>\n<p>Une cacahu\u00e8te croquante Un biscuit croustillant Une d\u00e9licieuse saveur Twinunts\u00ae, le plaisir croustillant de B\u00e9n\u00e9nuts D\u00e9couvrez une multitude de saveurs craquantes avec Twinuts B\u00e9n\u00e9nuts Twinuts Go\u00fbt Bacon B\u00e9n\u00e9nuts Twinuts Go\u00fbt Barbecue B\u00e9n\u00e9nuts Twinuts Go\u00fbt Sal\u00e9 B\u00e9n\u00e9nuts Twinuts Go\u00fbt Cheese\u207d\u00b9\u207e \u207d\u00b9\u207e Fromage Cacahu\u00e8tes enrob\u00e9es de biscuit aromatis\u00e9<\/p>\n","protected":false},"excerpt":{"rendered":"<p>Cacahu\u00e8tes Saveur Mexicaine Twinuts<\/p>\n<p>sachet de 150 g<\/p>\n","protected":false},"featured_media":39100,"comment_status":"open","ping_status":"closed","template":"","meta":[],"pwb-brand":[520],"product_brand":[],"product_cat":[1034],"product_tag":[1423],"class_list":{"0":"post-30088","1":"product","2":"type-product","3":"status-publish","4":"has-post-thumbnail","6":"pwb-brand-benenuts-fr","7":"product_cat-chips-biscuits-sales","8":"product_tag-biscuits-sales","9":"product_shipping_class-expedition-dans-le-monde-entier","11":"first","12":"instock","13":"taxable","14":"shipping-taxable","15":"purchasable","16":"product-type-simple"},"yoast_head":"<!-- This site is optimized with the Yoast SEO plugin v27.4 - https:\/\/yoast.com\/product\/yoast-seo-wordpress\/ -->\n<title>Cacahu\u00e8tes Saveur Mexicaine Twinuts | Acheter En Ligne | My French Grocery<\/title>\n<meta name=\"description\" content=\"Cacahu\u00e8tes Saveur Mexicaine Twinuts - sachet de 150 g - Une cacahu\u00e8te croquante Un biscuit croustillant Une d\u00e9licieuse saveur Twinunts\" \/>\n<meta name=\"robots\" content=\"index, follow, max-snippet:-1, max-image-preview:large, max-video-preview:-1\" \/>\n<link rel=\"canonical\" href=\"https:\/\/my-french-grocery.com\/fr\/produit\/cacahuetes-gout-barbecue-twinuts\/\" \/>\n<meta property=\"og:locale\" content=\"fr_FR\" \/>\n<meta property=\"og:type\" content=\"article\" \/>\n<meta property=\"og:title\" content=\"Cacahu\u00e8tes Saveur Mexicaine Twinuts | Acheter En Ligne | My French Grocery\" \/>\n<meta property=\"og:description\" content=\"Cacahu\u00e8tes Saveur Mexicaine Twinuts - sachet de 150 g - Une cacahu\u00e8te croquante Un biscuit croustillant Une d\u00e9licieuse saveur Twinunts\" \/>\n<meta property=\"og:url\" content=\"https:\/\/my-french-grocery.com\/fr\/produit\/cacahuetes-gout-barbecue-twinuts\/\" \/>\n<meta property=\"og:site_name\" content=\"My French Grocery\" \/>\n<meta property=\"article:publisher\" content=\"https:\/\/www.facebook.com\/myfrenchgrocery\/\" \/>\n<meta property=\"article:modified_time\" content=\"2024-03-02T16:45:50+00:00\" \/>\n<meta property=\"og:image\" content=\"https:\/\/my-french-grocery.com\/wp-content\/uploads\/2022\/08\/Twinuts-Mexican-flavor-coated-peanuts.webp\" \/>\n\t<meta property=\"og:image:width\" content=\"1200\" \/>\n\t<meta property=\"og:image:height\" content=\"1200\" \/>\n\t<meta property=\"og:image:type\" content=\"image\/webp\" \/>\n<meta name=\"twitter:card\" content=\"summary_large_image\" \/>\n<script type=\"application\/ld+json\" class=\"yoast-schema-graph\">{\"@context\":\"https:\\\/\\\/schema.org\",\"@graph\":[{\"@type\":\"WebPage\",\"@id\":\"https:\\\/\\\/my-french-grocery.com\\\/fr\\\/produit\\\/cacahuetes-gout-barbecue-twinuts\\\/\",\"url\":\"https:\\\/\\\/my-french-grocery.com\\\/fr\\\/produit\\\/cacahuetes-gout-barbecue-twinuts\\\/\",\"name\":\"Cacahu\u00e8tes Saveur Mexicaine Twinuts | Acheter En Ligne | My French Grocery\",\"isPartOf\":{\"@id\":\"https:\\\/\\\/my-french-grocery.com\\\/fr\\\/#website\"},\"primaryImageOfPage\":{\"@id\":\"https:\\\/\\\/my-french-grocery.com\\\/fr\\\/produit\\\/cacahuetes-gout-barbecue-twinuts\\\/#primaryimage\"},\"image\":{\"@id\":\"https:\\\/\\\/my-french-grocery.com\\\/fr\\\/produit\\\/cacahuetes-gout-barbecue-twinuts\\\/#primaryimage\"},\"thumbnailUrl\":\"https:\\\/\\\/my-french-grocery.com\\\/wp-content\\\/uploads\\\/2022\\\/08\\\/Twinuts-Mexican-flavor-coated-peanuts.webp\",\"datePublished\":\"2022-08-21T09:14:12+00:00\",\"dateModified\":\"2024-03-02T16:45:50+00:00\",\"description\":\"Cacahu\u00e8tes Saveur Mexicaine Twinuts - sachet de 150 g - Une cacahu\u00e8te croquante Un biscuit croustillant Une d\u00e9licieuse saveur Twinunts\",\"breadcrumb\":{\"@id\":\"https:\\\/\\\/my-french-grocery.com\\\/fr\\\/produit\\\/cacahuetes-gout-barbecue-twinuts\\\/#breadcrumb\"},\"inLanguage\":\"fr-FR\",\"potentialAction\":[{\"@type\":\"ReadAction\",\"target\":[\"https:\\\/\\\/my-french-grocery.com\\\/fr\\\/produit\\\/cacahuetes-gout-barbecue-twinuts\\\/\"]}]},{\"@type\":\"ImageObject\",\"inLanguage\":\"fr-FR\",\"@id\":\"https:\\\/\\\/my-french-grocery.com\\\/fr\\\/produit\\\/cacahuetes-gout-barbecue-twinuts\\\/#primaryimage\",\"url\":\"https:\\\/\\\/my-french-grocery.com\\\/wp-content\\\/uploads\\\/2022\\\/08\\\/Twinuts-Mexican-flavor-coated-peanuts.webp\",\"contentUrl\":\"https:\\\/\\\/my-french-grocery.com\\\/wp-content\\\/uploads\\\/2022\\\/08\\\/Twinuts-Mexican-flavor-coated-peanuts.webp\",\"width\":1200,\"height\":1200,\"caption\":\"Cacahu\u00e8tes Saveur Mexicaine Twinuts\"},{\"@type\":\"BreadcrumbList\",\"@id\":\"https:\\\/\\\/my-french-grocery.com\\\/fr\\\/produit\\\/cacahuetes-gout-barbecue-twinuts\\\/#breadcrumb\",\"itemListElement\":[{\"@type\":\"ListItem\",\"position\":1,\"name\":\"Home\",\"item\":\"https:\\\/\\\/my-french-grocery.com\\\/fr\\\/\"},{\"@type\":\"ListItem\",\"position\":2,\"name\":\"Shop\",\"item\":\"https:\\\/\\\/my-french-grocery.com\\\/shop\\\/\"},{\"@type\":\"ListItem\",\"position\":3,\"name\":\"Alimentation\",\"item\":\"https:\\\/\\\/my-french-grocery.com\\\/fr\\\/categorie-produit\\\/alimentation\\\/\"},{\"@type\":\"ListItem\",\"position\":4,\"name\":\"Chips &amp; Biscuits Sal\u00e9s\",\"item\":\"https:\\\/\\\/my-french-grocery.com\\\/fr\\\/categorie-produit\\\/alimentation\\\/chips-biscuits-sales\\\/\"},{\"@type\":\"ListItem\",\"position\":5,\"name\":\"Cacahu\u00e8tes Saveur Mexicaine Twinuts\"}]},{\"@type\":\"WebSite\",\"@id\":\"https:\\\/\\\/my-french-grocery.com\\\/fr\\\/#website\",\"url\":\"https:\\\/\\\/my-french-grocery.com\\\/fr\\\/\",\"name\":\"My French Grocery\",\"description\":\"Your Online French Grocery  !\",\"publisher\":{\"@id\":\"https:\\\/\\\/my-french-grocery.com\\\/fr\\\/#organization\"},\"potentialAction\":[{\"@type\":\"SearchAction\",\"target\":{\"@type\":\"EntryPoint\",\"urlTemplate\":\"https:\\\/\\\/my-french-grocery.com\\\/fr\\\/?s={search_term_string}\"},\"query-input\":{\"@type\":\"PropertyValueSpecification\",\"valueRequired\":true,\"valueName\":\"search_term_string\"}}],\"inLanguage\":\"fr-FR\"},{\"@type\":\"Organization\",\"@id\":\"https:\\\/\\\/my-french-grocery.com\\\/fr\\\/#organization\",\"name\":\"MY FRENCH GROCERY\",\"url\":\"https:\\\/\\\/my-french-grocery.com\\\/fr\\\/\",\"logo\":{\"@type\":\"ImageObject\",\"inLanguage\":\"fr-FR\",\"@id\":\"https:\\\/\\\/my-french-grocery.com\\\/fr\\\/#\\\/schema\\\/logo\\\/image\\\/\",\"url\":\"https:\\\/\\\/my-french-grocery.com\\\/wp-content\\\/uploads\\\/2021\\\/11\\\/My-French-Grocery-Online-French-Grocery.png\",\"contentUrl\":\"https:\\\/\\\/my-french-grocery.com\\\/wp-content\\\/uploads\\\/2021\\\/11\\\/My-French-Grocery-Online-French-Grocery.png\",\"width\":100,\"height\":100,\"caption\":\"MY FRENCH GROCERY\"},\"image\":{\"@id\":\"https:\\\/\\\/my-french-grocery.com\\\/fr\\\/#\\\/schema\\\/logo\\\/image\\\/\"},\"sameAs\":[\"https:\\\/\\\/www.facebook.com\\\/myfrenchgrocery\\\/\"]}]}<\/script>\n<!-- \/ Yoast SEO plugin. -->","yoast_head_json":{"title":"Cacahu\u00e8tes Saveur Mexicaine Twinuts | Acheter En Ligne | My French Grocery","description":"Cacahu\u00e8tes Saveur Mexicaine Twinuts - sachet de 150 g - Une cacahu\u00e8te croquante Un biscuit croustillant Une d\u00e9licieuse saveur Twinunts","robots":{"index":"index","follow":"follow","max-snippet":"max-snippet:-1","max-image-preview":"max-image-preview:large","max-video-preview":"max-video-preview:-1"},"canonical":"https:\/\/my-french-grocery.com\/fr\/produit\/cacahuetes-gout-barbecue-twinuts\/","og_locale":"fr_FR","og_type":"article","og_title":"Cacahu\u00e8tes Saveur Mexicaine Twinuts | Acheter En Ligne | My French Grocery","og_description":"Cacahu\u00e8tes Saveur Mexicaine Twinuts - sachet de 150 g - Une cacahu\u00e8te croquante Un biscuit croustillant Une d\u00e9licieuse saveur Twinunts","og_url":"https:\/\/my-french-grocery.com\/fr\/produit\/cacahuetes-gout-barbecue-twinuts\/","og_site_name":"My French Grocery","article_publisher":"https:\/\/www.facebook.com\/myfrenchgrocery\/","article_modified_time":"2024-03-02T16:45:50+00:00","og_image":[{"width":1200,"height":1200,"url":"https:\/\/my-french-grocery.com\/wp-content\/uploads\/2022\/08\/Twinuts-Mexican-flavor-coated-peanuts.webp","type":"image\/webp"}],"twitter_card":"summary_large_image","schema":{"@context":"https:\/\/schema.org","@graph":[{"@type":"WebPage","@id":"https:\/\/my-french-grocery.com\/fr\/produit\/cacahuetes-gout-barbecue-twinuts\/","url":"https:\/\/my-french-grocery.com\/fr\/produit\/cacahuetes-gout-barbecue-twinuts\/","name":"Cacahu\u00e8tes Saveur Mexicaine Twinuts | Acheter En Ligne | My French Grocery","isPartOf":{"@id":"https:\/\/my-french-grocery.com\/fr\/#website"},"primaryImageOfPage":{"@id":"https:\/\/my-french-grocery.com\/fr\/produit\/cacahuetes-gout-barbecue-twinuts\/#primaryimage"},"image":{"@id":"https:\/\/my-french-grocery.com\/fr\/produit\/cacahuetes-gout-barbecue-twinuts\/#primaryimage"},"thumbnailUrl":"https:\/\/my-french-grocery.com\/wp-content\/uploads\/2022\/08\/Twinuts-Mexican-flavor-coated-peanuts.webp","datePublished":"2022-08-21T09:14:12+00:00","dateModified":"2024-03-02T16:45:50+00:00","description":"Cacahu\u00e8tes Saveur Mexicaine Twinuts - sachet de 150 g - Une cacahu\u00e8te croquante Un biscuit croustillant Une d\u00e9licieuse saveur Twinunts","breadcrumb":{"@id":"https:\/\/my-french-grocery.com\/fr\/produit\/cacahuetes-gout-barbecue-twinuts\/#breadcrumb"},"inLanguage":"fr-FR","potentialAction":[{"@type":"ReadAction","target":["https:\/\/my-french-grocery.com\/fr\/produit\/cacahuetes-gout-barbecue-twinuts\/"]}]},{"@type":"ImageObject","inLanguage":"fr-FR","@id":"https:\/\/my-french-grocery.com\/fr\/produit\/cacahuetes-gout-barbecue-twinuts\/#primaryimage","url":"https:\/\/my-french-grocery.com\/wp-content\/uploads\/2022\/08\/Twinuts-Mexican-flavor-coated-peanuts.webp","contentUrl":"https:\/\/my-french-grocery.com\/wp-content\/uploads\/2022\/08\/Twinuts-Mexican-flavor-coated-peanuts.webp","width":1200,"height":1200,"caption":"Cacahu\u00e8tes Saveur Mexicaine Twinuts"},{"@type":"BreadcrumbList","@id":"https:\/\/my-french-grocery.com\/fr\/produit\/cacahuetes-gout-barbecue-twinuts\/#breadcrumb","itemListElement":[{"@type":"ListItem","position":1,"name":"Home","item":"https:\/\/my-french-grocery.com\/fr\/"},{"@type":"ListItem","position":2,"name":"Shop","item":"https:\/\/my-french-grocery.com\/shop\/"},{"@type":"ListItem","position":3,"name":"Alimentation","item":"https:\/\/my-french-grocery.com\/fr\/categorie-produit\/alimentation\/"},{"@type":"ListItem","position":4,"name":"Chips &amp; Biscuits Sal\u00e9s","item":"https:\/\/my-french-grocery.com\/fr\/categorie-produit\/alimentation\/chips-biscuits-sales\/"},{"@type":"ListItem","position":5,"name":"Cacahu\u00e8tes Saveur Mexicaine Twinuts"}]},{"@type":"WebSite","@id":"https:\/\/my-french-grocery.com\/fr\/#website","url":"https:\/\/my-french-grocery.com\/fr\/","name":"My French Grocery","description":"Your Online French Grocery  !","publisher":{"@id":"https:\/\/my-french-grocery.com\/fr\/#organization"},"potentialAction":[{"@type":"SearchAction","target":{"@type":"EntryPoint","urlTemplate":"https:\/\/my-french-grocery.com\/fr\/?s={search_term_string}"},"query-input":{"@type":"PropertyValueSpecification","valueRequired":true,"valueName":"search_term_string"}}],"inLanguage":"fr-FR"},{"@type":"Organization","@id":"https:\/\/my-french-grocery.com\/fr\/#organization","name":"MY FRENCH GROCERY","url":"https:\/\/my-french-grocery.com\/fr\/","logo":{"@type":"ImageObject","inLanguage":"fr-FR","@id":"https:\/\/my-french-grocery.com\/fr\/#\/schema\/logo\/image\/","url":"https:\/\/my-french-grocery.com\/wp-content\/uploads\/2021\/11\/My-French-Grocery-Online-French-Grocery.png","contentUrl":"https:\/\/my-french-grocery.com\/wp-content\/uploads\/2021\/11\/My-French-Grocery-Online-French-Grocery.png","width":100,"height":100,"caption":"MY FRENCH GROCERY"},"image":{"@id":"https:\/\/my-french-grocery.com\/fr\/#\/schema\/logo\/image\/"},"sameAs":["https:\/\/www.facebook.com\/myfrenchgrocery\/"]}]}},"brands":[{"id":520,"name":"Benenuts","slug":"benenuts-fr"}],"_links":{"self":[{"href":"https:\/\/my-french-grocery.com\/fr\/wp-json\/wp\/v2\/product\/30088","targetHints":{"allow":["GET"]}}],"collection":[{"href":"https:\/\/my-french-grocery.com\/fr\/wp-json\/wp\/v2\/product"}],"about":[{"href":"https:\/\/my-french-grocery.com\/fr\/wp-json\/wp\/v2\/types\/product"}],"replies":[{"embeddable":true,"href":"https:\/\/my-french-grocery.com\/fr\/wp-json\/wp\/v2\/comments?post=30088"}],"wp:featuredmedia":[{"embeddable":true,"href":"https:\/\/my-french-grocery.com\/fr\/wp-json\/wp\/v2\/media\/39100"}],"wp:attachment":[{"href":"https:\/\/my-french-grocery.com\/fr\/wp-json\/wp\/v2\/media?parent=30088"}],"wp:term":[{"taxonomy":"pwb-brand","embeddable":true,"href":"https:\/\/my-french-grocery.com\/fr\/wp-json\/wp\/v2\/pwb-brand?post=30088"},{"taxonomy":"product_brand","embeddable":true,"href":"https:\/\/my-french-grocery.com\/fr\/wp-json\/wp\/v2\/product_brand?post=30088"},{"taxonomy":"product_cat","embeddable":true,"href":"https:\/\/my-french-grocery.com\/fr\/wp-json\/wp\/v2\/product_cat?post=30088"},{"taxonomy":"product_tag","embeddable":true,"href":"https:\/\/my-french-grocery.com\/fr\/wp-json\/wp\/v2\/product_tag?post=30088"}],"curies":[{"name":"wp","href":"https:\/\/api.w.org\/{rel}","templated":true}]}}