{"id":30111,"date":"2022-08-21T18:10:18","date_gmt":"2022-08-21T16:10:19","guid":{"rendered":"https:\/\/my-french-grocery.com\/?post_type=product&#038;p=30111"},"modified":"2022-08-21T18:15:53","modified_gmt":"2022-08-21T16:15:53","slug":"cacahuetes-gout-bacon-twinuts","status":"publish","type":"product","link":"https:\/\/my-french-grocery.com\/fr\/produit\/cacahuetes-gout-bacon-twinuts\/","title":{"rendered":"Cacahu\u00e8tes Go\u00fbt Bacon Twinuts"},"content":{"rendered":"<p>Cacahu\u00e8tes Go\u00fbt Bacon Twinuts<\/p>\n<p>sachet de 150 g<\/p>\n<p>B\u00e9n\u00e9nuts\u00ae Twinuts\u00ae Go\u00fbt Bacon : Une cacahu\u00e8te croquante &amp; un biscuit croustillant<\/p>\n<p>Une d\u00e9licieuse saveur Twinuts\u00ae, le plaisir croustillant de B\u00e9n\u00e9nuts<\/p>\n","protected":false},"excerpt":{"rendered":"<p>Cacahu\u00e8tes Go\u00fbt Bacon Twinuts<\/p>\n<p>sachet de 150 g<\/p>\n<p>g<\/p>\n","protected":false},"featured_media":30114,"comment_status":"open","ping_status":"closed","template":"","meta":[],"pwb-brand":[520],"product_brand":[],"product_cat":[1034],"product_tag":[1423],"class_list":{"0":"post-30111","1":"product","2":"type-product","3":"status-publish","4":"has-post-thumbnail","6":"pwb-brand-benenuts-fr","7":"product_cat-chips-biscuits-sales","8":"product_tag-biscuits-sales","9":"product_shipping_class-expedition-dans-le-monde-entier","11":"first","12":"instock","13":"taxable","14":"shipping-taxable","15":"purchasable","16":"product-type-simple"},"yoast_head":"<!-- This site is optimized with the Yoast SEO plugin v27.4 - https:\/\/yoast.com\/product\/yoast-seo-wordpress\/ -->\n<title>Cacahu\u00e8tes Go\u00fbt Bacon Twinuts | Acheter En Ligne | My French Grocery<\/title>\n<meta name=\"description\" content=\"Cacahu\u00e8tes Go\u00fbt Bacon Twinuts - sachet de 150 g - B\u00e9n\u00e9nuts\u00ae Twinuts\u00ae Go\u00fbt Bacon : Une cacahu\u00e8te croquante &amp; un biscuit croustillant\" \/>\n<meta name=\"robots\" content=\"index, follow, max-snippet:-1, max-image-preview:large, max-video-preview:-1\" \/>\n<link rel=\"canonical\" href=\"https:\/\/my-french-grocery.com\/fr\/produit\/cacahuetes-gout-bacon-twinuts\/\" \/>\n<meta property=\"og:locale\" content=\"fr_FR\" \/>\n<meta property=\"og:type\" content=\"article\" \/>\n<meta property=\"og:title\" content=\"Cacahu\u00e8tes Go\u00fbt Bacon Twinuts | Acheter En Ligne | My French Grocery\" \/>\n<meta property=\"og:description\" content=\"Cacahu\u00e8tes Go\u00fbt Bacon Twinuts - sachet de 150 g - B\u00e9n\u00e9nuts\u00ae Twinuts\u00ae Go\u00fbt Bacon : Une cacahu\u00e8te croquante &amp; un biscuit croustillant\" \/>\n<meta property=\"og:url\" content=\"https:\/\/my-french-grocery.com\/fr\/produit\/cacahuetes-gout-bacon-twinuts\/\" \/>\n<meta property=\"og:site_name\" content=\"My French Grocery\" \/>\n<meta property=\"article:publisher\" content=\"https:\/\/www.facebook.com\/myfrenchgrocery\/\" \/>\n<meta property=\"article:modified_time\" content=\"2022-08-21T16:15:53+00:00\" \/>\n<meta property=\"og:image\" content=\"https:\/\/my-french-grocery.com\/wp-content\/uploads\/2022\/08\/Twinuts-Bacon.jpg\" \/>\n\t<meta property=\"og:image:width\" content=\"540\" \/>\n\t<meta property=\"og:image:height\" content=\"540\" \/>\n\t<meta property=\"og:image:type\" content=\"image\/jpeg\" \/>\n<meta name=\"twitter:card\" content=\"summary_large_image\" \/>\n<script type=\"application\/ld+json\" class=\"yoast-schema-graph\">{\"@context\":\"https:\\\/\\\/schema.org\",\"@graph\":[{\"@type\":\"WebPage\",\"@id\":\"https:\\\/\\\/my-french-grocery.com\\\/fr\\\/produit\\\/cacahuetes-gout-bacon-twinuts\\\/\",\"url\":\"https:\\\/\\\/my-french-grocery.com\\\/fr\\\/produit\\\/cacahuetes-gout-bacon-twinuts\\\/\",\"name\":\"Cacahu\u00e8tes Go\u00fbt Bacon Twinuts | Acheter En Ligne | My French Grocery\",\"isPartOf\":{\"@id\":\"https:\\\/\\\/my-french-grocery.com\\\/fr\\\/#website\"},\"primaryImageOfPage\":{\"@id\":\"https:\\\/\\\/my-french-grocery.com\\\/fr\\\/produit\\\/cacahuetes-gout-bacon-twinuts\\\/#primaryimage\"},\"image\":{\"@id\":\"https:\\\/\\\/my-french-grocery.com\\\/fr\\\/produit\\\/cacahuetes-gout-bacon-twinuts\\\/#primaryimage\"},\"thumbnailUrl\":\"https:\\\/\\\/my-french-grocery.com\\\/wp-content\\\/uploads\\\/2022\\\/08\\\/Twinuts-Bacon.jpg\",\"datePublished\":\"2022-08-21T16:10:19+00:00\",\"dateModified\":\"2022-08-21T16:15:53+00:00\",\"description\":\"Cacahu\u00e8tes Go\u00fbt Bacon Twinuts - sachet de 150 g - B\u00e9n\u00e9nuts\u00ae Twinuts\u00ae Go\u00fbt Bacon : Une cacahu\u00e8te croquante & un biscuit croustillant\",\"breadcrumb\":{\"@id\":\"https:\\\/\\\/my-french-grocery.com\\\/fr\\\/produit\\\/cacahuetes-gout-bacon-twinuts\\\/#breadcrumb\"},\"inLanguage\":\"fr-FR\",\"potentialAction\":[{\"@type\":\"ReadAction\",\"target\":[\"https:\\\/\\\/my-french-grocery.com\\\/fr\\\/produit\\\/cacahuetes-gout-bacon-twinuts\\\/\"]}]},{\"@type\":\"ImageObject\",\"inLanguage\":\"fr-FR\",\"@id\":\"https:\\\/\\\/my-french-grocery.com\\\/fr\\\/produit\\\/cacahuetes-gout-bacon-twinuts\\\/#primaryimage\",\"url\":\"https:\\\/\\\/my-french-grocery.com\\\/wp-content\\\/uploads\\\/2022\\\/08\\\/Twinuts-Bacon.jpg\",\"contentUrl\":\"https:\\\/\\\/my-french-grocery.com\\\/wp-content\\\/uploads\\\/2022\\\/08\\\/Twinuts-Bacon.jpg\",\"width\":540,\"height\":540,\"caption\":\"Cacahu\u00e8tes Go\u00fbt Bacon Twinuts\"},{\"@type\":\"BreadcrumbList\",\"@id\":\"https:\\\/\\\/my-french-grocery.com\\\/fr\\\/produit\\\/cacahuetes-gout-bacon-twinuts\\\/#breadcrumb\",\"itemListElement\":[{\"@type\":\"ListItem\",\"position\":1,\"name\":\"Home\",\"item\":\"https:\\\/\\\/my-french-grocery.com\\\/fr\\\/\"},{\"@type\":\"ListItem\",\"position\":2,\"name\":\"Shop\",\"item\":\"https:\\\/\\\/my-french-grocery.com\\\/shop\\\/\"},{\"@type\":\"ListItem\",\"position\":3,\"name\":\"Alimentation\",\"item\":\"https:\\\/\\\/my-french-grocery.com\\\/fr\\\/categorie-produit\\\/alimentation\\\/\"},{\"@type\":\"ListItem\",\"position\":4,\"name\":\"Chips &amp; Biscuits Sal\u00e9s\",\"item\":\"https:\\\/\\\/my-french-grocery.com\\\/fr\\\/categorie-produit\\\/alimentation\\\/chips-biscuits-sales\\\/\"},{\"@type\":\"ListItem\",\"position\":5,\"name\":\"Cacahu\u00e8tes Go\u00fbt Bacon Twinuts\"}]},{\"@type\":\"WebSite\",\"@id\":\"https:\\\/\\\/my-french-grocery.com\\\/fr\\\/#website\",\"url\":\"https:\\\/\\\/my-french-grocery.com\\\/fr\\\/\",\"name\":\"My French Grocery\",\"description\":\"Your Online French Grocery  !\",\"publisher\":{\"@id\":\"https:\\\/\\\/my-french-grocery.com\\\/fr\\\/#organization\"},\"potentialAction\":[{\"@type\":\"SearchAction\",\"target\":{\"@type\":\"EntryPoint\",\"urlTemplate\":\"https:\\\/\\\/my-french-grocery.com\\\/fr\\\/?s={search_term_string}\"},\"query-input\":{\"@type\":\"PropertyValueSpecification\",\"valueRequired\":true,\"valueName\":\"search_term_string\"}}],\"inLanguage\":\"fr-FR\"},{\"@type\":\"Organization\",\"@id\":\"https:\\\/\\\/my-french-grocery.com\\\/fr\\\/#organization\",\"name\":\"MY FRENCH GROCERY\",\"url\":\"https:\\\/\\\/my-french-grocery.com\\\/fr\\\/\",\"logo\":{\"@type\":\"ImageObject\",\"inLanguage\":\"fr-FR\",\"@id\":\"https:\\\/\\\/my-french-grocery.com\\\/fr\\\/#\\\/schema\\\/logo\\\/image\\\/\",\"url\":\"https:\\\/\\\/my-french-grocery.com\\\/wp-content\\\/uploads\\\/2021\\\/11\\\/My-French-Grocery-Online-French-Grocery.png\",\"contentUrl\":\"https:\\\/\\\/my-french-grocery.com\\\/wp-content\\\/uploads\\\/2021\\\/11\\\/My-French-Grocery-Online-French-Grocery.png\",\"width\":100,\"height\":100,\"caption\":\"MY FRENCH GROCERY\"},\"image\":{\"@id\":\"https:\\\/\\\/my-french-grocery.com\\\/fr\\\/#\\\/schema\\\/logo\\\/image\\\/\"},\"sameAs\":[\"https:\\\/\\\/www.facebook.com\\\/myfrenchgrocery\\\/\"]}]}<\/script>\n<!-- \/ Yoast SEO plugin. -->","yoast_head_json":{"title":"Cacahu\u00e8tes Go\u00fbt Bacon Twinuts | Acheter En Ligne | My French Grocery","description":"Cacahu\u00e8tes Go\u00fbt Bacon Twinuts - sachet de 150 g - B\u00e9n\u00e9nuts\u00ae Twinuts\u00ae Go\u00fbt Bacon : Une cacahu\u00e8te croquante & un biscuit croustillant","robots":{"index":"index","follow":"follow","max-snippet":"max-snippet:-1","max-image-preview":"max-image-preview:large","max-video-preview":"max-video-preview:-1"},"canonical":"https:\/\/my-french-grocery.com\/fr\/produit\/cacahuetes-gout-bacon-twinuts\/","og_locale":"fr_FR","og_type":"article","og_title":"Cacahu\u00e8tes Go\u00fbt Bacon Twinuts | Acheter En Ligne | My French Grocery","og_description":"Cacahu\u00e8tes Go\u00fbt Bacon Twinuts - sachet de 150 g - B\u00e9n\u00e9nuts\u00ae Twinuts\u00ae Go\u00fbt Bacon : Une cacahu\u00e8te croquante & un biscuit croustillant","og_url":"https:\/\/my-french-grocery.com\/fr\/produit\/cacahuetes-gout-bacon-twinuts\/","og_site_name":"My French Grocery","article_publisher":"https:\/\/www.facebook.com\/myfrenchgrocery\/","article_modified_time":"2022-08-21T16:15:53+00:00","og_image":[{"width":540,"height":540,"url":"https:\/\/my-french-grocery.com\/wp-content\/uploads\/2022\/08\/Twinuts-Bacon.jpg","type":"image\/jpeg"}],"twitter_card":"summary_large_image","schema":{"@context":"https:\/\/schema.org","@graph":[{"@type":"WebPage","@id":"https:\/\/my-french-grocery.com\/fr\/produit\/cacahuetes-gout-bacon-twinuts\/","url":"https:\/\/my-french-grocery.com\/fr\/produit\/cacahuetes-gout-bacon-twinuts\/","name":"Cacahu\u00e8tes Go\u00fbt Bacon Twinuts | Acheter En Ligne | My French Grocery","isPartOf":{"@id":"https:\/\/my-french-grocery.com\/fr\/#website"},"primaryImageOfPage":{"@id":"https:\/\/my-french-grocery.com\/fr\/produit\/cacahuetes-gout-bacon-twinuts\/#primaryimage"},"image":{"@id":"https:\/\/my-french-grocery.com\/fr\/produit\/cacahuetes-gout-bacon-twinuts\/#primaryimage"},"thumbnailUrl":"https:\/\/my-french-grocery.com\/wp-content\/uploads\/2022\/08\/Twinuts-Bacon.jpg","datePublished":"2022-08-21T16:10:19+00:00","dateModified":"2022-08-21T16:15:53+00:00","description":"Cacahu\u00e8tes Go\u00fbt Bacon Twinuts - sachet de 150 g - B\u00e9n\u00e9nuts\u00ae Twinuts\u00ae Go\u00fbt Bacon : Une cacahu\u00e8te croquante & un biscuit croustillant","breadcrumb":{"@id":"https:\/\/my-french-grocery.com\/fr\/produit\/cacahuetes-gout-bacon-twinuts\/#breadcrumb"},"inLanguage":"fr-FR","potentialAction":[{"@type":"ReadAction","target":["https:\/\/my-french-grocery.com\/fr\/produit\/cacahuetes-gout-bacon-twinuts\/"]}]},{"@type":"ImageObject","inLanguage":"fr-FR","@id":"https:\/\/my-french-grocery.com\/fr\/produit\/cacahuetes-gout-bacon-twinuts\/#primaryimage","url":"https:\/\/my-french-grocery.com\/wp-content\/uploads\/2022\/08\/Twinuts-Bacon.jpg","contentUrl":"https:\/\/my-french-grocery.com\/wp-content\/uploads\/2022\/08\/Twinuts-Bacon.jpg","width":540,"height":540,"caption":"Cacahu\u00e8tes Go\u00fbt Bacon Twinuts"},{"@type":"BreadcrumbList","@id":"https:\/\/my-french-grocery.com\/fr\/produit\/cacahuetes-gout-bacon-twinuts\/#breadcrumb","itemListElement":[{"@type":"ListItem","position":1,"name":"Home","item":"https:\/\/my-french-grocery.com\/fr\/"},{"@type":"ListItem","position":2,"name":"Shop","item":"https:\/\/my-french-grocery.com\/shop\/"},{"@type":"ListItem","position":3,"name":"Alimentation","item":"https:\/\/my-french-grocery.com\/fr\/categorie-produit\/alimentation\/"},{"@type":"ListItem","position":4,"name":"Chips &amp; Biscuits Sal\u00e9s","item":"https:\/\/my-french-grocery.com\/fr\/categorie-produit\/alimentation\/chips-biscuits-sales\/"},{"@type":"ListItem","position":5,"name":"Cacahu\u00e8tes Go\u00fbt Bacon Twinuts"}]},{"@type":"WebSite","@id":"https:\/\/my-french-grocery.com\/fr\/#website","url":"https:\/\/my-french-grocery.com\/fr\/","name":"My French Grocery","description":"Your Online French Grocery  !","publisher":{"@id":"https:\/\/my-french-grocery.com\/fr\/#organization"},"potentialAction":[{"@type":"SearchAction","target":{"@type":"EntryPoint","urlTemplate":"https:\/\/my-french-grocery.com\/fr\/?s={search_term_string}"},"query-input":{"@type":"PropertyValueSpecification","valueRequired":true,"valueName":"search_term_string"}}],"inLanguage":"fr-FR"},{"@type":"Organization","@id":"https:\/\/my-french-grocery.com\/fr\/#organization","name":"MY FRENCH GROCERY","url":"https:\/\/my-french-grocery.com\/fr\/","logo":{"@type":"ImageObject","inLanguage":"fr-FR","@id":"https:\/\/my-french-grocery.com\/fr\/#\/schema\/logo\/image\/","url":"https:\/\/my-french-grocery.com\/wp-content\/uploads\/2021\/11\/My-French-Grocery-Online-French-Grocery.png","contentUrl":"https:\/\/my-french-grocery.com\/wp-content\/uploads\/2021\/11\/My-French-Grocery-Online-French-Grocery.png","width":100,"height":100,"caption":"MY FRENCH GROCERY"},"image":{"@id":"https:\/\/my-french-grocery.com\/fr\/#\/schema\/logo\/image\/"},"sameAs":["https:\/\/www.facebook.com\/myfrenchgrocery\/"]}]}},"brands":[{"id":520,"name":"Benenuts","slug":"benenuts-fr"}],"_links":{"self":[{"href":"https:\/\/my-french-grocery.com\/fr\/wp-json\/wp\/v2\/product\/30111","targetHints":{"allow":["GET"]}}],"collection":[{"href":"https:\/\/my-french-grocery.com\/fr\/wp-json\/wp\/v2\/product"}],"about":[{"href":"https:\/\/my-french-grocery.com\/fr\/wp-json\/wp\/v2\/types\/product"}],"replies":[{"embeddable":true,"href":"https:\/\/my-french-grocery.com\/fr\/wp-json\/wp\/v2\/comments?post=30111"}],"wp:featuredmedia":[{"embeddable":true,"href":"https:\/\/my-french-grocery.com\/fr\/wp-json\/wp\/v2\/media\/30114"}],"wp:attachment":[{"href":"https:\/\/my-french-grocery.com\/fr\/wp-json\/wp\/v2\/media?parent=30111"}],"wp:term":[{"taxonomy":"pwb-brand","embeddable":true,"href":"https:\/\/my-french-grocery.com\/fr\/wp-json\/wp\/v2\/pwb-brand?post=30111"},{"taxonomy":"product_brand","embeddable":true,"href":"https:\/\/my-french-grocery.com\/fr\/wp-json\/wp\/v2\/product_brand?post=30111"},{"taxonomy":"product_cat","embeddable":true,"href":"https:\/\/my-french-grocery.com\/fr\/wp-json\/wp\/v2\/product_cat?post=30111"},{"taxonomy":"product_tag","embeddable":true,"href":"https:\/\/my-french-grocery.com\/fr\/wp-json\/wp\/v2\/product_tag?post=30111"}],"curies":[{"name":"wp","href":"https:\/\/api.w.org\/{rel}","templated":true}]}}