{"id":30297,"date":"2022-09-09T19:43:24","date_gmt":"2022-09-09T17:43:26","guid":{"rendered":"https:\/\/my-french-grocery.com\/?post_type=product&#038;p=30297"},"modified":"2022-09-09T19:55:48","modified_gmt":"2022-09-09T17:55:48","slug":"brioche-tressee-au-sucre-harrys","status":"publish","type":"product","link":"https:\/\/my-french-grocery.com\/fr\/produit\/brioche-tressee-au-sucre-harrys\/","title":{"rendered":"Brioche Tress\u00e9e Au Sucre Harry&rsquo;s"},"content":{"rendered":"<p>Brioche Tress\u00e9e Au Sucre Harry&rsquo;s<\/p>\n<p>paquet de 500 g<\/p>\n<div class=\"regulated-name\">\n<p class=\"paragraph\">brioche au sucre perl\u00e9<\/p>\n<p class=\"paragraph\">Savourez le moelleux et responsable des brioches individuelles Mini tress\u00e9es au sucre perl\u00e9 d&rsquo;Harrys pour des instants de douceur \u00e0 emporter partout! Toutes les brioches Harrys sont fabriqu\u00e9es en France, avec des \u0153ufs de poules \u00e9lev\u00e9es au sol, sans huile de palme et sans colorants artificiels.<\/p>\n<\/div>\n","protected":false},"excerpt":{"rendered":"<p>Brioche Tress\u00e9e Au Sucre Harry&rsquo;s<\/p>\n<p>paquet de 500 g<\/p>\n","protected":false},"featured_media":30300,"comment_status":"open","ping_status":"closed","template":"","meta":[],"pwb-brand":[648],"product_brand":[],"product_cat":[1031],"product_tag":[1106],"class_list":{"0":"post-30297","1":"product","2":"type-product","3":"status-publish","4":"has-post-thumbnail","6":"pwb-brand-harrys-fr","7":"product_cat-cereales-brioches-viennoiseries","8":"product_tag-brioche-fr","9":"product_shipping_class-expedition-dans-le-monde-entier","11":"first","12":"instock","13":"taxable","14":"shipping-taxable","15":"purchasable","16":"product-type-simple"},"yoast_head":"<!-- This site is optimized with the Yoast SEO plugin v27.4 - https:\/\/yoast.com\/product\/yoast-seo-wordpress\/ -->\n<title>Brioche Tress\u00e9e Au Sucre Harry&#039;s | Acheter En Ligne | My French Grocery<\/title>\n<meta name=\"description\" content=\"Brioche Tress\u00e9e Au Sucre Harry&#039;s - paquet de 500 g - brioche au sucre perl\u00e9\" \/>\n<meta name=\"robots\" content=\"index, follow, max-snippet:-1, max-image-preview:large, max-video-preview:-1\" \/>\n<link rel=\"canonical\" href=\"https:\/\/my-french-grocery.com\/fr\/produit\/brioche-tressee-au-sucre-harrys\/\" \/>\n<meta property=\"og:locale\" content=\"fr_FR\" \/>\n<meta property=\"og:type\" content=\"article\" \/>\n<meta property=\"og:title\" content=\"Brioche Tress\u00e9e Au Sucre Harry&#039;s | Acheter En Ligne | My French Grocery\" \/>\n<meta property=\"og:description\" content=\"Brioche Tress\u00e9e Au Sucre Harry&#039;s - paquet de 500 g - brioche au sucre perl\u00e9\" \/>\n<meta property=\"og:url\" content=\"https:\/\/my-french-grocery.com\/fr\/produit\/brioche-tressee-au-sucre-harrys\/\" \/>\n<meta property=\"og:site_name\" content=\"My French Grocery\" \/>\n<meta property=\"article:publisher\" content=\"https:\/\/www.facebook.com\/myfrenchgrocery\/\" \/>\n<meta property=\"article:modified_time\" content=\"2022-09-09T17:55:48+00:00\" \/>\n<meta property=\"og:image\" content=\"https:\/\/my-french-grocery.com\/wp-content\/uploads\/2022\/09\/03228857001231-h1n1-s25-1.jpg\" \/>\n\t<meta property=\"og:image:width\" content=\"540\" \/>\n\t<meta property=\"og:image:height\" content=\"540\" \/>\n\t<meta property=\"og:image:type\" content=\"image\/jpeg\" \/>\n<meta name=\"twitter:card\" content=\"summary_large_image\" \/>\n<script type=\"application\/ld+json\" class=\"yoast-schema-graph\">{\"@context\":\"https:\\\/\\\/schema.org\",\"@graph\":[{\"@type\":\"WebPage\",\"@id\":\"https:\\\/\\\/my-french-grocery.com\\\/fr\\\/produit\\\/brioche-tressee-au-sucre-harrys\\\/\",\"url\":\"https:\\\/\\\/my-french-grocery.com\\\/fr\\\/produit\\\/brioche-tressee-au-sucre-harrys\\\/\",\"name\":\"Brioche Tress\u00e9e Au Sucre Harry's | Acheter En Ligne | My French Grocery\",\"isPartOf\":{\"@id\":\"https:\\\/\\\/my-french-grocery.com\\\/fr\\\/#website\"},\"primaryImageOfPage\":{\"@id\":\"https:\\\/\\\/my-french-grocery.com\\\/fr\\\/produit\\\/brioche-tressee-au-sucre-harrys\\\/#primaryimage\"},\"image\":{\"@id\":\"https:\\\/\\\/my-french-grocery.com\\\/fr\\\/produit\\\/brioche-tressee-au-sucre-harrys\\\/#primaryimage\"},\"thumbnailUrl\":\"https:\\\/\\\/my-french-grocery.com\\\/wp-content\\\/uploads\\\/2022\\\/09\\\/03228857001231-h1n1-s25-1.jpg\",\"datePublished\":\"2022-09-09T17:43:26+00:00\",\"dateModified\":\"2022-09-09T17:55:48+00:00\",\"description\":\"Brioche Tress\u00e9e Au Sucre Harry's - paquet de 500 g - brioche au sucre perl\u00e9\",\"breadcrumb\":{\"@id\":\"https:\\\/\\\/my-french-grocery.com\\\/fr\\\/produit\\\/brioche-tressee-au-sucre-harrys\\\/#breadcrumb\"},\"inLanguage\":\"fr-FR\",\"potentialAction\":[{\"@type\":\"ReadAction\",\"target\":[\"https:\\\/\\\/my-french-grocery.com\\\/fr\\\/produit\\\/brioche-tressee-au-sucre-harrys\\\/\"]}]},{\"@type\":\"ImageObject\",\"inLanguage\":\"fr-FR\",\"@id\":\"https:\\\/\\\/my-french-grocery.com\\\/fr\\\/produit\\\/brioche-tressee-au-sucre-harrys\\\/#primaryimage\",\"url\":\"https:\\\/\\\/my-french-grocery.com\\\/wp-content\\\/uploads\\\/2022\\\/09\\\/03228857001231-h1n1-s25-1.jpg\",\"contentUrl\":\"https:\\\/\\\/my-french-grocery.com\\\/wp-content\\\/uploads\\\/2022\\\/09\\\/03228857001231-h1n1-s25-1.jpg\",\"width\":540,\"height\":540,\"caption\":\"Brioche Tress\u00e9e Au Sucre Harry's\"},{\"@type\":\"BreadcrumbList\",\"@id\":\"https:\\\/\\\/my-french-grocery.com\\\/fr\\\/produit\\\/brioche-tressee-au-sucre-harrys\\\/#breadcrumb\",\"itemListElement\":[{\"@type\":\"ListItem\",\"position\":1,\"name\":\"Home\",\"item\":\"https:\\\/\\\/my-french-grocery.com\\\/fr\\\/\"},{\"@type\":\"ListItem\",\"position\":2,\"name\":\"Shop\",\"item\":\"https:\\\/\\\/my-french-grocery.com\\\/shop\\\/\"},{\"@type\":\"ListItem\",\"position\":3,\"name\":\"Alimentation\",\"item\":\"https:\\\/\\\/my-french-grocery.com\\\/fr\\\/categorie-produit\\\/alimentation\\\/\"},{\"@type\":\"ListItem\",\"position\":4,\"name\":\"C\u00e9r\u00e9ales, Brioches &amp; Viennoiseries\",\"item\":\"https:\\\/\\\/my-french-grocery.com\\\/fr\\\/categorie-produit\\\/alimentation\\\/cereales-brioches-viennoiseries\\\/\"},{\"@type\":\"ListItem\",\"position\":5,\"name\":\"Brioche Tress\u00e9e Au Sucre Harry&rsquo;s\"}]},{\"@type\":\"WebSite\",\"@id\":\"https:\\\/\\\/my-french-grocery.com\\\/fr\\\/#website\",\"url\":\"https:\\\/\\\/my-french-grocery.com\\\/fr\\\/\",\"name\":\"My French Grocery\",\"description\":\"Your Online French Grocery  !\",\"publisher\":{\"@id\":\"https:\\\/\\\/my-french-grocery.com\\\/fr\\\/#organization\"},\"potentialAction\":[{\"@type\":\"SearchAction\",\"target\":{\"@type\":\"EntryPoint\",\"urlTemplate\":\"https:\\\/\\\/my-french-grocery.com\\\/fr\\\/?s={search_term_string}\"},\"query-input\":{\"@type\":\"PropertyValueSpecification\",\"valueRequired\":true,\"valueName\":\"search_term_string\"}}],\"inLanguage\":\"fr-FR\"},{\"@type\":\"Organization\",\"@id\":\"https:\\\/\\\/my-french-grocery.com\\\/fr\\\/#organization\",\"name\":\"MY FRENCH GROCERY\",\"url\":\"https:\\\/\\\/my-french-grocery.com\\\/fr\\\/\",\"logo\":{\"@type\":\"ImageObject\",\"inLanguage\":\"fr-FR\",\"@id\":\"https:\\\/\\\/my-french-grocery.com\\\/fr\\\/#\\\/schema\\\/logo\\\/image\\\/\",\"url\":\"https:\\\/\\\/my-french-grocery.com\\\/wp-content\\\/uploads\\\/2021\\\/11\\\/My-French-Grocery-Online-French-Grocery.png\",\"contentUrl\":\"https:\\\/\\\/my-french-grocery.com\\\/wp-content\\\/uploads\\\/2021\\\/11\\\/My-French-Grocery-Online-French-Grocery.png\",\"width\":100,\"height\":100,\"caption\":\"MY FRENCH GROCERY\"},\"image\":{\"@id\":\"https:\\\/\\\/my-french-grocery.com\\\/fr\\\/#\\\/schema\\\/logo\\\/image\\\/\"},\"sameAs\":[\"https:\\\/\\\/www.facebook.com\\\/myfrenchgrocery\\\/\"]}]}<\/script>\n<!-- \/ Yoast SEO plugin. -->","yoast_head_json":{"title":"Brioche Tress\u00e9e Au Sucre Harry's | Acheter En Ligne | My French Grocery","description":"Brioche Tress\u00e9e Au Sucre Harry's - paquet de 500 g - brioche au sucre perl\u00e9","robots":{"index":"index","follow":"follow","max-snippet":"max-snippet:-1","max-image-preview":"max-image-preview:large","max-video-preview":"max-video-preview:-1"},"canonical":"https:\/\/my-french-grocery.com\/fr\/produit\/brioche-tressee-au-sucre-harrys\/","og_locale":"fr_FR","og_type":"article","og_title":"Brioche Tress\u00e9e Au Sucre Harry's | Acheter En Ligne | My French Grocery","og_description":"Brioche Tress\u00e9e Au Sucre Harry's - paquet de 500 g - brioche au sucre perl\u00e9","og_url":"https:\/\/my-french-grocery.com\/fr\/produit\/brioche-tressee-au-sucre-harrys\/","og_site_name":"My French Grocery","article_publisher":"https:\/\/www.facebook.com\/myfrenchgrocery\/","article_modified_time":"2022-09-09T17:55:48+00:00","og_image":[{"width":540,"height":540,"url":"https:\/\/my-french-grocery.com\/wp-content\/uploads\/2022\/09\/03228857001231-h1n1-s25-1.jpg","type":"image\/jpeg"}],"twitter_card":"summary_large_image","schema":{"@context":"https:\/\/schema.org","@graph":[{"@type":"WebPage","@id":"https:\/\/my-french-grocery.com\/fr\/produit\/brioche-tressee-au-sucre-harrys\/","url":"https:\/\/my-french-grocery.com\/fr\/produit\/brioche-tressee-au-sucre-harrys\/","name":"Brioche Tress\u00e9e Au Sucre Harry's | Acheter En Ligne | My French Grocery","isPartOf":{"@id":"https:\/\/my-french-grocery.com\/fr\/#website"},"primaryImageOfPage":{"@id":"https:\/\/my-french-grocery.com\/fr\/produit\/brioche-tressee-au-sucre-harrys\/#primaryimage"},"image":{"@id":"https:\/\/my-french-grocery.com\/fr\/produit\/brioche-tressee-au-sucre-harrys\/#primaryimage"},"thumbnailUrl":"https:\/\/my-french-grocery.com\/wp-content\/uploads\/2022\/09\/03228857001231-h1n1-s25-1.jpg","datePublished":"2022-09-09T17:43:26+00:00","dateModified":"2022-09-09T17:55:48+00:00","description":"Brioche Tress\u00e9e Au Sucre Harry's - paquet de 500 g - brioche au sucre perl\u00e9","breadcrumb":{"@id":"https:\/\/my-french-grocery.com\/fr\/produit\/brioche-tressee-au-sucre-harrys\/#breadcrumb"},"inLanguage":"fr-FR","potentialAction":[{"@type":"ReadAction","target":["https:\/\/my-french-grocery.com\/fr\/produit\/brioche-tressee-au-sucre-harrys\/"]}]},{"@type":"ImageObject","inLanguage":"fr-FR","@id":"https:\/\/my-french-grocery.com\/fr\/produit\/brioche-tressee-au-sucre-harrys\/#primaryimage","url":"https:\/\/my-french-grocery.com\/wp-content\/uploads\/2022\/09\/03228857001231-h1n1-s25-1.jpg","contentUrl":"https:\/\/my-french-grocery.com\/wp-content\/uploads\/2022\/09\/03228857001231-h1n1-s25-1.jpg","width":540,"height":540,"caption":"Brioche Tress\u00e9e Au Sucre Harry's"},{"@type":"BreadcrumbList","@id":"https:\/\/my-french-grocery.com\/fr\/produit\/brioche-tressee-au-sucre-harrys\/#breadcrumb","itemListElement":[{"@type":"ListItem","position":1,"name":"Home","item":"https:\/\/my-french-grocery.com\/fr\/"},{"@type":"ListItem","position":2,"name":"Shop","item":"https:\/\/my-french-grocery.com\/shop\/"},{"@type":"ListItem","position":3,"name":"Alimentation","item":"https:\/\/my-french-grocery.com\/fr\/categorie-produit\/alimentation\/"},{"@type":"ListItem","position":4,"name":"C\u00e9r\u00e9ales, Brioches &amp; Viennoiseries","item":"https:\/\/my-french-grocery.com\/fr\/categorie-produit\/alimentation\/cereales-brioches-viennoiseries\/"},{"@type":"ListItem","position":5,"name":"Brioche Tress\u00e9e Au Sucre Harry&rsquo;s"}]},{"@type":"WebSite","@id":"https:\/\/my-french-grocery.com\/fr\/#website","url":"https:\/\/my-french-grocery.com\/fr\/","name":"My French Grocery","description":"Your Online French Grocery  !","publisher":{"@id":"https:\/\/my-french-grocery.com\/fr\/#organization"},"potentialAction":[{"@type":"SearchAction","target":{"@type":"EntryPoint","urlTemplate":"https:\/\/my-french-grocery.com\/fr\/?s={search_term_string}"},"query-input":{"@type":"PropertyValueSpecification","valueRequired":true,"valueName":"search_term_string"}}],"inLanguage":"fr-FR"},{"@type":"Organization","@id":"https:\/\/my-french-grocery.com\/fr\/#organization","name":"MY FRENCH GROCERY","url":"https:\/\/my-french-grocery.com\/fr\/","logo":{"@type":"ImageObject","inLanguage":"fr-FR","@id":"https:\/\/my-french-grocery.com\/fr\/#\/schema\/logo\/image\/","url":"https:\/\/my-french-grocery.com\/wp-content\/uploads\/2021\/11\/My-French-Grocery-Online-French-Grocery.png","contentUrl":"https:\/\/my-french-grocery.com\/wp-content\/uploads\/2021\/11\/My-French-Grocery-Online-French-Grocery.png","width":100,"height":100,"caption":"MY FRENCH GROCERY"},"image":{"@id":"https:\/\/my-french-grocery.com\/fr\/#\/schema\/logo\/image\/"},"sameAs":["https:\/\/www.facebook.com\/myfrenchgrocery\/"]}]}},"brands":[{"id":648,"name":"Harrys","slug":"harrys-fr"}],"_links":{"self":[{"href":"https:\/\/my-french-grocery.com\/fr\/wp-json\/wp\/v2\/product\/30297","targetHints":{"allow":["GET"]}}],"collection":[{"href":"https:\/\/my-french-grocery.com\/fr\/wp-json\/wp\/v2\/product"}],"about":[{"href":"https:\/\/my-french-grocery.com\/fr\/wp-json\/wp\/v2\/types\/product"}],"replies":[{"embeddable":true,"href":"https:\/\/my-french-grocery.com\/fr\/wp-json\/wp\/v2\/comments?post=30297"}],"wp:featuredmedia":[{"embeddable":true,"href":"https:\/\/my-french-grocery.com\/fr\/wp-json\/wp\/v2\/media\/30300"}],"wp:attachment":[{"href":"https:\/\/my-french-grocery.com\/fr\/wp-json\/wp\/v2\/media?parent=30297"}],"wp:term":[{"taxonomy":"pwb-brand","embeddable":true,"href":"https:\/\/my-french-grocery.com\/fr\/wp-json\/wp\/v2\/pwb-brand?post=30297"},{"taxonomy":"product_brand","embeddable":true,"href":"https:\/\/my-french-grocery.com\/fr\/wp-json\/wp\/v2\/product_brand?post=30297"},{"taxonomy":"product_cat","embeddable":true,"href":"https:\/\/my-french-grocery.com\/fr\/wp-json\/wp\/v2\/product_cat?post=30297"},{"taxonomy":"product_tag","embeddable":true,"href":"https:\/\/my-french-grocery.com\/fr\/wp-json\/wp\/v2\/product_tag?post=30297"}],"curies":[{"name":"wp","href":"https:\/\/api.w.org\/{rel}","templated":true}]}}