{"id":31974,"date":"2023-02-25T10:43:36","date_gmt":"2023-02-25T08:43:37","guid":{"rendered":"https:\/\/my-french-grocery.com\/?post_type=product&#038;p=31974"},"modified":"2023-02-25T17:59:16","modified_gmt":"2023-02-25T15:59:16","slug":"boisson-the-peche-ice-tea-lipton","status":"publish","type":"product","link":"https:\/\/my-french-grocery.com\/fr\/produit\/boisson-the-peche-ice-tea-lipton\/","title":{"rendered":"Boisson Th\u00e9 P\u00eache Ice Tea Lipton"},"content":{"rendered":"<p>Boisson Th\u00e9 P\u00eache Ice Tea Lipton<\/p>\n<div class=\"cd-ProductDescription\">bouteille d&rsquo;1 L<\/div>\n<div><\/div>\n<div>Lipton Ice Tea, le th\u00e9 glac\u00e9 gorg\u00e9 de soleil et d\u00e9licieusement rafra\u00eechissant.<\/div>\n<div>\u00c0 l&rsquo;origine de notre d\u00e9licieux th\u00e9 glac\u00e9, des feuilles de th\u00e9 noir cultiv\u00e9es au Sri Lanka et en Inde. Ensemble avec nos producteurs nous veillons au respect de la biodiversit\u00e9, c&rsquo;est pourquoi nous nous approvisionnons en th\u00e9 noir 100% v\u00e9rifi\u00e9 Rainforest Alliance.<\/div>\n","protected":false},"excerpt":{"rendered":"<p>Boisson Th\u00e9 P\u00eache Ice Tea Lipton<\/p>\n<div class=\"cd-ProductDescription\">bouteille d&rsquo;1 L<\/div>\n","protected":false},"featured_media":31978,"comment_status":"open","ping_status":"closed","template":"","meta":[],"pwb-brand":[3100],"product_brand":[],"product_cat":[1015],"product_tag":[1281],"class_list":{"0":"post-31974","1":"product","2":"type-product","3":"status-publish","4":"has-post-thumbnail","6":"pwb-brand-lipton-fr","7":"product_cat-eau-jus-de-fruits-sodas-sirops","8":"product_tag-lorina-fr","9":"product_shipping_class-expedition-dans-le-monde-entier","11":"first","12":"instock","13":"taxable","14":"shipping-taxable","15":"purchasable","16":"product-type-simple"},"yoast_head":"<!-- This site is optimized with the Yoast SEO plugin v27.4 - https:\/\/yoast.com\/product\/yoast-seo-wordpress\/ -->\n<title>Boisson Th\u00e9 P\u00eache Ice Tea Lipton | Acheter En Ligne | My French Grocery<\/title>\n<meta name=\"description\" content=\"Boisson Th\u00e9 P\u00eache Ice Tea Lipton - bouteille d&#039;1 L - Lipton Ice Tea, le th\u00e9 glac\u00e9 gorg\u00e9 de soleil et d\u00e9licieusement rafra\u00eechissant.\" \/>\n<meta name=\"robots\" content=\"index, follow, max-snippet:-1, max-image-preview:large, max-video-preview:-1\" \/>\n<link rel=\"canonical\" href=\"https:\/\/my-french-grocery.com\/fr\/produit\/boisson-the-peche-ice-tea-lipton\/\" \/>\n<meta property=\"og:locale\" content=\"fr_FR\" \/>\n<meta property=\"og:type\" content=\"article\" \/>\n<meta property=\"og:title\" content=\"Boisson Th\u00e9 P\u00eache Ice Tea Lipton | Acheter En Ligne | My French Grocery\" \/>\n<meta property=\"og:description\" content=\"Boisson Th\u00e9 P\u00eache Ice Tea Lipton - bouteille d&#039;1 L - Lipton Ice Tea, le th\u00e9 glac\u00e9 gorg\u00e9 de soleil et d\u00e9licieusement rafra\u00eechissant.\" \/>\n<meta property=\"og:url\" content=\"https:\/\/my-french-grocery.com\/fr\/produit\/boisson-the-peche-ice-tea-lipton\/\" \/>\n<meta property=\"og:site_name\" content=\"My French Grocery\" \/>\n<meta property=\"article:publisher\" content=\"https:\/\/www.facebook.com\/myfrenchgrocery\/\" \/>\n<meta property=\"article:modified_time\" content=\"2023-02-25T15:59:16+00:00\" \/>\n<meta property=\"og:image\" content=\"https:\/\/my-french-grocery.com\/wp-content\/uploads\/2023\/02\/Lipton-Ice-Tea-1L.jpg\" \/>\n\t<meta property=\"og:image:width\" content=\"540\" \/>\n\t<meta property=\"og:image:height\" content=\"540\" \/>\n\t<meta property=\"og:image:type\" content=\"image\/jpeg\" \/>\n<meta name=\"twitter:card\" content=\"summary_large_image\" \/>\n<script type=\"application\/ld+json\" class=\"yoast-schema-graph\">{\"@context\":\"https:\\\/\\\/schema.org\",\"@graph\":[{\"@type\":\"WebPage\",\"@id\":\"https:\\\/\\\/my-french-grocery.com\\\/fr\\\/produit\\\/boisson-the-peche-ice-tea-lipton\\\/\",\"url\":\"https:\\\/\\\/my-french-grocery.com\\\/fr\\\/produit\\\/boisson-the-peche-ice-tea-lipton\\\/\",\"name\":\"Boisson Th\u00e9 P\u00eache Ice Tea Lipton | Acheter En Ligne | My French Grocery\",\"isPartOf\":{\"@id\":\"https:\\\/\\\/my-french-grocery.com\\\/fr\\\/#website\"},\"primaryImageOfPage\":{\"@id\":\"https:\\\/\\\/my-french-grocery.com\\\/fr\\\/produit\\\/boisson-the-peche-ice-tea-lipton\\\/#primaryimage\"},\"image\":{\"@id\":\"https:\\\/\\\/my-french-grocery.com\\\/fr\\\/produit\\\/boisson-the-peche-ice-tea-lipton\\\/#primaryimage\"},\"thumbnailUrl\":\"https:\\\/\\\/my-french-grocery.com\\\/wp-content\\\/uploads\\\/2023\\\/02\\\/Lipton-Ice-Tea-1L.jpg\",\"datePublished\":\"2023-02-25T08:43:37+00:00\",\"dateModified\":\"2023-02-25T15:59:16+00:00\",\"description\":\"Boisson Th\u00e9 P\u00eache Ice Tea Lipton - bouteille d'1 L - Lipton Ice Tea, le th\u00e9 glac\u00e9 gorg\u00e9 de soleil et d\u00e9licieusement rafra\u00eechissant.\",\"breadcrumb\":{\"@id\":\"https:\\\/\\\/my-french-grocery.com\\\/fr\\\/produit\\\/boisson-the-peche-ice-tea-lipton\\\/#breadcrumb\"},\"inLanguage\":\"fr-FR\",\"potentialAction\":[{\"@type\":\"ReadAction\",\"target\":[\"https:\\\/\\\/my-french-grocery.com\\\/fr\\\/produit\\\/boisson-the-peche-ice-tea-lipton\\\/\"]}]},{\"@type\":\"ImageObject\",\"inLanguage\":\"fr-FR\",\"@id\":\"https:\\\/\\\/my-french-grocery.com\\\/fr\\\/produit\\\/boisson-the-peche-ice-tea-lipton\\\/#primaryimage\",\"url\":\"https:\\\/\\\/my-french-grocery.com\\\/wp-content\\\/uploads\\\/2023\\\/02\\\/Lipton-Ice-Tea-1L.jpg\",\"contentUrl\":\"https:\\\/\\\/my-french-grocery.com\\\/wp-content\\\/uploads\\\/2023\\\/02\\\/Lipton-Ice-Tea-1L.jpg\",\"width\":540,\"height\":540,\"caption\":\"Boisson Th\u00e9 P\u00eache Ice Tea Lipton\"},{\"@type\":\"BreadcrumbList\",\"@id\":\"https:\\\/\\\/my-french-grocery.com\\\/fr\\\/produit\\\/boisson-the-peche-ice-tea-lipton\\\/#breadcrumb\",\"itemListElement\":[{\"@type\":\"ListItem\",\"position\":1,\"name\":\"Home\",\"item\":\"https:\\\/\\\/my-french-grocery.com\\\/fr\\\/\"},{\"@type\":\"ListItem\",\"position\":2,\"name\":\"Shop\",\"item\":\"https:\\\/\\\/my-french-grocery.com\\\/shop\\\/\"},{\"@type\":\"ListItem\",\"position\":3,\"name\":\"Boissons - Vins - Champagnes\",\"item\":\"https:\\\/\\\/my-french-grocery.com\\\/fr\\\/categorie-produit\\\/boissons-vins-champagnes\\\/\"},{\"@type\":\"ListItem\",\"position\":4,\"name\":\"Eau, Jus De fruits, Sodas, Sirops\",\"item\":\"https:\\\/\\\/my-french-grocery.com\\\/fr\\\/categorie-produit\\\/boissons-vins-champagnes\\\/eau-jus-de-fruits-sodas-sirops\\\/\"},{\"@type\":\"ListItem\",\"position\":5,\"name\":\"Boisson Th\u00e9 P\u00eache Ice Tea Lipton\"}]},{\"@type\":\"WebSite\",\"@id\":\"https:\\\/\\\/my-french-grocery.com\\\/fr\\\/#website\",\"url\":\"https:\\\/\\\/my-french-grocery.com\\\/fr\\\/\",\"name\":\"My French Grocery\",\"description\":\"Your Online French Grocery  !\",\"publisher\":{\"@id\":\"https:\\\/\\\/my-french-grocery.com\\\/fr\\\/#organization\"},\"potentialAction\":[{\"@type\":\"SearchAction\",\"target\":{\"@type\":\"EntryPoint\",\"urlTemplate\":\"https:\\\/\\\/my-french-grocery.com\\\/fr\\\/?s={search_term_string}\"},\"query-input\":{\"@type\":\"PropertyValueSpecification\",\"valueRequired\":true,\"valueName\":\"search_term_string\"}}],\"inLanguage\":\"fr-FR\"},{\"@type\":\"Organization\",\"@id\":\"https:\\\/\\\/my-french-grocery.com\\\/fr\\\/#organization\",\"name\":\"MY FRENCH GROCERY\",\"url\":\"https:\\\/\\\/my-french-grocery.com\\\/fr\\\/\",\"logo\":{\"@type\":\"ImageObject\",\"inLanguage\":\"fr-FR\",\"@id\":\"https:\\\/\\\/my-french-grocery.com\\\/fr\\\/#\\\/schema\\\/logo\\\/image\\\/\",\"url\":\"https:\\\/\\\/my-french-grocery.com\\\/wp-content\\\/uploads\\\/2021\\\/11\\\/My-French-Grocery-Online-French-Grocery.png\",\"contentUrl\":\"https:\\\/\\\/my-french-grocery.com\\\/wp-content\\\/uploads\\\/2021\\\/11\\\/My-French-Grocery-Online-French-Grocery.png\",\"width\":100,\"height\":100,\"caption\":\"MY FRENCH GROCERY\"},\"image\":{\"@id\":\"https:\\\/\\\/my-french-grocery.com\\\/fr\\\/#\\\/schema\\\/logo\\\/image\\\/\"},\"sameAs\":[\"https:\\\/\\\/www.facebook.com\\\/myfrenchgrocery\\\/\"]}]}<\/script>\n<!-- \/ Yoast SEO plugin. -->","yoast_head_json":{"title":"Boisson Th\u00e9 P\u00eache Ice Tea Lipton | Acheter En Ligne | My French Grocery","description":"Boisson Th\u00e9 P\u00eache Ice Tea Lipton - bouteille d'1 L - Lipton Ice Tea, le th\u00e9 glac\u00e9 gorg\u00e9 de soleil et d\u00e9licieusement rafra\u00eechissant.","robots":{"index":"index","follow":"follow","max-snippet":"max-snippet:-1","max-image-preview":"max-image-preview:large","max-video-preview":"max-video-preview:-1"},"canonical":"https:\/\/my-french-grocery.com\/fr\/produit\/boisson-the-peche-ice-tea-lipton\/","og_locale":"fr_FR","og_type":"article","og_title":"Boisson Th\u00e9 P\u00eache Ice Tea Lipton | Acheter En Ligne | My French Grocery","og_description":"Boisson Th\u00e9 P\u00eache Ice Tea Lipton - bouteille d'1 L - Lipton Ice Tea, le th\u00e9 glac\u00e9 gorg\u00e9 de soleil et d\u00e9licieusement rafra\u00eechissant.","og_url":"https:\/\/my-french-grocery.com\/fr\/produit\/boisson-the-peche-ice-tea-lipton\/","og_site_name":"My French Grocery","article_publisher":"https:\/\/www.facebook.com\/myfrenchgrocery\/","article_modified_time":"2023-02-25T15:59:16+00:00","og_image":[{"width":540,"height":540,"url":"https:\/\/my-french-grocery.com\/wp-content\/uploads\/2023\/02\/Lipton-Ice-Tea-1L.jpg","type":"image\/jpeg"}],"twitter_card":"summary_large_image","schema":{"@context":"https:\/\/schema.org","@graph":[{"@type":"WebPage","@id":"https:\/\/my-french-grocery.com\/fr\/produit\/boisson-the-peche-ice-tea-lipton\/","url":"https:\/\/my-french-grocery.com\/fr\/produit\/boisson-the-peche-ice-tea-lipton\/","name":"Boisson Th\u00e9 P\u00eache Ice Tea Lipton | Acheter En Ligne | My French Grocery","isPartOf":{"@id":"https:\/\/my-french-grocery.com\/fr\/#website"},"primaryImageOfPage":{"@id":"https:\/\/my-french-grocery.com\/fr\/produit\/boisson-the-peche-ice-tea-lipton\/#primaryimage"},"image":{"@id":"https:\/\/my-french-grocery.com\/fr\/produit\/boisson-the-peche-ice-tea-lipton\/#primaryimage"},"thumbnailUrl":"https:\/\/my-french-grocery.com\/wp-content\/uploads\/2023\/02\/Lipton-Ice-Tea-1L.jpg","datePublished":"2023-02-25T08:43:37+00:00","dateModified":"2023-02-25T15:59:16+00:00","description":"Boisson Th\u00e9 P\u00eache Ice Tea Lipton - bouteille d'1 L - Lipton Ice Tea, le th\u00e9 glac\u00e9 gorg\u00e9 de soleil et d\u00e9licieusement rafra\u00eechissant.","breadcrumb":{"@id":"https:\/\/my-french-grocery.com\/fr\/produit\/boisson-the-peche-ice-tea-lipton\/#breadcrumb"},"inLanguage":"fr-FR","potentialAction":[{"@type":"ReadAction","target":["https:\/\/my-french-grocery.com\/fr\/produit\/boisson-the-peche-ice-tea-lipton\/"]}]},{"@type":"ImageObject","inLanguage":"fr-FR","@id":"https:\/\/my-french-grocery.com\/fr\/produit\/boisson-the-peche-ice-tea-lipton\/#primaryimage","url":"https:\/\/my-french-grocery.com\/wp-content\/uploads\/2023\/02\/Lipton-Ice-Tea-1L.jpg","contentUrl":"https:\/\/my-french-grocery.com\/wp-content\/uploads\/2023\/02\/Lipton-Ice-Tea-1L.jpg","width":540,"height":540,"caption":"Boisson Th\u00e9 P\u00eache Ice Tea Lipton"},{"@type":"BreadcrumbList","@id":"https:\/\/my-french-grocery.com\/fr\/produit\/boisson-the-peche-ice-tea-lipton\/#breadcrumb","itemListElement":[{"@type":"ListItem","position":1,"name":"Home","item":"https:\/\/my-french-grocery.com\/fr\/"},{"@type":"ListItem","position":2,"name":"Shop","item":"https:\/\/my-french-grocery.com\/shop\/"},{"@type":"ListItem","position":3,"name":"Boissons - Vins - Champagnes","item":"https:\/\/my-french-grocery.com\/fr\/categorie-produit\/boissons-vins-champagnes\/"},{"@type":"ListItem","position":4,"name":"Eau, Jus De fruits, Sodas, Sirops","item":"https:\/\/my-french-grocery.com\/fr\/categorie-produit\/boissons-vins-champagnes\/eau-jus-de-fruits-sodas-sirops\/"},{"@type":"ListItem","position":5,"name":"Boisson Th\u00e9 P\u00eache Ice Tea Lipton"}]},{"@type":"WebSite","@id":"https:\/\/my-french-grocery.com\/fr\/#website","url":"https:\/\/my-french-grocery.com\/fr\/","name":"My French Grocery","description":"Your Online French Grocery  !","publisher":{"@id":"https:\/\/my-french-grocery.com\/fr\/#organization"},"potentialAction":[{"@type":"SearchAction","target":{"@type":"EntryPoint","urlTemplate":"https:\/\/my-french-grocery.com\/fr\/?s={search_term_string}"},"query-input":{"@type":"PropertyValueSpecification","valueRequired":true,"valueName":"search_term_string"}}],"inLanguage":"fr-FR"},{"@type":"Organization","@id":"https:\/\/my-french-grocery.com\/fr\/#organization","name":"MY FRENCH GROCERY","url":"https:\/\/my-french-grocery.com\/fr\/","logo":{"@type":"ImageObject","inLanguage":"fr-FR","@id":"https:\/\/my-french-grocery.com\/fr\/#\/schema\/logo\/image\/","url":"https:\/\/my-french-grocery.com\/wp-content\/uploads\/2021\/11\/My-French-Grocery-Online-French-Grocery.png","contentUrl":"https:\/\/my-french-grocery.com\/wp-content\/uploads\/2021\/11\/My-French-Grocery-Online-French-Grocery.png","width":100,"height":100,"caption":"MY FRENCH GROCERY"},"image":{"@id":"https:\/\/my-french-grocery.com\/fr\/#\/schema\/logo\/image\/"},"sameAs":["https:\/\/www.facebook.com\/myfrenchgrocery\/"]}]}},"brands":[{"id":3100,"name":"Lipton","slug":"lipton-fr"}],"_links":{"self":[{"href":"https:\/\/my-french-grocery.com\/fr\/wp-json\/wp\/v2\/product\/31974","targetHints":{"allow":["GET"]}}],"collection":[{"href":"https:\/\/my-french-grocery.com\/fr\/wp-json\/wp\/v2\/product"}],"about":[{"href":"https:\/\/my-french-grocery.com\/fr\/wp-json\/wp\/v2\/types\/product"}],"replies":[{"embeddable":true,"href":"https:\/\/my-french-grocery.com\/fr\/wp-json\/wp\/v2\/comments?post=31974"}],"wp:featuredmedia":[{"embeddable":true,"href":"https:\/\/my-french-grocery.com\/fr\/wp-json\/wp\/v2\/media\/31978"}],"wp:attachment":[{"href":"https:\/\/my-french-grocery.com\/fr\/wp-json\/wp\/v2\/media?parent=31974"}],"wp:term":[{"taxonomy":"pwb-brand","embeddable":true,"href":"https:\/\/my-french-grocery.com\/fr\/wp-json\/wp\/v2\/pwb-brand?post=31974"},{"taxonomy":"product_brand","embeddable":true,"href":"https:\/\/my-french-grocery.com\/fr\/wp-json\/wp\/v2\/product_brand?post=31974"},{"taxonomy":"product_cat","embeddable":true,"href":"https:\/\/my-french-grocery.com\/fr\/wp-json\/wp\/v2\/product_cat?post=31974"},{"taxonomy":"product_tag","embeddable":true,"href":"https:\/\/my-french-grocery.com\/fr\/wp-json\/wp\/v2\/product_tag?post=31974"}],"curies":[{"name":"wp","href":"https:\/\/api.w.org\/{rel}","templated":true}]}}