{"id":32319,"date":"2023-03-08T18:44:54","date_gmt":"2023-03-08T16:44:55","guid":{"rendered":"https:\/\/my-french-grocery.com\/?post_type=product&#038;p=32319"},"modified":"2023-12-23T20:00:01","modified_gmt":"2023-12-23T18:00:01","slug":"fromage-aperitif-long-drink-apericube","status":"publish","type":"product","link":"https:\/\/my-french-grocery.com\/fr\/produit\/fromage-aperitif-long-drink-apericube\/","title":{"rendered":"Fromage ap\u00e9ritif Long Drink Ap\u00e9ricube"},"content":{"rendered":"<p>Fromage ap\u00e9ritif Long Drink Ap\u00e9ricube<\/p>\n<p>48 Cubes \u2013 250g<\/p>\n<p>Avec Ap\u00e9ricube Emmental, Jambon, Tomate et Oignon fondant : il y en aura pour tous les go\u00fbts ! Des petits cubes fromagers simples et onctueux, pour des ap\u00e9ros haut en couleurs. Pour un ap\u00e9ritif fabriqu\u00e9 en France dans nos usines du Jura, sans conservateur, sans colorant ni ar\u00f4mes artificiels ajout\u00e9s.<\/p>\n","protected":false},"excerpt":{"rendered":"<p>Fromage ap\u00e9ritif Long Drink Ap\u00e9ricube<\/p>\n<p>48 Cubes &#8211; 250g<\/p>\n<h4><\/h4>\n","protected":false},"featured_media":32323,"comment_status":"open","ping_status":"closed","template":"","meta":[],"pwb-brand":[487],"product_brand":[],"product_cat":[1032],"product_tag":[1083],"class_list":{"0":"post-32319","1":"product","2":"type-product","3":"status-publish","4":"has-post-thumbnail","6":"pwb-brand-apericube-fr","7":"product_cat-fromages","8":"product_tag-apericubes-fr","9":"product_shipping_class-expedition-dans-le-monde-entier","11":"first","12":"instock","13":"taxable","14":"shipping-taxable","15":"purchasable","16":"product-type-simple"},"brands":[{"id":487,"name":"Ap\u00e9ricube","slug":"apericube-fr"}],"_links":{"self":[{"href":"https:\/\/my-french-grocery.com\/fr\/wp-json\/wp\/v2\/product\/32319","targetHints":{"allow":["GET"]}}],"collection":[{"href":"https:\/\/my-french-grocery.com\/fr\/wp-json\/wp\/v2\/product"}],"about":[{"href":"https:\/\/my-french-grocery.com\/fr\/wp-json\/wp\/v2\/types\/product"}],"replies":[{"embeddable":true,"href":"https:\/\/my-french-grocery.com\/fr\/wp-json\/wp\/v2\/comments?post=32319"}],"wp:featuredmedia":[{"embeddable":true,"href":"https:\/\/my-french-grocery.com\/fr\/wp-json\/wp\/v2\/media\/32323"}],"wp:attachment":[{"href":"https:\/\/my-french-grocery.com\/fr\/wp-json\/wp\/v2\/media?parent=32319"}],"wp:term":[{"taxonomy":"pwb-brand","embeddable":true,"href":"https:\/\/my-french-grocery.com\/fr\/wp-json\/wp\/v2\/pwb-brand?post=32319"},{"taxonomy":"product_brand","embeddable":true,"href":"https:\/\/my-french-grocery.com\/fr\/wp-json\/wp\/v2\/product_brand?post=32319"},{"taxonomy":"product_cat","embeddable":true,"href":"https:\/\/my-french-grocery.com\/fr\/wp-json\/wp\/v2\/product_cat?post=32319"},{"taxonomy":"product_tag","embeddable":true,"href":"https:\/\/my-french-grocery.com\/fr\/wp-json\/wp\/v2\/product_tag?post=32319"}],"curies":[{"name":"wp","href":"https:\/\/api.w.org\/{rel}","templated":true}]}}