{"id":32864,"date":"2023-04-25T19:30:03","date_gmt":"2023-04-25T17:30:05","guid":{"rendered":"https:\/\/my-french-grocery.com\/?post_type=product&#038;p=32864"},"modified":"2023-04-25T19:36:51","modified_gmt":"2023-04-25T17:36:51","slug":"the-glace-saveur-peche-oasis","status":"publish","type":"product","link":"https:\/\/my-french-grocery.com\/fr\/produit\/the-glace-saveur-peche-oasis\/","title":{"rendered":"Th\u00e9 Glac\u00e9 Saveur P\u00eache Oasis"},"content":{"rendered":"<p>Th\u00e9 Glac\u00e9 Saveur P\u00eache Oasis<\/p>\n<p>Bouteille de 1,5 L<\/p>\n<div class=\"secondary-details-intro\">\n<div class=\"regulated-name\">\n<p class=\"paragraph\">D\u00e9couvrez Oasis Ice Tea : Le nouveau Th\u00e9 glac\u00e9 saveur P\u00eache ! Oasis met son expertise fruit au service du Th\u00e9 pour proposer un Ice Tea ultra rafraichissant au go\u00fbt de p\u00eache intense et faible en calories ! A partager avec toute la famille !<\/p>\n<\/div>\n<\/div>\n","protected":false},"excerpt":{"rendered":"<p>Th\u00e9 Glac\u00e9 Saveur P\u00eache Oasis<\/p>\n<p>Bouteille de 1,5 L<\/p>\n","protected":false},"featured_media":32868,"comment_status":"open","ping_status":"closed","template":"","meta":[],"pwb-brand":[832],"product_brand":[],"product_cat":[1015],"product_tag":[1338],"class_list":{"0":"post-32864","1":"product","2":"type-product","3":"status-publish","4":"has-post-thumbnail","6":"pwb-brand-oasis-fr","7":"product_cat-eau-jus-de-fruits-sodas-sirops","8":"product_tag-oasis","9":"product_shipping_class-expedition-dans-le-monde-entier","11":"first","12":"instock","13":"taxable","14":"shipping-taxable","15":"purchasable","16":"product-type-simple"},"yoast_head":"<!-- This site is optimized with the Yoast SEO plugin v27.3 - https:\/\/yoast.com\/product\/yoast-seo-wordpress\/ -->\n<title>Th\u00e9 Glac\u00e9 Saveur P\u00eache Oasis | Acheter En Ligne | My French Grocery<\/title>\n<meta name=\"description\" content=\"Th\u00e9 Glac\u00e9 Saveur P\u00eache Oasis - Bouteille de 1,5 L - D\u00e9couvrez Oasis Ice Tea : Le nouveau Th\u00e9 glac\u00e9 saveur P\u00eache !\" \/>\n<meta name=\"robots\" content=\"index, follow, max-snippet:-1, max-image-preview:large, max-video-preview:-1\" \/>\n<link rel=\"canonical\" href=\"https:\/\/my-french-grocery.com\/fr\/produit\/the-glace-saveur-peche-oasis\/\" \/>\n<meta property=\"og:locale\" content=\"fr_FR\" \/>\n<meta property=\"og:type\" content=\"article\" \/>\n<meta property=\"og:title\" content=\"Th\u00e9 Glac\u00e9 Saveur P\u00eache Oasis | Acheter En Ligne | My French Grocery\" \/>\n<meta property=\"og:description\" content=\"Th\u00e9 Glac\u00e9 Saveur P\u00eache Oasis - Bouteille de 1,5 L - D\u00e9couvrez Oasis Ice Tea : Le nouveau Th\u00e9 glac\u00e9 saveur P\u00eache !\" \/>\n<meta property=\"og:url\" content=\"https:\/\/my-french-grocery.com\/fr\/produit\/the-glace-saveur-peche-oasis\/\" \/>\n<meta property=\"og:site_name\" content=\"My French Grocery\" \/>\n<meta property=\"article:publisher\" content=\"https:\/\/www.facebook.com\/myfrenchgrocery\/\" \/>\n<meta property=\"article:modified_time\" content=\"2023-04-25T17:36:51+00:00\" \/>\n<meta property=\"og:image\" content=\"https:\/\/my-french-grocery.com\/wp-content\/uploads\/2023\/04\/Oasis-Ice-Tea-Peach.jpg\" \/>\n\t<meta property=\"og:image:width\" content=\"1500\" \/>\n\t<meta property=\"og:image:height\" content=\"1500\" \/>\n\t<meta property=\"og:image:type\" content=\"image\/jpeg\" \/>\n<meta name=\"twitter:card\" content=\"summary_large_image\" \/>\n<script type=\"application\/ld+json\" class=\"yoast-schema-graph\">{\"@context\":\"https:\\\/\\\/schema.org\",\"@graph\":[{\"@type\":\"WebPage\",\"@id\":\"https:\\\/\\\/my-french-grocery.com\\\/fr\\\/produit\\\/the-glace-saveur-peche-oasis\\\/\",\"url\":\"https:\\\/\\\/my-french-grocery.com\\\/fr\\\/produit\\\/the-glace-saveur-peche-oasis\\\/\",\"name\":\"Th\u00e9 Glac\u00e9 Saveur P\u00eache Oasis | Acheter En Ligne | My French Grocery\",\"isPartOf\":{\"@id\":\"https:\\\/\\\/my-french-grocery.com\\\/fr\\\/#website\"},\"primaryImageOfPage\":{\"@id\":\"https:\\\/\\\/my-french-grocery.com\\\/fr\\\/produit\\\/the-glace-saveur-peche-oasis\\\/#primaryimage\"},\"image\":{\"@id\":\"https:\\\/\\\/my-french-grocery.com\\\/fr\\\/produit\\\/the-glace-saveur-peche-oasis\\\/#primaryimage\"},\"thumbnailUrl\":\"https:\\\/\\\/my-french-grocery.com\\\/wp-content\\\/uploads\\\/2023\\\/04\\\/Oasis-Ice-Tea-Peach.jpg\",\"datePublished\":\"2023-04-25T17:30:05+00:00\",\"dateModified\":\"2023-04-25T17:36:51+00:00\",\"description\":\"Th\u00e9 Glac\u00e9 Saveur P\u00eache Oasis - Bouteille de 1,5 L - D\u00e9couvrez Oasis Ice Tea : Le nouveau Th\u00e9 glac\u00e9 saveur P\u00eache !\",\"breadcrumb\":{\"@id\":\"https:\\\/\\\/my-french-grocery.com\\\/fr\\\/produit\\\/the-glace-saveur-peche-oasis\\\/#breadcrumb\"},\"inLanguage\":\"fr-FR\",\"potentialAction\":[{\"@type\":\"ReadAction\",\"target\":[\"https:\\\/\\\/my-french-grocery.com\\\/fr\\\/produit\\\/the-glace-saveur-peche-oasis\\\/\"]}]},{\"@type\":\"ImageObject\",\"inLanguage\":\"fr-FR\",\"@id\":\"https:\\\/\\\/my-french-grocery.com\\\/fr\\\/produit\\\/the-glace-saveur-peche-oasis\\\/#primaryimage\",\"url\":\"https:\\\/\\\/my-french-grocery.com\\\/wp-content\\\/uploads\\\/2023\\\/04\\\/Oasis-Ice-Tea-Peach.jpg\",\"contentUrl\":\"https:\\\/\\\/my-french-grocery.com\\\/wp-content\\\/uploads\\\/2023\\\/04\\\/Oasis-Ice-Tea-Peach.jpg\",\"width\":1500,\"height\":1500,\"caption\":\"Th\u00e9 Glac\u00e9 Saveur P\u00eache Oasis\"},{\"@type\":\"BreadcrumbList\",\"@id\":\"https:\\\/\\\/my-french-grocery.com\\\/fr\\\/produit\\\/the-glace-saveur-peche-oasis\\\/#breadcrumb\",\"itemListElement\":[{\"@type\":\"ListItem\",\"position\":1,\"name\":\"Home\",\"item\":\"https:\\\/\\\/my-french-grocery.com\\\/fr\\\/\"},{\"@type\":\"ListItem\",\"position\":2,\"name\":\"Shop\",\"item\":\"https:\\\/\\\/my-french-grocery.com\\\/shop\\\/\"},{\"@type\":\"ListItem\",\"position\":3,\"name\":\"Boissons - Vins - Champagnes\",\"item\":\"https:\\\/\\\/my-french-grocery.com\\\/fr\\\/categorie-produit\\\/boissons-vins-champagnes\\\/\"},{\"@type\":\"ListItem\",\"position\":4,\"name\":\"Eau, Jus De fruits, Sodas, Sirops\",\"item\":\"https:\\\/\\\/my-french-grocery.com\\\/fr\\\/categorie-produit\\\/boissons-vins-champagnes\\\/eau-jus-de-fruits-sodas-sirops\\\/\"},{\"@type\":\"ListItem\",\"position\":5,\"name\":\"Th\u00e9 Glac\u00e9 Saveur P\u00eache Oasis\"}]},{\"@type\":\"WebSite\",\"@id\":\"https:\\\/\\\/my-french-grocery.com\\\/fr\\\/#website\",\"url\":\"https:\\\/\\\/my-french-grocery.com\\\/fr\\\/\",\"name\":\"My French Grocery\",\"description\":\"Your Online French Grocery  !\",\"publisher\":{\"@id\":\"https:\\\/\\\/my-french-grocery.com\\\/fr\\\/#organization\"},\"potentialAction\":[{\"@type\":\"SearchAction\",\"target\":{\"@type\":\"EntryPoint\",\"urlTemplate\":\"https:\\\/\\\/my-french-grocery.com\\\/fr\\\/?s={search_term_string}\"},\"query-input\":{\"@type\":\"PropertyValueSpecification\",\"valueRequired\":true,\"valueName\":\"search_term_string\"}}],\"inLanguage\":\"fr-FR\"},{\"@type\":\"Organization\",\"@id\":\"https:\\\/\\\/my-french-grocery.com\\\/fr\\\/#organization\",\"name\":\"MY FRENCH GROCERY\",\"url\":\"https:\\\/\\\/my-french-grocery.com\\\/fr\\\/\",\"logo\":{\"@type\":\"ImageObject\",\"inLanguage\":\"fr-FR\",\"@id\":\"https:\\\/\\\/my-french-grocery.com\\\/fr\\\/#\\\/schema\\\/logo\\\/image\\\/\",\"url\":\"https:\\\/\\\/my-french-grocery.com\\\/wp-content\\\/uploads\\\/2021\\\/11\\\/My-French-Grocery-Online-French-Grocery.png\",\"contentUrl\":\"https:\\\/\\\/my-french-grocery.com\\\/wp-content\\\/uploads\\\/2021\\\/11\\\/My-French-Grocery-Online-French-Grocery.png\",\"width\":100,\"height\":100,\"caption\":\"MY FRENCH GROCERY\"},\"image\":{\"@id\":\"https:\\\/\\\/my-french-grocery.com\\\/fr\\\/#\\\/schema\\\/logo\\\/image\\\/\"},\"sameAs\":[\"https:\\\/\\\/www.facebook.com\\\/myfrenchgrocery\\\/\"]}]}<\/script>\n<!-- \/ Yoast SEO plugin. -->","yoast_head_json":{"title":"Th\u00e9 Glac\u00e9 Saveur P\u00eache Oasis | Acheter En Ligne | My French Grocery","description":"Th\u00e9 Glac\u00e9 Saveur P\u00eache Oasis - Bouteille de 1,5 L - D\u00e9couvrez Oasis Ice Tea : Le nouveau Th\u00e9 glac\u00e9 saveur P\u00eache !","robots":{"index":"index","follow":"follow","max-snippet":"max-snippet:-1","max-image-preview":"max-image-preview:large","max-video-preview":"max-video-preview:-1"},"canonical":"https:\/\/my-french-grocery.com\/fr\/produit\/the-glace-saveur-peche-oasis\/","og_locale":"fr_FR","og_type":"article","og_title":"Th\u00e9 Glac\u00e9 Saveur P\u00eache Oasis | Acheter En Ligne | My French Grocery","og_description":"Th\u00e9 Glac\u00e9 Saveur P\u00eache Oasis - Bouteille de 1,5 L - D\u00e9couvrez Oasis Ice Tea : Le nouveau Th\u00e9 glac\u00e9 saveur P\u00eache !","og_url":"https:\/\/my-french-grocery.com\/fr\/produit\/the-glace-saveur-peche-oasis\/","og_site_name":"My French Grocery","article_publisher":"https:\/\/www.facebook.com\/myfrenchgrocery\/","article_modified_time":"2023-04-25T17:36:51+00:00","og_image":[{"width":1500,"height":1500,"url":"https:\/\/my-french-grocery.com\/wp-content\/uploads\/2023\/04\/Oasis-Ice-Tea-Peach.jpg","type":"image\/jpeg"}],"twitter_card":"summary_large_image","schema":{"@context":"https:\/\/schema.org","@graph":[{"@type":"WebPage","@id":"https:\/\/my-french-grocery.com\/fr\/produit\/the-glace-saveur-peche-oasis\/","url":"https:\/\/my-french-grocery.com\/fr\/produit\/the-glace-saveur-peche-oasis\/","name":"Th\u00e9 Glac\u00e9 Saveur P\u00eache Oasis | Acheter En Ligne | My French Grocery","isPartOf":{"@id":"https:\/\/my-french-grocery.com\/fr\/#website"},"primaryImageOfPage":{"@id":"https:\/\/my-french-grocery.com\/fr\/produit\/the-glace-saveur-peche-oasis\/#primaryimage"},"image":{"@id":"https:\/\/my-french-grocery.com\/fr\/produit\/the-glace-saveur-peche-oasis\/#primaryimage"},"thumbnailUrl":"https:\/\/my-french-grocery.com\/wp-content\/uploads\/2023\/04\/Oasis-Ice-Tea-Peach.jpg","datePublished":"2023-04-25T17:30:05+00:00","dateModified":"2023-04-25T17:36:51+00:00","description":"Th\u00e9 Glac\u00e9 Saveur P\u00eache Oasis - Bouteille de 1,5 L - D\u00e9couvrez Oasis Ice Tea : Le nouveau Th\u00e9 glac\u00e9 saveur P\u00eache !","breadcrumb":{"@id":"https:\/\/my-french-grocery.com\/fr\/produit\/the-glace-saveur-peche-oasis\/#breadcrumb"},"inLanguage":"fr-FR","potentialAction":[{"@type":"ReadAction","target":["https:\/\/my-french-grocery.com\/fr\/produit\/the-glace-saveur-peche-oasis\/"]}]},{"@type":"ImageObject","inLanguage":"fr-FR","@id":"https:\/\/my-french-grocery.com\/fr\/produit\/the-glace-saveur-peche-oasis\/#primaryimage","url":"https:\/\/my-french-grocery.com\/wp-content\/uploads\/2023\/04\/Oasis-Ice-Tea-Peach.jpg","contentUrl":"https:\/\/my-french-grocery.com\/wp-content\/uploads\/2023\/04\/Oasis-Ice-Tea-Peach.jpg","width":1500,"height":1500,"caption":"Th\u00e9 Glac\u00e9 Saveur P\u00eache Oasis"},{"@type":"BreadcrumbList","@id":"https:\/\/my-french-grocery.com\/fr\/produit\/the-glace-saveur-peche-oasis\/#breadcrumb","itemListElement":[{"@type":"ListItem","position":1,"name":"Home","item":"https:\/\/my-french-grocery.com\/fr\/"},{"@type":"ListItem","position":2,"name":"Shop","item":"https:\/\/my-french-grocery.com\/shop\/"},{"@type":"ListItem","position":3,"name":"Boissons - Vins - Champagnes","item":"https:\/\/my-french-grocery.com\/fr\/categorie-produit\/boissons-vins-champagnes\/"},{"@type":"ListItem","position":4,"name":"Eau, Jus De fruits, Sodas, Sirops","item":"https:\/\/my-french-grocery.com\/fr\/categorie-produit\/boissons-vins-champagnes\/eau-jus-de-fruits-sodas-sirops\/"},{"@type":"ListItem","position":5,"name":"Th\u00e9 Glac\u00e9 Saveur P\u00eache Oasis"}]},{"@type":"WebSite","@id":"https:\/\/my-french-grocery.com\/fr\/#website","url":"https:\/\/my-french-grocery.com\/fr\/","name":"My French Grocery","description":"Your Online French Grocery  !","publisher":{"@id":"https:\/\/my-french-grocery.com\/fr\/#organization"},"potentialAction":[{"@type":"SearchAction","target":{"@type":"EntryPoint","urlTemplate":"https:\/\/my-french-grocery.com\/fr\/?s={search_term_string}"},"query-input":{"@type":"PropertyValueSpecification","valueRequired":true,"valueName":"search_term_string"}}],"inLanguage":"fr-FR"},{"@type":"Organization","@id":"https:\/\/my-french-grocery.com\/fr\/#organization","name":"MY FRENCH GROCERY","url":"https:\/\/my-french-grocery.com\/fr\/","logo":{"@type":"ImageObject","inLanguage":"fr-FR","@id":"https:\/\/my-french-grocery.com\/fr\/#\/schema\/logo\/image\/","url":"https:\/\/my-french-grocery.com\/wp-content\/uploads\/2021\/11\/My-French-Grocery-Online-French-Grocery.png","contentUrl":"https:\/\/my-french-grocery.com\/wp-content\/uploads\/2021\/11\/My-French-Grocery-Online-French-Grocery.png","width":100,"height":100,"caption":"MY FRENCH GROCERY"},"image":{"@id":"https:\/\/my-french-grocery.com\/fr\/#\/schema\/logo\/image\/"},"sameAs":["https:\/\/www.facebook.com\/myfrenchgrocery\/"]}]}},"brands":[{"id":832,"name":"Oasis","slug":"oasis-fr"}],"_links":{"self":[{"href":"https:\/\/my-french-grocery.com\/fr\/wp-json\/wp\/v2\/product\/32864","targetHints":{"allow":["GET"]}}],"collection":[{"href":"https:\/\/my-french-grocery.com\/fr\/wp-json\/wp\/v2\/product"}],"about":[{"href":"https:\/\/my-french-grocery.com\/fr\/wp-json\/wp\/v2\/types\/product"}],"replies":[{"embeddable":true,"href":"https:\/\/my-french-grocery.com\/fr\/wp-json\/wp\/v2\/comments?post=32864"}],"wp:featuredmedia":[{"embeddable":true,"href":"https:\/\/my-french-grocery.com\/fr\/wp-json\/wp\/v2\/media\/32868"}],"wp:attachment":[{"href":"https:\/\/my-french-grocery.com\/fr\/wp-json\/wp\/v2\/media?parent=32864"}],"wp:term":[{"taxonomy":"pwb-brand","embeddable":true,"href":"https:\/\/my-french-grocery.com\/fr\/wp-json\/wp\/v2\/pwb-brand?post=32864"},{"taxonomy":"product_brand","embeddable":true,"href":"https:\/\/my-french-grocery.com\/fr\/wp-json\/wp\/v2\/product_brand?post=32864"},{"taxonomy":"product_cat","embeddable":true,"href":"https:\/\/my-french-grocery.com\/fr\/wp-json\/wp\/v2\/product_cat?post=32864"},{"taxonomy":"product_tag","embeddable":true,"href":"https:\/\/my-french-grocery.com\/fr\/wp-json\/wp\/v2\/product_tag?post=32864"}],"curies":[{"name":"wp","href":"https:\/\/api.w.org\/{rel}","templated":true}]}}