{"id":33169,"date":"2018-09-04T18:18:32","date_gmt":"2018-09-04T16:18:32","guid":{"rendered":"https:\/\/my-french-grocery.com\/?post_type=product&#038;p=33169"},"modified":"2024-02-28T17:07:50","modified_gmt":"2024-02-28T15:07:50","slug":"chips-de-sarrasin-au-sel-de-gerande-brets","status":"publish","type":"product","link":"https:\/\/my-french-grocery.com\/fr\/produit\/chips-de-sarrasin-au-sel-de-gerande-brets\/","title":{"rendered":"Chips De Sarrasin Au Sel De Gerande Bret&rsquo;s"},"content":{"rendered":"<p>Chips De Sarrasin Au Sel De Gerande Bret&rsquo;s<\/p>\n<p>paquet de 120g<\/p>\n<p>Une chips r\u00e9volutionnaire par sa texture \u00e9paisse et ultra croustillante. A croquer, \u00e0 dipper ou \u00e0 tartiner, cette chips de sarrasin s&rsquo;adaptera \u00e0 tous vos usages. Go\u00fbter la simplicit\u00e9 de cette recette nature au sel de Gu\u00e9rande qui r\u00e9pondra \u00e0 toutes vos envies de gourmandise. La chips qui croque, la Bretagne qui craque!<\/p>\n","protected":false},"excerpt":{"rendered":"<p>Chips De Sarrasin Au Sel De Gerande Bret&rsquo;s<\/p>\n<p>paquet de 120g<\/p>\n<p><span style=\"color: #ffffff;\">Bret\u2019s, Brets, chips, crisps, Patatas Fritas, Patatine<\/span><\/p>\n","protected":false},"featured_media":33173,"comment_status":"open","ping_status":"closed","template":"","meta":[],"pwb-brand":[540],"product_brand":[],"product_cat":[1034],"product_tag":[3524,1166],"class_list":{"0":"post-33169","1":"product","2":"type-product","3":"status-publish","4":"has-post-thumbnail","6":"pwb-brand-brets-fr","7":"product_cat-chips-biscuits-sales","8":"product_tag-brets-fr","9":"product_tag-chips","10":"product_shipping_class-expedition-dans-le-monde-entier","12":"first","13":"instock","14":"taxable","15":"shipping-taxable","16":"purchasable","17":"product-type-simple"},"yoast_head":"<!-- This site is optimized with the Yoast SEO plugin v27.4 - https:\/\/yoast.com\/product\/yoast-seo-wordpress\/ -->\n<title>Chips De Sarrasin Au Sel De Gerande Bret&#039;s | Acheter En Ligne | My French Grocery<\/title>\n<meta name=\"description\" content=\"Chips De Sarrasin Au Sel De Gerande Bret&#039;s - paquet de 120g - Une chips r\u00e9volutionnaire par sa texture \u00e9paisse et ultra croustillante.\" \/>\n<meta name=\"robots\" content=\"index, follow, max-snippet:-1, max-image-preview:large, max-video-preview:-1\" \/>\n<link rel=\"canonical\" href=\"https:\/\/my-french-grocery.com\/fr\/produit\/chips-de-sarrasin-au-sel-de-gerande-brets\/\" \/>\n<meta property=\"og:locale\" content=\"fr_FR\" \/>\n<meta property=\"og:type\" content=\"article\" \/>\n<meta property=\"og:title\" content=\"Chips De Sarrasin Au Sel De Gerande Bret&#039;s | Acheter En Ligne | My French Grocery\" \/>\n<meta property=\"og:description\" content=\"Chips De Sarrasin Au Sel De Gerande Bret&#039;s - paquet de 120g - Une chips r\u00e9volutionnaire par sa texture \u00e9paisse et ultra croustillante.\" \/>\n<meta property=\"og:url\" content=\"https:\/\/my-french-grocery.com\/fr\/produit\/chips-de-sarrasin-au-sel-de-gerande-brets\/\" \/>\n<meta property=\"og:site_name\" content=\"My French Grocery\" \/>\n<meta property=\"article:publisher\" content=\"https:\/\/www.facebook.com\/myfrenchgrocery\/\" \/>\n<meta property=\"article:modified_time\" content=\"2024-02-28T15:07:50+00:00\" \/>\n<meta property=\"og:image\" content=\"https:\/\/my-french-grocery.com\/wp-content\/uploads\/2023\/05\/Brets-Sarrasin.jpg\" \/>\n\t<meta property=\"og:image:width\" content=\"1500\" \/>\n\t<meta property=\"og:image:height\" content=\"1500\" \/>\n\t<meta property=\"og:image:type\" content=\"image\/jpeg\" \/>\n<meta name=\"twitter:card\" content=\"summary_large_image\" \/>\n<script type=\"application\/ld+json\" class=\"yoast-schema-graph\">{\"@context\":\"https:\\\/\\\/schema.org\",\"@graph\":[{\"@type\":\"WebPage\",\"@id\":\"https:\\\/\\\/my-french-grocery.com\\\/fr\\\/produit\\\/chips-de-sarrasin-au-sel-de-gerande-brets\\\/\",\"url\":\"https:\\\/\\\/my-french-grocery.com\\\/fr\\\/produit\\\/chips-de-sarrasin-au-sel-de-gerande-brets\\\/\",\"name\":\"Chips De Sarrasin Au Sel De Gerande Bret's | Acheter En Ligne | My French Grocery\",\"isPartOf\":{\"@id\":\"https:\\\/\\\/my-french-grocery.com\\\/fr\\\/#website\"},\"primaryImageOfPage\":{\"@id\":\"https:\\\/\\\/my-french-grocery.com\\\/fr\\\/produit\\\/chips-de-sarrasin-au-sel-de-gerande-brets\\\/#primaryimage\"},\"image\":{\"@id\":\"https:\\\/\\\/my-french-grocery.com\\\/fr\\\/produit\\\/chips-de-sarrasin-au-sel-de-gerande-brets\\\/#primaryimage\"},\"thumbnailUrl\":\"https:\\\/\\\/my-french-grocery.com\\\/wp-content\\\/uploads\\\/2023\\\/05\\\/Brets-Sarrasin.jpg\",\"datePublished\":\"2018-09-04T16:18:32+00:00\",\"dateModified\":\"2024-02-28T15:07:50+00:00\",\"description\":\"Chips De Sarrasin Au Sel De Gerande Bret's - paquet de 120g - Une chips r\u00e9volutionnaire par sa texture \u00e9paisse et ultra croustillante.\",\"breadcrumb\":{\"@id\":\"https:\\\/\\\/my-french-grocery.com\\\/fr\\\/produit\\\/chips-de-sarrasin-au-sel-de-gerande-brets\\\/#breadcrumb\"},\"inLanguage\":\"fr-FR\",\"potentialAction\":[{\"@type\":\"ReadAction\",\"target\":[\"https:\\\/\\\/my-french-grocery.com\\\/fr\\\/produit\\\/chips-de-sarrasin-au-sel-de-gerande-brets\\\/\"]}]},{\"@type\":\"ImageObject\",\"inLanguage\":\"fr-FR\",\"@id\":\"https:\\\/\\\/my-french-grocery.com\\\/fr\\\/produit\\\/chips-de-sarrasin-au-sel-de-gerande-brets\\\/#primaryimage\",\"url\":\"https:\\\/\\\/my-french-grocery.com\\\/wp-content\\\/uploads\\\/2023\\\/05\\\/Brets-Sarrasin.jpg\",\"contentUrl\":\"https:\\\/\\\/my-french-grocery.com\\\/wp-content\\\/uploads\\\/2023\\\/05\\\/Brets-Sarrasin.jpg\",\"width\":1500,\"height\":1500,\"caption\":\"Chips De Sarrasin Au Sel De Gerande Bret's\"},{\"@type\":\"BreadcrumbList\",\"@id\":\"https:\\\/\\\/my-french-grocery.com\\\/fr\\\/produit\\\/chips-de-sarrasin-au-sel-de-gerande-brets\\\/#breadcrumb\",\"itemListElement\":[{\"@type\":\"ListItem\",\"position\":1,\"name\":\"Home\",\"item\":\"https:\\\/\\\/my-french-grocery.com\\\/fr\\\/\"},{\"@type\":\"ListItem\",\"position\":2,\"name\":\"Shop\",\"item\":\"https:\\\/\\\/my-french-grocery.com\\\/shop\\\/\"},{\"@type\":\"ListItem\",\"position\":3,\"name\":\"Alimentation\",\"item\":\"https:\\\/\\\/my-french-grocery.com\\\/fr\\\/categorie-produit\\\/alimentation\\\/\"},{\"@type\":\"ListItem\",\"position\":4,\"name\":\"Chips &amp; Biscuits Sal\u00e9s\",\"item\":\"https:\\\/\\\/my-french-grocery.com\\\/fr\\\/categorie-produit\\\/alimentation\\\/chips-biscuits-sales\\\/\"},{\"@type\":\"ListItem\",\"position\":5,\"name\":\"Chips De Sarrasin Au Sel De Gerande Bret&#8217;s\"}]},{\"@type\":\"WebSite\",\"@id\":\"https:\\\/\\\/my-french-grocery.com\\\/fr\\\/#website\",\"url\":\"https:\\\/\\\/my-french-grocery.com\\\/fr\\\/\",\"name\":\"My French Grocery\",\"description\":\"Your Online French Grocery  !\",\"publisher\":{\"@id\":\"https:\\\/\\\/my-french-grocery.com\\\/fr\\\/#organization\"},\"potentialAction\":[{\"@type\":\"SearchAction\",\"target\":{\"@type\":\"EntryPoint\",\"urlTemplate\":\"https:\\\/\\\/my-french-grocery.com\\\/fr\\\/?s={search_term_string}\"},\"query-input\":{\"@type\":\"PropertyValueSpecification\",\"valueRequired\":true,\"valueName\":\"search_term_string\"}}],\"inLanguage\":\"fr-FR\"},{\"@type\":\"Organization\",\"@id\":\"https:\\\/\\\/my-french-grocery.com\\\/fr\\\/#organization\",\"name\":\"MY FRENCH GROCERY\",\"url\":\"https:\\\/\\\/my-french-grocery.com\\\/fr\\\/\",\"logo\":{\"@type\":\"ImageObject\",\"inLanguage\":\"fr-FR\",\"@id\":\"https:\\\/\\\/my-french-grocery.com\\\/fr\\\/#\\\/schema\\\/logo\\\/image\\\/\",\"url\":\"https:\\\/\\\/my-french-grocery.com\\\/wp-content\\\/uploads\\\/2021\\\/11\\\/My-French-Grocery-Online-French-Grocery.png\",\"contentUrl\":\"https:\\\/\\\/my-french-grocery.com\\\/wp-content\\\/uploads\\\/2021\\\/11\\\/My-French-Grocery-Online-French-Grocery.png\",\"width\":100,\"height\":100,\"caption\":\"MY FRENCH GROCERY\"},\"image\":{\"@id\":\"https:\\\/\\\/my-french-grocery.com\\\/fr\\\/#\\\/schema\\\/logo\\\/image\\\/\"},\"sameAs\":[\"https:\\\/\\\/www.facebook.com\\\/myfrenchgrocery\\\/\"]}]}<\/script>\n<!-- \/ Yoast SEO plugin. -->","yoast_head_json":{"title":"Chips De Sarrasin Au Sel De Gerande Bret's | Acheter En Ligne | My French Grocery","description":"Chips De Sarrasin Au Sel De Gerande Bret's - paquet de 120g - Une chips r\u00e9volutionnaire par sa texture \u00e9paisse et ultra croustillante.","robots":{"index":"index","follow":"follow","max-snippet":"max-snippet:-1","max-image-preview":"max-image-preview:large","max-video-preview":"max-video-preview:-1"},"canonical":"https:\/\/my-french-grocery.com\/fr\/produit\/chips-de-sarrasin-au-sel-de-gerande-brets\/","og_locale":"fr_FR","og_type":"article","og_title":"Chips De Sarrasin Au Sel De Gerande Bret's | Acheter En Ligne | My French Grocery","og_description":"Chips De Sarrasin Au Sel De Gerande Bret's - paquet de 120g - Une chips r\u00e9volutionnaire par sa texture \u00e9paisse et ultra croustillante.","og_url":"https:\/\/my-french-grocery.com\/fr\/produit\/chips-de-sarrasin-au-sel-de-gerande-brets\/","og_site_name":"My French Grocery","article_publisher":"https:\/\/www.facebook.com\/myfrenchgrocery\/","article_modified_time":"2024-02-28T15:07:50+00:00","og_image":[{"width":1500,"height":1500,"url":"https:\/\/my-french-grocery.com\/wp-content\/uploads\/2023\/05\/Brets-Sarrasin.jpg","type":"image\/jpeg"}],"twitter_card":"summary_large_image","schema":{"@context":"https:\/\/schema.org","@graph":[{"@type":"WebPage","@id":"https:\/\/my-french-grocery.com\/fr\/produit\/chips-de-sarrasin-au-sel-de-gerande-brets\/","url":"https:\/\/my-french-grocery.com\/fr\/produit\/chips-de-sarrasin-au-sel-de-gerande-brets\/","name":"Chips De Sarrasin Au Sel De Gerande Bret's | Acheter En Ligne | My French Grocery","isPartOf":{"@id":"https:\/\/my-french-grocery.com\/fr\/#website"},"primaryImageOfPage":{"@id":"https:\/\/my-french-grocery.com\/fr\/produit\/chips-de-sarrasin-au-sel-de-gerande-brets\/#primaryimage"},"image":{"@id":"https:\/\/my-french-grocery.com\/fr\/produit\/chips-de-sarrasin-au-sel-de-gerande-brets\/#primaryimage"},"thumbnailUrl":"https:\/\/my-french-grocery.com\/wp-content\/uploads\/2023\/05\/Brets-Sarrasin.jpg","datePublished":"2018-09-04T16:18:32+00:00","dateModified":"2024-02-28T15:07:50+00:00","description":"Chips De Sarrasin Au Sel De Gerande Bret's - paquet de 120g - Une chips r\u00e9volutionnaire par sa texture \u00e9paisse et ultra croustillante.","breadcrumb":{"@id":"https:\/\/my-french-grocery.com\/fr\/produit\/chips-de-sarrasin-au-sel-de-gerande-brets\/#breadcrumb"},"inLanguage":"fr-FR","potentialAction":[{"@type":"ReadAction","target":["https:\/\/my-french-grocery.com\/fr\/produit\/chips-de-sarrasin-au-sel-de-gerande-brets\/"]}]},{"@type":"ImageObject","inLanguage":"fr-FR","@id":"https:\/\/my-french-grocery.com\/fr\/produit\/chips-de-sarrasin-au-sel-de-gerande-brets\/#primaryimage","url":"https:\/\/my-french-grocery.com\/wp-content\/uploads\/2023\/05\/Brets-Sarrasin.jpg","contentUrl":"https:\/\/my-french-grocery.com\/wp-content\/uploads\/2023\/05\/Brets-Sarrasin.jpg","width":1500,"height":1500,"caption":"Chips De Sarrasin Au Sel De Gerande Bret's"},{"@type":"BreadcrumbList","@id":"https:\/\/my-french-grocery.com\/fr\/produit\/chips-de-sarrasin-au-sel-de-gerande-brets\/#breadcrumb","itemListElement":[{"@type":"ListItem","position":1,"name":"Home","item":"https:\/\/my-french-grocery.com\/fr\/"},{"@type":"ListItem","position":2,"name":"Shop","item":"https:\/\/my-french-grocery.com\/shop\/"},{"@type":"ListItem","position":3,"name":"Alimentation","item":"https:\/\/my-french-grocery.com\/fr\/categorie-produit\/alimentation\/"},{"@type":"ListItem","position":4,"name":"Chips &amp; Biscuits Sal\u00e9s","item":"https:\/\/my-french-grocery.com\/fr\/categorie-produit\/alimentation\/chips-biscuits-sales\/"},{"@type":"ListItem","position":5,"name":"Chips De Sarrasin Au Sel De Gerande Bret&#8217;s"}]},{"@type":"WebSite","@id":"https:\/\/my-french-grocery.com\/fr\/#website","url":"https:\/\/my-french-grocery.com\/fr\/","name":"My French Grocery","description":"Your Online French Grocery  !","publisher":{"@id":"https:\/\/my-french-grocery.com\/fr\/#organization"},"potentialAction":[{"@type":"SearchAction","target":{"@type":"EntryPoint","urlTemplate":"https:\/\/my-french-grocery.com\/fr\/?s={search_term_string}"},"query-input":{"@type":"PropertyValueSpecification","valueRequired":true,"valueName":"search_term_string"}}],"inLanguage":"fr-FR"},{"@type":"Organization","@id":"https:\/\/my-french-grocery.com\/fr\/#organization","name":"MY FRENCH GROCERY","url":"https:\/\/my-french-grocery.com\/fr\/","logo":{"@type":"ImageObject","inLanguage":"fr-FR","@id":"https:\/\/my-french-grocery.com\/fr\/#\/schema\/logo\/image\/","url":"https:\/\/my-french-grocery.com\/wp-content\/uploads\/2021\/11\/My-French-Grocery-Online-French-Grocery.png","contentUrl":"https:\/\/my-french-grocery.com\/wp-content\/uploads\/2021\/11\/My-French-Grocery-Online-French-Grocery.png","width":100,"height":100,"caption":"MY FRENCH GROCERY"},"image":{"@id":"https:\/\/my-french-grocery.com\/fr\/#\/schema\/logo\/image\/"},"sameAs":["https:\/\/www.facebook.com\/myfrenchgrocery\/"]}]}},"brands":[{"id":540,"name":"Bret's","slug":"brets-fr"}],"_links":{"self":[{"href":"https:\/\/my-french-grocery.com\/fr\/wp-json\/wp\/v2\/product\/33169","targetHints":{"allow":["GET"]}}],"collection":[{"href":"https:\/\/my-french-grocery.com\/fr\/wp-json\/wp\/v2\/product"}],"about":[{"href":"https:\/\/my-french-grocery.com\/fr\/wp-json\/wp\/v2\/types\/product"}],"replies":[{"embeddable":true,"href":"https:\/\/my-french-grocery.com\/fr\/wp-json\/wp\/v2\/comments?post=33169"}],"wp:featuredmedia":[{"embeddable":true,"href":"https:\/\/my-french-grocery.com\/fr\/wp-json\/wp\/v2\/media\/33173"}],"wp:attachment":[{"href":"https:\/\/my-french-grocery.com\/fr\/wp-json\/wp\/v2\/media?parent=33169"}],"wp:term":[{"taxonomy":"pwb-brand","embeddable":true,"href":"https:\/\/my-french-grocery.com\/fr\/wp-json\/wp\/v2\/pwb-brand?post=33169"},{"taxonomy":"product_brand","embeddable":true,"href":"https:\/\/my-french-grocery.com\/fr\/wp-json\/wp\/v2\/product_brand?post=33169"},{"taxonomy":"product_cat","embeddable":true,"href":"https:\/\/my-french-grocery.com\/fr\/wp-json\/wp\/v2\/product_cat?post=33169"},{"taxonomy":"product_tag","embeddable":true,"href":"https:\/\/my-french-grocery.com\/fr\/wp-json\/wp\/v2\/product_tag?post=33169"}],"curies":[{"name":"wp","href":"https:\/\/api.w.org\/{rel}","templated":true}]}}