{"id":34076,"date":"2023-07-03T17:07:17","date_gmt":"2023-07-03T15:07:18","guid":{"rendered":"https:\/\/my-french-grocery.com\/?post_type=product&#038;p=34076"},"modified":"2023-07-03T17:14:27","modified_gmt":"2023-07-03T15:14:27","slug":"shampoing-reconstructeur-cheveux-long-abimes-dream-long-elseve-loreal-copy","status":"publish","type":"product","link":"https:\/\/my-french-grocery.com\/fr\/produit\/shampoing-reconstructeur-cheveux-long-abimes-dream-long-elseve-loreal-copy\/","title":{"rendered":"Shampoing Soin Protection Couleur Cheveux Color\u00e9s Color-Vive Elseve &#8211; L&rsquo;Or\u00e9al"},"content":{"rendered":"<p>Shampoing Soin Protection Couleur Cheveux Color\u00e9s Color-Vive Elseve &#8211; L&rsquo;Or\u00e9al<\/p>\n<p>flacon de 250ml<\/p>\n<div class=\"secondary-details__description\">\n<div class=\"secondary-details-intro\">\n<div class=\"regulated-name\">\n<div class=\"secondary-details-intro\">\n<div class=\"regulated-name\">\n<div class=\"secondary-details-intro\">\n<div class=\"regulated-name\">\n<div class=\"secondary-details-intro\">\n<div class=\"regulated-name\">\n<div class=\"secondary-details-intro\">\n<div class=\"regulated-name\">\n<p class=\"paragraph\">Shampoing Soin Protection Couleur pour Cheveux Color\u00e9s ou M\u00e9ch\u00e9s, enrichi en Pivoine et Filtre UV pour une nutrition intense et une couleur prot\u00e9g\u00e9e jusqu&rsquo;\u00e0 10 semaines*. *Test instrumental apr\u00e8s application du Shampoing + masque de la gamme|\u2022 Flacon en plastique 100% recycl\u00e9* et recyclable|\u2022 Fabriqu\u00e9 en France|*hors colorants et bouchon. R\u00e9sultats prouv\u00e9s : Prot\u00e8ge tous les cheveux color\u00e9s ou m\u00e9ch\u00e9s jusqu&rsquo;\u00e0 10 semaines* : Prolonge l&rsquo;intensit\u00e9 et l&rsquo;\u00e9clat de la couleur** et nourrit les cheveux pour un toucher soyeux et une couleur \u00e9clatante. *Test instrumental apr\u00e8s application du Shampoing et d\u00e9m\u00ealant de la gamme **Test consommateur apr\u00e8s application du Shampoing et d\u00e9m\u00ealant de la gamme<\/p>\n<\/div>\n<\/div>\n<\/div>\n<\/div>\n<\/div>\n<\/div>\n<\/div>\n<\/div>\n<\/div>\n<\/div>\n<\/div>\n","protected":false},"excerpt":{"rendered":"<p>Shampoing Soin Protection Couleur Cheveux Color\u00e9s Color-Vive Elseve &#8211; L&rsquo;Or\u00e9al<\/p>\n<p>flacon de 250ml<\/p>\n","protected":false},"featured_media":34110,"comment_status":"open","ping_status":"closed","template":"","meta":[],"pwb-brand":[3324],"product_brand":[],"product_cat":[454,2121],"product_tag":[1427],"class_list":{"0":"post-34076","1":"product","2":"type-product","3":"status-publish","4":"has-post-thumbnail","6":"pwb-brand-loreal-fr","7":"product_cat-shampoing-apres-shampoing","8":"product_cat-shampooing","9":"product_tag-shampoing","10":"product_shipping_class-expedition-dans-le-monde-entier","12":"first","13":"instock","14":"taxable","15":"shipping-taxable","16":"purchasable","17":"product-type-simple"},"yoast_head":"<!-- This site is optimized with the Yoast SEO plugin v27.3 - https:\/\/yoast.com\/product\/yoast-seo-wordpress\/ -->\n<title>Shampoing Soin Protection Couleur Cheveux Color\u00e9s Color-Vive Elseve - L&#039;Or\u00e9al | Acheter En Ligne | My French Grocery<\/title>\n<meta name=\"description\" content=\"Shampoing Soin Protection Couleur Cheveux Color\u00e9s Color-Vive Elseve - L&#039;Or\u00e9al - flacon de 250ml - Shampoing Soin Protection Couleur pour Cheveux Color\u00e9s ou M\u00e9ch\u00e9s, enrichi en Pivoine et Filtre UV\" \/>\n<meta name=\"robots\" content=\"index, follow, max-snippet:-1, max-image-preview:large, max-video-preview:-1\" \/>\n<link rel=\"canonical\" href=\"https:\/\/my-french-grocery.com\/fr\/produit\/shampoing-reconstructeur-cheveux-long-abimes-dream-long-elseve-loreal-copy\/\" \/>\n<meta property=\"og:locale\" content=\"fr_FR\" \/>\n<meta property=\"og:type\" content=\"article\" \/>\n<meta property=\"og:title\" content=\"Shampoing Soin Protection Couleur Cheveux Color\u00e9s Color-Vive Elseve - L&#039;Or\u00e9al | Acheter En Ligne | My French Grocery\" \/>\n<meta property=\"og:description\" content=\"Shampoing Soin Protection Couleur Cheveux Color\u00e9s Color-Vive Elseve - L&#039;Or\u00e9al - flacon de 250ml - Shampoing Soin Protection Couleur pour Cheveux Color\u00e9s ou M\u00e9ch\u00e9s, enrichi en Pivoine et Filtre UV\" \/>\n<meta property=\"og:url\" content=\"https:\/\/my-french-grocery.com\/fr\/produit\/shampoing-reconstructeur-cheveux-long-abimes-dream-long-elseve-loreal-copy\/\" \/>\n<meta property=\"og:site_name\" content=\"My French Grocery\" \/>\n<meta property=\"article:publisher\" content=\"https:\/\/www.facebook.com\/myfrenchgrocery\/\" \/>\n<meta property=\"article:modified_time\" content=\"2023-07-03T15:14:27+00:00\" \/>\n<meta property=\"og:image\" content=\"https:\/\/my-french-grocery.com\/wp-content\/uploads\/2023\/07\/Elseve-Color-Vive-Shampoing-Soin-Protection-Couleur.jpg\" \/>\n\t<meta property=\"og:image:width\" content=\"465\" \/>\n\t<meta property=\"og:image:height\" content=\"465\" \/>\n\t<meta property=\"og:image:type\" content=\"image\/jpeg\" \/>\n<meta name=\"twitter:card\" content=\"summary_large_image\" \/>\n<meta name=\"twitter:label1\" content=\"Dur\u00e9e de lecture estim\u00e9e\" \/>\n\t<meta name=\"twitter:data1\" content=\"1 minute\" \/>\n<script type=\"application\/ld+json\" class=\"yoast-schema-graph\">{\"@context\":\"https:\\\/\\\/schema.org\",\"@graph\":[{\"@type\":\"WebPage\",\"@id\":\"https:\\\/\\\/my-french-grocery.com\\\/fr\\\/produit\\\/shampoing-reconstructeur-cheveux-long-abimes-dream-long-elseve-loreal-copy\\\/\",\"url\":\"https:\\\/\\\/my-french-grocery.com\\\/fr\\\/produit\\\/shampoing-reconstructeur-cheveux-long-abimes-dream-long-elseve-loreal-copy\\\/\",\"name\":\"Shampoing Soin Protection Couleur Cheveux Color\u00e9s Color-Vive Elseve - L'Or\u00e9al | Acheter En Ligne | My French Grocery\",\"isPartOf\":{\"@id\":\"https:\\\/\\\/my-french-grocery.com\\\/fr\\\/#website\"},\"primaryImageOfPage\":{\"@id\":\"https:\\\/\\\/my-french-grocery.com\\\/fr\\\/produit\\\/shampoing-reconstructeur-cheveux-long-abimes-dream-long-elseve-loreal-copy\\\/#primaryimage\"},\"image\":{\"@id\":\"https:\\\/\\\/my-french-grocery.com\\\/fr\\\/produit\\\/shampoing-reconstructeur-cheveux-long-abimes-dream-long-elseve-loreal-copy\\\/#primaryimage\"},\"thumbnailUrl\":\"https:\\\/\\\/my-french-grocery.com\\\/wp-content\\\/uploads\\\/2023\\\/07\\\/Elseve-Color-Vive-Shampoing-Soin-Protection-Couleur2.jpg\",\"datePublished\":\"2023-07-03T15:07:18+00:00\",\"dateModified\":\"2023-07-03T15:14:27+00:00\",\"description\":\"Shampoing Soin Protection Couleur Cheveux Color\u00e9s Color-Vive Elseve - L'Or\u00e9al - flacon de 250ml - Shampoing Soin Protection Couleur pour Cheveux Color\u00e9s ou M\u00e9ch\u00e9s, enrichi en Pivoine et Filtre UV\",\"breadcrumb\":{\"@id\":\"https:\\\/\\\/my-french-grocery.com\\\/fr\\\/produit\\\/shampoing-reconstructeur-cheveux-long-abimes-dream-long-elseve-loreal-copy\\\/#breadcrumb\"},\"inLanguage\":\"fr-FR\",\"potentialAction\":[{\"@type\":\"ReadAction\",\"target\":[\"https:\\\/\\\/my-french-grocery.com\\\/fr\\\/produit\\\/shampoing-reconstructeur-cheveux-long-abimes-dream-long-elseve-loreal-copy\\\/\"]}]},{\"@type\":\"ImageObject\",\"inLanguage\":\"fr-FR\",\"@id\":\"https:\\\/\\\/my-french-grocery.com\\\/fr\\\/produit\\\/shampoing-reconstructeur-cheveux-long-abimes-dream-long-elseve-loreal-copy\\\/#primaryimage\",\"url\":\"https:\\\/\\\/my-french-grocery.com\\\/wp-content\\\/uploads\\\/2023\\\/07\\\/Elseve-Color-Vive-Shampoing-Soin-Protection-Couleur2.jpg\",\"contentUrl\":\"https:\\\/\\\/my-french-grocery.com\\\/wp-content\\\/uploads\\\/2023\\\/07\\\/Elseve-Color-Vive-Shampoing-Soin-Protection-Couleur2.jpg\",\"width\":1200,\"height\":1200},{\"@type\":\"BreadcrumbList\",\"@id\":\"https:\\\/\\\/my-french-grocery.com\\\/fr\\\/produit\\\/shampoing-reconstructeur-cheveux-long-abimes-dream-long-elseve-loreal-copy\\\/#breadcrumb\",\"itemListElement\":[{\"@type\":\"ListItem\",\"position\":1,\"name\":\"Home\",\"item\":\"https:\\\/\\\/my-french-grocery.com\\\/fr\\\/\"},{\"@type\":\"ListItem\",\"position\":2,\"name\":\"Shop\",\"item\":\"https:\\\/\\\/my-french-grocery.com\\\/shop\\\/\"},{\"@type\":\"ListItem\",\"position\":3,\"name\":\"Cosm\u00e9tiques\",\"item\":\"https:\\\/\\\/my-french-grocery.com\\\/fr\\\/categorie-produit\\\/cosmetiques\\\/\"},{\"@type\":\"ListItem\",\"position\":4,\"name\":\"Shampoing, Apr\u00e8s-Shampoing, Soin Des Cheveux\",\"item\":\"https:\\\/\\\/my-french-grocery.com\\\/fr\\\/categorie-produit\\\/cosmetiques\\\/shampoing-apres-shampoing\\\/\"},{\"@type\":\"ListItem\",\"position\":5,\"name\":\"Shampooing\",\"item\":\"https:\\\/\\\/my-french-grocery.com\\\/fr\\\/categorie-produit\\\/cosmetiques\\\/shampoing-apres-shampoing\\\/shampooing\\\/\"},{\"@type\":\"ListItem\",\"position\":6,\"name\":\"Shampoing Soin Protection Couleur Cheveux Color\u00e9s Color-Vive Elseve &#8211; L&#8217;Or\u00e9al\"}]},{\"@type\":\"WebSite\",\"@id\":\"https:\\\/\\\/my-french-grocery.com\\\/fr\\\/#website\",\"url\":\"https:\\\/\\\/my-french-grocery.com\\\/fr\\\/\",\"name\":\"My French Grocery\",\"description\":\"Your Online French Grocery  !\",\"publisher\":{\"@id\":\"https:\\\/\\\/my-french-grocery.com\\\/fr\\\/#organization\"},\"potentialAction\":[{\"@type\":\"SearchAction\",\"target\":{\"@type\":\"EntryPoint\",\"urlTemplate\":\"https:\\\/\\\/my-french-grocery.com\\\/fr\\\/?s={search_term_string}\"},\"query-input\":{\"@type\":\"PropertyValueSpecification\",\"valueRequired\":true,\"valueName\":\"search_term_string\"}}],\"inLanguage\":\"fr-FR\"},{\"@type\":\"Organization\",\"@id\":\"https:\\\/\\\/my-french-grocery.com\\\/fr\\\/#organization\",\"name\":\"MY FRENCH GROCERY\",\"url\":\"https:\\\/\\\/my-french-grocery.com\\\/fr\\\/\",\"logo\":{\"@type\":\"ImageObject\",\"inLanguage\":\"fr-FR\",\"@id\":\"https:\\\/\\\/my-french-grocery.com\\\/fr\\\/#\\\/schema\\\/logo\\\/image\\\/\",\"url\":\"https:\\\/\\\/my-french-grocery.com\\\/wp-content\\\/uploads\\\/2021\\\/11\\\/My-French-Grocery-Online-French-Grocery.png\",\"contentUrl\":\"https:\\\/\\\/my-french-grocery.com\\\/wp-content\\\/uploads\\\/2021\\\/11\\\/My-French-Grocery-Online-French-Grocery.png\",\"width\":100,\"height\":100,\"caption\":\"MY FRENCH GROCERY\"},\"image\":{\"@id\":\"https:\\\/\\\/my-french-grocery.com\\\/fr\\\/#\\\/schema\\\/logo\\\/image\\\/\"},\"sameAs\":[\"https:\\\/\\\/www.facebook.com\\\/myfrenchgrocery\\\/\"]}]}<\/script>\n<!-- \/ Yoast SEO plugin. -->","yoast_head_json":{"title":"Shampoing Soin Protection Couleur Cheveux Color\u00e9s Color-Vive Elseve - L'Or\u00e9al | Acheter En Ligne | My French Grocery","description":"Shampoing Soin Protection Couleur Cheveux Color\u00e9s Color-Vive Elseve - L'Or\u00e9al - flacon de 250ml - Shampoing Soin Protection Couleur pour Cheveux Color\u00e9s ou M\u00e9ch\u00e9s, enrichi en Pivoine et Filtre UV","robots":{"index":"index","follow":"follow","max-snippet":"max-snippet:-1","max-image-preview":"max-image-preview:large","max-video-preview":"max-video-preview:-1"},"canonical":"https:\/\/my-french-grocery.com\/fr\/produit\/shampoing-reconstructeur-cheveux-long-abimes-dream-long-elseve-loreal-copy\/","og_locale":"fr_FR","og_type":"article","og_title":"Shampoing Soin Protection Couleur Cheveux Color\u00e9s Color-Vive Elseve - L'Or\u00e9al | Acheter En Ligne | My French Grocery","og_description":"Shampoing Soin Protection Couleur Cheveux Color\u00e9s Color-Vive Elseve - L'Or\u00e9al - flacon de 250ml - Shampoing Soin Protection Couleur pour Cheveux Color\u00e9s ou M\u00e9ch\u00e9s, enrichi en Pivoine et Filtre UV","og_url":"https:\/\/my-french-grocery.com\/fr\/produit\/shampoing-reconstructeur-cheveux-long-abimes-dream-long-elseve-loreal-copy\/","og_site_name":"My French Grocery","article_publisher":"https:\/\/www.facebook.com\/myfrenchgrocery\/","article_modified_time":"2023-07-03T15:14:27+00:00","og_image":[{"width":465,"height":465,"url":"https:\/\/my-french-grocery.com\/wp-content\/uploads\/2023\/07\/Elseve-Color-Vive-Shampoing-Soin-Protection-Couleur.jpg","type":"image\/jpeg"}],"twitter_card":"summary_large_image","twitter_misc":{"Dur\u00e9e de lecture estim\u00e9e":"1 minute"},"schema":{"@context":"https:\/\/schema.org","@graph":[{"@type":"WebPage","@id":"https:\/\/my-french-grocery.com\/fr\/produit\/shampoing-reconstructeur-cheveux-long-abimes-dream-long-elseve-loreal-copy\/","url":"https:\/\/my-french-grocery.com\/fr\/produit\/shampoing-reconstructeur-cheveux-long-abimes-dream-long-elseve-loreal-copy\/","name":"Shampoing Soin Protection Couleur Cheveux Color\u00e9s Color-Vive Elseve - L'Or\u00e9al | Acheter En Ligne | My French Grocery","isPartOf":{"@id":"https:\/\/my-french-grocery.com\/fr\/#website"},"primaryImageOfPage":{"@id":"https:\/\/my-french-grocery.com\/fr\/produit\/shampoing-reconstructeur-cheveux-long-abimes-dream-long-elseve-loreal-copy\/#primaryimage"},"image":{"@id":"https:\/\/my-french-grocery.com\/fr\/produit\/shampoing-reconstructeur-cheveux-long-abimes-dream-long-elseve-loreal-copy\/#primaryimage"},"thumbnailUrl":"https:\/\/my-french-grocery.com\/wp-content\/uploads\/2023\/07\/Elseve-Color-Vive-Shampoing-Soin-Protection-Couleur2.jpg","datePublished":"2023-07-03T15:07:18+00:00","dateModified":"2023-07-03T15:14:27+00:00","description":"Shampoing Soin Protection Couleur Cheveux Color\u00e9s Color-Vive Elseve - L'Or\u00e9al - flacon de 250ml - Shampoing Soin Protection Couleur pour Cheveux Color\u00e9s ou M\u00e9ch\u00e9s, enrichi en Pivoine et Filtre UV","breadcrumb":{"@id":"https:\/\/my-french-grocery.com\/fr\/produit\/shampoing-reconstructeur-cheveux-long-abimes-dream-long-elseve-loreal-copy\/#breadcrumb"},"inLanguage":"fr-FR","potentialAction":[{"@type":"ReadAction","target":["https:\/\/my-french-grocery.com\/fr\/produit\/shampoing-reconstructeur-cheveux-long-abimes-dream-long-elseve-loreal-copy\/"]}]},{"@type":"ImageObject","inLanguage":"fr-FR","@id":"https:\/\/my-french-grocery.com\/fr\/produit\/shampoing-reconstructeur-cheveux-long-abimes-dream-long-elseve-loreal-copy\/#primaryimage","url":"https:\/\/my-french-grocery.com\/wp-content\/uploads\/2023\/07\/Elseve-Color-Vive-Shampoing-Soin-Protection-Couleur2.jpg","contentUrl":"https:\/\/my-french-grocery.com\/wp-content\/uploads\/2023\/07\/Elseve-Color-Vive-Shampoing-Soin-Protection-Couleur2.jpg","width":1200,"height":1200},{"@type":"BreadcrumbList","@id":"https:\/\/my-french-grocery.com\/fr\/produit\/shampoing-reconstructeur-cheveux-long-abimes-dream-long-elseve-loreal-copy\/#breadcrumb","itemListElement":[{"@type":"ListItem","position":1,"name":"Home","item":"https:\/\/my-french-grocery.com\/fr\/"},{"@type":"ListItem","position":2,"name":"Shop","item":"https:\/\/my-french-grocery.com\/shop\/"},{"@type":"ListItem","position":3,"name":"Cosm\u00e9tiques","item":"https:\/\/my-french-grocery.com\/fr\/categorie-produit\/cosmetiques\/"},{"@type":"ListItem","position":4,"name":"Shampoing, Apr\u00e8s-Shampoing, Soin Des Cheveux","item":"https:\/\/my-french-grocery.com\/fr\/categorie-produit\/cosmetiques\/shampoing-apres-shampoing\/"},{"@type":"ListItem","position":5,"name":"Shampooing","item":"https:\/\/my-french-grocery.com\/fr\/categorie-produit\/cosmetiques\/shampoing-apres-shampoing\/shampooing\/"},{"@type":"ListItem","position":6,"name":"Shampoing Soin Protection Couleur Cheveux Color\u00e9s Color-Vive Elseve &#8211; L&#8217;Or\u00e9al"}]},{"@type":"WebSite","@id":"https:\/\/my-french-grocery.com\/fr\/#website","url":"https:\/\/my-french-grocery.com\/fr\/","name":"My French Grocery","description":"Your Online French Grocery  !","publisher":{"@id":"https:\/\/my-french-grocery.com\/fr\/#organization"},"potentialAction":[{"@type":"SearchAction","target":{"@type":"EntryPoint","urlTemplate":"https:\/\/my-french-grocery.com\/fr\/?s={search_term_string}"},"query-input":{"@type":"PropertyValueSpecification","valueRequired":true,"valueName":"search_term_string"}}],"inLanguage":"fr-FR"},{"@type":"Organization","@id":"https:\/\/my-french-grocery.com\/fr\/#organization","name":"MY FRENCH GROCERY","url":"https:\/\/my-french-grocery.com\/fr\/","logo":{"@type":"ImageObject","inLanguage":"fr-FR","@id":"https:\/\/my-french-grocery.com\/fr\/#\/schema\/logo\/image\/","url":"https:\/\/my-french-grocery.com\/wp-content\/uploads\/2021\/11\/My-French-Grocery-Online-French-Grocery.png","contentUrl":"https:\/\/my-french-grocery.com\/wp-content\/uploads\/2021\/11\/My-French-Grocery-Online-French-Grocery.png","width":100,"height":100,"caption":"MY FRENCH GROCERY"},"image":{"@id":"https:\/\/my-french-grocery.com\/fr\/#\/schema\/logo\/image\/"},"sameAs":["https:\/\/www.facebook.com\/myfrenchgrocery\/"]}]}},"brands":[{"id":3324,"name":"L'Or\u00e9al","slug":"loreal-fr"}],"_links":{"self":[{"href":"https:\/\/my-french-grocery.com\/fr\/wp-json\/wp\/v2\/product\/34076","targetHints":{"allow":["GET"]}}],"collection":[{"href":"https:\/\/my-french-grocery.com\/fr\/wp-json\/wp\/v2\/product"}],"about":[{"href":"https:\/\/my-french-grocery.com\/fr\/wp-json\/wp\/v2\/types\/product"}],"replies":[{"embeddable":true,"href":"https:\/\/my-french-grocery.com\/fr\/wp-json\/wp\/v2\/comments?post=34076"}],"wp:featuredmedia":[{"embeddable":true,"href":"https:\/\/my-french-grocery.com\/fr\/wp-json\/wp\/v2\/media\/34110"}],"wp:attachment":[{"href":"https:\/\/my-french-grocery.com\/fr\/wp-json\/wp\/v2\/media?parent=34076"}],"wp:term":[{"taxonomy":"pwb-brand","embeddable":true,"href":"https:\/\/my-french-grocery.com\/fr\/wp-json\/wp\/v2\/pwb-brand?post=34076"},{"taxonomy":"product_brand","embeddable":true,"href":"https:\/\/my-french-grocery.com\/fr\/wp-json\/wp\/v2\/product_brand?post=34076"},{"taxonomy":"product_cat","embeddable":true,"href":"https:\/\/my-french-grocery.com\/fr\/wp-json\/wp\/v2\/product_cat?post=34076"},{"taxonomy":"product_tag","embeddable":true,"href":"https:\/\/my-french-grocery.com\/fr\/wp-json\/wp\/v2\/product_tag?post=34076"}],"curies":[{"name":"wp","href":"https:\/\/api.w.org\/{rel}","templated":true}]}}