{"id":34149,"date":"2023-07-04T17:24:32","date_gmt":"2023-07-04T15:24:33","guid":{"rendered":"https:\/\/my-french-grocery.com\/?post_type=product&#038;p=34149"},"modified":"2023-07-04T17:34:21","modified_gmt":"2023-07-04T15:34:21","slug":"shampoing-reconstituant-cheveux-abimes-total-repair-5-elseve-loreal","status":"publish","type":"product","link":"https:\/\/my-french-grocery.com\/fr\/produit\/shampoing-reconstituant-cheveux-abimes-total-repair-5-elseve-loreal\/","title":{"rendered":"Shampoing Reconstituant Cheveux Ab\u00eem\u00e9s Total Repair 5 Elseve &#8211; L&rsquo;Or\u00e9al"},"content":{"rendered":"<p>Shampoing Reconstituant Cheveux Ab\u00eem\u00e9s Total Repair 5 Elseve &#8211; L&rsquo;Or\u00e9al<\/p>\n<p>flacon de 290ml<\/p>\n<div class=\"secondary-details__description\">\n<div class=\"secondary-details-intro\">\n<div class=\"regulated-name\">\n<div class=\"secondary-details-intro\">\n<div class=\"regulated-name\">\n<div class=\"secondary-details-intro\">\n<div class=\"regulated-name\">\n<div class=\"secondary-details-intro\">\n<div class=\"regulated-name\">\n<div class=\"secondary-details-intro\">\n<div class=\"regulated-name\">\n<div class=\"regulated-name\">\n<p class=\"pl-text pl-text--size-m pl-text--style-p\">Shampoing Reconstituant pour Cheveux Ab\u00eem\u00e9s, enrichi avec 2% de concentr\u00e9 r\u00e9parateur \u00e0 la K\u00c9RATINExs, pour combattre les 5 sympt\u00f4mes des cheveux ab\u00eem\u00e9s : 1. Effet paille 2. Casse 3. S\u00e9cheresse 4. Manque de souplesse 5. Fourches|\u2022 Flacon en plastique 100% recycl\u00e9* et recyclable|\u2022 Fabriqu\u00e9 en France|*hors colorants et bouchon. La fibre des cheveux ab\u00eem\u00e9s est intens\u00e9ment reconstitu\u00e9e et renforc\u00e9e*. *test instrumental apr\u00e8s application du shampoing et d\u00e9m\u00ealant de la gamme.<\/p>\n<\/div>\n<\/div>\n<\/div>\n<\/div>\n<\/div>\n<\/div>\n<\/div>\n<\/div>\n<\/div>\n<\/div>\n<\/div>\n<\/div>\n","protected":false},"excerpt":{"rendered":"<p>Shampoing Reconstituant Cheveux Ab\u00eem\u00e9s Total Repair 5 Elseve &#8211; L&rsquo;Or\u00e9al<\/p>\n<p>flacon de 290ml<\/p>\n","protected":false},"featured_media":34153,"comment_status":"open","ping_status":"closed","template":"","meta":[],"pwb-brand":[3324],"product_brand":[],"product_cat":[454,2121],"product_tag":[1427],"class_list":{"0":"post-34149","1":"product","2":"type-product","3":"status-publish","4":"has-post-thumbnail","6":"pwb-brand-loreal-fr","7":"product_cat-shampoing-apres-shampoing","8":"product_cat-shampooing","9":"product_tag-shampoing","10":"product_shipping_class-expedition-dans-le-monde-entier","12":"first","13":"instock","14":"taxable","15":"shipping-taxable","16":"purchasable","17":"product-type-simple"},"yoast_head":"<!-- This site is optimized with the Yoast SEO plugin v27.3 - https:\/\/yoast.com\/product\/yoast-seo-wordpress\/ -->\n<title>Shampoing Reconstituant Cheveux Ab\u00eem\u00e9s Total Repair 5 Elseve - L&#039;Or\u00e9al | Acheter En Ligne | My French Grocery<\/title>\n<meta name=\"description\" content=\"Shampoing Reconstituant Cheveux Ab\u00eem\u00e9s Total Repair 5 Elseve - L&#039;Or\u00e9al - flacon de 290ml - Shampoing Reconstituant pour Cheveux Ab\u00eem\u00e9s, enrichi avec 2% de concentr\u00e9 r\u00e9parateur \u00e0 la K\u00c9RATINExs\" \/>\n<meta name=\"robots\" content=\"index, follow, max-snippet:-1, max-image-preview:large, max-video-preview:-1\" \/>\n<link rel=\"canonical\" href=\"https:\/\/my-french-grocery.com\/fr\/produit\/shampoing-reconstituant-cheveux-abimes-total-repair-5-elseve-loreal\/\" \/>\n<meta property=\"og:locale\" content=\"fr_FR\" \/>\n<meta property=\"og:type\" content=\"article\" \/>\n<meta property=\"og:title\" content=\"Shampoing Reconstituant Cheveux Ab\u00eem\u00e9s Total Repair 5 Elseve - L&#039;Or\u00e9al | Acheter En Ligne | My French Grocery\" \/>\n<meta property=\"og:description\" content=\"Shampoing Reconstituant Cheveux Ab\u00eem\u00e9s Total Repair 5 Elseve - L&#039;Or\u00e9al - flacon de 290ml - Shampoing Reconstituant pour Cheveux Ab\u00eem\u00e9s, enrichi avec 2% de concentr\u00e9 r\u00e9parateur \u00e0 la K\u00c9RATINExs\" \/>\n<meta property=\"og:url\" content=\"https:\/\/my-french-grocery.com\/fr\/produit\/shampoing-reconstituant-cheveux-abimes-total-repair-5-elseve-loreal\/\" \/>\n<meta property=\"og:site_name\" content=\"My French Grocery\" \/>\n<meta property=\"article:publisher\" content=\"https:\/\/www.facebook.com\/myfrenchgrocery\/\" \/>\n<meta property=\"article:modified_time\" content=\"2023-07-04T15:34:21+00:00\" \/>\n<meta property=\"og:image\" content=\"https:\/\/my-french-grocery.com\/wp-content\/uploads\/2023\/07\/Total-repair-5-restoring-shampoo-damaged-hair-290ml.png\" \/>\n\t<meta property=\"og:image:width\" content=\"1200\" \/>\n\t<meta property=\"og:image:height\" content=\"1200\" \/>\n\t<meta property=\"og:image:type\" content=\"image\/png\" \/>\n<meta name=\"twitter:card\" content=\"summary_large_image\" \/>\n<script type=\"application\/ld+json\" class=\"yoast-schema-graph\">{\"@context\":\"https:\\\/\\\/schema.org\",\"@graph\":[{\"@type\":\"WebPage\",\"@id\":\"https:\\\/\\\/my-french-grocery.com\\\/fr\\\/produit\\\/shampoing-reconstituant-cheveux-abimes-total-repair-5-elseve-loreal\\\/\",\"url\":\"https:\\\/\\\/my-french-grocery.com\\\/fr\\\/produit\\\/shampoing-reconstituant-cheveux-abimes-total-repair-5-elseve-loreal\\\/\",\"name\":\"Shampoing Reconstituant Cheveux Ab\u00eem\u00e9s Total Repair 5 Elseve - L'Or\u00e9al | Acheter En Ligne | My French Grocery\",\"isPartOf\":{\"@id\":\"https:\\\/\\\/my-french-grocery.com\\\/fr\\\/#website\"},\"primaryImageOfPage\":{\"@id\":\"https:\\\/\\\/my-french-grocery.com\\\/fr\\\/produit\\\/shampoing-reconstituant-cheveux-abimes-total-repair-5-elseve-loreal\\\/#primaryimage\"},\"image\":{\"@id\":\"https:\\\/\\\/my-french-grocery.com\\\/fr\\\/produit\\\/shampoing-reconstituant-cheveux-abimes-total-repair-5-elseve-loreal\\\/#primaryimage\"},\"thumbnailUrl\":\"https:\\\/\\\/my-french-grocery.com\\\/wp-content\\\/uploads\\\/2023\\\/07\\\/Total-repair-5-restoring-shampoo-damaged-hair-290ml.png\",\"datePublished\":\"2023-07-04T15:24:33+00:00\",\"dateModified\":\"2023-07-04T15:34:21+00:00\",\"description\":\"Shampoing Reconstituant Cheveux Ab\u00eem\u00e9s Total Repair 5 Elseve - L'Or\u00e9al - flacon de 290ml - Shampoing Reconstituant pour Cheveux Ab\u00eem\u00e9s, enrichi avec 2% de concentr\u00e9 r\u00e9parateur \u00e0 la K\u00c9RATINExs\",\"breadcrumb\":{\"@id\":\"https:\\\/\\\/my-french-grocery.com\\\/fr\\\/produit\\\/shampoing-reconstituant-cheveux-abimes-total-repair-5-elseve-loreal\\\/#breadcrumb\"},\"inLanguage\":\"fr-FR\",\"potentialAction\":[{\"@type\":\"ReadAction\",\"target\":[\"https:\\\/\\\/my-french-grocery.com\\\/fr\\\/produit\\\/shampoing-reconstituant-cheveux-abimes-total-repair-5-elseve-loreal\\\/\"]}]},{\"@type\":\"ImageObject\",\"inLanguage\":\"fr-FR\",\"@id\":\"https:\\\/\\\/my-french-grocery.com\\\/fr\\\/produit\\\/shampoing-reconstituant-cheveux-abimes-total-repair-5-elseve-loreal\\\/#primaryimage\",\"url\":\"https:\\\/\\\/my-french-grocery.com\\\/wp-content\\\/uploads\\\/2023\\\/07\\\/Total-repair-5-restoring-shampoo-damaged-hair-290ml.png\",\"contentUrl\":\"https:\\\/\\\/my-french-grocery.com\\\/wp-content\\\/uploads\\\/2023\\\/07\\\/Total-repair-5-restoring-shampoo-damaged-hair-290ml.png\",\"width\":1200,\"height\":1200,\"caption\":\"Shampoing Reconstituant Cheveux Ab\u00eem\u00e9s Total Repair 5 Elseve - L'Or\u00e9al\"},{\"@type\":\"BreadcrumbList\",\"@id\":\"https:\\\/\\\/my-french-grocery.com\\\/fr\\\/produit\\\/shampoing-reconstituant-cheveux-abimes-total-repair-5-elseve-loreal\\\/#breadcrumb\",\"itemListElement\":[{\"@type\":\"ListItem\",\"position\":1,\"name\":\"Home\",\"item\":\"https:\\\/\\\/my-french-grocery.com\\\/fr\\\/\"},{\"@type\":\"ListItem\",\"position\":2,\"name\":\"Shop\",\"item\":\"https:\\\/\\\/my-french-grocery.com\\\/shop\\\/\"},{\"@type\":\"ListItem\",\"position\":3,\"name\":\"Cosm\u00e9tiques\",\"item\":\"https:\\\/\\\/my-french-grocery.com\\\/fr\\\/categorie-produit\\\/cosmetiques\\\/\"},{\"@type\":\"ListItem\",\"position\":4,\"name\":\"Shampoing, Apr\u00e8s-Shampoing, Soin Des Cheveux\",\"item\":\"https:\\\/\\\/my-french-grocery.com\\\/fr\\\/categorie-produit\\\/cosmetiques\\\/shampoing-apres-shampoing\\\/\"},{\"@type\":\"ListItem\",\"position\":5,\"name\":\"Shampoing Reconstituant Cheveux Ab\u00eem\u00e9s Total Repair 5 Elseve &#8211; L&#8217;Or\u00e9al\"}]},{\"@type\":\"WebSite\",\"@id\":\"https:\\\/\\\/my-french-grocery.com\\\/fr\\\/#website\",\"url\":\"https:\\\/\\\/my-french-grocery.com\\\/fr\\\/\",\"name\":\"My French Grocery\",\"description\":\"Your Online French Grocery  !\",\"publisher\":{\"@id\":\"https:\\\/\\\/my-french-grocery.com\\\/fr\\\/#organization\"},\"potentialAction\":[{\"@type\":\"SearchAction\",\"target\":{\"@type\":\"EntryPoint\",\"urlTemplate\":\"https:\\\/\\\/my-french-grocery.com\\\/fr\\\/?s={search_term_string}\"},\"query-input\":{\"@type\":\"PropertyValueSpecification\",\"valueRequired\":true,\"valueName\":\"search_term_string\"}}],\"inLanguage\":\"fr-FR\"},{\"@type\":\"Organization\",\"@id\":\"https:\\\/\\\/my-french-grocery.com\\\/fr\\\/#organization\",\"name\":\"MY FRENCH GROCERY\",\"url\":\"https:\\\/\\\/my-french-grocery.com\\\/fr\\\/\",\"logo\":{\"@type\":\"ImageObject\",\"inLanguage\":\"fr-FR\",\"@id\":\"https:\\\/\\\/my-french-grocery.com\\\/fr\\\/#\\\/schema\\\/logo\\\/image\\\/\",\"url\":\"https:\\\/\\\/my-french-grocery.com\\\/wp-content\\\/uploads\\\/2021\\\/11\\\/My-French-Grocery-Online-French-Grocery.png\",\"contentUrl\":\"https:\\\/\\\/my-french-grocery.com\\\/wp-content\\\/uploads\\\/2021\\\/11\\\/My-French-Grocery-Online-French-Grocery.png\",\"width\":100,\"height\":100,\"caption\":\"MY FRENCH GROCERY\"},\"image\":{\"@id\":\"https:\\\/\\\/my-french-grocery.com\\\/fr\\\/#\\\/schema\\\/logo\\\/image\\\/\"},\"sameAs\":[\"https:\\\/\\\/www.facebook.com\\\/myfrenchgrocery\\\/\"]}]}<\/script>\n<!-- \/ Yoast SEO plugin. -->","yoast_head_json":{"title":"Shampoing Reconstituant Cheveux Ab\u00eem\u00e9s Total Repair 5 Elseve - L'Or\u00e9al | Acheter En Ligne | My French Grocery","description":"Shampoing Reconstituant Cheveux Ab\u00eem\u00e9s Total Repair 5 Elseve - L'Or\u00e9al - flacon de 290ml - Shampoing Reconstituant pour Cheveux Ab\u00eem\u00e9s, enrichi avec 2% de concentr\u00e9 r\u00e9parateur \u00e0 la K\u00c9RATINExs","robots":{"index":"index","follow":"follow","max-snippet":"max-snippet:-1","max-image-preview":"max-image-preview:large","max-video-preview":"max-video-preview:-1"},"canonical":"https:\/\/my-french-grocery.com\/fr\/produit\/shampoing-reconstituant-cheveux-abimes-total-repair-5-elseve-loreal\/","og_locale":"fr_FR","og_type":"article","og_title":"Shampoing Reconstituant Cheveux Ab\u00eem\u00e9s Total Repair 5 Elseve - L'Or\u00e9al | Acheter En Ligne | My French Grocery","og_description":"Shampoing Reconstituant Cheveux Ab\u00eem\u00e9s Total Repair 5 Elseve - L'Or\u00e9al - flacon de 290ml - Shampoing Reconstituant pour Cheveux Ab\u00eem\u00e9s, enrichi avec 2% de concentr\u00e9 r\u00e9parateur \u00e0 la K\u00c9RATINExs","og_url":"https:\/\/my-french-grocery.com\/fr\/produit\/shampoing-reconstituant-cheveux-abimes-total-repair-5-elseve-loreal\/","og_site_name":"My French Grocery","article_publisher":"https:\/\/www.facebook.com\/myfrenchgrocery\/","article_modified_time":"2023-07-04T15:34:21+00:00","og_image":[{"width":1200,"height":1200,"url":"https:\/\/my-french-grocery.com\/wp-content\/uploads\/2023\/07\/Total-repair-5-restoring-shampoo-damaged-hair-290ml.png","type":"image\/png"}],"twitter_card":"summary_large_image","schema":{"@context":"https:\/\/schema.org","@graph":[{"@type":"WebPage","@id":"https:\/\/my-french-grocery.com\/fr\/produit\/shampoing-reconstituant-cheveux-abimes-total-repair-5-elseve-loreal\/","url":"https:\/\/my-french-grocery.com\/fr\/produit\/shampoing-reconstituant-cheveux-abimes-total-repair-5-elseve-loreal\/","name":"Shampoing Reconstituant Cheveux Ab\u00eem\u00e9s Total Repair 5 Elseve - L'Or\u00e9al | Acheter En Ligne | My French Grocery","isPartOf":{"@id":"https:\/\/my-french-grocery.com\/fr\/#website"},"primaryImageOfPage":{"@id":"https:\/\/my-french-grocery.com\/fr\/produit\/shampoing-reconstituant-cheveux-abimes-total-repair-5-elseve-loreal\/#primaryimage"},"image":{"@id":"https:\/\/my-french-grocery.com\/fr\/produit\/shampoing-reconstituant-cheveux-abimes-total-repair-5-elseve-loreal\/#primaryimage"},"thumbnailUrl":"https:\/\/my-french-grocery.com\/wp-content\/uploads\/2023\/07\/Total-repair-5-restoring-shampoo-damaged-hair-290ml.png","datePublished":"2023-07-04T15:24:33+00:00","dateModified":"2023-07-04T15:34:21+00:00","description":"Shampoing Reconstituant Cheveux Ab\u00eem\u00e9s Total Repair 5 Elseve - L'Or\u00e9al - flacon de 290ml - Shampoing Reconstituant pour Cheveux Ab\u00eem\u00e9s, enrichi avec 2% de concentr\u00e9 r\u00e9parateur \u00e0 la K\u00c9RATINExs","breadcrumb":{"@id":"https:\/\/my-french-grocery.com\/fr\/produit\/shampoing-reconstituant-cheveux-abimes-total-repair-5-elseve-loreal\/#breadcrumb"},"inLanguage":"fr-FR","potentialAction":[{"@type":"ReadAction","target":["https:\/\/my-french-grocery.com\/fr\/produit\/shampoing-reconstituant-cheveux-abimes-total-repair-5-elseve-loreal\/"]}]},{"@type":"ImageObject","inLanguage":"fr-FR","@id":"https:\/\/my-french-grocery.com\/fr\/produit\/shampoing-reconstituant-cheveux-abimes-total-repair-5-elseve-loreal\/#primaryimage","url":"https:\/\/my-french-grocery.com\/wp-content\/uploads\/2023\/07\/Total-repair-5-restoring-shampoo-damaged-hair-290ml.png","contentUrl":"https:\/\/my-french-grocery.com\/wp-content\/uploads\/2023\/07\/Total-repair-5-restoring-shampoo-damaged-hair-290ml.png","width":1200,"height":1200,"caption":"Shampoing Reconstituant Cheveux Ab\u00eem\u00e9s Total Repair 5 Elseve - L'Or\u00e9al"},{"@type":"BreadcrumbList","@id":"https:\/\/my-french-grocery.com\/fr\/produit\/shampoing-reconstituant-cheveux-abimes-total-repair-5-elseve-loreal\/#breadcrumb","itemListElement":[{"@type":"ListItem","position":1,"name":"Home","item":"https:\/\/my-french-grocery.com\/fr\/"},{"@type":"ListItem","position":2,"name":"Shop","item":"https:\/\/my-french-grocery.com\/shop\/"},{"@type":"ListItem","position":3,"name":"Cosm\u00e9tiques","item":"https:\/\/my-french-grocery.com\/fr\/categorie-produit\/cosmetiques\/"},{"@type":"ListItem","position":4,"name":"Shampoing, Apr\u00e8s-Shampoing, Soin Des Cheveux","item":"https:\/\/my-french-grocery.com\/fr\/categorie-produit\/cosmetiques\/shampoing-apres-shampoing\/"},{"@type":"ListItem","position":5,"name":"Shampoing Reconstituant Cheveux Ab\u00eem\u00e9s Total Repair 5 Elseve &#8211; L&#8217;Or\u00e9al"}]},{"@type":"WebSite","@id":"https:\/\/my-french-grocery.com\/fr\/#website","url":"https:\/\/my-french-grocery.com\/fr\/","name":"My French Grocery","description":"Your Online French Grocery  !","publisher":{"@id":"https:\/\/my-french-grocery.com\/fr\/#organization"},"potentialAction":[{"@type":"SearchAction","target":{"@type":"EntryPoint","urlTemplate":"https:\/\/my-french-grocery.com\/fr\/?s={search_term_string}"},"query-input":{"@type":"PropertyValueSpecification","valueRequired":true,"valueName":"search_term_string"}}],"inLanguage":"fr-FR"},{"@type":"Organization","@id":"https:\/\/my-french-grocery.com\/fr\/#organization","name":"MY FRENCH GROCERY","url":"https:\/\/my-french-grocery.com\/fr\/","logo":{"@type":"ImageObject","inLanguage":"fr-FR","@id":"https:\/\/my-french-grocery.com\/fr\/#\/schema\/logo\/image\/","url":"https:\/\/my-french-grocery.com\/wp-content\/uploads\/2021\/11\/My-French-Grocery-Online-French-Grocery.png","contentUrl":"https:\/\/my-french-grocery.com\/wp-content\/uploads\/2021\/11\/My-French-Grocery-Online-French-Grocery.png","width":100,"height":100,"caption":"MY FRENCH GROCERY"},"image":{"@id":"https:\/\/my-french-grocery.com\/fr\/#\/schema\/logo\/image\/"},"sameAs":["https:\/\/www.facebook.com\/myfrenchgrocery\/"]}]}},"brands":[{"id":3324,"name":"L'Or\u00e9al","slug":"loreal-fr"}],"_links":{"self":[{"href":"https:\/\/my-french-grocery.com\/fr\/wp-json\/wp\/v2\/product\/34149","targetHints":{"allow":["GET"]}}],"collection":[{"href":"https:\/\/my-french-grocery.com\/fr\/wp-json\/wp\/v2\/product"}],"about":[{"href":"https:\/\/my-french-grocery.com\/fr\/wp-json\/wp\/v2\/types\/product"}],"replies":[{"embeddable":true,"href":"https:\/\/my-french-grocery.com\/fr\/wp-json\/wp\/v2\/comments?post=34149"}],"wp:featuredmedia":[{"embeddable":true,"href":"https:\/\/my-french-grocery.com\/fr\/wp-json\/wp\/v2\/media\/34153"}],"wp:attachment":[{"href":"https:\/\/my-french-grocery.com\/fr\/wp-json\/wp\/v2\/media?parent=34149"}],"wp:term":[{"taxonomy":"pwb-brand","embeddable":true,"href":"https:\/\/my-french-grocery.com\/fr\/wp-json\/wp\/v2\/pwb-brand?post=34149"},{"taxonomy":"product_brand","embeddable":true,"href":"https:\/\/my-french-grocery.com\/fr\/wp-json\/wp\/v2\/product_brand?post=34149"},{"taxonomy":"product_cat","embeddable":true,"href":"https:\/\/my-french-grocery.com\/fr\/wp-json\/wp\/v2\/product_cat?post=34149"},{"taxonomy":"product_tag","embeddable":true,"href":"https:\/\/my-french-grocery.com\/fr\/wp-json\/wp\/v2\/product_tag?post=34149"}],"curies":[{"name":"wp","href":"https:\/\/api.w.org\/{rel}","templated":true}]}}