{"id":34258,"date":"2023-07-07T11:37:24","date_gmt":"2023-07-07T09:37:26","guid":{"rendered":"https:\/\/my-french-grocery.com\/?post_type=product&#038;p=34258"},"modified":"2024-03-12T21:18:21","modified_gmt":"2024-03-12T19:18:21","slug":"shampoing-booster-de-force-cheveux-fragilises-full-resist-elseve-loreal","status":"publish","type":"product","link":"https:\/\/my-french-grocery.com\/fr\/produit\/shampoing-booster-de-force-cheveux-fragilises-full-resist-elseve-loreal\/","title":{"rendered":"Shampoing Booster de Force Cheveux Fragilis\u00e9s Full Resist Elseve &#8211; L&rsquo;Or\u00e9al"},"content":{"rendered":"<p>Shampoing Booster de Force Cheveux Fragilis\u00e9s Full Resist Elseve \u2013 L\u2019Or\u00e9al<\/p>\n<p>flacon de 250ml<\/p>\n<div class=\"secondary-details__description\">\n<div class=\"secondary-details-intro\">\n<div class=\"regulated-name\">\n<div class=\"secondary-details-intro\">\n<div class=\"regulated-name\">\n<div class=\"secondary-details-intro\">\n<div class=\"regulated-name\">\n<div class=\"secondary-details-intro\">\n<div class=\"regulated-name\">\n<div class=\"secondary-details-intro\">\n<div class=\"regulated-name\">\n<div class=\"regulated-name\">\n<p class=\"pl-text pl-text--size-m pl-text--style-p\">Le shampooing Full Resist Booster de Force enrichi en Aminexil + Biotine + Arginine nourrit le cuir chevelu et renforce les longueurs pour 2X moins de cheveux sur la brosse**.|\u2022 Flacon en plastique 100% recycl\u00e9* et recyclable|\u2022 Fabriqu\u00e9 en France|*hors colorants et bouchon.**Test instrumental apr\u00e8s utilisation du shampooing + apr\u00e8s shampooing. 2X moins de cheveux sur la brosse** et jusqu\u2019\u00e0 93% de casse en moins*** **Test instrumental apr\u00e8s utilisation du shampooing + apr\u00e8s shampooing. ***Apr\u00e8s utilisation du shampooing + masque + s\u00e9rum.<\/p>\n<\/div>\n<\/div>\n<\/div>\n<\/div>\n<\/div>\n<\/div>\n<\/div>\n<\/div>\n<\/div>\n<\/div>\n<\/div>\n<\/div>\n","protected":false},"excerpt":{"rendered":"<p>Shampoing Booster de Force Cheveux Fragilis\u00e9s Full Resist Elseve &#8211; L&rsquo;Or\u00e9al<\/p>\n<p>flacon de 250ml<\/p>\n","protected":false},"featured_media":34262,"comment_status":"open","ping_status":"closed","template":"","meta":[],"pwb-brand":[3324],"product_brand":[],"product_cat":[454,2121],"product_tag":[1427],"class_list":{"0":"post-34258","1":"product","2":"type-product","3":"status-publish","4":"has-post-thumbnail","6":"pwb-brand-loreal-fr","7":"product_cat-shampoing-apres-shampoing","8":"product_cat-shampooing","9":"product_tag-shampoing","10":"product_shipping_class-expedition-dans-le-monde-entier","12":"first","13":"instock","14":"taxable","15":"shipping-taxable","16":"purchasable","17":"product-type-simple"},"brands":[{"id":3324,"name":"L'Or\u00e9al","slug":"loreal-fr"}],"_links":{"self":[{"href":"https:\/\/my-french-grocery.com\/fr\/wp-json\/wp\/v2\/product\/34258","targetHints":{"allow":["GET"]}}],"collection":[{"href":"https:\/\/my-french-grocery.com\/fr\/wp-json\/wp\/v2\/product"}],"about":[{"href":"https:\/\/my-french-grocery.com\/fr\/wp-json\/wp\/v2\/types\/product"}],"replies":[{"embeddable":true,"href":"https:\/\/my-french-grocery.com\/fr\/wp-json\/wp\/v2\/comments?post=34258"}],"wp:featuredmedia":[{"embeddable":true,"href":"https:\/\/my-french-grocery.com\/fr\/wp-json\/wp\/v2\/media\/34262"}],"wp:attachment":[{"href":"https:\/\/my-french-grocery.com\/fr\/wp-json\/wp\/v2\/media?parent=34258"}],"wp:term":[{"taxonomy":"pwb-brand","embeddable":true,"href":"https:\/\/my-french-grocery.com\/fr\/wp-json\/wp\/v2\/pwb-brand?post=34258"},{"taxonomy":"product_brand","embeddable":true,"href":"https:\/\/my-french-grocery.com\/fr\/wp-json\/wp\/v2\/product_brand?post=34258"},{"taxonomy":"product_cat","embeddable":true,"href":"https:\/\/my-french-grocery.com\/fr\/wp-json\/wp\/v2\/product_cat?post=34258"},{"taxonomy":"product_tag","embeddable":true,"href":"https:\/\/my-french-grocery.com\/fr\/wp-json\/wp\/v2\/product_tag?post=34258"}],"curies":[{"name":"wp","href":"https:\/\/api.w.org\/{rel}","templated":true}]}}