{"id":34270,"date":"2023-07-07T14:19:07","date_gmt":"2023-07-07T12:19:08","guid":{"rendered":"https:\/\/my-french-grocery.com\/?post_type=product&#038;p=34270"},"modified":"2023-07-07T14:25:32","modified_gmt":"2023-07-07T12:25:32","slug":"savon-mains-et-corps-extra-doux-vanille-le-petit-marseillais","status":"publish","type":"product","link":"https:\/\/my-french-grocery.com\/fr\/produit\/savon-mains-et-corps-extra-doux-vanille-le-petit-marseillais\/","title":{"rendered":"Savon Mains Et Corps Extra Doux Vanille Le Petit Marseillais"},"content":{"rendered":"<p>Savon Mains Et Corps Extra Doux Vanille Le Petit Marseillais<\/p>\n<p>4 savons de 100 g<\/p>\n<p>D\u00e9couvrez le savon extra-doux vanille mains et corps dans un emballage en papier recyclable. Gr\u00e2ce au savoir-faire de nos ma\u00eetres savonniers depuis 1984, il nettoie votre peau tout en douceur. La Vanille du Petit Marseillais est r\u00e9colt\u00e9 \u00e0 la main sous le soleil de Madagascar, les gousses sont ensuite s\u00e9ch\u00e9es au soleil pour lib\u00e9rer tout leur parfum.<\/p>\n","protected":false},"excerpt":{"rendered":"<p>Savon Mains Et Corps Extra Doux Vanille Le Petit Marseillais<\/p>\n<p>4 savons de 100 g<\/p>\n","protected":false},"featured_media":34274,"comment_status":"open","ping_status":"closed","template":"","meta":[],"pwb-brand":[725],"product_brand":[],"product_cat":[994,992],"product_tag":[1387,1620],"class_list":{"0":"post-34270","1":"product","2":"type-product","3":"status-publish","4":"has-post-thumbnail","6":"pwb-brand-le-petit-marseillais-fr","7":"product_cat-savon","8":"product_cat-savon-gel-douche","9":"product_tag-petit-marseillais-fr","10":"product_tag-savon","11":"product_shipping_class-expedition-dans-le-monde-entier","13":"first","14":"instock","15":"taxable","16":"shipping-taxable","17":"purchasable","18":"product-type-simple"},"brands":[{"id":725,"name":"Le Petit Marseillais","slug":"le-petit-marseillais-fr"}],"_links":{"self":[{"href":"https:\/\/my-french-grocery.com\/fr\/wp-json\/wp\/v2\/product\/34270","targetHints":{"allow":["GET"]}}],"collection":[{"href":"https:\/\/my-french-grocery.com\/fr\/wp-json\/wp\/v2\/product"}],"about":[{"href":"https:\/\/my-french-grocery.com\/fr\/wp-json\/wp\/v2\/types\/product"}],"replies":[{"embeddable":true,"href":"https:\/\/my-french-grocery.com\/fr\/wp-json\/wp\/v2\/comments?post=34270"}],"wp:featuredmedia":[{"embeddable":true,"href":"https:\/\/my-french-grocery.com\/fr\/wp-json\/wp\/v2\/media\/34274"}],"wp:attachment":[{"href":"https:\/\/my-french-grocery.com\/fr\/wp-json\/wp\/v2\/media?parent=34270"}],"wp:term":[{"taxonomy":"pwb-brand","embeddable":true,"href":"https:\/\/my-french-grocery.com\/fr\/wp-json\/wp\/v2\/pwb-brand?post=34270"},{"taxonomy":"product_brand","embeddable":true,"href":"https:\/\/my-french-grocery.com\/fr\/wp-json\/wp\/v2\/product_brand?post=34270"},{"taxonomy":"product_cat","embeddable":true,"href":"https:\/\/my-french-grocery.com\/fr\/wp-json\/wp\/v2\/product_cat?post=34270"},{"taxonomy":"product_tag","embeddable":true,"href":"https:\/\/my-french-grocery.com\/fr\/wp-json\/wp\/v2\/product_tag?post=34270"}],"curies":[{"name":"wp","href":"https:\/\/api.w.org\/{rel}","templated":true}]}}