{"id":34450,"date":"2023-07-17T15:22:40","date_gmt":"2023-07-17T13:22:41","guid":{"rendered":"https:\/\/my-french-grocery.com\/?post_type=product&#038;p=34450"},"modified":"2023-07-17T15:26:53","modified_gmt":"2023-07-17T13:26:53","slug":"lait-corps-nourrissant-huile-dabricot-et-karite-effet-soleil-pour-peaux-claires-mixa","status":"publish","type":"product","link":"https:\/\/my-french-grocery.com\/fr\/produit\/lait-corps-nourrissant-huile-dabricot-et-karite-effet-soleil-pour-peaux-claires-mixa\/","title":{"rendered":"Lait Corps Nourrissant Huile d&rsquo;Abricot Et Karit\u00e9 Effet Soleil Pour Peaux Claires Mixa"},"content":{"rendered":"<p>Lait Corps Nourrissant Huile d&rsquo;Abricot Et Karit\u00e9 Effet Soleil Pour Peaux Claires Mixa<\/p>\n<p>Pompe de 250 ml<\/p>\n<div class=\"secondary-details__description\">\n<p class=\"paragraph\">D\u00e9couvrez le Lait Corps Nourrissant Effet Soleil, formul\u00e9 \u00e0 l&rsquo;actif autobronzant d&rsquo;origine v\u00e9g\u00e9tale. Il illumine la peau d\u00e8s la 1\u00e8re application et lui apporte un h\u00e2le l\u00e9ger, naturel et uniforme. La peau est illumin\u00e9e, nourrie et sublim\u00e9e.<\/p>\n<\/div>\n<div class=\"secondary-details-blocks\"><\/div>\n","protected":false},"excerpt":{"rendered":"<p>Lait Corps Nourrissant Huile d&rsquo;Abricot Et Karit\u00e9 Effet Soleil Pour Peaux Claires Mixa<\/p>\n<p>Pompe de 250 ml<\/p>\n","protected":false},"featured_media":34454,"comment_status":"open","ping_status":"closed","template":"","meta":[],"pwb-brand":[2758],"product_brand":[],"product_cat":[2753],"product_tag":[2757,2764],"class_list":{"0":"post-34450","1":"product","2":"type-product","3":"status-publish","4":"has-post-thumbnail","6":"pwb-brand-mixa-fr","7":"product_cat-soin-du-corps","8":"product_tag-mixa-fr","9":"product_tag-soin-du-corps","10":"product_shipping_class-expedition-dans-le-monde-entier","12":"first","13":"instock","14":"taxable","15":"shipping-taxable","16":"purchasable","17":"product-type-simple"},"yoast_head":"<!-- This site is optimized with the Yoast SEO plugin v27.3 - https:\/\/yoast.com\/product\/yoast-seo-wordpress\/ -->\n<title>Lait Corps Nourrissant Huile d&#039;Abricot Et Karit\u00e9 Effet Soleil Pour Peaux Claires Mixa | Acheter En Ligne | My French Grocery<\/title>\n<meta name=\"description\" content=\"Lait Corps Nourrissant Huile d&#039;Abricot Et Karit\u00e9 Effet Soleil Pour Peaux Claires Mixa - Pompe de 250 ml - D\u00e9couvrez le Lait Corps Nourrissant Effet Soleil, formul\u00e9 \u00e0 l&#039;actif autobronzant d&#039;origine v\u00e9g\u00e9tale.\" \/>\n<meta name=\"robots\" content=\"index, follow, max-snippet:-1, max-image-preview:large, max-video-preview:-1\" \/>\n<link rel=\"canonical\" href=\"https:\/\/my-french-grocery.com\/fr\/produit\/lait-corps-nourrissant-huile-dabricot-et-karite-effet-soleil-pour-peaux-claires-mixa\/\" \/>\n<meta property=\"og:locale\" content=\"fr_FR\" \/>\n<meta property=\"og:type\" content=\"article\" \/>\n<meta property=\"og:title\" content=\"Lait Corps Nourrissant Huile d&#039;Abricot Et Karit\u00e9 Effet Soleil Pour Peaux Claires Mixa | Acheter En Ligne | My French Grocery\" \/>\n<meta property=\"og:description\" content=\"Lait Corps Nourrissant Huile d&#039;Abricot Et Karit\u00e9 Effet Soleil Pour Peaux Claires Mixa - Pompe de 250 ml - D\u00e9couvrez le Lait Corps Nourrissant Effet Soleil, formul\u00e9 \u00e0 l&#039;actif autobronzant d&#039;origine v\u00e9g\u00e9tale.\" \/>\n<meta property=\"og:url\" content=\"https:\/\/my-french-grocery.com\/fr\/produit\/lait-corps-nourrissant-huile-dabricot-et-karite-effet-soleil-pour-peaux-claires-mixa\/\" \/>\n<meta property=\"og:site_name\" content=\"My French Grocery\" \/>\n<meta property=\"article:publisher\" content=\"https:\/\/www.facebook.com\/myfrenchgrocery\/\" \/>\n<meta property=\"article:modified_time\" content=\"2023-07-17T13:26:53+00:00\" \/>\n<meta property=\"og:image\" content=\"https:\/\/my-french-grocery.com\/wp-content\/uploads\/2023\/07\/MIXA-Intensive-Nourishing-body-milk-with-apricot-oil-and-shea-sun-effect-light-skin.jpeg\" \/>\n\t<meta property=\"og:image:width\" content=\"1200\" \/>\n\t<meta property=\"og:image:height\" content=\"1200\" \/>\n\t<meta property=\"og:image:type\" content=\"image\/jpeg\" \/>\n<meta name=\"twitter:card\" content=\"summary_large_image\" \/>\n<script type=\"application\/ld+json\" class=\"yoast-schema-graph\">{\"@context\":\"https:\\\/\\\/schema.org\",\"@graph\":[{\"@type\":\"WebPage\",\"@id\":\"https:\\\/\\\/my-french-grocery.com\\\/fr\\\/produit\\\/lait-corps-nourrissant-huile-dabricot-et-karite-effet-soleil-pour-peaux-claires-mixa\\\/\",\"url\":\"https:\\\/\\\/my-french-grocery.com\\\/fr\\\/produit\\\/lait-corps-nourrissant-huile-dabricot-et-karite-effet-soleil-pour-peaux-claires-mixa\\\/\",\"name\":\"Lait Corps Nourrissant Huile d'Abricot Et Karit\u00e9 Effet Soleil Pour Peaux Claires Mixa | Acheter En Ligne | My French Grocery\",\"isPartOf\":{\"@id\":\"https:\\\/\\\/my-french-grocery.com\\\/fr\\\/#website\"},\"primaryImageOfPage\":{\"@id\":\"https:\\\/\\\/my-french-grocery.com\\\/fr\\\/produit\\\/lait-corps-nourrissant-huile-dabricot-et-karite-effet-soleil-pour-peaux-claires-mixa\\\/#primaryimage\"},\"image\":{\"@id\":\"https:\\\/\\\/my-french-grocery.com\\\/fr\\\/produit\\\/lait-corps-nourrissant-huile-dabricot-et-karite-effet-soleil-pour-peaux-claires-mixa\\\/#primaryimage\"},\"thumbnailUrl\":\"https:\\\/\\\/my-french-grocery.com\\\/wp-content\\\/uploads\\\/2023\\\/07\\\/MIXA-Intensive-Nourishing-body-milk-with-apricot-oil-and-shea-sun-effect-light-skin.jpeg\",\"datePublished\":\"2023-07-17T13:22:41+00:00\",\"dateModified\":\"2023-07-17T13:26:53+00:00\",\"description\":\"Lait Corps Nourrissant Huile d'Abricot Et Karit\u00e9 Effet Soleil Pour Peaux Claires Mixa - Pompe de 250 ml - D\u00e9couvrez le Lait Corps Nourrissant Effet Soleil, formul\u00e9 \u00e0 l'actif autobronzant d'origine v\u00e9g\u00e9tale.\",\"breadcrumb\":{\"@id\":\"https:\\\/\\\/my-french-grocery.com\\\/fr\\\/produit\\\/lait-corps-nourrissant-huile-dabricot-et-karite-effet-soleil-pour-peaux-claires-mixa\\\/#breadcrumb\"},\"inLanguage\":\"fr-FR\",\"potentialAction\":[{\"@type\":\"ReadAction\",\"target\":[\"https:\\\/\\\/my-french-grocery.com\\\/fr\\\/produit\\\/lait-corps-nourrissant-huile-dabricot-et-karite-effet-soleil-pour-peaux-claires-mixa\\\/\"]}]},{\"@type\":\"ImageObject\",\"inLanguage\":\"fr-FR\",\"@id\":\"https:\\\/\\\/my-french-grocery.com\\\/fr\\\/produit\\\/lait-corps-nourrissant-huile-dabricot-et-karite-effet-soleil-pour-peaux-claires-mixa\\\/#primaryimage\",\"url\":\"https:\\\/\\\/my-french-grocery.com\\\/wp-content\\\/uploads\\\/2023\\\/07\\\/MIXA-Intensive-Nourishing-body-milk-with-apricot-oil-and-shea-sun-effect-light-skin.jpeg\",\"contentUrl\":\"https:\\\/\\\/my-french-grocery.com\\\/wp-content\\\/uploads\\\/2023\\\/07\\\/MIXA-Intensive-Nourishing-body-milk-with-apricot-oil-and-shea-sun-effect-light-skin.jpeg\",\"width\":1200,\"height\":1200,\"caption\":\"Lait Corps Nourrissant Huile d'Abricot Et Karit\u00e9 Effet Soleil Pour Peaux Claires Mixa\"},{\"@type\":\"BreadcrumbList\",\"@id\":\"https:\\\/\\\/my-french-grocery.com\\\/fr\\\/produit\\\/lait-corps-nourrissant-huile-dabricot-et-karite-effet-soleil-pour-peaux-claires-mixa\\\/#breadcrumb\",\"itemListElement\":[{\"@type\":\"ListItem\",\"position\":1,\"name\":\"Home\",\"item\":\"https:\\\/\\\/my-french-grocery.com\\\/fr\\\/\"},{\"@type\":\"ListItem\",\"position\":2,\"name\":\"Shop\",\"item\":\"https:\\\/\\\/my-french-grocery.com\\\/shop\\\/\"},{\"@type\":\"ListItem\",\"position\":3,\"name\":\"Cosm\u00e9tiques\",\"item\":\"https:\\\/\\\/my-french-grocery.com\\\/fr\\\/categorie-produit\\\/cosmetiques\\\/\"},{\"@type\":\"ListItem\",\"position\":4,\"name\":\"Soin Du Corps\",\"item\":\"https:\\\/\\\/my-french-grocery.com\\\/fr\\\/categorie-produit\\\/cosmetiques\\\/soin-du-corps\\\/\"},{\"@type\":\"ListItem\",\"position\":5,\"name\":\"Lait Corps Nourrissant Huile d&#8217;Abricot Et Karit\u00e9 Effet Soleil Pour Peaux Claires Mixa\"}]},{\"@type\":\"WebSite\",\"@id\":\"https:\\\/\\\/my-french-grocery.com\\\/fr\\\/#website\",\"url\":\"https:\\\/\\\/my-french-grocery.com\\\/fr\\\/\",\"name\":\"My French Grocery\",\"description\":\"Your Online French Grocery  !\",\"publisher\":{\"@id\":\"https:\\\/\\\/my-french-grocery.com\\\/fr\\\/#organization\"},\"potentialAction\":[{\"@type\":\"SearchAction\",\"target\":{\"@type\":\"EntryPoint\",\"urlTemplate\":\"https:\\\/\\\/my-french-grocery.com\\\/fr\\\/?s={search_term_string}\"},\"query-input\":{\"@type\":\"PropertyValueSpecification\",\"valueRequired\":true,\"valueName\":\"search_term_string\"}}],\"inLanguage\":\"fr-FR\"},{\"@type\":\"Organization\",\"@id\":\"https:\\\/\\\/my-french-grocery.com\\\/fr\\\/#organization\",\"name\":\"MY FRENCH GROCERY\",\"url\":\"https:\\\/\\\/my-french-grocery.com\\\/fr\\\/\",\"logo\":{\"@type\":\"ImageObject\",\"inLanguage\":\"fr-FR\",\"@id\":\"https:\\\/\\\/my-french-grocery.com\\\/fr\\\/#\\\/schema\\\/logo\\\/image\\\/\",\"url\":\"https:\\\/\\\/my-french-grocery.com\\\/wp-content\\\/uploads\\\/2021\\\/11\\\/My-French-Grocery-Online-French-Grocery.png\",\"contentUrl\":\"https:\\\/\\\/my-french-grocery.com\\\/wp-content\\\/uploads\\\/2021\\\/11\\\/My-French-Grocery-Online-French-Grocery.png\",\"width\":100,\"height\":100,\"caption\":\"MY FRENCH GROCERY\"},\"image\":{\"@id\":\"https:\\\/\\\/my-french-grocery.com\\\/fr\\\/#\\\/schema\\\/logo\\\/image\\\/\"},\"sameAs\":[\"https:\\\/\\\/www.facebook.com\\\/myfrenchgrocery\\\/\"]}]}<\/script>\n<!-- \/ Yoast SEO plugin. -->","yoast_head_json":{"title":"Lait Corps Nourrissant Huile d'Abricot Et Karit\u00e9 Effet Soleil Pour Peaux Claires Mixa | Acheter En Ligne | My French Grocery","description":"Lait Corps Nourrissant Huile d'Abricot Et Karit\u00e9 Effet Soleil Pour Peaux Claires Mixa - Pompe de 250 ml - D\u00e9couvrez le Lait Corps Nourrissant Effet Soleil, formul\u00e9 \u00e0 l'actif autobronzant d'origine v\u00e9g\u00e9tale.","robots":{"index":"index","follow":"follow","max-snippet":"max-snippet:-1","max-image-preview":"max-image-preview:large","max-video-preview":"max-video-preview:-1"},"canonical":"https:\/\/my-french-grocery.com\/fr\/produit\/lait-corps-nourrissant-huile-dabricot-et-karite-effet-soleil-pour-peaux-claires-mixa\/","og_locale":"fr_FR","og_type":"article","og_title":"Lait Corps Nourrissant Huile d'Abricot Et Karit\u00e9 Effet Soleil Pour Peaux Claires Mixa | Acheter En Ligne | My French Grocery","og_description":"Lait Corps Nourrissant Huile d'Abricot Et Karit\u00e9 Effet Soleil Pour Peaux Claires Mixa - Pompe de 250 ml - D\u00e9couvrez le Lait Corps Nourrissant Effet Soleil, formul\u00e9 \u00e0 l'actif autobronzant d'origine v\u00e9g\u00e9tale.","og_url":"https:\/\/my-french-grocery.com\/fr\/produit\/lait-corps-nourrissant-huile-dabricot-et-karite-effet-soleil-pour-peaux-claires-mixa\/","og_site_name":"My French Grocery","article_publisher":"https:\/\/www.facebook.com\/myfrenchgrocery\/","article_modified_time":"2023-07-17T13:26:53+00:00","og_image":[{"width":1200,"height":1200,"url":"https:\/\/my-french-grocery.com\/wp-content\/uploads\/2023\/07\/MIXA-Intensive-Nourishing-body-milk-with-apricot-oil-and-shea-sun-effect-light-skin.jpeg","type":"image\/jpeg"}],"twitter_card":"summary_large_image","schema":{"@context":"https:\/\/schema.org","@graph":[{"@type":"WebPage","@id":"https:\/\/my-french-grocery.com\/fr\/produit\/lait-corps-nourrissant-huile-dabricot-et-karite-effet-soleil-pour-peaux-claires-mixa\/","url":"https:\/\/my-french-grocery.com\/fr\/produit\/lait-corps-nourrissant-huile-dabricot-et-karite-effet-soleil-pour-peaux-claires-mixa\/","name":"Lait Corps Nourrissant Huile d'Abricot Et Karit\u00e9 Effet Soleil Pour Peaux Claires Mixa | Acheter En Ligne | My French Grocery","isPartOf":{"@id":"https:\/\/my-french-grocery.com\/fr\/#website"},"primaryImageOfPage":{"@id":"https:\/\/my-french-grocery.com\/fr\/produit\/lait-corps-nourrissant-huile-dabricot-et-karite-effet-soleil-pour-peaux-claires-mixa\/#primaryimage"},"image":{"@id":"https:\/\/my-french-grocery.com\/fr\/produit\/lait-corps-nourrissant-huile-dabricot-et-karite-effet-soleil-pour-peaux-claires-mixa\/#primaryimage"},"thumbnailUrl":"https:\/\/my-french-grocery.com\/wp-content\/uploads\/2023\/07\/MIXA-Intensive-Nourishing-body-milk-with-apricot-oil-and-shea-sun-effect-light-skin.jpeg","datePublished":"2023-07-17T13:22:41+00:00","dateModified":"2023-07-17T13:26:53+00:00","description":"Lait Corps Nourrissant Huile d'Abricot Et Karit\u00e9 Effet Soleil Pour Peaux Claires Mixa - Pompe de 250 ml - D\u00e9couvrez le Lait Corps Nourrissant Effet Soleil, formul\u00e9 \u00e0 l'actif autobronzant d'origine v\u00e9g\u00e9tale.","breadcrumb":{"@id":"https:\/\/my-french-grocery.com\/fr\/produit\/lait-corps-nourrissant-huile-dabricot-et-karite-effet-soleil-pour-peaux-claires-mixa\/#breadcrumb"},"inLanguage":"fr-FR","potentialAction":[{"@type":"ReadAction","target":["https:\/\/my-french-grocery.com\/fr\/produit\/lait-corps-nourrissant-huile-dabricot-et-karite-effet-soleil-pour-peaux-claires-mixa\/"]}]},{"@type":"ImageObject","inLanguage":"fr-FR","@id":"https:\/\/my-french-grocery.com\/fr\/produit\/lait-corps-nourrissant-huile-dabricot-et-karite-effet-soleil-pour-peaux-claires-mixa\/#primaryimage","url":"https:\/\/my-french-grocery.com\/wp-content\/uploads\/2023\/07\/MIXA-Intensive-Nourishing-body-milk-with-apricot-oil-and-shea-sun-effect-light-skin.jpeg","contentUrl":"https:\/\/my-french-grocery.com\/wp-content\/uploads\/2023\/07\/MIXA-Intensive-Nourishing-body-milk-with-apricot-oil-and-shea-sun-effect-light-skin.jpeg","width":1200,"height":1200,"caption":"Lait Corps Nourrissant Huile d'Abricot Et Karit\u00e9 Effet Soleil Pour Peaux Claires Mixa"},{"@type":"BreadcrumbList","@id":"https:\/\/my-french-grocery.com\/fr\/produit\/lait-corps-nourrissant-huile-dabricot-et-karite-effet-soleil-pour-peaux-claires-mixa\/#breadcrumb","itemListElement":[{"@type":"ListItem","position":1,"name":"Home","item":"https:\/\/my-french-grocery.com\/fr\/"},{"@type":"ListItem","position":2,"name":"Shop","item":"https:\/\/my-french-grocery.com\/shop\/"},{"@type":"ListItem","position":3,"name":"Cosm\u00e9tiques","item":"https:\/\/my-french-grocery.com\/fr\/categorie-produit\/cosmetiques\/"},{"@type":"ListItem","position":4,"name":"Soin Du Corps","item":"https:\/\/my-french-grocery.com\/fr\/categorie-produit\/cosmetiques\/soin-du-corps\/"},{"@type":"ListItem","position":5,"name":"Lait Corps Nourrissant Huile d&#8217;Abricot Et Karit\u00e9 Effet Soleil Pour Peaux Claires Mixa"}]},{"@type":"WebSite","@id":"https:\/\/my-french-grocery.com\/fr\/#website","url":"https:\/\/my-french-grocery.com\/fr\/","name":"My French Grocery","description":"Your Online French Grocery  !","publisher":{"@id":"https:\/\/my-french-grocery.com\/fr\/#organization"},"potentialAction":[{"@type":"SearchAction","target":{"@type":"EntryPoint","urlTemplate":"https:\/\/my-french-grocery.com\/fr\/?s={search_term_string}"},"query-input":{"@type":"PropertyValueSpecification","valueRequired":true,"valueName":"search_term_string"}}],"inLanguage":"fr-FR"},{"@type":"Organization","@id":"https:\/\/my-french-grocery.com\/fr\/#organization","name":"MY FRENCH GROCERY","url":"https:\/\/my-french-grocery.com\/fr\/","logo":{"@type":"ImageObject","inLanguage":"fr-FR","@id":"https:\/\/my-french-grocery.com\/fr\/#\/schema\/logo\/image\/","url":"https:\/\/my-french-grocery.com\/wp-content\/uploads\/2021\/11\/My-French-Grocery-Online-French-Grocery.png","contentUrl":"https:\/\/my-french-grocery.com\/wp-content\/uploads\/2021\/11\/My-French-Grocery-Online-French-Grocery.png","width":100,"height":100,"caption":"MY FRENCH GROCERY"},"image":{"@id":"https:\/\/my-french-grocery.com\/fr\/#\/schema\/logo\/image\/"},"sameAs":["https:\/\/www.facebook.com\/myfrenchgrocery\/"]}]}},"brands":[{"id":2758,"name":"Mixa","slug":"mixa-fr"}],"_links":{"self":[{"href":"https:\/\/my-french-grocery.com\/fr\/wp-json\/wp\/v2\/product\/34450","targetHints":{"allow":["GET"]}}],"collection":[{"href":"https:\/\/my-french-grocery.com\/fr\/wp-json\/wp\/v2\/product"}],"about":[{"href":"https:\/\/my-french-grocery.com\/fr\/wp-json\/wp\/v2\/types\/product"}],"replies":[{"embeddable":true,"href":"https:\/\/my-french-grocery.com\/fr\/wp-json\/wp\/v2\/comments?post=34450"}],"wp:featuredmedia":[{"embeddable":true,"href":"https:\/\/my-french-grocery.com\/fr\/wp-json\/wp\/v2\/media\/34454"}],"wp:attachment":[{"href":"https:\/\/my-french-grocery.com\/fr\/wp-json\/wp\/v2\/media?parent=34450"}],"wp:term":[{"taxonomy":"pwb-brand","embeddable":true,"href":"https:\/\/my-french-grocery.com\/fr\/wp-json\/wp\/v2\/pwb-brand?post=34450"},{"taxonomy":"product_brand","embeddable":true,"href":"https:\/\/my-french-grocery.com\/fr\/wp-json\/wp\/v2\/product_brand?post=34450"},{"taxonomy":"product_cat","embeddable":true,"href":"https:\/\/my-french-grocery.com\/fr\/wp-json\/wp\/v2\/product_cat?post=34450"},{"taxonomy":"product_tag","embeddable":true,"href":"https:\/\/my-french-grocery.com\/fr\/wp-json\/wp\/v2\/product_tag?post=34450"}],"curies":[{"name":"wp","href":"https:\/\/api.w.org\/{rel}","templated":true}]}}