{"id":34489,"date":"2023-07-18T10:23:01","date_gmt":"2023-07-18T08:23:03","guid":{"rendered":"https:\/\/my-french-grocery.com\/?post_type=product&#038;p=34489"},"modified":"2023-07-18T10:29:31","modified_gmt":"2023-07-18T08:29:31","slug":"deodorant-bille-cool-kick-nivea-men","status":"publish","type":"product","link":"https:\/\/my-french-grocery.com\/fr\/produit\/deodorant-bille-cool-kick-nivea-men\/","title":{"rendered":"D\u00e9odorant Bille Cool Kick Nivea Men"},"content":{"rendered":"<p>D\u00e9odorant Bille Cool Kick Nivea Men<\/p>\n<p>Roll-on de 50 ml<\/p>\n<p>Le d\u00e9odorant anti-transpirant bille pour homme COOL KICK de NIVEA MEN vous rafra\u00eechit instantan\u00e9ment et vous prot\u00e8ge pendant 48h contre la transpiration et les mauvaises odeurs. Cet anti-transpirant associe un effet ultra frais imm\u00e9diat sur la peau \u00e0 la douceur NIVEA MEN pour prendre soin de vos aisselles. Sans alcool (sans \u00e9thanol). Format bille 50 ml. Formule soin au complexe Cool Care. Tol\u00e9rance cutan\u00e9e test\u00e9e sous contr\u00f4le dermatologique.<\/p>\n","protected":false},"excerpt":{"rendered":"<p>D\u00e9odorant Bille Cool Kick Nivea Men<\/p>\n<p>Roll-on de 50 ml<\/p>\n","protected":false},"featured_media":34493,"comment_status":"open","ping_status":"closed","template":"","meta":[],"pwb-brand":[1934],"product_brand":[],"product_cat":[1651],"product_tag":[1661],"class_list":{"0":"post-34489","1":"product","2":"type-product","3":"status-publish","4":"has-post-thumbnail","6":"pwb-brand-nivea-fr","7":"product_cat-deodorants-anti-transpirants","8":"product_tag-deodorant-fr","9":"product_shipping_class-expedition-dans-le-monde-entier","11":"first","12":"instock","13":"taxable","14":"shipping-taxable","15":"purchasable","16":"product-type-simple"},"yoast_head":"<!-- This site is optimized with the Yoast SEO plugin v27.3 - https:\/\/yoast.com\/product\/yoast-seo-wordpress\/ -->\n<title>D\u00e9odorant Bille Cool Kick Nivea Men | Acheter En Ligne | My French Grocery<\/title>\n<meta name=\"description\" content=\"D\u00e9odorant Bille Cool Kick Nivea Men - Roll-on de 50 ml - Le d\u00e9odorant anti-transpirant bille pour homme\" \/>\n<meta name=\"robots\" content=\"index, follow, max-snippet:-1, max-image-preview:large, max-video-preview:-1\" \/>\n<link rel=\"canonical\" href=\"https:\/\/my-french-grocery.com\/fr\/produit\/deodorant-bille-cool-kick-nivea-men\/\" \/>\n<meta property=\"og:locale\" content=\"fr_FR\" \/>\n<meta property=\"og:type\" content=\"article\" \/>\n<meta property=\"og:title\" content=\"D\u00e9odorant Bille Cool Kick Nivea Men | Acheter En Ligne | My French Grocery\" \/>\n<meta property=\"og:description\" content=\"D\u00e9odorant Bille Cool Kick Nivea Men - Roll-on de 50 ml - Le d\u00e9odorant anti-transpirant bille pour homme\" \/>\n<meta property=\"og:url\" content=\"https:\/\/my-french-grocery.com\/fr\/produit\/deodorant-bille-cool-kick-nivea-men\/\" \/>\n<meta property=\"og:site_name\" content=\"My French Grocery\" \/>\n<meta property=\"article:publisher\" content=\"https:\/\/www.facebook.com\/myfrenchgrocery\/\" \/>\n<meta property=\"article:modified_time\" content=\"2023-07-18T08:29:31+00:00\" \/>\n<meta property=\"og:image\" content=\"https:\/\/my-french-grocery.com\/wp-content\/uploads\/2023\/07\/NIVEA-MEN-Cool-Kick-Mens-48h-Roll-On-Deodorant-50ml.jpeg\" \/>\n\t<meta property=\"og:image:width\" content=\"1200\" \/>\n\t<meta property=\"og:image:height\" content=\"1200\" \/>\n\t<meta property=\"og:image:type\" content=\"image\/jpeg\" \/>\n<meta name=\"twitter:card\" content=\"summary_large_image\" \/>\n<script type=\"application\/ld+json\" class=\"yoast-schema-graph\">{\"@context\":\"https:\\\/\\\/schema.org\",\"@graph\":[{\"@type\":\"WebPage\",\"@id\":\"https:\\\/\\\/my-french-grocery.com\\\/fr\\\/produit\\\/deodorant-bille-cool-kick-nivea-men\\\/\",\"url\":\"https:\\\/\\\/my-french-grocery.com\\\/fr\\\/produit\\\/deodorant-bille-cool-kick-nivea-men\\\/\",\"name\":\"D\u00e9odorant Bille Cool Kick Nivea Men | Acheter En Ligne | My French Grocery\",\"isPartOf\":{\"@id\":\"https:\\\/\\\/my-french-grocery.com\\\/fr\\\/#website\"},\"primaryImageOfPage\":{\"@id\":\"https:\\\/\\\/my-french-grocery.com\\\/fr\\\/produit\\\/deodorant-bille-cool-kick-nivea-men\\\/#primaryimage\"},\"image\":{\"@id\":\"https:\\\/\\\/my-french-grocery.com\\\/fr\\\/produit\\\/deodorant-bille-cool-kick-nivea-men\\\/#primaryimage\"},\"thumbnailUrl\":\"https:\\\/\\\/my-french-grocery.com\\\/wp-content\\\/uploads\\\/2023\\\/07\\\/NIVEA-MEN-Cool-Kick-Mens-48h-Roll-On-Deodorant-50ml.jpeg\",\"datePublished\":\"2023-07-18T08:23:03+00:00\",\"dateModified\":\"2023-07-18T08:29:31+00:00\",\"description\":\"D\u00e9odorant Bille Cool Kick Nivea Men - Roll-on de 50 ml - Le d\u00e9odorant anti-transpirant bille pour homme\",\"breadcrumb\":{\"@id\":\"https:\\\/\\\/my-french-grocery.com\\\/fr\\\/produit\\\/deodorant-bille-cool-kick-nivea-men\\\/#breadcrumb\"},\"inLanguage\":\"fr-FR\",\"potentialAction\":[{\"@type\":\"ReadAction\",\"target\":[\"https:\\\/\\\/my-french-grocery.com\\\/fr\\\/produit\\\/deodorant-bille-cool-kick-nivea-men\\\/\"]}]},{\"@type\":\"ImageObject\",\"inLanguage\":\"fr-FR\",\"@id\":\"https:\\\/\\\/my-french-grocery.com\\\/fr\\\/produit\\\/deodorant-bille-cool-kick-nivea-men\\\/#primaryimage\",\"url\":\"https:\\\/\\\/my-french-grocery.com\\\/wp-content\\\/uploads\\\/2023\\\/07\\\/NIVEA-MEN-Cool-Kick-Mens-48h-Roll-On-Deodorant-50ml.jpeg\",\"contentUrl\":\"https:\\\/\\\/my-french-grocery.com\\\/wp-content\\\/uploads\\\/2023\\\/07\\\/NIVEA-MEN-Cool-Kick-Mens-48h-Roll-On-Deodorant-50ml.jpeg\",\"width\":1200,\"height\":1200,\"caption\":\"D\u00e9odorant Bille Cool Kick Nivea Men\"},{\"@type\":\"BreadcrumbList\",\"@id\":\"https:\\\/\\\/my-french-grocery.com\\\/fr\\\/produit\\\/deodorant-bille-cool-kick-nivea-men\\\/#breadcrumb\",\"itemListElement\":[{\"@type\":\"ListItem\",\"position\":1,\"name\":\"Home\",\"item\":\"https:\\\/\\\/my-french-grocery.com\\\/fr\\\/\"},{\"@type\":\"ListItem\",\"position\":2,\"name\":\"Shop\",\"item\":\"https:\\\/\\\/my-french-grocery.com\\\/shop\\\/\"},{\"@type\":\"ListItem\",\"position\":3,\"name\":\"Cosm\u00e9tiques\",\"item\":\"https:\\\/\\\/my-french-grocery.com\\\/fr\\\/categorie-produit\\\/cosmetiques\\\/\"},{\"@type\":\"ListItem\",\"position\":4,\"name\":\"D\u00e9odorants &amp; Anti-Transpirants\",\"item\":\"https:\\\/\\\/my-french-grocery.com\\\/fr\\\/categorie-produit\\\/cosmetiques\\\/deodorants-anti-transpirants\\\/\"},{\"@type\":\"ListItem\",\"position\":5,\"name\":\"D\u00e9odorant Bille Cool Kick Nivea Men\"}]},{\"@type\":\"WebSite\",\"@id\":\"https:\\\/\\\/my-french-grocery.com\\\/fr\\\/#website\",\"url\":\"https:\\\/\\\/my-french-grocery.com\\\/fr\\\/\",\"name\":\"My French Grocery\",\"description\":\"Your Online French Grocery  !\",\"publisher\":{\"@id\":\"https:\\\/\\\/my-french-grocery.com\\\/fr\\\/#organization\"},\"potentialAction\":[{\"@type\":\"SearchAction\",\"target\":{\"@type\":\"EntryPoint\",\"urlTemplate\":\"https:\\\/\\\/my-french-grocery.com\\\/fr\\\/?s={search_term_string}\"},\"query-input\":{\"@type\":\"PropertyValueSpecification\",\"valueRequired\":true,\"valueName\":\"search_term_string\"}}],\"inLanguage\":\"fr-FR\"},{\"@type\":\"Organization\",\"@id\":\"https:\\\/\\\/my-french-grocery.com\\\/fr\\\/#organization\",\"name\":\"MY FRENCH GROCERY\",\"url\":\"https:\\\/\\\/my-french-grocery.com\\\/fr\\\/\",\"logo\":{\"@type\":\"ImageObject\",\"inLanguage\":\"fr-FR\",\"@id\":\"https:\\\/\\\/my-french-grocery.com\\\/fr\\\/#\\\/schema\\\/logo\\\/image\\\/\",\"url\":\"https:\\\/\\\/my-french-grocery.com\\\/wp-content\\\/uploads\\\/2021\\\/11\\\/My-French-Grocery-Online-French-Grocery.png\",\"contentUrl\":\"https:\\\/\\\/my-french-grocery.com\\\/wp-content\\\/uploads\\\/2021\\\/11\\\/My-French-Grocery-Online-French-Grocery.png\",\"width\":100,\"height\":100,\"caption\":\"MY FRENCH GROCERY\"},\"image\":{\"@id\":\"https:\\\/\\\/my-french-grocery.com\\\/fr\\\/#\\\/schema\\\/logo\\\/image\\\/\"},\"sameAs\":[\"https:\\\/\\\/www.facebook.com\\\/myfrenchgrocery\\\/\"]}]}<\/script>\n<!-- \/ Yoast SEO plugin. -->","yoast_head_json":{"title":"D\u00e9odorant Bille Cool Kick Nivea Men | Acheter En Ligne | My French Grocery","description":"D\u00e9odorant Bille Cool Kick Nivea Men - Roll-on de 50 ml - Le d\u00e9odorant anti-transpirant bille pour homme","robots":{"index":"index","follow":"follow","max-snippet":"max-snippet:-1","max-image-preview":"max-image-preview:large","max-video-preview":"max-video-preview:-1"},"canonical":"https:\/\/my-french-grocery.com\/fr\/produit\/deodorant-bille-cool-kick-nivea-men\/","og_locale":"fr_FR","og_type":"article","og_title":"D\u00e9odorant Bille Cool Kick Nivea Men | Acheter En Ligne | My French Grocery","og_description":"D\u00e9odorant Bille Cool Kick Nivea Men - Roll-on de 50 ml - Le d\u00e9odorant anti-transpirant bille pour homme","og_url":"https:\/\/my-french-grocery.com\/fr\/produit\/deodorant-bille-cool-kick-nivea-men\/","og_site_name":"My French Grocery","article_publisher":"https:\/\/www.facebook.com\/myfrenchgrocery\/","article_modified_time":"2023-07-18T08:29:31+00:00","og_image":[{"width":1200,"height":1200,"url":"https:\/\/my-french-grocery.com\/wp-content\/uploads\/2023\/07\/NIVEA-MEN-Cool-Kick-Mens-48h-Roll-On-Deodorant-50ml.jpeg","type":"image\/jpeg"}],"twitter_card":"summary_large_image","schema":{"@context":"https:\/\/schema.org","@graph":[{"@type":"WebPage","@id":"https:\/\/my-french-grocery.com\/fr\/produit\/deodorant-bille-cool-kick-nivea-men\/","url":"https:\/\/my-french-grocery.com\/fr\/produit\/deodorant-bille-cool-kick-nivea-men\/","name":"D\u00e9odorant Bille Cool Kick Nivea Men | Acheter En Ligne | My French Grocery","isPartOf":{"@id":"https:\/\/my-french-grocery.com\/fr\/#website"},"primaryImageOfPage":{"@id":"https:\/\/my-french-grocery.com\/fr\/produit\/deodorant-bille-cool-kick-nivea-men\/#primaryimage"},"image":{"@id":"https:\/\/my-french-grocery.com\/fr\/produit\/deodorant-bille-cool-kick-nivea-men\/#primaryimage"},"thumbnailUrl":"https:\/\/my-french-grocery.com\/wp-content\/uploads\/2023\/07\/NIVEA-MEN-Cool-Kick-Mens-48h-Roll-On-Deodorant-50ml.jpeg","datePublished":"2023-07-18T08:23:03+00:00","dateModified":"2023-07-18T08:29:31+00:00","description":"D\u00e9odorant Bille Cool Kick Nivea Men - Roll-on de 50 ml - Le d\u00e9odorant anti-transpirant bille pour homme","breadcrumb":{"@id":"https:\/\/my-french-grocery.com\/fr\/produit\/deodorant-bille-cool-kick-nivea-men\/#breadcrumb"},"inLanguage":"fr-FR","potentialAction":[{"@type":"ReadAction","target":["https:\/\/my-french-grocery.com\/fr\/produit\/deodorant-bille-cool-kick-nivea-men\/"]}]},{"@type":"ImageObject","inLanguage":"fr-FR","@id":"https:\/\/my-french-grocery.com\/fr\/produit\/deodorant-bille-cool-kick-nivea-men\/#primaryimage","url":"https:\/\/my-french-grocery.com\/wp-content\/uploads\/2023\/07\/NIVEA-MEN-Cool-Kick-Mens-48h-Roll-On-Deodorant-50ml.jpeg","contentUrl":"https:\/\/my-french-grocery.com\/wp-content\/uploads\/2023\/07\/NIVEA-MEN-Cool-Kick-Mens-48h-Roll-On-Deodorant-50ml.jpeg","width":1200,"height":1200,"caption":"D\u00e9odorant Bille Cool Kick Nivea Men"},{"@type":"BreadcrumbList","@id":"https:\/\/my-french-grocery.com\/fr\/produit\/deodorant-bille-cool-kick-nivea-men\/#breadcrumb","itemListElement":[{"@type":"ListItem","position":1,"name":"Home","item":"https:\/\/my-french-grocery.com\/fr\/"},{"@type":"ListItem","position":2,"name":"Shop","item":"https:\/\/my-french-grocery.com\/shop\/"},{"@type":"ListItem","position":3,"name":"Cosm\u00e9tiques","item":"https:\/\/my-french-grocery.com\/fr\/categorie-produit\/cosmetiques\/"},{"@type":"ListItem","position":4,"name":"D\u00e9odorants &amp; Anti-Transpirants","item":"https:\/\/my-french-grocery.com\/fr\/categorie-produit\/cosmetiques\/deodorants-anti-transpirants\/"},{"@type":"ListItem","position":5,"name":"D\u00e9odorant Bille Cool Kick Nivea Men"}]},{"@type":"WebSite","@id":"https:\/\/my-french-grocery.com\/fr\/#website","url":"https:\/\/my-french-grocery.com\/fr\/","name":"My French Grocery","description":"Your Online French Grocery  !","publisher":{"@id":"https:\/\/my-french-grocery.com\/fr\/#organization"},"potentialAction":[{"@type":"SearchAction","target":{"@type":"EntryPoint","urlTemplate":"https:\/\/my-french-grocery.com\/fr\/?s={search_term_string}"},"query-input":{"@type":"PropertyValueSpecification","valueRequired":true,"valueName":"search_term_string"}}],"inLanguage":"fr-FR"},{"@type":"Organization","@id":"https:\/\/my-french-grocery.com\/fr\/#organization","name":"MY FRENCH GROCERY","url":"https:\/\/my-french-grocery.com\/fr\/","logo":{"@type":"ImageObject","inLanguage":"fr-FR","@id":"https:\/\/my-french-grocery.com\/fr\/#\/schema\/logo\/image\/","url":"https:\/\/my-french-grocery.com\/wp-content\/uploads\/2021\/11\/My-French-Grocery-Online-French-Grocery.png","contentUrl":"https:\/\/my-french-grocery.com\/wp-content\/uploads\/2021\/11\/My-French-Grocery-Online-French-Grocery.png","width":100,"height":100,"caption":"MY FRENCH GROCERY"},"image":{"@id":"https:\/\/my-french-grocery.com\/fr\/#\/schema\/logo\/image\/"},"sameAs":["https:\/\/www.facebook.com\/myfrenchgrocery\/"]}]}},"brands":[{"id":1934,"name":"Nivea","slug":"nivea-fr"}],"_links":{"self":[{"href":"https:\/\/my-french-grocery.com\/fr\/wp-json\/wp\/v2\/product\/34489","targetHints":{"allow":["GET"]}}],"collection":[{"href":"https:\/\/my-french-grocery.com\/fr\/wp-json\/wp\/v2\/product"}],"about":[{"href":"https:\/\/my-french-grocery.com\/fr\/wp-json\/wp\/v2\/types\/product"}],"replies":[{"embeddable":true,"href":"https:\/\/my-french-grocery.com\/fr\/wp-json\/wp\/v2\/comments?post=34489"}],"wp:featuredmedia":[{"embeddable":true,"href":"https:\/\/my-french-grocery.com\/fr\/wp-json\/wp\/v2\/media\/34493"}],"wp:attachment":[{"href":"https:\/\/my-french-grocery.com\/fr\/wp-json\/wp\/v2\/media?parent=34489"}],"wp:term":[{"taxonomy":"pwb-brand","embeddable":true,"href":"https:\/\/my-french-grocery.com\/fr\/wp-json\/wp\/v2\/pwb-brand?post=34489"},{"taxonomy":"product_brand","embeddable":true,"href":"https:\/\/my-french-grocery.com\/fr\/wp-json\/wp\/v2\/product_brand?post=34489"},{"taxonomy":"product_cat","embeddable":true,"href":"https:\/\/my-french-grocery.com\/fr\/wp-json\/wp\/v2\/product_cat?post=34489"},{"taxonomy":"product_tag","embeddable":true,"href":"https:\/\/my-french-grocery.com\/fr\/wp-json\/wp\/v2\/product_tag?post=34489"}],"curies":[{"name":"wp","href":"https:\/\/api.w.org\/{rel}","templated":true}]}}