{"id":35092,"date":"2023-08-22T15:51:00","date_gmt":"2023-08-22T13:51:01","guid":{"rendered":"https:\/\/my-french-grocery.com\/?post_type=product&#038;p=35092"},"modified":"2023-08-22T15:55:59","modified_gmt":"2023-08-22T13:55:59","slug":"cafe-dosettes-compatibles-senseo-espresso-n5-carte-noire","status":"publish","type":"product","link":"https:\/\/my-french-grocery.com\/fr\/produit\/cafe-dosettes-compatibles-senseo-espresso-n5-carte-noire\/","title":{"rendered":"Caf\u00e9 Dosettes Compatibles Senseo Espresso n\u00b05 Carte Noire"},"content":{"rendered":"<p>Caf\u00e9 Dosettes Compatibles Senseo Espresso n\u00b05 Carte Noire<\/p>\n<div class=\"regulated-name\">\n<p class=\"paragraph\">boite de 48 dosettes<\/p>\n<\/div>\n<div class=\"secondary-details__description\">\n<p class=\"paragraph\">Un caf\u00e9 torr\u00e9fi\u00e9 et moulu en France. Pour les Ma\u00eetres Torr\u00e9facteurs Carte Noire, tout part de la qualit\u00e9 des grains : de l\u2019intensit\u00e9 aux notes aromatiques, du savoir-faire \u00e0 l\u2019engagement, le grain est au c\u0153ur de tout un monde vivant. Nos ma\u00eetres torr\u00e9facteurs travaillent avec passion depuis Lav\u00e9rune dans le sud de la France pour r\u00e9pondre \u00e0 toutes vos envies et pr\u00e9server la richesse des ar\u00f4mes des caf\u00e9s Carte Noire. Profitez de cette qualit\u00e9 unique dans les dosettes souples compostables industriellement<\/p>\n<\/div>\n","protected":false},"excerpt":{"rendered":"<p>Caf\u00e9 Dosettes Compatibles Senseo Espresso n\u00b05 Carte Noire<\/p>\n<div class=\"regulated-name\">\n<p class=\"paragraph\">boite de 48 dosettes<\/p>\n<\/div>\n","protected":false},"featured_media":35096,"comment_status":"open","ping_status":"closed","template":"","meta":[],"pwb-brand":[570],"product_brand":[],"product_cat":[1050],"product_tag":[],"class_list":{"0":"post-35092","1":"product","2":"type-product","3":"status-publish","4":"has-post-thumbnail","6":"pwb-brand-carte-noire-fr","7":"product_cat-cafe-chicoree","8":"product_shipping_class-expedition-dans-le-monde-entier","10":"first","11":"instock","12":"taxable","13":"shipping-taxable","14":"purchasable","15":"product-type-simple"},"brands":[{"id":570,"name":"Carte Noire","slug":"carte-noire-fr"}],"_links":{"self":[{"href":"https:\/\/my-french-grocery.com\/fr\/wp-json\/wp\/v2\/product\/35092","targetHints":{"allow":["GET"]}}],"collection":[{"href":"https:\/\/my-french-grocery.com\/fr\/wp-json\/wp\/v2\/product"}],"about":[{"href":"https:\/\/my-french-grocery.com\/fr\/wp-json\/wp\/v2\/types\/product"}],"replies":[{"embeddable":true,"href":"https:\/\/my-french-grocery.com\/fr\/wp-json\/wp\/v2\/comments?post=35092"}],"wp:featuredmedia":[{"embeddable":true,"href":"https:\/\/my-french-grocery.com\/fr\/wp-json\/wp\/v2\/media\/35096"}],"wp:attachment":[{"href":"https:\/\/my-french-grocery.com\/fr\/wp-json\/wp\/v2\/media?parent=35092"}],"wp:term":[{"taxonomy":"pwb-brand","embeddable":true,"href":"https:\/\/my-french-grocery.com\/fr\/wp-json\/wp\/v2\/pwb-brand?post=35092"},{"taxonomy":"product_brand","embeddable":true,"href":"https:\/\/my-french-grocery.com\/fr\/wp-json\/wp\/v2\/product_brand?post=35092"},{"taxonomy":"product_cat","embeddable":true,"href":"https:\/\/my-french-grocery.com\/fr\/wp-json\/wp\/v2\/product_cat?post=35092"},{"taxonomy":"product_tag","embeddable":true,"href":"https:\/\/my-french-grocery.com\/fr\/wp-json\/wp\/v2\/product_tag?post=35092"}],"curies":[{"name":"wp","href":"https:\/\/api.w.org\/{rel}","templated":true}]}}