{"id":35198,"date":"2023-08-29T15:20:54","date_gmt":"2023-08-29T13:20:56","guid":{"rendered":"https:\/\/my-french-grocery.com\/?post_type=product&#038;p=35198"},"modified":"2024-03-12T10:03:53","modified_gmt":"2024-03-12T08:03:53","slug":"cafe-capsules-compatibles-nespresso-lungo-classic-6-carte-noire","status":"publish","type":"product","link":"https:\/\/my-french-grocery.com\/fr\/produit\/cafe-capsules-compatibles-nespresso-lungo-classic-6-carte-noire\/","title":{"rendered":"Caf\u00e9 Capsules Compatibles Nespresso Lungo Classic 6 Carte Noire"},"content":{"rendered":"<p>Caf\u00e9 Capsules Compatibles Nespresso Lungo Classic 6 Carte Noire<\/p>\n<div class=\"regulated-name\">\n<p class=\"paragraph\">boite de 30<\/p>\n<\/div>\n<div class=\"secondary-details__description\">\n<p class=\"paragraph\">Carte Noire et ses Ma\u00eetres Torr\u00e9facteurs vous proposent des caf\u00e9s 100% Arabica issus des meilleurs grains. D\u2019abord s\u00e9lectionn\u00e9s avec soin, les grains verts sont assembl\u00e9s puis torr\u00e9fi\u00e9s pour en r\u00e9v\u00e9ler les 1000 notes aromatiques. Cet accord parfait est ensuite pr\u00e9serv\u00e9 gr\u00e2ce aux capsules aluminium Carte Noire, pour un r\u00e9sultat en tasse unique.<\/p>\n<\/div>\n","protected":false},"excerpt":{"rendered":"<p>Caf\u00e9 Capsules Compatibles Nespresso Lungo Classic 6 Carte Noire<\/p>\n<div class=\"regulated-name\">\n<p class=\"paragraph\">boite de 30<\/p>\n<\/div>\n","protected":false},"featured_media":35202,"comment_status":"open","ping_status":"closed","template":"","meta":[],"pwb-brand":[570],"product_brand":[],"product_cat":[1050],"product_tag":[],"class_list":{"0":"post-35198","1":"product","2":"type-product","3":"status-publish","4":"has-post-thumbnail","6":"pwb-brand-carte-noire-fr","7":"product_cat-cafe-chicoree","8":"product_shipping_class-expedition-dans-le-monde-entier","10":"first","11":"instock","12":"taxable","13":"shipping-taxable","14":"purchasable","15":"product-type-simple"},"brands":[{"id":570,"name":"Carte Noire","slug":"carte-noire-fr"}],"_links":{"self":[{"href":"https:\/\/my-french-grocery.com\/fr\/wp-json\/wp\/v2\/product\/35198","targetHints":{"allow":["GET"]}}],"collection":[{"href":"https:\/\/my-french-grocery.com\/fr\/wp-json\/wp\/v2\/product"}],"about":[{"href":"https:\/\/my-french-grocery.com\/fr\/wp-json\/wp\/v2\/types\/product"}],"replies":[{"embeddable":true,"href":"https:\/\/my-french-grocery.com\/fr\/wp-json\/wp\/v2\/comments?post=35198"}],"wp:featuredmedia":[{"embeddable":true,"href":"https:\/\/my-french-grocery.com\/fr\/wp-json\/wp\/v2\/media\/35202"}],"wp:attachment":[{"href":"https:\/\/my-french-grocery.com\/fr\/wp-json\/wp\/v2\/media?parent=35198"}],"wp:term":[{"taxonomy":"pwb-brand","embeddable":true,"href":"https:\/\/my-french-grocery.com\/fr\/wp-json\/wp\/v2\/pwb-brand?post=35198"},{"taxonomy":"product_brand","embeddable":true,"href":"https:\/\/my-french-grocery.com\/fr\/wp-json\/wp\/v2\/product_brand?post=35198"},{"taxonomy":"product_cat","embeddable":true,"href":"https:\/\/my-french-grocery.com\/fr\/wp-json\/wp\/v2\/product_cat?post=35198"},{"taxonomy":"product_tag","embeddable":true,"href":"https:\/\/my-french-grocery.com\/fr\/wp-json\/wp\/v2\/product_tag?post=35198"}],"curies":[{"name":"wp","href":"https:\/\/api.w.org\/{rel}","templated":true}]}}