{"id":35425,"date":"2023-09-12T16:33:26","date_gmt":"2023-09-12T14:33:29","guid":{"rendered":"https:\/\/my-french-grocery.com\/?post_type=product&#038;p=35425"},"modified":"2023-09-12T16:40:19","modified_gmt":"2023-09-12T14:40:19","slug":"madeleines-pur-beurre-bonne-maman-copy","status":"publish","type":"product","link":"https:\/\/my-french-grocery.com\/fr\/produit\/madeleines-pur-beurre-bonne-maman-copy\/","title":{"rendered":"Biscuits Sabl\u00e9s Framboise &#038; S\u00e9same Bonne Maman"},"content":{"rendered":"<p>Biscuits Sabl\u00e9s Framboise &amp; S\u00e9same Bonne Maman<\/p>\n<p>paquet de 150 g<\/p>\n<div class=\"regulated-name\">\n<p class=\"paragraph\">D\u00e9couvrez cette recette gourmande cr\u00e9\u00e9e pour vous par Bonne Maman : des sabl\u00e9s fourr\u00e9s \u00e0 la framboise et saupoudr\u00e9s de graines de s\u00e9same. Son emballage refermable permettra de pr\u00e9server les saveurs des biscuits jusqu&rsquo;\u00e0 la derni\u00e8re d\u00e9gustation. Sans colorant, ni conservateur et fabriqu\u00e9s en France.<\/p>\n<\/div>\n","protected":false},"excerpt":{"rendered":"<p>Biscuits Sabl\u00e9s Framboise &amp; S\u00e9same Bonne Maman<\/p>\n<p>paquet de 150 g<\/p>\n","protected":false},"featured_media":35429,"comment_status":"open","ping_status":"closed","template":"","meta":[],"pwb-brand":[537],"product_brand":[],"product_cat":[1025],"product_tag":[],"class_list":{"0":"post-35425","1":"product","2":"type-product","3":"status-publish","4":"has-post-thumbnail","6":"pwb-brand-bonne-maman-fr","7":"product_cat-gateaux-biscuits","8":"product_shipping_class-expedition-dans-le-monde-entier","10":"first","11":"instock","12":"taxable","13":"shipping-taxable","14":"purchasable","15":"product-type-simple"},"yoast_head":"<!-- This site is optimized with the Yoast SEO plugin v27.4 - https:\/\/yoast.com\/product\/yoast-seo-wordpress\/ -->\n<title>Biscuits Sabl\u00e9s Framboise &amp; S\u00e9same Bonne Maman | Acheter En Ligne | My French Grocery<\/title>\n<meta name=\"description\" content=\"Biscuits Sabl\u00e9s Framboise &amp; S\u00e9same Bonne Maman - paquet de 150 g - D\u00e9couvrez cette recette gourmande cr\u00e9\u00e9e pour vous par Bonne Maman\" \/>\n<meta name=\"robots\" content=\"index, follow, max-snippet:-1, max-image-preview:large, max-video-preview:-1\" \/>\n<link rel=\"canonical\" href=\"https:\/\/my-french-grocery.com\/fr\/produit\/madeleines-pur-beurre-bonne-maman-copy\/\" \/>\n<meta property=\"og:locale\" content=\"fr_FR\" \/>\n<meta property=\"og:type\" content=\"article\" \/>\n<meta property=\"og:title\" content=\"Biscuits Sabl\u00e9s Framboise &amp; S\u00e9same Bonne Maman | Acheter En Ligne | My French Grocery\" \/>\n<meta property=\"og:description\" content=\"Biscuits Sabl\u00e9s Framboise &amp; S\u00e9same Bonne Maman - paquet de 150 g - D\u00e9couvrez cette recette gourmande cr\u00e9\u00e9e pour vous par Bonne Maman\" \/>\n<meta property=\"og:url\" content=\"https:\/\/my-french-grocery.com\/fr\/produit\/madeleines-pur-beurre-bonne-maman-copy\/\" \/>\n<meta property=\"og:site_name\" content=\"My French Grocery\" \/>\n<meta property=\"article:publisher\" content=\"https:\/\/www.facebook.com\/myfrenchgrocery\/\" \/>\n<meta property=\"article:modified_time\" content=\"2023-09-12T14:40:19+00:00\" \/>\n<meta property=\"og:image\" content=\"https:\/\/my-french-grocery.com\/wp-content\/uploads\/2023\/09\/Shortbread-biscuits-with-raspberry-sesame.jpeg\" \/>\n\t<meta property=\"og:image:width\" content=\"1200\" \/>\n\t<meta property=\"og:image:height\" content=\"1200\" \/>\n\t<meta property=\"og:image:type\" content=\"image\/jpeg\" \/>\n<meta name=\"twitter:card\" content=\"summary_large_image\" \/>\n<script type=\"application\/ld+json\" class=\"yoast-schema-graph\">{\"@context\":\"https:\\\/\\\/schema.org\",\"@graph\":[{\"@type\":\"WebPage\",\"@id\":\"https:\\\/\\\/my-french-grocery.com\\\/fr\\\/produit\\\/madeleines-pur-beurre-bonne-maman-copy\\\/\",\"url\":\"https:\\\/\\\/my-french-grocery.com\\\/fr\\\/produit\\\/madeleines-pur-beurre-bonne-maman-copy\\\/\",\"name\":\"Biscuits Sabl\u00e9s Framboise & S\u00e9same Bonne Maman | Acheter En Ligne | My French Grocery\",\"isPartOf\":{\"@id\":\"https:\\\/\\\/my-french-grocery.com\\\/fr\\\/#website\"},\"primaryImageOfPage\":{\"@id\":\"https:\\\/\\\/my-french-grocery.com\\\/fr\\\/produit\\\/madeleines-pur-beurre-bonne-maman-copy\\\/#primaryimage\"},\"image\":{\"@id\":\"https:\\\/\\\/my-french-grocery.com\\\/fr\\\/produit\\\/madeleines-pur-beurre-bonne-maman-copy\\\/#primaryimage\"},\"thumbnailUrl\":\"https:\\\/\\\/my-french-grocery.com\\\/wp-content\\\/uploads\\\/2023\\\/09\\\/Shortbread-biscuits-with-raspberry-sesame.jpeg\",\"datePublished\":\"2023-09-12T14:33:29+00:00\",\"dateModified\":\"2023-09-12T14:40:19+00:00\",\"description\":\"Biscuits Sabl\u00e9s Framboise & S\u00e9same Bonne Maman - paquet de 150 g - D\u00e9couvrez cette recette gourmande cr\u00e9\u00e9e pour vous par Bonne Maman\",\"breadcrumb\":{\"@id\":\"https:\\\/\\\/my-french-grocery.com\\\/fr\\\/produit\\\/madeleines-pur-beurre-bonne-maman-copy\\\/#breadcrumb\"},\"inLanguage\":\"fr-FR\",\"potentialAction\":[{\"@type\":\"ReadAction\",\"target\":[\"https:\\\/\\\/my-french-grocery.com\\\/fr\\\/produit\\\/madeleines-pur-beurre-bonne-maman-copy\\\/\"]}]},{\"@type\":\"ImageObject\",\"inLanguage\":\"fr-FR\",\"@id\":\"https:\\\/\\\/my-french-grocery.com\\\/fr\\\/produit\\\/madeleines-pur-beurre-bonne-maman-copy\\\/#primaryimage\",\"url\":\"https:\\\/\\\/my-french-grocery.com\\\/wp-content\\\/uploads\\\/2023\\\/09\\\/Shortbread-biscuits-with-raspberry-sesame.jpeg\",\"contentUrl\":\"https:\\\/\\\/my-french-grocery.com\\\/wp-content\\\/uploads\\\/2023\\\/09\\\/Shortbread-biscuits-with-raspberry-sesame.jpeg\",\"width\":1200,\"height\":1200,\"caption\":\"Biscuits Sabl\u00e9s Framboise & S\u00e9same Bonne Maman\"},{\"@type\":\"BreadcrumbList\",\"@id\":\"https:\\\/\\\/my-french-grocery.com\\\/fr\\\/produit\\\/madeleines-pur-beurre-bonne-maman-copy\\\/#breadcrumb\",\"itemListElement\":[{\"@type\":\"ListItem\",\"position\":1,\"name\":\"Home\",\"item\":\"https:\\\/\\\/my-french-grocery.com\\\/fr\\\/\"},{\"@type\":\"ListItem\",\"position\":2,\"name\":\"Shop\",\"item\":\"https:\\\/\\\/my-french-grocery.com\\\/shop\\\/\"},{\"@type\":\"ListItem\",\"position\":3,\"name\":\"Alimentation\",\"item\":\"https:\\\/\\\/my-french-grocery.com\\\/fr\\\/categorie-produit\\\/alimentation\\\/\"},{\"@type\":\"ListItem\",\"position\":4,\"name\":\"G\u00e2teaux &amp; Biscuits\",\"item\":\"https:\\\/\\\/my-french-grocery.com\\\/fr\\\/categorie-produit\\\/alimentation\\\/gateaux-biscuits\\\/\"},{\"@type\":\"ListItem\",\"position\":5,\"name\":\"Biscuits Sabl\u00e9s Framboise &#038; S\u00e9same Bonne Maman\"}]},{\"@type\":\"WebSite\",\"@id\":\"https:\\\/\\\/my-french-grocery.com\\\/fr\\\/#website\",\"url\":\"https:\\\/\\\/my-french-grocery.com\\\/fr\\\/\",\"name\":\"My French Grocery\",\"description\":\"Your Online French Grocery  !\",\"publisher\":{\"@id\":\"https:\\\/\\\/my-french-grocery.com\\\/fr\\\/#organization\"},\"potentialAction\":[{\"@type\":\"SearchAction\",\"target\":{\"@type\":\"EntryPoint\",\"urlTemplate\":\"https:\\\/\\\/my-french-grocery.com\\\/fr\\\/?s={search_term_string}\"},\"query-input\":{\"@type\":\"PropertyValueSpecification\",\"valueRequired\":true,\"valueName\":\"search_term_string\"}}],\"inLanguage\":\"fr-FR\"},{\"@type\":\"Organization\",\"@id\":\"https:\\\/\\\/my-french-grocery.com\\\/fr\\\/#organization\",\"name\":\"MY FRENCH GROCERY\",\"url\":\"https:\\\/\\\/my-french-grocery.com\\\/fr\\\/\",\"logo\":{\"@type\":\"ImageObject\",\"inLanguage\":\"fr-FR\",\"@id\":\"https:\\\/\\\/my-french-grocery.com\\\/fr\\\/#\\\/schema\\\/logo\\\/image\\\/\",\"url\":\"https:\\\/\\\/my-french-grocery.com\\\/wp-content\\\/uploads\\\/2021\\\/11\\\/My-French-Grocery-Online-French-Grocery.png\",\"contentUrl\":\"https:\\\/\\\/my-french-grocery.com\\\/wp-content\\\/uploads\\\/2021\\\/11\\\/My-French-Grocery-Online-French-Grocery.png\",\"width\":100,\"height\":100,\"caption\":\"MY FRENCH GROCERY\"},\"image\":{\"@id\":\"https:\\\/\\\/my-french-grocery.com\\\/fr\\\/#\\\/schema\\\/logo\\\/image\\\/\"},\"sameAs\":[\"https:\\\/\\\/www.facebook.com\\\/myfrenchgrocery\\\/\"]}]}<\/script>\n<!-- \/ Yoast SEO plugin. -->","yoast_head_json":{"title":"Biscuits Sabl\u00e9s Framboise & S\u00e9same Bonne Maman | Acheter En Ligne | My French Grocery","description":"Biscuits Sabl\u00e9s Framboise & S\u00e9same Bonne Maman - paquet de 150 g - D\u00e9couvrez cette recette gourmande cr\u00e9\u00e9e pour vous par Bonne Maman","robots":{"index":"index","follow":"follow","max-snippet":"max-snippet:-1","max-image-preview":"max-image-preview:large","max-video-preview":"max-video-preview:-1"},"canonical":"https:\/\/my-french-grocery.com\/fr\/produit\/madeleines-pur-beurre-bonne-maman-copy\/","og_locale":"fr_FR","og_type":"article","og_title":"Biscuits Sabl\u00e9s Framboise & S\u00e9same Bonne Maman | Acheter En Ligne | My French Grocery","og_description":"Biscuits Sabl\u00e9s Framboise & S\u00e9same Bonne Maman - paquet de 150 g - D\u00e9couvrez cette recette gourmande cr\u00e9\u00e9e pour vous par Bonne Maman","og_url":"https:\/\/my-french-grocery.com\/fr\/produit\/madeleines-pur-beurre-bonne-maman-copy\/","og_site_name":"My French Grocery","article_publisher":"https:\/\/www.facebook.com\/myfrenchgrocery\/","article_modified_time":"2023-09-12T14:40:19+00:00","og_image":[{"width":1200,"height":1200,"url":"https:\/\/my-french-grocery.com\/wp-content\/uploads\/2023\/09\/Shortbread-biscuits-with-raspberry-sesame.jpeg","type":"image\/jpeg"}],"twitter_card":"summary_large_image","schema":{"@context":"https:\/\/schema.org","@graph":[{"@type":"WebPage","@id":"https:\/\/my-french-grocery.com\/fr\/produit\/madeleines-pur-beurre-bonne-maman-copy\/","url":"https:\/\/my-french-grocery.com\/fr\/produit\/madeleines-pur-beurre-bonne-maman-copy\/","name":"Biscuits Sabl\u00e9s Framboise & S\u00e9same Bonne Maman | Acheter En Ligne | My French Grocery","isPartOf":{"@id":"https:\/\/my-french-grocery.com\/fr\/#website"},"primaryImageOfPage":{"@id":"https:\/\/my-french-grocery.com\/fr\/produit\/madeleines-pur-beurre-bonne-maman-copy\/#primaryimage"},"image":{"@id":"https:\/\/my-french-grocery.com\/fr\/produit\/madeleines-pur-beurre-bonne-maman-copy\/#primaryimage"},"thumbnailUrl":"https:\/\/my-french-grocery.com\/wp-content\/uploads\/2023\/09\/Shortbread-biscuits-with-raspberry-sesame.jpeg","datePublished":"2023-09-12T14:33:29+00:00","dateModified":"2023-09-12T14:40:19+00:00","description":"Biscuits Sabl\u00e9s Framboise & S\u00e9same Bonne Maman - paquet de 150 g - D\u00e9couvrez cette recette gourmande cr\u00e9\u00e9e pour vous par Bonne Maman","breadcrumb":{"@id":"https:\/\/my-french-grocery.com\/fr\/produit\/madeleines-pur-beurre-bonne-maman-copy\/#breadcrumb"},"inLanguage":"fr-FR","potentialAction":[{"@type":"ReadAction","target":["https:\/\/my-french-grocery.com\/fr\/produit\/madeleines-pur-beurre-bonne-maman-copy\/"]}]},{"@type":"ImageObject","inLanguage":"fr-FR","@id":"https:\/\/my-french-grocery.com\/fr\/produit\/madeleines-pur-beurre-bonne-maman-copy\/#primaryimage","url":"https:\/\/my-french-grocery.com\/wp-content\/uploads\/2023\/09\/Shortbread-biscuits-with-raspberry-sesame.jpeg","contentUrl":"https:\/\/my-french-grocery.com\/wp-content\/uploads\/2023\/09\/Shortbread-biscuits-with-raspberry-sesame.jpeg","width":1200,"height":1200,"caption":"Biscuits Sabl\u00e9s Framboise & S\u00e9same Bonne Maman"},{"@type":"BreadcrumbList","@id":"https:\/\/my-french-grocery.com\/fr\/produit\/madeleines-pur-beurre-bonne-maman-copy\/#breadcrumb","itemListElement":[{"@type":"ListItem","position":1,"name":"Home","item":"https:\/\/my-french-grocery.com\/fr\/"},{"@type":"ListItem","position":2,"name":"Shop","item":"https:\/\/my-french-grocery.com\/shop\/"},{"@type":"ListItem","position":3,"name":"Alimentation","item":"https:\/\/my-french-grocery.com\/fr\/categorie-produit\/alimentation\/"},{"@type":"ListItem","position":4,"name":"G\u00e2teaux &amp; Biscuits","item":"https:\/\/my-french-grocery.com\/fr\/categorie-produit\/alimentation\/gateaux-biscuits\/"},{"@type":"ListItem","position":5,"name":"Biscuits Sabl\u00e9s Framboise &#038; S\u00e9same Bonne Maman"}]},{"@type":"WebSite","@id":"https:\/\/my-french-grocery.com\/fr\/#website","url":"https:\/\/my-french-grocery.com\/fr\/","name":"My French Grocery","description":"Your Online French Grocery  !","publisher":{"@id":"https:\/\/my-french-grocery.com\/fr\/#organization"},"potentialAction":[{"@type":"SearchAction","target":{"@type":"EntryPoint","urlTemplate":"https:\/\/my-french-grocery.com\/fr\/?s={search_term_string}"},"query-input":{"@type":"PropertyValueSpecification","valueRequired":true,"valueName":"search_term_string"}}],"inLanguage":"fr-FR"},{"@type":"Organization","@id":"https:\/\/my-french-grocery.com\/fr\/#organization","name":"MY FRENCH GROCERY","url":"https:\/\/my-french-grocery.com\/fr\/","logo":{"@type":"ImageObject","inLanguage":"fr-FR","@id":"https:\/\/my-french-grocery.com\/fr\/#\/schema\/logo\/image\/","url":"https:\/\/my-french-grocery.com\/wp-content\/uploads\/2021\/11\/My-French-Grocery-Online-French-Grocery.png","contentUrl":"https:\/\/my-french-grocery.com\/wp-content\/uploads\/2021\/11\/My-French-Grocery-Online-French-Grocery.png","width":100,"height":100,"caption":"MY FRENCH GROCERY"},"image":{"@id":"https:\/\/my-french-grocery.com\/fr\/#\/schema\/logo\/image\/"},"sameAs":["https:\/\/www.facebook.com\/myfrenchgrocery\/"]}]}},"brands":[{"id":537,"name":"Bonne Maman","slug":"bonne-maman-fr"}],"_links":{"self":[{"href":"https:\/\/my-french-grocery.com\/fr\/wp-json\/wp\/v2\/product\/35425","targetHints":{"allow":["GET"]}}],"collection":[{"href":"https:\/\/my-french-grocery.com\/fr\/wp-json\/wp\/v2\/product"}],"about":[{"href":"https:\/\/my-french-grocery.com\/fr\/wp-json\/wp\/v2\/types\/product"}],"replies":[{"embeddable":true,"href":"https:\/\/my-french-grocery.com\/fr\/wp-json\/wp\/v2\/comments?post=35425"}],"wp:featuredmedia":[{"embeddable":true,"href":"https:\/\/my-french-grocery.com\/fr\/wp-json\/wp\/v2\/media\/35429"}],"wp:attachment":[{"href":"https:\/\/my-french-grocery.com\/fr\/wp-json\/wp\/v2\/media?parent=35425"}],"wp:term":[{"taxonomy":"pwb-brand","embeddable":true,"href":"https:\/\/my-french-grocery.com\/fr\/wp-json\/wp\/v2\/pwb-brand?post=35425"},{"taxonomy":"product_brand","embeddable":true,"href":"https:\/\/my-french-grocery.com\/fr\/wp-json\/wp\/v2\/product_brand?post=35425"},{"taxonomy":"product_cat","embeddable":true,"href":"https:\/\/my-french-grocery.com\/fr\/wp-json\/wp\/v2\/product_cat?post=35425"},{"taxonomy":"product_tag","embeddable":true,"href":"https:\/\/my-french-grocery.com\/fr\/wp-json\/wp\/v2\/product_tag?post=35425"}],"curies":[{"name":"wp","href":"https:\/\/api.w.org\/{rel}","templated":true}]}}