{"id":35622,"date":"2023-09-20T17:55:22","date_gmt":"2023-09-20T15:55:24","guid":{"rendered":"https:\/\/my-french-grocery.com\/?post_type=product&#038;p=35622"},"modified":"2023-09-20T18:01:33","modified_gmt":"2023-09-20T16:01:33","slug":"cafe-en-grains-selection-100-arabica-lor","status":"publish","type":"product","link":"https:\/\/my-french-grocery.com\/fr\/produit\/cafe-en-grains-selection-100-arabica-lor\/","title":{"rendered":"Caf\u00e9 En Grains S\u00e9lection 100% Arabica L&rsquo;Or"},"content":{"rendered":"<p>Caf\u00e9 En Grains S\u00e9lection 100% Arabica L&rsquo;Or<\/p>\n<div class=\"regulated-name\">\n<p class=\"paragraph\">paquet de 1Kg<\/p>\n<\/div>\n<div class=\"secondary-details__description\">\n<p class=\"paragraph\">L&rsquo;OR a soigneusement s\u00e9lectionn\u00e9 des grains arabica pour vous offrir un caf\u00e9 \u00e9quilibr\u00e9 en bouche et au corps soyeux, avec des notes d&rsquo;amandes l\u00e9g\u00e8rement grill\u00e9es. Des grains sans d\u00e9faut et calibr\u00e9s pour une qualit\u00e9 toujours optimale. Une torr\u00e9faction lente \u00e0 c\u0153ur, permettant aux grains de r\u00e9v\u00e9ler toute la richesse de leurs ar\u00f4mes. Sachet de 1 kilo. Grains de caf\u00e9 grand cru. Niveau d&rsquo;intensit\u00e9 8. Ces grains \u00e0 moudre sont compatibles avec une machine \u00e0 expresso automatique type broyeur, ou un moulin traditionnel. Parfum\u00e9, riche et aromatique, les amateurs appr\u00e9cient la qualit\u00e9 et le go\u00fbt du caf\u00e9 en grain L&rsquo;OR. Sans doute le meilleur caf\u00e9 du monde.<\/p>\n<\/div>\n","protected":false},"excerpt":{"rendered":"<p>Caf\u00e9 En Grains S\u00e9lection 100% Arabica L&rsquo;Or<\/p>\n<div class=\"regulated-name\">\n<p class=\"paragraph\">paquet de 1Kg<\/p>\n<\/div>\n","protected":false},"featured_media":35626,"comment_status":"open","ping_status":"closed","template":"","meta":[],"pwb-brand":[3361],"product_brand":[],"product_cat":[1050],"product_tag":[],"class_list":{"0":"post-35622","1":"product","2":"type-product","3":"status-publish","4":"has-post-thumbnail","6":"pwb-brand-lor-maison-du-cafe-fr","7":"product_cat-cafe-chicoree","8":"product_shipping_class-expedition-dans-le-monde-entier","10":"first","11":"instock","12":"taxable","13":"shipping-taxable","14":"purchasable","15":"product-type-simple"},"yoast_head":"<!-- This site is optimized with the Yoast SEO plugin v27.3 - https:\/\/yoast.com\/product\/yoast-seo-wordpress\/ -->\n<title>Caf\u00e9 En Grains S\u00e9lection 100% Arabica L&#039;Or | Acheter En Ligne | My French Grocery<\/title>\n<meta name=\"description\" content=\"Caf\u00e9 En Grains S\u00e9lection 100% Arabica L&#039;Or - paquet de 1Kg - L&#039;OR a soigneusement s\u00e9lectionn\u00e9 des grains arabica pour vous offrir un caf\u00e9 \u00e9quilibr\u00e9 en bouche\" \/>\n<meta name=\"robots\" content=\"index, follow, max-snippet:-1, max-image-preview:large, max-video-preview:-1\" \/>\n<link rel=\"canonical\" href=\"https:\/\/my-french-grocery.com\/fr\/produit\/cafe-en-grains-selection-100-arabica-lor\/\" \/>\n<meta property=\"og:locale\" content=\"fr_FR\" \/>\n<meta property=\"og:type\" content=\"article\" \/>\n<meta property=\"og:title\" content=\"Caf\u00e9 En Grains S\u00e9lection 100% Arabica L&#039;Or | Acheter En Ligne | My French Grocery\" \/>\n<meta property=\"og:description\" content=\"Caf\u00e9 En Grains S\u00e9lection 100% Arabica L&#039;Or - paquet de 1Kg - L&#039;OR a soigneusement s\u00e9lectionn\u00e9 des grains arabica pour vous offrir un caf\u00e9 \u00e9quilibr\u00e9 en bouche\" \/>\n<meta property=\"og:url\" content=\"https:\/\/my-french-grocery.com\/fr\/produit\/cafe-en-grains-selection-100-arabica-lor\/\" \/>\n<meta property=\"og:site_name\" content=\"My French Grocery\" \/>\n<meta property=\"article:publisher\" content=\"https:\/\/www.facebook.com\/myfrenchgrocery\/\" \/>\n<meta property=\"article:modified_time\" content=\"2023-09-20T16:01:33+00:00\" \/>\n<meta property=\"og:image\" content=\"https:\/\/my-french-grocery.com\/wp-content\/uploads\/2023\/09\/LOR-Coffee-beans-balanced-and-harmonious-selection.png\" \/>\n\t<meta property=\"og:image:width\" content=\"1200\" \/>\n\t<meta property=\"og:image:height\" content=\"1200\" \/>\n\t<meta property=\"og:image:type\" content=\"image\/png\" \/>\n<meta name=\"twitter:card\" content=\"summary_large_image\" \/>\n<meta name=\"twitter:label1\" content=\"Dur\u00e9e de lecture estim\u00e9e\" \/>\n\t<meta name=\"twitter:data1\" content=\"1 minute\" \/>\n<script type=\"application\/ld+json\" class=\"yoast-schema-graph\">{\"@context\":\"https:\\\/\\\/schema.org\",\"@graph\":[{\"@type\":\"WebPage\",\"@id\":\"https:\\\/\\\/my-french-grocery.com\\\/fr\\\/produit\\\/cafe-en-grains-selection-100-arabica-lor\\\/\",\"url\":\"https:\\\/\\\/my-french-grocery.com\\\/fr\\\/produit\\\/cafe-en-grains-selection-100-arabica-lor\\\/\",\"name\":\"Caf\u00e9 En Grains S\u00e9lection 100% Arabica L'Or | Acheter En Ligne | My French Grocery\",\"isPartOf\":{\"@id\":\"https:\\\/\\\/my-french-grocery.com\\\/fr\\\/#website\"},\"primaryImageOfPage\":{\"@id\":\"https:\\\/\\\/my-french-grocery.com\\\/fr\\\/produit\\\/cafe-en-grains-selection-100-arabica-lor\\\/#primaryimage\"},\"image\":{\"@id\":\"https:\\\/\\\/my-french-grocery.com\\\/fr\\\/produit\\\/cafe-en-grains-selection-100-arabica-lor\\\/#primaryimage\"},\"thumbnailUrl\":\"https:\\\/\\\/my-french-grocery.com\\\/wp-content\\\/uploads\\\/2023\\\/09\\\/LOR-Coffee-beans-balanced-and-harmonious-selection.png\",\"datePublished\":\"2023-09-20T15:55:24+00:00\",\"dateModified\":\"2023-09-20T16:01:33+00:00\",\"description\":\"Caf\u00e9 En Grains S\u00e9lection 100% Arabica L'Or - paquet de 1Kg - L'OR a soigneusement s\u00e9lectionn\u00e9 des grains arabica pour vous offrir un caf\u00e9 \u00e9quilibr\u00e9 en bouche\",\"breadcrumb\":{\"@id\":\"https:\\\/\\\/my-french-grocery.com\\\/fr\\\/produit\\\/cafe-en-grains-selection-100-arabica-lor\\\/#breadcrumb\"},\"inLanguage\":\"fr-FR\",\"potentialAction\":[{\"@type\":\"ReadAction\",\"target\":[\"https:\\\/\\\/my-french-grocery.com\\\/fr\\\/produit\\\/cafe-en-grains-selection-100-arabica-lor\\\/\"]}]},{\"@type\":\"ImageObject\",\"inLanguage\":\"fr-FR\",\"@id\":\"https:\\\/\\\/my-french-grocery.com\\\/fr\\\/produit\\\/cafe-en-grains-selection-100-arabica-lor\\\/#primaryimage\",\"url\":\"https:\\\/\\\/my-french-grocery.com\\\/wp-content\\\/uploads\\\/2023\\\/09\\\/LOR-Coffee-beans-balanced-and-harmonious-selection.png\",\"contentUrl\":\"https:\\\/\\\/my-french-grocery.com\\\/wp-content\\\/uploads\\\/2023\\\/09\\\/LOR-Coffee-beans-balanced-and-harmonious-selection.png\",\"width\":1200,\"height\":1200,\"caption\":\"Caf\u00e9 En Grains S\u00e9lection 100% Arabica L'Or\"},{\"@type\":\"BreadcrumbList\",\"@id\":\"https:\\\/\\\/my-french-grocery.com\\\/fr\\\/produit\\\/cafe-en-grains-selection-100-arabica-lor\\\/#breadcrumb\",\"itemListElement\":[{\"@type\":\"ListItem\",\"position\":1,\"name\":\"Home\",\"item\":\"https:\\\/\\\/my-french-grocery.com\\\/fr\\\/\"},{\"@type\":\"ListItem\",\"position\":2,\"name\":\"Shop\",\"item\":\"https:\\\/\\\/my-french-grocery.com\\\/shop\\\/\"},{\"@type\":\"ListItem\",\"position\":3,\"name\":\"Alimentation\",\"item\":\"https:\\\/\\\/my-french-grocery.com\\\/fr\\\/categorie-produit\\\/alimentation\\\/\"},{\"@type\":\"ListItem\",\"position\":4,\"name\":\"Th\u00e9s, Caf\u00e9s, Chocolat En Poudre\",\"item\":\"https:\\\/\\\/my-french-grocery.com\\\/fr\\\/categorie-produit\\\/alimentation\\\/thes-cafes-chocolat-en-poudre\\\/\"},{\"@type\":\"ListItem\",\"position\":5,\"name\":\"Caf\u00e9 &amp; Chicor\u00e9e\",\"item\":\"https:\\\/\\\/my-french-grocery.com\\\/fr\\\/categorie-produit\\\/alimentation\\\/thes-cafes-chocolat-en-poudre\\\/cafe-chicoree\\\/\"},{\"@type\":\"ListItem\",\"position\":6,\"name\":\"Caf\u00e9 En Grains S\u00e9lection 100% Arabica L&#8217;Or\"}]},{\"@type\":\"WebSite\",\"@id\":\"https:\\\/\\\/my-french-grocery.com\\\/fr\\\/#website\",\"url\":\"https:\\\/\\\/my-french-grocery.com\\\/fr\\\/\",\"name\":\"My French Grocery\",\"description\":\"Your Online French Grocery  !\",\"publisher\":{\"@id\":\"https:\\\/\\\/my-french-grocery.com\\\/fr\\\/#organization\"},\"potentialAction\":[{\"@type\":\"SearchAction\",\"target\":{\"@type\":\"EntryPoint\",\"urlTemplate\":\"https:\\\/\\\/my-french-grocery.com\\\/fr\\\/?s={search_term_string}\"},\"query-input\":{\"@type\":\"PropertyValueSpecification\",\"valueRequired\":true,\"valueName\":\"search_term_string\"}}],\"inLanguage\":\"fr-FR\"},{\"@type\":\"Organization\",\"@id\":\"https:\\\/\\\/my-french-grocery.com\\\/fr\\\/#organization\",\"name\":\"MY FRENCH GROCERY\",\"url\":\"https:\\\/\\\/my-french-grocery.com\\\/fr\\\/\",\"logo\":{\"@type\":\"ImageObject\",\"inLanguage\":\"fr-FR\",\"@id\":\"https:\\\/\\\/my-french-grocery.com\\\/fr\\\/#\\\/schema\\\/logo\\\/image\\\/\",\"url\":\"https:\\\/\\\/my-french-grocery.com\\\/wp-content\\\/uploads\\\/2021\\\/11\\\/My-French-Grocery-Online-French-Grocery.png\",\"contentUrl\":\"https:\\\/\\\/my-french-grocery.com\\\/wp-content\\\/uploads\\\/2021\\\/11\\\/My-French-Grocery-Online-French-Grocery.png\",\"width\":100,\"height\":100,\"caption\":\"MY FRENCH GROCERY\"},\"image\":{\"@id\":\"https:\\\/\\\/my-french-grocery.com\\\/fr\\\/#\\\/schema\\\/logo\\\/image\\\/\"},\"sameAs\":[\"https:\\\/\\\/www.facebook.com\\\/myfrenchgrocery\\\/\"]}]}<\/script>\n<!-- \/ Yoast SEO plugin. -->","yoast_head_json":{"title":"Caf\u00e9 En Grains S\u00e9lection 100% Arabica L'Or | Acheter En Ligne | My French Grocery","description":"Caf\u00e9 En Grains S\u00e9lection 100% Arabica L'Or - paquet de 1Kg - L'OR a soigneusement s\u00e9lectionn\u00e9 des grains arabica pour vous offrir un caf\u00e9 \u00e9quilibr\u00e9 en bouche","robots":{"index":"index","follow":"follow","max-snippet":"max-snippet:-1","max-image-preview":"max-image-preview:large","max-video-preview":"max-video-preview:-1"},"canonical":"https:\/\/my-french-grocery.com\/fr\/produit\/cafe-en-grains-selection-100-arabica-lor\/","og_locale":"fr_FR","og_type":"article","og_title":"Caf\u00e9 En Grains S\u00e9lection 100% Arabica L'Or | Acheter En Ligne | My French Grocery","og_description":"Caf\u00e9 En Grains S\u00e9lection 100% Arabica L'Or - paquet de 1Kg - L'OR a soigneusement s\u00e9lectionn\u00e9 des grains arabica pour vous offrir un caf\u00e9 \u00e9quilibr\u00e9 en bouche","og_url":"https:\/\/my-french-grocery.com\/fr\/produit\/cafe-en-grains-selection-100-arabica-lor\/","og_site_name":"My French Grocery","article_publisher":"https:\/\/www.facebook.com\/myfrenchgrocery\/","article_modified_time":"2023-09-20T16:01:33+00:00","og_image":[{"width":1200,"height":1200,"url":"https:\/\/my-french-grocery.com\/wp-content\/uploads\/2023\/09\/LOR-Coffee-beans-balanced-and-harmonious-selection.png","type":"image\/png"}],"twitter_card":"summary_large_image","twitter_misc":{"Dur\u00e9e de lecture estim\u00e9e":"1 minute"},"schema":{"@context":"https:\/\/schema.org","@graph":[{"@type":"WebPage","@id":"https:\/\/my-french-grocery.com\/fr\/produit\/cafe-en-grains-selection-100-arabica-lor\/","url":"https:\/\/my-french-grocery.com\/fr\/produit\/cafe-en-grains-selection-100-arabica-lor\/","name":"Caf\u00e9 En Grains S\u00e9lection 100% Arabica L'Or | Acheter En Ligne | My French Grocery","isPartOf":{"@id":"https:\/\/my-french-grocery.com\/fr\/#website"},"primaryImageOfPage":{"@id":"https:\/\/my-french-grocery.com\/fr\/produit\/cafe-en-grains-selection-100-arabica-lor\/#primaryimage"},"image":{"@id":"https:\/\/my-french-grocery.com\/fr\/produit\/cafe-en-grains-selection-100-arabica-lor\/#primaryimage"},"thumbnailUrl":"https:\/\/my-french-grocery.com\/wp-content\/uploads\/2023\/09\/LOR-Coffee-beans-balanced-and-harmonious-selection.png","datePublished":"2023-09-20T15:55:24+00:00","dateModified":"2023-09-20T16:01:33+00:00","description":"Caf\u00e9 En Grains S\u00e9lection 100% Arabica L'Or - paquet de 1Kg - L'OR a soigneusement s\u00e9lectionn\u00e9 des grains arabica pour vous offrir un caf\u00e9 \u00e9quilibr\u00e9 en bouche","breadcrumb":{"@id":"https:\/\/my-french-grocery.com\/fr\/produit\/cafe-en-grains-selection-100-arabica-lor\/#breadcrumb"},"inLanguage":"fr-FR","potentialAction":[{"@type":"ReadAction","target":["https:\/\/my-french-grocery.com\/fr\/produit\/cafe-en-grains-selection-100-arabica-lor\/"]}]},{"@type":"ImageObject","inLanguage":"fr-FR","@id":"https:\/\/my-french-grocery.com\/fr\/produit\/cafe-en-grains-selection-100-arabica-lor\/#primaryimage","url":"https:\/\/my-french-grocery.com\/wp-content\/uploads\/2023\/09\/LOR-Coffee-beans-balanced-and-harmonious-selection.png","contentUrl":"https:\/\/my-french-grocery.com\/wp-content\/uploads\/2023\/09\/LOR-Coffee-beans-balanced-and-harmonious-selection.png","width":1200,"height":1200,"caption":"Caf\u00e9 En Grains S\u00e9lection 100% Arabica L'Or"},{"@type":"BreadcrumbList","@id":"https:\/\/my-french-grocery.com\/fr\/produit\/cafe-en-grains-selection-100-arabica-lor\/#breadcrumb","itemListElement":[{"@type":"ListItem","position":1,"name":"Home","item":"https:\/\/my-french-grocery.com\/fr\/"},{"@type":"ListItem","position":2,"name":"Shop","item":"https:\/\/my-french-grocery.com\/shop\/"},{"@type":"ListItem","position":3,"name":"Alimentation","item":"https:\/\/my-french-grocery.com\/fr\/categorie-produit\/alimentation\/"},{"@type":"ListItem","position":4,"name":"Th\u00e9s, Caf\u00e9s, Chocolat En Poudre","item":"https:\/\/my-french-grocery.com\/fr\/categorie-produit\/alimentation\/thes-cafes-chocolat-en-poudre\/"},{"@type":"ListItem","position":5,"name":"Caf\u00e9 &amp; Chicor\u00e9e","item":"https:\/\/my-french-grocery.com\/fr\/categorie-produit\/alimentation\/thes-cafes-chocolat-en-poudre\/cafe-chicoree\/"},{"@type":"ListItem","position":6,"name":"Caf\u00e9 En Grains S\u00e9lection 100% Arabica L&#8217;Or"}]},{"@type":"WebSite","@id":"https:\/\/my-french-grocery.com\/fr\/#website","url":"https:\/\/my-french-grocery.com\/fr\/","name":"My French Grocery","description":"Your Online French Grocery  !","publisher":{"@id":"https:\/\/my-french-grocery.com\/fr\/#organization"},"potentialAction":[{"@type":"SearchAction","target":{"@type":"EntryPoint","urlTemplate":"https:\/\/my-french-grocery.com\/fr\/?s={search_term_string}"},"query-input":{"@type":"PropertyValueSpecification","valueRequired":true,"valueName":"search_term_string"}}],"inLanguage":"fr-FR"},{"@type":"Organization","@id":"https:\/\/my-french-grocery.com\/fr\/#organization","name":"MY FRENCH GROCERY","url":"https:\/\/my-french-grocery.com\/fr\/","logo":{"@type":"ImageObject","inLanguage":"fr-FR","@id":"https:\/\/my-french-grocery.com\/fr\/#\/schema\/logo\/image\/","url":"https:\/\/my-french-grocery.com\/wp-content\/uploads\/2021\/11\/My-French-Grocery-Online-French-Grocery.png","contentUrl":"https:\/\/my-french-grocery.com\/wp-content\/uploads\/2021\/11\/My-French-Grocery-Online-French-Grocery.png","width":100,"height":100,"caption":"MY FRENCH GROCERY"},"image":{"@id":"https:\/\/my-french-grocery.com\/fr\/#\/schema\/logo\/image\/"},"sameAs":["https:\/\/www.facebook.com\/myfrenchgrocery\/"]}]}},"brands":[{"id":3361,"name":"L'Or - Maison Du Caf\u00e9","slug":"lor-maison-du-cafe-fr"}],"_links":{"self":[{"href":"https:\/\/my-french-grocery.com\/fr\/wp-json\/wp\/v2\/product\/35622","targetHints":{"allow":["GET"]}}],"collection":[{"href":"https:\/\/my-french-grocery.com\/fr\/wp-json\/wp\/v2\/product"}],"about":[{"href":"https:\/\/my-french-grocery.com\/fr\/wp-json\/wp\/v2\/types\/product"}],"replies":[{"embeddable":true,"href":"https:\/\/my-french-grocery.com\/fr\/wp-json\/wp\/v2\/comments?post=35622"}],"wp:featuredmedia":[{"embeddable":true,"href":"https:\/\/my-french-grocery.com\/fr\/wp-json\/wp\/v2\/media\/35626"}],"wp:attachment":[{"href":"https:\/\/my-french-grocery.com\/fr\/wp-json\/wp\/v2\/media?parent=35622"}],"wp:term":[{"taxonomy":"pwb-brand","embeddable":true,"href":"https:\/\/my-french-grocery.com\/fr\/wp-json\/wp\/v2\/pwb-brand?post=35622"},{"taxonomy":"product_brand","embeddable":true,"href":"https:\/\/my-french-grocery.com\/fr\/wp-json\/wp\/v2\/product_brand?post=35622"},{"taxonomy":"product_cat","embeddable":true,"href":"https:\/\/my-french-grocery.com\/fr\/wp-json\/wp\/v2\/product_cat?post=35622"},{"taxonomy":"product_tag","embeddable":true,"href":"https:\/\/my-french-grocery.com\/fr\/wp-json\/wp\/v2\/product_tag?post=35622"}],"curies":[{"name":"wp","href":"https:\/\/api.w.org\/{rel}","templated":true}]}}