{"id":35897,"date":"2023-10-08T17:40:16","date_gmt":"2023-10-08T15:40:18","guid":{"rendered":"https:\/\/my-french-grocery.com\/?post_type=product&#038;p=35897"},"modified":"2023-10-08T17:47:03","modified_gmt":"2023-10-08T15:47:03","slug":"cafe-en-grains-100-arabica-lor-absolu","status":"publish","type":"product","link":"https:\/\/my-french-grocery.com\/fr\/produit\/cafe-en-grains-100-arabica-lor-absolu\/","title":{"rendered":"Caf\u00e9 En Grains 100% Arabica L&rsquo;Or Absolu"},"content":{"rendered":"<p>Caf\u00e9 En Grains 100% Arabica L&rsquo;Or Absolu<\/p>\n<div class=\"regulated-name\">\n<p class=\"paragraph\">paquet de 1 Kg<\/p>\n<\/div>\n<div class=\"secondary-details__description\">\n<p class=\"paragraph\">N\u00e9 de l&rsquo;assemblage de grands Arabica et d\u00e9licatement torr\u00e9fi\u00e9, le caf\u00e9 en grain L&rsquo;OR Absolu conviendra parfaitement aux amateurs de caf\u00e9 aromatique et raffin\u00e9, au go\u00fbt \u00e9quilibr\u00e9 et doux. Il vous s\u00e9duira gr\u00e2ce \u00e0 un \u00e9quilibre parfait entre ses notes d&rsquo;\u00e9pices douces et d&rsquo;agrumes. La torr\u00e9faction ambr\u00e9e de ses grains permet de r\u00e9v\u00e9ler toute la richesse et la douceur de leurs ar\u00f4mes.<\/p>\n<\/div>\n","protected":false},"excerpt":{"rendered":"<p>Caf\u00e9 En Grains 100% Arabica L&rsquo;Or Absolu<\/p>\n<div class=\"regulated-name\">\n<p class=\"paragraph\">paquet de 1 Kg<\/p>\n<\/div>\n","protected":false},"featured_media":35901,"comment_status":"open","ping_status":"closed","template":"","meta":[],"pwb-brand":[3361],"product_brand":[],"product_cat":[1050],"product_tag":[],"class_list":{"0":"post-35897","1":"product","2":"type-product","3":"status-publish","4":"has-post-thumbnail","6":"pwb-brand-lor-maison-du-cafe-fr","7":"product_cat-cafe-chicoree","8":"product_shipping_class-expedition-dans-le-monde-entier","10":"first","11":"instock","12":"taxable","13":"shipping-taxable","14":"purchasable","15":"product-type-simple"},"yoast_head":"<!-- This site is optimized with the Yoast SEO plugin v27.3 - https:\/\/yoast.com\/product\/yoast-seo-wordpress\/ -->\n<title>Caf\u00e9 En Grains 100% Arabica L&#039;Or Absolu | Acheter En Ligne | My French Grocery<\/title>\n<meta name=\"description\" content=\"Caf\u00e9 En Grains 100% Arabica L&#039;Or Absolu - paquet de 1 Kg - N\u00e9 de l&#039;assemblage de grands Arabica et d\u00e9licatement torr\u00e9fi\u00e9, le caf\u00e9 en grain L&#039;OR Absolu conviendra parfaitement aux amateurs de caf\u00e9 aromatique et raffin\u00e9\" \/>\n<meta name=\"robots\" content=\"index, follow, max-snippet:-1, max-image-preview:large, max-video-preview:-1\" \/>\n<link rel=\"canonical\" href=\"https:\/\/my-french-grocery.com\/fr\/produit\/cafe-en-grains-100-arabica-lor-absolu\/\" \/>\n<meta property=\"og:locale\" content=\"fr_FR\" \/>\n<meta property=\"og:type\" content=\"article\" \/>\n<meta property=\"og:title\" content=\"Caf\u00e9 En Grains 100% Arabica L&#039;Or Absolu | Acheter En Ligne | My French Grocery\" \/>\n<meta property=\"og:description\" content=\"Caf\u00e9 En Grains 100% Arabica L&#039;Or Absolu - paquet de 1 Kg - N\u00e9 de l&#039;assemblage de grands Arabica et d\u00e9licatement torr\u00e9fi\u00e9, le caf\u00e9 en grain L&#039;OR Absolu conviendra parfaitement aux amateurs de caf\u00e9 aromatique et raffin\u00e9\" \/>\n<meta property=\"og:url\" content=\"https:\/\/my-french-grocery.com\/fr\/produit\/cafe-en-grains-100-arabica-lor-absolu\/\" \/>\n<meta property=\"og:site_name\" content=\"My French Grocery\" \/>\n<meta property=\"article:publisher\" content=\"https:\/\/www.facebook.com\/myfrenchgrocery\/\" \/>\n<meta property=\"article:modified_time\" content=\"2023-10-08T15:47:03+00:00\" \/>\n<meta property=\"og:image\" content=\"https:\/\/my-french-grocery.com\/wp-content\/uploads\/2023\/10\/LOR-Absolu-Grand-Cru-Coffee-Beans.png\" \/>\n\t<meta property=\"og:image:width\" content=\"1200\" \/>\n\t<meta property=\"og:image:height\" content=\"1200\" \/>\n\t<meta property=\"og:image:type\" content=\"image\/png\" \/>\n<meta name=\"twitter:card\" content=\"summary_large_image\" \/>\n<script type=\"application\/ld+json\" class=\"yoast-schema-graph\">{\"@context\":\"https:\\\/\\\/schema.org\",\"@graph\":[{\"@type\":\"WebPage\",\"@id\":\"https:\\\/\\\/my-french-grocery.com\\\/fr\\\/produit\\\/cafe-en-grains-100-arabica-lor-absolu\\\/\",\"url\":\"https:\\\/\\\/my-french-grocery.com\\\/fr\\\/produit\\\/cafe-en-grains-100-arabica-lor-absolu\\\/\",\"name\":\"Caf\u00e9 En Grains 100% Arabica L'Or Absolu | Acheter En Ligne | My French Grocery\",\"isPartOf\":{\"@id\":\"https:\\\/\\\/my-french-grocery.com\\\/fr\\\/#website\"},\"primaryImageOfPage\":{\"@id\":\"https:\\\/\\\/my-french-grocery.com\\\/fr\\\/produit\\\/cafe-en-grains-100-arabica-lor-absolu\\\/#primaryimage\"},\"image\":{\"@id\":\"https:\\\/\\\/my-french-grocery.com\\\/fr\\\/produit\\\/cafe-en-grains-100-arabica-lor-absolu\\\/#primaryimage\"},\"thumbnailUrl\":\"https:\\\/\\\/my-french-grocery.com\\\/wp-content\\\/uploads\\\/2023\\\/10\\\/LOR-Absolu-Grand-Cru-Coffee-Beans.png\",\"datePublished\":\"2023-10-08T15:40:18+00:00\",\"dateModified\":\"2023-10-08T15:47:03+00:00\",\"description\":\"Caf\u00e9 En Grains 100% Arabica L'Or Absolu - paquet de 1 Kg - N\u00e9 de l'assemblage de grands Arabica et d\u00e9licatement torr\u00e9fi\u00e9, le caf\u00e9 en grain L'OR Absolu conviendra parfaitement aux amateurs de caf\u00e9 aromatique et raffin\u00e9\",\"breadcrumb\":{\"@id\":\"https:\\\/\\\/my-french-grocery.com\\\/fr\\\/produit\\\/cafe-en-grains-100-arabica-lor-absolu\\\/#breadcrumb\"},\"inLanguage\":\"fr-FR\",\"potentialAction\":[{\"@type\":\"ReadAction\",\"target\":[\"https:\\\/\\\/my-french-grocery.com\\\/fr\\\/produit\\\/cafe-en-grains-100-arabica-lor-absolu\\\/\"]}]},{\"@type\":\"ImageObject\",\"inLanguage\":\"fr-FR\",\"@id\":\"https:\\\/\\\/my-french-grocery.com\\\/fr\\\/produit\\\/cafe-en-grains-100-arabica-lor-absolu\\\/#primaryimage\",\"url\":\"https:\\\/\\\/my-french-grocery.com\\\/wp-content\\\/uploads\\\/2023\\\/10\\\/LOR-Absolu-Grand-Cru-Coffee-Beans.png\",\"contentUrl\":\"https:\\\/\\\/my-french-grocery.com\\\/wp-content\\\/uploads\\\/2023\\\/10\\\/LOR-Absolu-Grand-Cru-Coffee-Beans.png\",\"width\":1200,\"height\":1200,\"caption\":\"Caf\u00e9 En Grains 100% Arabica L'Or Absolu\"},{\"@type\":\"BreadcrumbList\",\"@id\":\"https:\\\/\\\/my-french-grocery.com\\\/fr\\\/produit\\\/cafe-en-grains-100-arabica-lor-absolu\\\/#breadcrumb\",\"itemListElement\":[{\"@type\":\"ListItem\",\"position\":1,\"name\":\"Home\",\"item\":\"https:\\\/\\\/my-french-grocery.com\\\/fr\\\/\"},{\"@type\":\"ListItem\",\"position\":2,\"name\":\"Shop\",\"item\":\"https:\\\/\\\/my-french-grocery.com\\\/shop\\\/\"},{\"@type\":\"ListItem\",\"position\":3,\"name\":\"Alimentation\",\"item\":\"https:\\\/\\\/my-french-grocery.com\\\/fr\\\/categorie-produit\\\/alimentation\\\/\"},{\"@type\":\"ListItem\",\"position\":4,\"name\":\"Th\u00e9s, Caf\u00e9s, Chocolat En Poudre\",\"item\":\"https:\\\/\\\/my-french-grocery.com\\\/fr\\\/categorie-produit\\\/alimentation\\\/thes-cafes-chocolat-en-poudre\\\/\"},{\"@type\":\"ListItem\",\"position\":5,\"name\":\"Caf\u00e9 &amp; Chicor\u00e9e\",\"item\":\"https:\\\/\\\/my-french-grocery.com\\\/fr\\\/categorie-produit\\\/alimentation\\\/thes-cafes-chocolat-en-poudre\\\/cafe-chicoree\\\/\"},{\"@type\":\"ListItem\",\"position\":6,\"name\":\"Caf\u00e9 En Grains 100% Arabica L&#8217;Or Absolu\"}]},{\"@type\":\"WebSite\",\"@id\":\"https:\\\/\\\/my-french-grocery.com\\\/fr\\\/#website\",\"url\":\"https:\\\/\\\/my-french-grocery.com\\\/fr\\\/\",\"name\":\"My French Grocery\",\"description\":\"Your Online French Grocery  !\",\"publisher\":{\"@id\":\"https:\\\/\\\/my-french-grocery.com\\\/fr\\\/#organization\"},\"potentialAction\":[{\"@type\":\"SearchAction\",\"target\":{\"@type\":\"EntryPoint\",\"urlTemplate\":\"https:\\\/\\\/my-french-grocery.com\\\/fr\\\/?s={search_term_string}\"},\"query-input\":{\"@type\":\"PropertyValueSpecification\",\"valueRequired\":true,\"valueName\":\"search_term_string\"}}],\"inLanguage\":\"fr-FR\"},{\"@type\":\"Organization\",\"@id\":\"https:\\\/\\\/my-french-grocery.com\\\/fr\\\/#organization\",\"name\":\"MY FRENCH GROCERY\",\"url\":\"https:\\\/\\\/my-french-grocery.com\\\/fr\\\/\",\"logo\":{\"@type\":\"ImageObject\",\"inLanguage\":\"fr-FR\",\"@id\":\"https:\\\/\\\/my-french-grocery.com\\\/fr\\\/#\\\/schema\\\/logo\\\/image\\\/\",\"url\":\"https:\\\/\\\/my-french-grocery.com\\\/wp-content\\\/uploads\\\/2021\\\/11\\\/My-French-Grocery-Online-French-Grocery.png\",\"contentUrl\":\"https:\\\/\\\/my-french-grocery.com\\\/wp-content\\\/uploads\\\/2021\\\/11\\\/My-French-Grocery-Online-French-Grocery.png\",\"width\":100,\"height\":100,\"caption\":\"MY FRENCH GROCERY\"},\"image\":{\"@id\":\"https:\\\/\\\/my-french-grocery.com\\\/fr\\\/#\\\/schema\\\/logo\\\/image\\\/\"},\"sameAs\":[\"https:\\\/\\\/www.facebook.com\\\/myfrenchgrocery\\\/\"]}]}<\/script>\n<!-- \/ Yoast SEO plugin. -->","yoast_head_json":{"title":"Caf\u00e9 En Grains 100% Arabica L'Or Absolu | Acheter En Ligne | My French Grocery","description":"Caf\u00e9 En Grains 100% Arabica L'Or Absolu - paquet de 1 Kg - N\u00e9 de l'assemblage de grands Arabica et d\u00e9licatement torr\u00e9fi\u00e9, le caf\u00e9 en grain L'OR Absolu conviendra parfaitement aux amateurs de caf\u00e9 aromatique et raffin\u00e9","robots":{"index":"index","follow":"follow","max-snippet":"max-snippet:-1","max-image-preview":"max-image-preview:large","max-video-preview":"max-video-preview:-1"},"canonical":"https:\/\/my-french-grocery.com\/fr\/produit\/cafe-en-grains-100-arabica-lor-absolu\/","og_locale":"fr_FR","og_type":"article","og_title":"Caf\u00e9 En Grains 100% Arabica L'Or Absolu | Acheter En Ligne | My French Grocery","og_description":"Caf\u00e9 En Grains 100% Arabica L'Or Absolu - paquet de 1 Kg - N\u00e9 de l'assemblage de grands Arabica et d\u00e9licatement torr\u00e9fi\u00e9, le caf\u00e9 en grain L'OR Absolu conviendra parfaitement aux amateurs de caf\u00e9 aromatique et raffin\u00e9","og_url":"https:\/\/my-french-grocery.com\/fr\/produit\/cafe-en-grains-100-arabica-lor-absolu\/","og_site_name":"My French Grocery","article_publisher":"https:\/\/www.facebook.com\/myfrenchgrocery\/","article_modified_time":"2023-10-08T15:47:03+00:00","og_image":[{"width":1200,"height":1200,"url":"https:\/\/my-french-grocery.com\/wp-content\/uploads\/2023\/10\/LOR-Absolu-Grand-Cru-Coffee-Beans.png","type":"image\/png"}],"twitter_card":"summary_large_image","schema":{"@context":"https:\/\/schema.org","@graph":[{"@type":"WebPage","@id":"https:\/\/my-french-grocery.com\/fr\/produit\/cafe-en-grains-100-arabica-lor-absolu\/","url":"https:\/\/my-french-grocery.com\/fr\/produit\/cafe-en-grains-100-arabica-lor-absolu\/","name":"Caf\u00e9 En Grains 100% Arabica L'Or Absolu | Acheter En Ligne | My French Grocery","isPartOf":{"@id":"https:\/\/my-french-grocery.com\/fr\/#website"},"primaryImageOfPage":{"@id":"https:\/\/my-french-grocery.com\/fr\/produit\/cafe-en-grains-100-arabica-lor-absolu\/#primaryimage"},"image":{"@id":"https:\/\/my-french-grocery.com\/fr\/produit\/cafe-en-grains-100-arabica-lor-absolu\/#primaryimage"},"thumbnailUrl":"https:\/\/my-french-grocery.com\/wp-content\/uploads\/2023\/10\/LOR-Absolu-Grand-Cru-Coffee-Beans.png","datePublished":"2023-10-08T15:40:18+00:00","dateModified":"2023-10-08T15:47:03+00:00","description":"Caf\u00e9 En Grains 100% Arabica L'Or Absolu - paquet de 1 Kg - N\u00e9 de l'assemblage de grands Arabica et d\u00e9licatement torr\u00e9fi\u00e9, le caf\u00e9 en grain L'OR Absolu conviendra parfaitement aux amateurs de caf\u00e9 aromatique et raffin\u00e9","breadcrumb":{"@id":"https:\/\/my-french-grocery.com\/fr\/produit\/cafe-en-grains-100-arabica-lor-absolu\/#breadcrumb"},"inLanguage":"fr-FR","potentialAction":[{"@type":"ReadAction","target":["https:\/\/my-french-grocery.com\/fr\/produit\/cafe-en-grains-100-arabica-lor-absolu\/"]}]},{"@type":"ImageObject","inLanguage":"fr-FR","@id":"https:\/\/my-french-grocery.com\/fr\/produit\/cafe-en-grains-100-arabica-lor-absolu\/#primaryimage","url":"https:\/\/my-french-grocery.com\/wp-content\/uploads\/2023\/10\/LOR-Absolu-Grand-Cru-Coffee-Beans.png","contentUrl":"https:\/\/my-french-grocery.com\/wp-content\/uploads\/2023\/10\/LOR-Absolu-Grand-Cru-Coffee-Beans.png","width":1200,"height":1200,"caption":"Caf\u00e9 En Grains 100% Arabica L'Or Absolu"},{"@type":"BreadcrumbList","@id":"https:\/\/my-french-grocery.com\/fr\/produit\/cafe-en-grains-100-arabica-lor-absolu\/#breadcrumb","itemListElement":[{"@type":"ListItem","position":1,"name":"Home","item":"https:\/\/my-french-grocery.com\/fr\/"},{"@type":"ListItem","position":2,"name":"Shop","item":"https:\/\/my-french-grocery.com\/shop\/"},{"@type":"ListItem","position":3,"name":"Alimentation","item":"https:\/\/my-french-grocery.com\/fr\/categorie-produit\/alimentation\/"},{"@type":"ListItem","position":4,"name":"Th\u00e9s, Caf\u00e9s, Chocolat En Poudre","item":"https:\/\/my-french-grocery.com\/fr\/categorie-produit\/alimentation\/thes-cafes-chocolat-en-poudre\/"},{"@type":"ListItem","position":5,"name":"Caf\u00e9 &amp; Chicor\u00e9e","item":"https:\/\/my-french-grocery.com\/fr\/categorie-produit\/alimentation\/thes-cafes-chocolat-en-poudre\/cafe-chicoree\/"},{"@type":"ListItem","position":6,"name":"Caf\u00e9 En Grains 100% Arabica L&#8217;Or Absolu"}]},{"@type":"WebSite","@id":"https:\/\/my-french-grocery.com\/fr\/#website","url":"https:\/\/my-french-grocery.com\/fr\/","name":"My French Grocery","description":"Your Online French Grocery  !","publisher":{"@id":"https:\/\/my-french-grocery.com\/fr\/#organization"},"potentialAction":[{"@type":"SearchAction","target":{"@type":"EntryPoint","urlTemplate":"https:\/\/my-french-grocery.com\/fr\/?s={search_term_string}"},"query-input":{"@type":"PropertyValueSpecification","valueRequired":true,"valueName":"search_term_string"}}],"inLanguage":"fr-FR"},{"@type":"Organization","@id":"https:\/\/my-french-grocery.com\/fr\/#organization","name":"MY FRENCH GROCERY","url":"https:\/\/my-french-grocery.com\/fr\/","logo":{"@type":"ImageObject","inLanguage":"fr-FR","@id":"https:\/\/my-french-grocery.com\/fr\/#\/schema\/logo\/image\/","url":"https:\/\/my-french-grocery.com\/wp-content\/uploads\/2021\/11\/My-French-Grocery-Online-French-Grocery.png","contentUrl":"https:\/\/my-french-grocery.com\/wp-content\/uploads\/2021\/11\/My-French-Grocery-Online-French-Grocery.png","width":100,"height":100,"caption":"MY FRENCH GROCERY"},"image":{"@id":"https:\/\/my-french-grocery.com\/fr\/#\/schema\/logo\/image\/"},"sameAs":["https:\/\/www.facebook.com\/myfrenchgrocery\/"]}]}},"brands":[{"id":3361,"name":"L'Or - Maison Du Caf\u00e9","slug":"lor-maison-du-cafe-fr"}],"_links":{"self":[{"href":"https:\/\/my-french-grocery.com\/fr\/wp-json\/wp\/v2\/product\/35897","targetHints":{"allow":["GET"]}}],"collection":[{"href":"https:\/\/my-french-grocery.com\/fr\/wp-json\/wp\/v2\/product"}],"about":[{"href":"https:\/\/my-french-grocery.com\/fr\/wp-json\/wp\/v2\/types\/product"}],"replies":[{"embeddable":true,"href":"https:\/\/my-french-grocery.com\/fr\/wp-json\/wp\/v2\/comments?post=35897"}],"wp:featuredmedia":[{"embeddable":true,"href":"https:\/\/my-french-grocery.com\/fr\/wp-json\/wp\/v2\/media\/35901"}],"wp:attachment":[{"href":"https:\/\/my-french-grocery.com\/fr\/wp-json\/wp\/v2\/media?parent=35897"}],"wp:term":[{"taxonomy":"pwb-brand","embeddable":true,"href":"https:\/\/my-french-grocery.com\/fr\/wp-json\/wp\/v2\/pwb-brand?post=35897"},{"taxonomy":"product_brand","embeddable":true,"href":"https:\/\/my-french-grocery.com\/fr\/wp-json\/wp\/v2\/product_brand?post=35897"},{"taxonomy":"product_cat","embeddable":true,"href":"https:\/\/my-french-grocery.com\/fr\/wp-json\/wp\/v2\/product_cat?post=35897"},{"taxonomy":"product_tag","embeddable":true,"href":"https:\/\/my-french-grocery.com\/fr\/wp-json\/wp\/v2\/product_tag?post=35897"}],"curies":[{"name":"wp","href":"https:\/\/api.w.org\/{rel}","templated":true}]}}