{"id":35934,"date":"2023-10-09T17:10:49","date_gmt":"2023-10-09T15:10:51","guid":{"rendered":"https:\/\/my-french-grocery.com\/?post_type=product&#038;p=35934"},"modified":"2025-04-18T01:48:04","modified_gmt":"2025-04-17T23:48:04","slug":"madeleines-chocolat-au-lait-bonne-maman","status":"publish","type":"product","link":"https:\/\/my-french-grocery.com\/fr\/produit\/madeleines-chocolat-au-lait-bonne-maman\/","title":{"rendered":"Madeleines Chocolat Au Lait Bonne Maman"},"content":{"rendered":"<p>Madeleines Chocolat Au Lait Bonne Maman<\/p>\n<p>sachet de 10 &#8211; 300 g<\/p>\n<div class=\"regulated-name\">\n<p class=\"paragraph\">Id\u00e9ale pour les gourmands, la madeleine pur beurre Bonne Maman avec un nappage au chocolat au lait sera appr\u00e9ci\u00e9e de tous. Sans colorant et fabriqu\u00e9es en France.<br \/>\nPour pr\u00e9server toute sa saveur et son moelleux, chaque madeleine Bonne Maman est emball\u00e9e avec soin dans son petit sachet fraicheur.<\/p>\n<\/div>\n","protected":false},"excerpt":{"rendered":"<p>Madeleines Chocolat Au Lait Bonne Maman<\/p>\n<p>sachet de 10 &#8211; 300 g<\/p>\n","protected":false},"featured_media":35938,"comment_status":"open","ping_status":"closed","template":"","meta":[],"pwb-brand":[537],"product_brand":[],"product_cat":[1025],"product_tag":[],"class_list":{"0":"post-35934","1":"product","2":"type-product","3":"status-publish","4":"has-post-thumbnail","6":"pwb-brand-bonne-maman-fr","7":"product_cat-gateaux-biscuits","8":"product_shipping_class-expedition-dans-le-monde-entier","10":"first","11":"instock","12":"taxable","13":"shipping-taxable","14":"purchasable","15":"product-type-simple"},"yoast_head":"<!-- This site is optimized with the Yoast SEO plugin v27.4 - https:\/\/yoast.com\/product\/yoast-seo-wordpress\/ -->\n<title>Madeleines Chocolat Au Lait Bonne Maman | Acheter En Ligne | My French Grocery<\/title>\n<meta name=\"description\" content=\"Madeleines Chocolat Au Lait Bonne Maman - sachet de 10 - 300 g Id\u00e9ale pour les gourmands, la madeleine pur beurre Bonne Maman avec un nappage au chocolat au lait sera appr\u00e9ci\u00e9e de tous.\" \/>\n<meta name=\"robots\" content=\"index, follow, max-snippet:-1, max-image-preview:large, max-video-preview:-1\" \/>\n<link rel=\"canonical\" href=\"https:\/\/my-french-grocery.com\/fr\/produit\/madeleines-chocolat-au-lait-bonne-maman\/\" \/>\n<meta property=\"og:locale\" content=\"fr_FR\" \/>\n<meta property=\"og:type\" content=\"article\" \/>\n<meta property=\"og:title\" content=\"Madeleines Chocolat Au Lait Bonne Maman | Acheter En Ligne | My French Grocery\" \/>\n<meta property=\"og:description\" content=\"Madeleines Chocolat Au Lait Bonne Maman - sachet de 10 - 300 g Id\u00e9ale pour les gourmands, la madeleine pur beurre Bonne Maman avec un nappage au chocolat au lait sera appr\u00e9ci\u00e9e de tous.\" \/>\n<meta property=\"og:url\" content=\"https:\/\/my-french-grocery.com\/fr\/produit\/madeleines-chocolat-au-lait-bonne-maman\/\" \/>\n<meta property=\"og:site_name\" content=\"My French Grocery\" \/>\n<meta property=\"article:publisher\" content=\"https:\/\/www.facebook.com\/myfrenchgrocery\/\" \/>\n<meta property=\"article:modified_time\" content=\"2025-04-17T23:48:04+00:00\" \/>\n<meta property=\"og:image\" content=\"https:\/\/my-french-grocery.com\/wp-content\/uploads\/2023\/10\/Madeleines-topped-with-milk-chocolate-bonne-maman.jpg\" \/>\n\t<meta property=\"og:image:width\" content=\"1500\" \/>\n\t<meta property=\"og:image:height\" content=\"1500\" \/>\n\t<meta property=\"og:image:type\" content=\"image\/jpeg\" \/>\n<meta name=\"twitter:card\" content=\"summary_large_image\" \/>\n<script type=\"application\/ld+json\" class=\"yoast-schema-graph\">{\"@context\":\"https:\\\/\\\/schema.org\",\"@graph\":[{\"@type\":\"WebPage\",\"@id\":\"https:\\\/\\\/my-french-grocery.com\\\/fr\\\/produit\\\/madeleines-chocolat-au-lait-bonne-maman\\\/\",\"url\":\"https:\\\/\\\/my-french-grocery.com\\\/fr\\\/produit\\\/madeleines-chocolat-au-lait-bonne-maman\\\/\",\"name\":\"Madeleines Chocolat Au Lait Bonne Maman | Acheter En Ligne | My French Grocery\",\"isPartOf\":{\"@id\":\"https:\\\/\\\/my-french-grocery.com\\\/fr\\\/#website\"},\"primaryImageOfPage\":{\"@id\":\"https:\\\/\\\/my-french-grocery.com\\\/fr\\\/produit\\\/madeleines-chocolat-au-lait-bonne-maman\\\/#primaryimage\"},\"image\":{\"@id\":\"https:\\\/\\\/my-french-grocery.com\\\/fr\\\/produit\\\/madeleines-chocolat-au-lait-bonne-maman\\\/#primaryimage\"},\"thumbnailUrl\":\"https:\\\/\\\/my-french-grocery.com\\\/wp-content\\\/uploads\\\/2023\\\/10\\\/Madeleines-topped-with-milk-chocolate-bonne-maman.jpg\",\"datePublished\":\"2023-10-09T15:10:51+00:00\",\"dateModified\":\"2025-04-17T23:48:04+00:00\",\"description\":\"Madeleines Chocolat Au Lait Bonne Maman - sachet de 10 - 300 g Id\u00e9ale pour les gourmands, la madeleine pur beurre Bonne Maman avec un nappage au chocolat au lait sera appr\u00e9ci\u00e9e de tous.\",\"breadcrumb\":{\"@id\":\"https:\\\/\\\/my-french-grocery.com\\\/fr\\\/produit\\\/madeleines-chocolat-au-lait-bonne-maman\\\/#breadcrumb\"},\"inLanguage\":\"fr-FR\",\"potentialAction\":[{\"@type\":\"ReadAction\",\"target\":[\"https:\\\/\\\/my-french-grocery.com\\\/fr\\\/produit\\\/madeleines-chocolat-au-lait-bonne-maman\\\/\"]}]},{\"@type\":\"ImageObject\",\"inLanguage\":\"fr-FR\",\"@id\":\"https:\\\/\\\/my-french-grocery.com\\\/fr\\\/produit\\\/madeleines-chocolat-au-lait-bonne-maman\\\/#primaryimage\",\"url\":\"https:\\\/\\\/my-french-grocery.com\\\/wp-content\\\/uploads\\\/2023\\\/10\\\/Madeleines-topped-with-milk-chocolate-bonne-maman.jpg\",\"contentUrl\":\"https:\\\/\\\/my-french-grocery.com\\\/wp-content\\\/uploads\\\/2023\\\/10\\\/Madeleines-topped-with-milk-chocolate-bonne-maman.jpg\",\"width\":1500,\"height\":1500,\"caption\":\"Madeleines Chocolat Au Lait Bonne Maman\"},{\"@type\":\"BreadcrumbList\",\"@id\":\"https:\\\/\\\/my-french-grocery.com\\\/fr\\\/produit\\\/madeleines-chocolat-au-lait-bonne-maman\\\/#breadcrumb\",\"itemListElement\":[{\"@type\":\"ListItem\",\"position\":1,\"name\":\"Home\",\"item\":\"https:\\\/\\\/my-french-grocery.com\\\/fr\\\/\"},{\"@type\":\"ListItem\",\"position\":2,\"name\":\"Shop\",\"item\":\"https:\\\/\\\/my-french-grocery.com\\\/shop\\\/\"},{\"@type\":\"ListItem\",\"position\":3,\"name\":\"Alimentation\",\"item\":\"https:\\\/\\\/my-french-grocery.com\\\/fr\\\/categorie-produit\\\/alimentation\\\/\"},{\"@type\":\"ListItem\",\"position\":4,\"name\":\"G\u00e2teaux &amp; Biscuits\",\"item\":\"https:\\\/\\\/my-french-grocery.com\\\/fr\\\/categorie-produit\\\/alimentation\\\/gateaux-biscuits\\\/\"},{\"@type\":\"ListItem\",\"position\":5,\"name\":\"Madeleines Chocolat Au Lait Bonne Maman\"}]},{\"@type\":\"WebSite\",\"@id\":\"https:\\\/\\\/my-french-grocery.com\\\/fr\\\/#website\",\"url\":\"https:\\\/\\\/my-french-grocery.com\\\/fr\\\/\",\"name\":\"My French Grocery\",\"description\":\"Your Online French Grocery  !\",\"publisher\":{\"@id\":\"https:\\\/\\\/my-french-grocery.com\\\/fr\\\/#organization\"},\"potentialAction\":[{\"@type\":\"SearchAction\",\"target\":{\"@type\":\"EntryPoint\",\"urlTemplate\":\"https:\\\/\\\/my-french-grocery.com\\\/fr\\\/?s={search_term_string}\"},\"query-input\":{\"@type\":\"PropertyValueSpecification\",\"valueRequired\":true,\"valueName\":\"search_term_string\"}}],\"inLanguage\":\"fr-FR\"},{\"@type\":\"Organization\",\"@id\":\"https:\\\/\\\/my-french-grocery.com\\\/fr\\\/#organization\",\"name\":\"MY FRENCH GROCERY\",\"url\":\"https:\\\/\\\/my-french-grocery.com\\\/fr\\\/\",\"logo\":{\"@type\":\"ImageObject\",\"inLanguage\":\"fr-FR\",\"@id\":\"https:\\\/\\\/my-french-grocery.com\\\/fr\\\/#\\\/schema\\\/logo\\\/image\\\/\",\"url\":\"https:\\\/\\\/my-french-grocery.com\\\/wp-content\\\/uploads\\\/2021\\\/11\\\/My-French-Grocery-Online-French-Grocery.png\",\"contentUrl\":\"https:\\\/\\\/my-french-grocery.com\\\/wp-content\\\/uploads\\\/2021\\\/11\\\/My-French-Grocery-Online-French-Grocery.png\",\"width\":100,\"height\":100,\"caption\":\"MY FRENCH GROCERY\"},\"image\":{\"@id\":\"https:\\\/\\\/my-french-grocery.com\\\/fr\\\/#\\\/schema\\\/logo\\\/image\\\/\"},\"sameAs\":[\"https:\\\/\\\/www.facebook.com\\\/myfrenchgrocery\\\/\"]}]}<\/script>\n<!-- \/ Yoast SEO plugin. -->","yoast_head_json":{"title":"Madeleines Chocolat Au Lait Bonne Maman | Acheter En Ligne | My French Grocery","description":"Madeleines Chocolat Au Lait Bonne Maman - sachet de 10 - 300 g Id\u00e9ale pour les gourmands, la madeleine pur beurre Bonne Maman avec un nappage au chocolat au lait sera appr\u00e9ci\u00e9e de tous.","robots":{"index":"index","follow":"follow","max-snippet":"max-snippet:-1","max-image-preview":"max-image-preview:large","max-video-preview":"max-video-preview:-1"},"canonical":"https:\/\/my-french-grocery.com\/fr\/produit\/madeleines-chocolat-au-lait-bonne-maman\/","og_locale":"fr_FR","og_type":"article","og_title":"Madeleines Chocolat Au Lait Bonne Maman | Acheter En Ligne | My French Grocery","og_description":"Madeleines Chocolat Au Lait Bonne Maman - sachet de 10 - 300 g Id\u00e9ale pour les gourmands, la madeleine pur beurre Bonne Maman avec un nappage au chocolat au lait sera appr\u00e9ci\u00e9e de tous.","og_url":"https:\/\/my-french-grocery.com\/fr\/produit\/madeleines-chocolat-au-lait-bonne-maman\/","og_site_name":"My French Grocery","article_publisher":"https:\/\/www.facebook.com\/myfrenchgrocery\/","article_modified_time":"2025-04-17T23:48:04+00:00","og_image":[{"width":1500,"height":1500,"url":"https:\/\/my-french-grocery.com\/wp-content\/uploads\/2023\/10\/Madeleines-topped-with-milk-chocolate-bonne-maman.jpg","type":"image\/jpeg"}],"twitter_card":"summary_large_image","schema":{"@context":"https:\/\/schema.org","@graph":[{"@type":"WebPage","@id":"https:\/\/my-french-grocery.com\/fr\/produit\/madeleines-chocolat-au-lait-bonne-maman\/","url":"https:\/\/my-french-grocery.com\/fr\/produit\/madeleines-chocolat-au-lait-bonne-maman\/","name":"Madeleines Chocolat Au Lait Bonne Maman | Acheter En Ligne | My French Grocery","isPartOf":{"@id":"https:\/\/my-french-grocery.com\/fr\/#website"},"primaryImageOfPage":{"@id":"https:\/\/my-french-grocery.com\/fr\/produit\/madeleines-chocolat-au-lait-bonne-maman\/#primaryimage"},"image":{"@id":"https:\/\/my-french-grocery.com\/fr\/produit\/madeleines-chocolat-au-lait-bonne-maman\/#primaryimage"},"thumbnailUrl":"https:\/\/my-french-grocery.com\/wp-content\/uploads\/2023\/10\/Madeleines-topped-with-milk-chocolate-bonne-maman.jpg","datePublished":"2023-10-09T15:10:51+00:00","dateModified":"2025-04-17T23:48:04+00:00","description":"Madeleines Chocolat Au Lait Bonne Maman - sachet de 10 - 300 g Id\u00e9ale pour les gourmands, la madeleine pur beurre Bonne Maman avec un nappage au chocolat au lait sera appr\u00e9ci\u00e9e de tous.","breadcrumb":{"@id":"https:\/\/my-french-grocery.com\/fr\/produit\/madeleines-chocolat-au-lait-bonne-maman\/#breadcrumb"},"inLanguage":"fr-FR","potentialAction":[{"@type":"ReadAction","target":["https:\/\/my-french-grocery.com\/fr\/produit\/madeleines-chocolat-au-lait-bonne-maman\/"]}]},{"@type":"ImageObject","inLanguage":"fr-FR","@id":"https:\/\/my-french-grocery.com\/fr\/produit\/madeleines-chocolat-au-lait-bonne-maman\/#primaryimage","url":"https:\/\/my-french-grocery.com\/wp-content\/uploads\/2023\/10\/Madeleines-topped-with-milk-chocolate-bonne-maman.jpg","contentUrl":"https:\/\/my-french-grocery.com\/wp-content\/uploads\/2023\/10\/Madeleines-topped-with-milk-chocolate-bonne-maman.jpg","width":1500,"height":1500,"caption":"Madeleines Chocolat Au Lait Bonne Maman"},{"@type":"BreadcrumbList","@id":"https:\/\/my-french-grocery.com\/fr\/produit\/madeleines-chocolat-au-lait-bonne-maman\/#breadcrumb","itemListElement":[{"@type":"ListItem","position":1,"name":"Home","item":"https:\/\/my-french-grocery.com\/fr\/"},{"@type":"ListItem","position":2,"name":"Shop","item":"https:\/\/my-french-grocery.com\/shop\/"},{"@type":"ListItem","position":3,"name":"Alimentation","item":"https:\/\/my-french-grocery.com\/fr\/categorie-produit\/alimentation\/"},{"@type":"ListItem","position":4,"name":"G\u00e2teaux &amp; Biscuits","item":"https:\/\/my-french-grocery.com\/fr\/categorie-produit\/alimentation\/gateaux-biscuits\/"},{"@type":"ListItem","position":5,"name":"Madeleines Chocolat Au Lait Bonne Maman"}]},{"@type":"WebSite","@id":"https:\/\/my-french-grocery.com\/fr\/#website","url":"https:\/\/my-french-grocery.com\/fr\/","name":"My French Grocery","description":"Your Online French Grocery  !","publisher":{"@id":"https:\/\/my-french-grocery.com\/fr\/#organization"},"potentialAction":[{"@type":"SearchAction","target":{"@type":"EntryPoint","urlTemplate":"https:\/\/my-french-grocery.com\/fr\/?s={search_term_string}"},"query-input":{"@type":"PropertyValueSpecification","valueRequired":true,"valueName":"search_term_string"}}],"inLanguage":"fr-FR"},{"@type":"Organization","@id":"https:\/\/my-french-grocery.com\/fr\/#organization","name":"MY FRENCH GROCERY","url":"https:\/\/my-french-grocery.com\/fr\/","logo":{"@type":"ImageObject","inLanguage":"fr-FR","@id":"https:\/\/my-french-grocery.com\/fr\/#\/schema\/logo\/image\/","url":"https:\/\/my-french-grocery.com\/wp-content\/uploads\/2021\/11\/My-French-Grocery-Online-French-Grocery.png","contentUrl":"https:\/\/my-french-grocery.com\/wp-content\/uploads\/2021\/11\/My-French-Grocery-Online-French-Grocery.png","width":100,"height":100,"caption":"MY FRENCH GROCERY"},"image":{"@id":"https:\/\/my-french-grocery.com\/fr\/#\/schema\/logo\/image\/"},"sameAs":["https:\/\/www.facebook.com\/myfrenchgrocery\/"]}]}},"brands":[{"id":537,"name":"Bonne Maman","slug":"bonne-maman-fr"}],"_links":{"self":[{"href":"https:\/\/my-french-grocery.com\/fr\/wp-json\/wp\/v2\/product\/35934","targetHints":{"allow":["GET"]}}],"collection":[{"href":"https:\/\/my-french-grocery.com\/fr\/wp-json\/wp\/v2\/product"}],"about":[{"href":"https:\/\/my-french-grocery.com\/fr\/wp-json\/wp\/v2\/types\/product"}],"replies":[{"embeddable":true,"href":"https:\/\/my-french-grocery.com\/fr\/wp-json\/wp\/v2\/comments?post=35934"}],"wp:featuredmedia":[{"embeddable":true,"href":"https:\/\/my-french-grocery.com\/fr\/wp-json\/wp\/v2\/media\/35938"}],"wp:attachment":[{"href":"https:\/\/my-french-grocery.com\/fr\/wp-json\/wp\/v2\/media?parent=35934"}],"wp:term":[{"taxonomy":"pwb-brand","embeddable":true,"href":"https:\/\/my-french-grocery.com\/fr\/wp-json\/wp\/v2\/pwb-brand?post=35934"},{"taxonomy":"product_brand","embeddable":true,"href":"https:\/\/my-french-grocery.com\/fr\/wp-json\/wp\/v2\/product_brand?post=35934"},{"taxonomy":"product_cat","embeddable":true,"href":"https:\/\/my-french-grocery.com\/fr\/wp-json\/wp\/v2\/product_cat?post=35934"},{"taxonomy":"product_tag","embeddable":true,"href":"https:\/\/my-french-grocery.com\/fr\/wp-json\/wp\/v2\/product_tag?post=35934"}],"curies":[{"name":"wp","href":"https:\/\/api.w.org\/{rel}","templated":true}]}}