{"id":35977,"date":"2023-10-10T13:34:33","date_gmt":"2023-10-10T11:34:35","guid":{"rendered":"https:\/\/my-french-grocery.com\/?post_type=product&#038;p=35977"},"modified":"2023-10-10T13:39:06","modified_gmt":"2023-10-10T11:39:06","slug":"cafe-moulu-100-arabica-absolu-lor","status":"publish","type":"product","link":"https:\/\/my-french-grocery.com\/fr\/produit\/cafe-moulu-100-arabica-absolu-lor\/","title":{"rendered":"Caf\u00e9 Moulu 100% Arabica \u00ab\u00a0Absolu\u00a0\u00bb L&rsquo;Or"},"content":{"rendered":"<p>Caf\u00e9 Moulu 100% Arabica \u00ab\u00a0Absolu\u00a0\u00bb L\u2019Or<\/p>\n<div class=\"regulated-name\">\n<p class=\"paragraph\">2 paquets de 250g<\/p>\n<\/div>\n<div class=\"secondary-details__description\">\n<p class=\"paragraph\">N\u00e9 de l\u2019assemblage unique de grands Arabica, le caf\u00e9 moulu premium L\u2019OR Absolu r\u00e9v\u00e8le un go\u00fbt \u00e9quilibr\u00e9 et raffin\u00e9, et des notes l\u00e9g\u00e8rement grill\u00e9es. Paquet de 500 grammes de caf\u00e9 moulu. Niveau d\u2019intensit\u00e9 7. 100% torr\u00e9fi\u00e9 en France, ce caf\u00e9 est mis en sachet directement apr\u00e8s la torr\u00e9faction.<\/p>\n<\/div>\n","protected":false},"excerpt":{"rendered":"<p>Caf\u00e9 Moulu 100% Arabica \u00ab\u00a0Absolu\u00a0\u00bb L&rsquo;Or<\/p>\n<div class=\"regulated-name\">\n<p class=\"paragraph\">2 paquets de 250g<\/p>\n<\/div>\n","protected":false},"featured_media":35981,"comment_status":"open","ping_status":"closed","template":"","meta":[],"pwb-brand":[3361],"product_brand":[],"product_cat":[1050],"product_tag":[],"class_list":{"0":"post-35977","1":"product","2":"type-product","3":"status-publish","4":"has-post-thumbnail","6":"pwb-brand-lor-maison-du-cafe-fr","7":"product_cat-cafe-chicoree","8":"product_shipping_class-expedition-dans-le-monde-entier","10":"first","11":"instock","12":"taxable","13":"shipping-taxable","14":"purchasable","15":"product-type-simple"},"brands":[{"id":3361,"name":"L'Or - Maison Du Caf\u00e9","slug":"lor-maison-du-cafe-fr"}],"_links":{"self":[{"href":"https:\/\/my-french-grocery.com\/fr\/wp-json\/wp\/v2\/product\/35977","targetHints":{"allow":["GET"]}}],"collection":[{"href":"https:\/\/my-french-grocery.com\/fr\/wp-json\/wp\/v2\/product"}],"about":[{"href":"https:\/\/my-french-grocery.com\/fr\/wp-json\/wp\/v2\/types\/product"}],"replies":[{"embeddable":true,"href":"https:\/\/my-french-grocery.com\/fr\/wp-json\/wp\/v2\/comments?post=35977"}],"wp:featuredmedia":[{"embeddable":true,"href":"https:\/\/my-french-grocery.com\/fr\/wp-json\/wp\/v2\/media\/35981"}],"wp:attachment":[{"href":"https:\/\/my-french-grocery.com\/fr\/wp-json\/wp\/v2\/media?parent=35977"}],"wp:term":[{"taxonomy":"pwb-brand","embeddable":true,"href":"https:\/\/my-french-grocery.com\/fr\/wp-json\/wp\/v2\/pwb-brand?post=35977"},{"taxonomy":"product_brand","embeddable":true,"href":"https:\/\/my-french-grocery.com\/fr\/wp-json\/wp\/v2\/product_brand?post=35977"},{"taxonomy":"product_cat","embeddable":true,"href":"https:\/\/my-french-grocery.com\/fr\/wp-json\/wp\/v2\/product_cat?post=35977"},{"taxonomy":"product_tag","embeddable":true,"href":"https:\/\/my-french-grocery.com\/fr\/wp-json\/wp\/v2\/product_tag?post=35977"}],"curies":[{"name":"wp","href":"https:\/\/api.w.org\/{rel}","templated":true}]}}