{"id":36122,"date":"2023-10-18T18:43:53","date_gmt":"2023-10-18T16:43:56","guid":{"rendered":"https:\/\/my-french-grocery.com\/?post_type=product&#038;p=36122"},"modified":"2023-10-18T18:48:58","modified_gmt":"2023-10-18T16:48:58","slug":"assortiment-de-sucettes-chupa-chups-fresh-cola","status":"publish","type":"product","link":"https:\/\/my-french-grocery.com\/fr\/produit\/assortiment-de-sucettes-chupa-chups-fresh-cola\/","title":{"rendered":"Assortiment De Sucettes Chupa Chups Fresh Cola"},"content":{"rendered":"<p id=\"tw-target-text\" class=\"tw-data-text tw-ta tw-text-small\" dir=\"ltr\" data-placeholder=\"Traduction\">Assortiment De Sucettes Chupa Chups Fresh Cola<\/p>\n<p>sachet de 16 &#8211; 192 g<\/p>\n<p>Les c\u00e9l\u00e8bres sucettes Chupa Chups vous proposent de nombreux parfums pour r\u00e9galer petits et grands \u00e0 tout instant! Chupa Chups fresh cola, le go\u00fbt inimitable du cola en format sucette. Parfums : Cola et Cola\/Citron<\/p>\n","protected":false},"excerpt":{"rendered":"<p id=\"tw-target-text\" class=\"tw-data-text tw-ta tw-text-small\" dir=\"ltr\" data-placeholder=\"Traduction\">Assortiment De Sucettes Chupa Chups Fresh Cola<\/p>\n<p>sachet de 16 &#8211; 192 g<\/p>\n","protected":false},"featured_media":36126,"comment_status":"open","ping_status":"closed","template":"","meta":[],"pwb-brand":[3370],"product_brand":[],"product_cat":[449],"product_tag":[],"class_list":{"0":"post-36122","1":"product","2":"type-product","3":"status-publish","4":"has-post-thumbnail","6":"pwb-brand-chupa-chups-fr","7":"product_cat-bonbons","8":"product_shipping_class-expedition-dans-le-monde-entier","10":"first","11":"instock","12":"taxable","13":"shipping-taxable","14":"purchasable","15":"product-type-simple"},"yoast_head":"<!-- This site is optimized with the Yoast SEO plugin v27.3 - https:\/\/yoast.com\/product\/yoast-seo-wordpress\/ -->\n<title>Assortiment De Sucettes Chupa Chups Fresh Cola | Acheter En Ligne | My French Grocery<\/title>\n<meta name=\"description\" content=\"Assortiment De Sucettes Chupa Chups Fresh Cola - sachet de 16 - 192 g - Les c\u00e9l\u00e8bres sucettes Chupa Chups vous proposent de nombreux parfums pour r\u00e9galer petits et grands \u00e0 tout instant!\" \/>\n<meta name=\"robots\" content=\"index, follow, max-snippet:-1, max-image-preview:large, max-video-preview:-1\" \/>\n<link rel=\"canonical\" href=\"https:\/\/my-french-grocery.com\/fr\/produit\/assortiment-de-sucettes-chupa-chups-fresh-cola\/\" \/>\n<meta property=\"og:locale\" content=\"fr_FR\" \/>\n<meta property=\"og:type\" content=\"article\" \/>\n<meta property=\"og:title\" content=\"Assortiment De Sucettes Chupa Chups Fresh Cola | Acheter En Ligne | My French Grocery\" \/>\n<meta property=\"og:description\" content=\"Assortiment De Sucettes Chupa Chups Fresh Cola - sachet de 16 - 192 g - Les c\u00e9l\u00e8bres sucettes Chupa Chups vous proposent de nombreux parfums pour r\u00e9galer petits et grands \u00e0 tout instant!\" \/>\n<meta property=\"og:url\" content=\"https:\/\/my-french-grocery.com\/fr\/produit\/assortiment-de-sucettes-chupa-chups-fresh-cola\/\" \/>\n<meta property=\"og:site_name\" content=\"My French Grocery\" \/>\n<meta property=\"article:publisher\" content=\"https:\/\/www.facebook.com\/myfrenchgrocery\/\" \/>\n<meta property=\"article:modified_time\" content=\"2023-10-18T16:48:58+00:00\" \/>\n<meta property=\"og:image\" content=\"https:\/\/my-french-grocery.com\/wp-content\/uploads\/2023\/10\/CHUPA-CHUPS-Lollipops-fresh-cola.jpeg\" \/>\n\t<meta property=\"og:image:width\" content=\"1200\" \/>\n\t<meta property=\"og:image:height\" content=\"1200\" \/>\n\t<meta property=\"og:image:type\" content=\"image\/jpeg\" \/>\n<meta name=\"twitter:card\" content=\"summary_large_image\" \/>\n<script type=\"application\/ld+json\" class=\"yoast-schema-graph\">{\"@context\":\"https:\\\/\\\/schema.org\",\"@graph\":[{\"@type\":\"WebPage\",\"@id\":\"https:\\\/\\\/my-french-grocery.com\\\/fr\\\/produit\\\/assortiment-de-sucettes-chupa-chups-fresh-cola\\\/\",\"url\":\"https:\\\/\\\/my-french-grocery.com\\\/fr\\\/produit\\\/assortiment-de-sucettes-chupa-chups-fresh-cola\\\/\",\"name\":\"Assortiment De Sucettes Chupa Chups Fresh Cola | Acheter En Ligne | My French Grocery\",\"isPartOf\":{\"@id\":\"https:\\\/\\\/my-french-grocery.com\\\/fr\\\/#website\"},\"primaryImageOfPage\":{\"@id\":\"https:\\\/\\\/my-french-grocery.com\\\/fr\\\/produit\\\/assortiment-de-sucettes-chupa-chups-fresh-cola\\\/#primaryimage\"},\"image\":{\"@id\":\"https:\\\/\\\/my-french-grocery.com\\\/fr\\\/produit\\\/assortiment-de-sucettes-chupa-chups-fresh-cola\\\/#primaryimage\"},\"thumbnailUrl\":\"https:\\\/\\\/my-french-grocery.com\\\/wp-content\\\/uploads\\\/2023\\\/10\\\/CHUPA-CHUPS-Lollipops-fresh-cola.jpeg\",\"datePublished\":\"2023-10-18T16:43:56+00:00\",\"dateModified\":\"2023-10-18T16:48:58+00:00\",\"description\":\"Assortiment De Sucettes Chupa Chups Fresh Cola - sachet de 16 - 192 g - Les c\u00e9l\u00e8bres sucettes Chupa Chups vous proposent de nombreux parfums pour r\u00e9galer petits et grands \u00e0 tout instant!\",\"breadcrumb\":{\"@id\":\"https:\\\/\\\/my-french-grocery.com\\\/fr\\\/produit\\\/assortiment-de-sucettes-chupa-chups-fresh-cola\\\/#breadcrumb\"},\"inLanguage\":\"fr-FR\",\"potentialAction\":[{\"@type\":\"ReadAction\",\"target\":[\"https:\\\/\\\/my-french-grocery.com\\\/fr\\\/produit\\\/assortiment-de-sucettes-chupa-chups-fresh-cola\\\/\"]}]},{\"@type\":\"ImageObject\",\"inLanguage\":\"fr-FR\",\"@id\":\"https:\\\/\\\/my-french-grocery.com\\\/fr\\\/produit\\\/assortiment-de-sucettes-chupa-chups-fresh-cola\\\/#primaryimage\",\"url\":\"https:\\\/\\\/my-french-grocery.com\\\/wp-content\\\/uploads\\\/2023\\\/10\\\/CHUPA-CHUPS-Lollipops-fresh-cola.jpeg\",\"contentUrl\":\"https:\\\/\\\/my-french-grocery.com\\\/wp-content\\\/uploads\\\/2023\\\/10\\\/CHUPA-CHUPS-Lollipops-fresh-cola.jpeg\",\"width\":1200,\"height\":1200,\"caption\":\"Assortiment De Sucettes Chupa Chups Fresh Cola\"},{\"@type\":\"BreadcrumbList\",\"@id\":\"https:\\\/\\\/my-french-grocery.com\\\/fr\\\/produit\\\/assortiment-de-sucettes-chupa-chups-fresh-cola\\\/#breadcrumb\",\"itemListElement\":[{\"@type\":\"ListItem\",\"position\":1,\"name\":\"Home\",\"item\":\"https:\\\/\\\/my-french-grocery.com\\\/fr\\\/\"},{\"@type\":\"ListItem\",\"position\":2,\"name\":\"Shop\",\"item\":\"https:\\\/\\\/my-french-grocery.com\\\/shop\\\/\"},{\"@type\":\"ListItem\",\"position\":3,\"name\":\"Alimentation\",\"item\":\"https:\\\/\\\/my-french-grocery.com\\\/fr\\\/categorie-produit\\\/alimentation\\\/\"},{\"@type\":\"ListItem\",\"position\":4,\"name\":\"Bonbons &amp; Chocolats\",\"item\":\"https:\\\/\\\/my-french-grocery.com\\\/fr\\\/categorie-produit\\\/alimentation\\\/bonbons-chocolats\\\/\"},{\"@type\":\"ListItem\",\"position\":5,\"name\":\"Bonbons\",\"item\":\"https:\\\/\\\/my-french-grocery.com\\\/fr\\\/categorie-produit\\\/alimentation\\\/bonbons-chocolats\\\/bonbons\\\/\"},{\"@type\":\"ListItem\",\"position\":6,\"name\":\"Assortiment De Sucettes Chupa Chups Fresh Cola\"}]},{\"@type\":\"WebSite\",\"@id\":\"https:\\\/\\\/my-french-grocery.com\\\/fr\\\/#website\",\"url\":\"https:\\\/\\\/my-french-grocery.com\\\/fr\\\/\",\"name\":\"My French Grocery\",\"description\":\"Your Online French Grocery  !\",\"publisher\":{\"@id\":\"https:\\\/\\\/my-french-grocery.com\\\/fr\\\/#organization\"},\"potentialAction\":[{\"@type\":\"SearchAction\",\"target\":{\"@type\":\"EntryPoint\",\"urlTemplate\":\"https:\\\/\\\/my-french-grocery.com\\\/fr\\\/?s={search_term_string}\"},\"query-input\":{\"@type\":\"PropertyValueSpecification\",\"valueRequired\":true,\"valueName\":\"search_term_string\"}}],\"inLanguage\":\"fr-FR\"},{\"@type\":\"Organization\",\"@id\":\"https:\\\/\\\/my-french-grocery.com\\\/fr\\\/#organization\",\"name\":\"MY FRENCH GROCERY\",\"url\":\"https:\\\/\\\/my-french-grocery.com\\\/fr\\\/\",\"logo\":{\"@type\":\"ImageObject\",\"inLanguage\":\"fr-FR\",\"@id\":\"https:\\\/\\\/my-french-grocery.com\\\/fr\\\/#\\\/schema\\\/logo\\\/image\\\/\",\"url\":\"https:\\\/\\\/my-french-grocery.com\\\/wp-content\\\/uploads\\\/2021\\\/11\\\/My-French-Grocery-Online-French-Grocery.png\",\"contentUrl\":\"https:\\\/\\\/my-french-grocery.com\\\/wp-content\\\/uploads\\\/2021\\\/11\\\/My-French-Grocery-Online-French-Grocery.png\",\"width\":100,\"height\":100,\"caption\":\"MY FRENCH GROCERY\"},\"image\":{\"@id\":\"https:\\\/\\\/my-french-grocery.com\\\/fr\\\/#\\\/schema\\\/logo\\\/image\\\/\"},\"sameAs\":[\"https:\\\/\\\/www.facebook.com\\\/myfrenchgrocery\\\/\"]}]}<\/script>\n<!-- \/ Yoast SEO plugin. -->","yoast_head_json":{"title":"Assortiment De Sucettes Chupa Chups Fresh Cola | Acheter En Ligne | My French Grocery","description":"Assortiment De Sucettes Chupa Chups Fresh Cola - sachet de 16 - 192 g - Les c\u00e9l\u00e8bres sucettes Chupa Chups vous proposent de nombreux parfums pour r\u00e9galer petits et grands \u00e0 tout instant!","robots":{"index":"index","follow":"follow","max-snippet":"max-snippet:-1","max-image-preview":"max-image-preview:large","max-video-preview":"max-video-preview:-1"},"canonical":"https:\/\/my-french-grocery.com\/fr\/produit\/assortiment-de-sucettes-chupa-chups-fresh-cola\/","og_locale":"fr_FR","og_type":"article","og_title":"Assortiment De Sucettes Chupa Chups Fresh Cola | Acheter En Ligne | My French Grocery","og_description":"Assortiment De Sucettes Chupa Chups Fresh Cola - sachet de 16 - 192 g - Les c\u00e9l\u00e8bres sucettes Chupa Chups vous proposent de nombreux parfums pour r\u00e9galer petits et grands \u00e0 tout instant!","og_url":"https:\/\/my-french-grocery.com\/fr\/produit\/assortiment-de-sucettes-chupa-chups-fresh-cola\/","og_site_name":"My French Grocery","article_publisher":"https:\/\/www.facebook.com\/myfrenchgrocery\/","article_modified_time":"2023-10-18T16:48:58+00:00","og_image":[{"width":1200,"height":1200,"url":"https:\/\/my-french-grocery.com\/wp-content\/uploads\/2023\/10\/CHUPA-CHUPS-Lollipops-fresh-cola.jpeg","type":"image\/jpeg"}],"twitter_card":"summary_large_image","schema":{"@context":"https:\/\/schema.org","@graph":[{"@type":"WebPage","@id":"https:\/\/my-french-grocery.com\/fr\/produit\/assortiment-de-sucettes-chupa-chups-fresh-cola\/","url":"https:\/\/my-french-grocery.com\/fr\/produit\/assortiment-de-sucettes-chupa-chups-fresh-cola\/","name":"Assortiment De Sucettes Chupa Chups Fresh Cola | Acheter En Ligne | My French Grocery","isPartOf":{"@id":"https:\/\/my-french-grocery.com\/fr\/#website"},"primaryImageOfPage":{"@id":"https:\/\/my-french-grocery.com\/fr\/produit\/assortiment-de-sucettes-chupa-chups-fresh-cola\/#primaryimage"},"image":{"@id":"https:\/\/my-french-grocery.com\/fr\/produit\/assortiment-de-sucettes-chupa-chups-fresh-cola\/#primaryimage"},"thumbnailUrl":"https:\/\/my-french-grocery.com\/wp-content\/uploads\/2023\/10\/CHUPA-CHUPS-Lollipops-fresh-cola.jpeg","datePublished":"2023-10-18T16:43:56+00:00","dateModified":"2023-10-18T16:48:58+00:00","description":"Assortiment De Sucettes Chupa Chups Fresh Cola - sachet de 16 - 192 g - Les c\u00e9l\u00e8bres sucettes Chupa Chups vous proposent de nombreux parfums pour r\u00e9galer petits et grands \u00e0 tout instant!","breadcrumb":{"@id":"https:\/\/my-french-grocery.com\/fr\/produit\/assortiment-de-sucettes-chupa-chups-fresh-cola\/#breadcrumb"},"inLanguage":"fr-FR","potentialAction":[{"@type":"ReadAction","target":["https:\/\/my-french-grocery.com\/fr\/produit\/assortiment-de-sucettes-chupa-chups-fresh-cola\/"]}]},{"@type":"ImageObject","inLanguage":"fr-FR","@id":"https:\/\/my-french-grocery.com\/fr\/produit\/assortiment-de-sucettes-chupa-chups-fresh-cola\/#primaryimage","url":"https:\/\/my-french-grocery.com\/wp-content\/uploads\/2023\/10\/CHUPA-CHUPS-Lollipops-fresh-cola.jpeg","contentUrl":"https:\/\/my-french-grocery.com\/wp-content\/uploads\/2023\/10\/CHUPA-CHUPS-Lollipops-fresh-cola.jpeg","width":1200,"height":1200,"caption":"Assortiment De Sucettes Chupa Chups Fresh Cola"},{"@type":"BreadcrumbList","@id":"https:\/\/my-french-grocery.com\/fr\/produit\/assortiment-de-sucettes-chupa-chups-fresh-cola\/#breadcrumb","itemListElement":[{"@type":"ListItem","position":1,"name":"Home","item":"https:\/\/my-french-grocery.com\/fr\/"},{"@type":"ListItem","position":2,"name":"Shop","item":"https:\/\/my-french-grocery.com\/shop\/"},{"@type":"ListItem","position":3,"name":"Alimentation","item":"https:\/\/my-french-grocery.com\/fr\/categorie-produit\/alimentation\/"},{"@type":"ListItem","position":4,"name":"Bonbons &amp; Chocolats","item":"https:\/\/my-french-grocery.com\/fr\/categorie-produit\/alimentation\/bonbons-chocolats\/"},{"@type":"ListItem","position":5,"name":"Bonbons","item":"https:\/\/my-french-grocery.com\/fr\/categorie-produit\/alimentation\/bonbons-chocolats\/bonbons\/"},{"@type":"ListItem","position":6,"name":"Assortiment De Sucettes Chupa Chups Fresh Cola"}]},{"@type":"WebSite","@id":"https:\/\/my-french-grocery.com\/fr\/#website","url":"https:\/\/my-french-grocery.com\/fr\/","name":"My French Grocery","description":"Your Online French Grocery  !","publisher":{"@id":"https:\/\/my-french-grocery.com\/fr\/#organization"},"potentialAction":[{"@type":"SearchAction","target":{"@type":"EntryPoint","urlTemplate":"https:\/\/my-french-grocery.com\/fr\/?s={search_term_string}"},"query-input":{"@type":"PropertyValueSpecification","valueRequired":true,"valueName":"search_term_string"}}],"inLanguage":"fr-FR"},{"@type":"Organization","@id":"https:\/\/my-french-grocery.com\/fr\/#organization","name":"MY FRENCH GROCERY","url":"https:\/\/my-french-grocery.com\/fr\/","logo":{"@type":"ImageObject","inLanguage":"fr-FR","@id":"https:\/\/my-french-grocery.com\/fr\/#\/schema\/logo\/image\/","url":"https:\/\/my-french-grocery.com\/wp-content\/uploads\/2021\/11\/My-French-Grocery-Online-French-Grocery.png","contentUrl":"https:\/\/my-french-grocery.com\/wp-content\/uploads\/2021\/11\/My-French-Grocery-Online-French-Grocery.png","width":100,"height":100,"caption":"MY FRENCH GROCERY"},"image":{"@id":"https:\/\/my-french-grocery.com\/fr\/#\/schema\/logo\/image\/"},"sameAs":["https:\/\/www.facebook.com\/myfrenchgrocery\/"]}]}},"brands":[{"id":3370,"name":"Chupa Chups","slug":"chupa-chups-fr"}],"_links":{"self":[{"href":"https:\/\/my-french-grocery.com\/fr\/wp-json\/wp\/v2\/product\/36122","targetHints":{"allow":["GET"]}}],"collection":[{"href":"https:\/\/my-french-grocery.com\/fr\/wp-json\/wp\/v2\/product"}],"about":[{"href":"https:\/\/my-french-grocery.com\/fr\/wp-json\/wp\/v2\/types\/product"}],"replies":[{"embeddable":true,"href":"https:\/\/my-french-grocery.com\/fr\/wp-json\/wp\/v2\/comments?post=36122"}],"wp:featuredmedia":[{"embeddable":true,"href":"https:\/\/my-french-grocery.com\/fr\/wp-json\/wp\/v2\/media\/36126"}],"wp:attachment":[{"href":"https:\/\/my-french-grocery.com\/fr\/wp-json\/wp\/v2\/media?parent=36122"}],"wp:term":[{"taxonomy":"pwb-brand","embeddable":true,"href":"https:\/\/my-french-grocery.com\/fr\/wp-json\/wp\/v2\/pwb-brand?post=36122"},{"taxonomy":"product_brand","embeddable":true,"href":"https:\/\/my-french-grocery.com\/fr\/wp-json\/wp\/v2\/product_brand?post=36122"},{"taxonomy":"product_cat","embeddable":true,"href":"https:\/\/my-french-grocery.com\/fr\/wp-json\/wp\/v2\/product_cat?post=36122"},{"taxonomy":"product_tag","embeddable":true,"href":"https:\/\/my-french-grocery.com\/fr\/wp-json\/wp\/v2\/product_tag?post=36122"}],"curies":[{"name":"wp","href":"https:\/\/api.w.org\/{rel}","templated":true}]}}