{"id":36169,"date":"2023-07-01T17:00:57","date_gmt":"2023-10-21T16:00:00","guid":{"rendered":"https:\/\/my-french-grocery.com\/?post_type=product&#038;p=36169"},"modified":"2023-10-21T18:06:59","modified_gmt":"2023-10-21T16:06:59","slug":"gelifiant-pour-confitures-vitpris-alsa","status":"publish","type":"product","link":"https:\/\/my-french-grocery.com\/fr\/produit\/gelifiant-pour-confitures-vitpris-alsa\/","title":{"rendered":"G\u00e9lifiant Pour Confitures Vitpris Alsa"},"content":{"rendered":"<div class=\"product-name-section\">\n<p class=\"product-name\" data-name-link=\"Muffins ALSA, bouteille de 415g\">G\u00e9lifiant Pour Confitures Vitpris Alsa<\/p>\n<p class=\"product-name\" data-name-link=\"Muffins ALSA, bouteille de 415g\">boite de 188 g<\/p>\n<\/div>\n<div id=\"product-content\" class=\"product-content \">\n<div class=\"product-review\" data-pid=\"7616730\">\n<div class=\"rating\">\u00a0Pr\u00e9paration pour confiture facile et rapide Un g\u00e9lifiant pour r\u00e9ussir toutes vos confitures et gel\u00e9es. Il suffit d&rsquo;ajouter du sucre et des fruits puis laisser mijoter pour r\u00e9galer tous les gourmands. \u2022 Une confiture incroyablement savoureuse ; \u2022 Un bon go\u00fbt fruit\u00e9 ; \u2022 Une confiture facile, rapide \u00e0 pr\u00e9parer et inratable ; \u2022 Contient 5 sachets, environ 40 pots de 350g ; \u2022 Pectine de fruit d&rsquo;origine naturelle<\/div>\n<\/div>\n<\/div>\n","protected":false},"excerpt":{"rendered":"<p class=\"product-name\" data-name-link=\"Muffins ALSA, bouteille de 415g\">G\u00e9lifiant Pour Confitures Vitpris Alsa<\/p>\n<p class=\"product-name\" data-name-link=\"Muffins ALSA, bouteille de 415g\">boite de 188 g<\/p>\n","protected":false},"featured_media":36173,"comment_status":"open","ping_status":"closed","template":"","meta":[],"pwb-brand":[462],"product_brand":[],"product_cat":[1023],"product_tag":[1074],"class_list":{"0":"post-36169","1":"product","2":"type-product","3":"status-publish","4":"has-post-thumbnail","6":"pwb-brand-alsa-fr","7":"product_cat-patisserie","8":"product_tag-alsa-fr","9":"product_shipping_class-expedition-dans-le-monde-entier","11":"first","12":"instock","13":"taxable","14":"shipping-taxable","15":"purchasable","16":"product-type-simple"},"yoast_head":"<!-- This site is optimized with the Yoast SEO plugin v27.3 - https:\/\/yoast.com\/product\/yoast-seo-wordpress\/ -->\n<title>G\u00e9lifiant Pour Confitures Vitpris Alsa | Acheter En Ligne | My French Grocery<\/title>\n<meta name=\"description\" content=\"G\u00e9lifiant Pour Confitures Vitpris Alsa - boite de 188 g -\u00a0Pr\u00e9paration pour confiture facile et rapide Un g\u00e9lifiant pour r\u00e9ussir toutes vos confitures et gel\u00e9es.\" \/>\n<meta name=\"robots\" content=\"index, follow, max-snippet:-1, max-image-preview:large, max-video-preview:-1\" \/>\n<link rel=\"canonical\" href=\"https:\/\/my-french-grocery.com\/fr\/produit\/gelifiant-pour-confitures-vitpris-alsa\/\" \/>\n<meta property=\"og:locale\" content=\"fr_FR\" \/>\n<meta property=\"og:type\" content=\"article\" \/>\n<meta property=\"og:title\" content=\"G\u00e9lifiant Pour Confitures Vitpris Alsa | Acheter En Ligne | My French Grocery\" \/>\n<meta property=\"og:description\" content=\"G\u00e9lifiant Pour Confitures Vitpris Alsa - boite de 188 g -\u00a0Pr\u00e9paration pour confiture facile et rapide Un g\u00e9lifiant pour r\u00e9ussir toutes vos confitures et gel\u00e9es.\" \/>\n<meta property=\"og:url\" content=\"https:\/\/my-french-grocery.com\/fr\/produit\/gelifiant-pour-confitures-vitpris-alsa\/\" \/>\n<meta property=\"og:site_name\" content=\"My French Grocery\" \/>\n<meta property=\"article:publisher\" content=\"https:\/\/www.facebook.com\/myfrenchgrocery\/\" \/>\n<meta property=\"article:modified_time\" content=\"2023-10-21T16:06:59+00:00\" \/>\n<meta property=\"og:image\" content=\"https:\/\/my-french-grocery.com\/wp-content\/uploads\/2023\/10\/ALSA-Vitpris-gelling-agent-for-jam.jpeg\" \/>\n\t<meta property=\"og:image:width\" content=\"1200\" \/>\n\t<meta property=\"og:image:height\" content=\"1200\" \/>\n\t<meta property=\"og:image:type\" content=\"image\/jpeg\" \/>\n<meta name=\"twitter:card\" content=\"summary_large_image\" \/>\n<script type=\"application\/ld+json\" class=\"yoast-schema-graph\">{\"@context\":\"https:\\\/\\\/schema.org\",\"@graph\":[{\"@type\":\"WebPage\",\"@id\":\"https:\\\/\\\/my-french-grocery.com\\\/fr\\\/produit\\\/gelifiant-pour-confitures-vitpris-alsa\\\/\",\"url\":\"https:\\\/\\\/my-french-grocery.com\\\/fr\\\/produit\\\/gelifiant-pour-confitures-vitpris-alsa\\\/\",\"name\":\"G\u00e9lifiant Pour Confitures Vitpris Alsa | Acheter En Ligne | My French Grocery\",\"isPartOf\":{\"@id\":\"https:\\\/\\\/my-french-grocery.com\\\/fr\\\/#website\"},\"primaryImageOfPage\":{\"@id\":\"https:\\\/\\\/my-french-grocery.com\\\/fr\\\/produit\\\/gelifiant-pour-confitures-vitpris-alsa\\\/#primaryimage\"},\"image\":{\"@id\":\"https:\\\/\\\/my-french-grocery.com\\\/fr\\\/produit\\\/gelifiant-pour-confitures-vitpris-alsa\\\/#primaryimage\"},\"thumbnailUrl\":\"https:\\\/\\\/my-french-grocery.com\\\/wp-content\\\/uploads\\\/2023\\\/10\\\/ALSA-Vitpris-gelling-agent-for-jam.jpeg\",\"datePublished\":\"2023-10-21T16:00:00+00:00\",\"dateModified\":\"2023-10-21T16:06:59+00:00\",\"description\":\"G\u00e9lifiant Pour Confitures Vitpris Alsa - boite de 188 g -\u00a0Pr\u00e9paration pour confiture facile et rapide Un g\u00e9lifiant pour r\u00e9ussir toutes vos confitures et gel\u00e9es.\",\"breadcrumb\":{\"@id\":\"https:\\\/\\\/my-french-grocery.com\\\/fr\\\/produit\\\/gelifiant-pour-confitures-vitpris-alsa\\\/#breadcrumb\"},\"inLanguage\":\"fr-FR\",\"potentialAction\":[{\"@type\":\"ReadAction\",\"target\":[\"https:\\\/\\\/my-french-grocery.com\\\/fr\\\/produit\\\/gelifiant-pour-confitures-vitpris-alsa\\\/\"]}]},{\"@type\":\"ImageObject\",\"inLanguage\":\"fr-FR\",\"@id\":\"https:\\\/\\\/my-french-grocery.com\\\/fr\\\/produit\\\/gelifiant-pour-confitures-vitpris-alsa\\\/#primaryimage\",\"url\":\"https:\\\/\\\/my-french-grocery.com\\\/wp-content\\\/uploads\\\/2023\\\/10\\\/ALSA-Vitpris-gelling-agent-for-jam.jpeg\",\"contentUrl\":\"https:\\\/\\\/my-french-grocery.com\\\/wp-content\\\/uploads\\\/2023\\\/10\\\/ALSA-Vitpris-gelling-agent-for-jam.jpeg\",\"width\":1200,\"height\":1200,\"caption\":\"G\u00e9lifiant Pour Confitures Vitpris Alsa\"},{\"@type\":\"BreadcrumbList\",\"@id\":\"https:\\\/\\\/my-french-grocery.com\\\/fr\\\/produit\\\/gelifiant-pour-confitures-vitpris-alsa\\\/#breadcrumb\",\"itemListElement\":[{\"@type\":\"ListItem\",\"position\":1,\"name\":\"Home\",\"item\":\"https:\\\/\\\/my-french-grocery.com\\\/fr\\\/\"},{\"@type\":\"ListItem\",\"position\":2,\"name\":\"Shop\",\"item\":\"https:\\\/\\\/my-french-grocery.com\\\/shop\\\/\"},{\"@type\":\"ListItem\",\"position\":3,\"name\":\"Alimentation\",\"item\":\"https:\\\/\\\/my-french-grocery.com\\\/fr\\\/categorie-produit\\\/alimentation\\\/\"},{\"@type\":\"ListItem\",\"position\":4,\"name\":\"Pain - P\u00e2tisserie\",\"item\":\"https:\\\/\\\/my-french-grocery.com\\\/fr\\\/categorie-produit\\\/alimentation\\\/pain-patisserie\\\/\"},{\"@type\":\"ListItem\",\"position\":5,\"name\":\"P\u00e2tisserie\",\"item\":\"https:\\\/\\\/my-french-grocery.com\\\/fr\\\/categorie-produit\\\/alimentation\\\/pain-patisserie\\\/patisserie\\\/\"},{\"@type\":\"ListItem\",\"position\":6,\"name\":\"G\u00e9lifiant Pour Confitures Vitpris Alsa\"}]},{\"@type\":\"WebSite\",\"@id\":\"https:\\\/\\\/my-french-grocery.com\\\/fr\\\/#website\",\"url\":\"https:\\\/\\\/my-french-grocery.com\\\/fr\\\/\",\"name\":\"My French Grocery\",\"description\":\"Your Online French Grocery  !\",\"publisher\":{\"@id\":\"https:\\\/\\\/my-french-grocery.com\\\/fr\\\/#organization\"},\"potentialAction\":[{\"@type\":\"SearchAction\",\"target\":{\"@type\":\"EntryPoint\",\"urlTemplate\":\"https:\\\/\\\/my-french-grocery.com\\\/fr\\\/?s={search_term_string}\"},\"query-input\":{\"@type\":\"PropertyValueSpecification\",\"valueRequired\":true,\"valueName\":\"search_term_string\"}}],\"inLanguage\":\"fr-FR\"},{\"@type\":\"Organization\",\"@id\":\"https:\\\/\\\/my-french-grocery.com\\\/fr\\\/#organization\",\"name\":\"MY FRENCH GROCERY\",\"url\":\"https:\\\/\\\/my-french-grocery.com\\\/fr\\\/\",\"logo\":{\"@type\":\"ImageObject\",\"inLanguage\":\"fr-FR\",\"@id\":\"https:\\\/\\\/my-french-grocery.com\\\/fr\\\/#\\\/schema\\\/logo\\\/image\\\/\",\"url\":\"https:\\\/\\\/my-french-grocery.com\\\/wp-content\\\/uploads\\\/2021\\\/11\\\/My-French-Grocery-Online-French-Grocery.png\",\"contentUrl\":\"https:\\\/\\\/my-french-grocery.com\\\/wp-content\\\/uploads\\\/2021\\\/11\\\/My-French-Grocery-Online-French-Grocery.png\",\"width\":100,\"height\":100,\"caption\":\"MY FRENCH GROCERY\"},\"image\":{\"@id\":\"https:\\\/\\\/my-french-grocery.com\\\/fr\\\/#\\\/schema\\\/logo\\\/image\\\/\"},\"sameAs\":[\"https:\\\/\\\/www.facebook.com\\\/myfrenchgrocery\\\/\"]}]}<\/script>\n<!-- \/ Yoast SEO plugin. -->","yoast_head_json":{"title":"G\u00e9lifiant Pour Confitures Vitpris Alsa | Acheter En Ligne | My French Grocery","description":"G\u00e9lifiant Pour Confitures Vitpris Alsa - boite de 188 g -\u00a0Pr\u00e9paration pour confiture facile et rapide Un g\u00e9lifiant pour r\u00e9ussir toutes vos confitures et gel\u00e9es.","robots":{"index":"index","follow":"follow","max-snippet":"max-snippet:-1","max-image-preview":"max-image-preview:large","max-video-preview":"max-video-preview:-1"},"canonical":"https:\/\/my-french-grocery.com\/fr\/produit\/gelifiant-pour-confitures-vitpris-alsa\/","og_locale":"fr_FR","og_type":"article","og_title":"G\u00e9lifiant Pour Confitures Vitpris Alsa | Acheter En Ligne | My French Grocery","og_description":"G\u00e9lifiant Pour Confitures Vitpris Alsa - boite de 188 g -\u00a0Pr\u00e9paration pour confiture facile et rapide Un g\u00e9lifiant pour r\u00e9ussir toutes vos confitures et gel\u00e9es.","og_url":"https:\/\/my-french-grocery.com\/fr\/produit\/gelifiant-pour-confitures-vitpris-alsa\/","og_site_name":"My French Grocery","article_publisher":"https:\/\/www.facebook.com\/myfrenchgrocery\/","article_modified_time":"2023-10-21T16:06:59+00:00","og_image":[{"width":1200,"height":1200,"url":"https:\/\/my-french-grocery.com\/wp-content\/uploads\/2023\/10\/ALSA-Vitpris-gelling-agent-for-jam.jpeg","type":"image\/jpeg"}],"twitter_card":"summary_large_image","schema":{"@context":"https:\/\/schema.org","@graph":[{"@type":"WebPage","@id":"https:\/\/my-french-grocery.com\/fr\/produit\/gelifiant-pour-confitures-vitpris-alsa\/","url":"https:\/\/my-french-grocery.com\/fr\/produit\/gelifiant-pour-confitures-vitpris-alsa\/","name":"G\u00e9lifiant Pour Confitures Vitpris Alsa | Acheter En Ligne | My French Grocery","isPartOf":{"@id":"https:\/\/my-french-grocery.com\/fr\/#website"},"primaryImageOfPage":{"@id":"https:\/\/my-french-grocery.com\/fr\/produit\/gelifiant-pour-confitures-vitpris-alsa\/#primaryimage"},"image":{"@id":"https:\/\/my-french-grocery.com\/fr\/produit\/gelifiant-pour-confitures-vitpris-alsa\/#primaryimage"},"thumbnailUrl":"https:\/\/my-french-grocery.com\/wp-content\/uploads\/2023\/10\/ALSA-Vitpris-gelling-agent-for-jam.jpeg","datePublished":"2023-10-21T16:00:00+00:00","dateModified":"2023-10-21T16:06:59+00:00","description":"G\u00e9lifiant Pour Confitures Vitpris Alsa - boite de 188 g -\u00a0Pr\u00e9paration pour confiture facile et rapide Un g\u00e9lifiant pour r\u00e9ussir toutes vos confitures et gel\u00e9es.","breadcrumb":{"@id":"https:\/\/my-french-grocery.com\/fr\/produit\/gelifiant-pour-confitures-vitpris-alsa\/#breadcrumb"},"inLanguage":"fr-FR","potentialAction":[{"@type":"ReadAction","target":["https:\/\/my-french-grocery.com\/fr\/produit\/gelifiant-pour-confitures-vitpris-alsa\/"]}]},{"@type":"ImageObject","inLanguage":"fr-FR","@id":"https:\/\/my-french-grocery.com\/fr\/produit\/gelifiant-pour-confitures-vitpris-alsa\/#primaryimage","url":"https:\/\/my-french-grocery.com\/wp-content\/uploads\/2023\/10\/ALSA-Vitpris-gelling-agent-for-jam.jpeg","contentUrl":"https:\/\/my-french-grocery.com\/wp-content\/uploads\/2023\/10\/ALSA-Vitpris-gelling-agent-for-jam.jpeg","width":1200,"height":1200,"caption":"G\u00e9lifiant Pour Confitures Vitpris Alsa"},{"@type":"BreadcrumbList","@id":"https:\/\/my-french-grocery.com\/fr\/produit\/gelifiant-pour-confitures-vitpris-alsa\/#breadcrumb","itemListElement":[{"@type":"ListItem","position":1,"name":"Home","item":"https:\/\/my-french-grocery.com\/fr\/"},{"@type":"ListItem","position":2,"name":"Shop","item":"https:\/\/my-french-grocery.com\/shop\/"},{"@type":"ListItem","position":3,"name":"Alimentation","item":"https:\/\/my-french-grocery.com\/fr\/categorie-produit\/alimentation\/"},{"@type":"ListItem","position":4,"name":"Pain - P\u00e2tisserie","item":"https:\/\/my-french-grocery.com\/fr\/categorie-produit\/alimentation\/pain-patisserie\/"},{"@type":"ListItem","position":5,"name":"P\u00e2tisserie","item":"https:\/\/my-french-grocery.com\/fr\/categorie-produit\/alimentation\/pain-patisserie\/patisserie\/"},{"@type":"ListItem","position":6,"name":"G\u00e9lifiant Pour Confitures Vitpris Alsa"}]},{"@type":"WebSite","@id":"https:\/\/my-french-grocery.com\/fr\/#website","url":"https:\/\/my-french-grocery.com\/fr\/","name":"My French Grocery","description":"Your Online French Grocery  !","publisher":{"@id":"https:\/\/my-french-grocery.com\/fr\/#organization"},"potentialAction":[{"@type":"SearchAction","target":{"@type":"EntryPoint","urlTemplate":"https:\/\/my-french-grocery.com\/fr\/?s={search_term_string}"},"query-input":{"@type":"PropertyValueSpecification","valueRequired":true,"valueName":"search_term_string"}}],"inLanguage":"fr-FR"},{"@type":"Organization","@id":"https:\/\/my-french-grocery.com\/fr\/#organization","name":"MY FRENCH GROCERY","url":"https:\/\/my-french-grocery.com\/fr\/","logo":{"@type":"ImageObject","inLanguage":"fr-FR","@id":"https:\/\/my-french-grocery.com\/fr\/#\/schema\/logo\/image\/","url":"https:\/\/my-french-grocery.com\/wp-content\/uploads\/2021\/11\/My-French-Grocery-Online-French-Grocery.png","contentUrl":"https:\/\/my-french-grocery.com\/wp-content\/uploads\/2021\/11\/My-French-Grocery-Online-French-Grocery.png","width":100,"height":100,"caption":"MY FRENCH GROCERY"},"image":{"@id":"https:\/\/my-french-grocery.com\/fr\/#\/schema\/logo\/image\/"},"sameAs":["https:\/\/www.facebook.com\/myfrenchgrocery\/"]}]}},"brands":[{"id":462,"name":"Alsa","slug":"alsa-fr"}],"_links":{"self":[{"href":"https:\/\/my-french-grocery.com\/fr\/wp-json\/wp\/v2\/product\/36169","targetHints":{"allow":["GET"]}}],"collection":[{"href":"https:\/\/my-french-grocery.com\/fr\/wp-json\/wp\/v2\/product"}],"about":[{"href":"https:\/\/my-french-grocery.com\/fr\/wp-json\/wp\/v2\/types\/product"}],"replies":[{"embeddable":true,"href":"https:\/\/my-french-grocery.com\/fr\/wp-json\/wp\/v2\/comments?post=36169"}],"wp:featuredmedia":[{"embeddable":true,"href":"https:\/\/my-french-grocery.com\/fr\/wp-json\/wp\/v2\/media\/36173"}],"wp:attachment":[{"href":"https:\/\/my-french-grocery.com\/fr\/wp-json\/wp\/v2\/media?parent=36169"}],"wp:term":[{"taxonomy":"pwb-brand","embeddable":true,"href":"https:\/\/my-french-grocery.com\/fr\/wp-json\/wp\/v2\/pwb-brand?post=36169"},{"taxonomy":"product_brand","embeddable":true,"href":"https:\/\/my-french-grocery.com\/fr\/wp-json\/wp\/v2\/product_brand?post=36169"},{"taxonomy":"product_cat","embeddable":true,"href":"https:\/\/my-french-grocery.com\/fr\/wp-json\/wp\/v2\/product_cat?post=36169"},{"taxonomy":"product_tag","embeddable":true,"href":"https:\/\/my-french-grocery.com\/fr\/wp-json\/wp\/v2\/product_tag?post=36169"}],"curies":[{"name":"wp","href":"https:\/\/api.w.org\/{rel}","templated":true}]}}