{"id":36223,"date":"2023-10-23T10:29:20","date_gmt":"2023-10-23T08:29:22","guid":{"rendered":"https:\/\/my-french-grocery.com\/?post_type=product&#038;p=36223"},"modified":"2023-10-23T10:36:09","modified_gmt":"2023-10-23T08:36:09","slug":"biscuits-speculoos-lotus-biscoff","status":"publish","type":"product","link":"https:\/\/my-french-grocery.com\/fr\/produit\/biscuits-speculoos-lotus-biscoff\/","title":{"rendered":"Biscuits Sp\u00e9culoos Lotus Biscoff"},"content":{"rendered":"<p>Biscuits Sp\u00e9culoos Lotus Biscoff<\/p>\n<p>paquet de 250g<\/p>\n<p>\u00ab\u00a0Est-il encore n\u00e9cessaire de le pr\u00e9senter ? L&rsquo; Original Biscoff Lotus est connu et appr\u00e9ci\u00e9 dans le monde entier ! Logique : son go\u00fbt caram\u00e9lis\u00e9 et son croquant unique le rendent irr\u00e9sistible \u00e0 tout moment de la journ\u00e9e !\u00a0\u00bb<\/p>\n","protected":false},"excerpt":{"rendered":"<p>Biscuits Sp\u00e9culoos Lotus Biscoff<\/p>\n<p>paquet de 250g<\/p>\n","protected":false},"featured_media":36227,"comment_status":"open","ping_status":"closed","template":"","meta":[],"pwb-brand":[3375],"product_brand":[],"product_cat":[1025],"product_tag":[],"class_list":{"0":"post-36223","1":"product","2":"type-product","3":"status-publish","4":"has-post-thumbnail","6":"pwb-brand-lotus-fr","7":"product_cat-gateaux-biscuits","8":"product_shipping_class-expedition-dans-le-monde-entier","10":"first","11":"instock","12":"taxable","13":"shipping-taxable","14":"purchasable","15":"product-type-simple"},"yoast_head":"<!-- This site is optimized with the Yoast SEO plugin v27.3 - https:\/\/yoast.com\/product\/yoast-seo-wordpress\/ -->\n<title>Biscuits Sp\u00e9culoos Lotus Biscoff | Acheter En Ligne | My French Grocery<\/title>\n<meta name=\"description\" content=\"Biscuits Sp\u00e9culoos Lotus Biscoff - paquet de 250g - &quot;Est-il encore n\u00e9cessaire de le pr\u00e9senter ? L&#039; Original Biscoff Lotus est connu et appr\u00e9ci\u00e9 dans le monde entier !\" \/>\n<meta name=\"robots\" content=\"index, follow, max-snippet:-1, max-image-preview:large, max-video-preview:-1\" \/>\n<link rel=\"canonical\" href=\"https:\/\/my-french-grocery.com\/fr\/produit\/biscuits-speculoos-lotus-biscoff\/\" \/>\n<meta property=\"og:locale\" content=\"fr_FR\" \/>\n<meta property=\"og:type\" content=\"article\" \/>\n<meta property=\"og:title\" content=\"Biscuits Sp\u00e9culoos Lotus Biscoff | Acheter En Ligne | My French Grocery\" \/>\n<meta property=\"og:description\" content=\"Biscuits Sp\u00e9culoos Lotus Biscoff - paquet de 250g - &quot;Est-il encore n\u00e9cessaire de le pr\u00e9senter ? L&#039; Original Biscoff Lotus est connu et appr\u00e9ci\u00e9 dans le monde entier !\" \/>\n<meta property=\"og:url\" content=\"https:\/\/my-french-grocery.com\/fr\/produit\/biscuits-speculoos-lotus-biscoff\/\" \/>\n<meta property=\"og:site_name\" content=\"My French Grocery\" \/>\n<meta property=\"article:publisher\" content=\"https:\/\/www.facebook.com\/myfrenchgrocery\/\" \/>\n<meta property=\"article:modified_time\" content=\"2023-10-23T08:36:09+00:00\" \/>\n<meta property=\"og:image\" content=\"https:\/\/my-french-grocery.com\/wp-content\/uploads\/2023\/10\/BISCOFF-Speculoos-Biscuits-freshness.jpeg\" \/>\n\t<meta property=\"og:image:width\" content=\"1200\" \/>\n\t<meta property=\"og:image:height\" content=\"1200\" \/>\n\t<meta property=\"og:image:type\" content=\"image\/jpeg\" \/>\n<meta name=\"twitter:card\" content=\"summary_large_image\" \/>\n<script type=\"application\/ld+json\" class=\"yoast-schema-graph\">{\"@context\":\"https:\\\/\\\/schema.org\",\"@graph\":[{\"@type\":\"WebPage\",\"@id\":\"https:\\\/\\\/my-french-grocery.com\\\/fr\\\/produit\\\/biscuits-speculoos-lotus-biscoff\\\/\",\"url\":\"https:\\\/\\\/my-french-grocery.com\\\/fr\\\/produit\\\/biscuits-speculoos-lotus-biscoff\\\/\",\"name\":\"Biscuits Sp\u00e9culoos Lotus Biscoff | Acheter En Ligne | My French Grocery\",\"isPartOf\":{\"@id\":\"https:\\\/\\\/my-french-grocery.com\\\/fr\\\/#website\"},\"primaryImageOfPage\":{\"@id\":\"https:\\\/\\\/my-french-grocery.com\\\/fr\\\/produit\\\/biscuits-speculoos-lotus-biscoff\\\/#primaryimage\"},\"image\":{\"@id\":\"https:\\\/\\\/my-french-grocery.com\\\/fr\\\/produit\\\/biscuits-speculoos-lotus-biscoff\\\/#primaryimage\"},\"thumbnailUrl\":\"https:\\\/\\\/my-french-grocery.com\\\/wp-content\\\/uploads\\\/2023\\\/10\\\/BISCOFF-Speculoos-Biscuits-freshness.jpeg\",\"datePublished\":\"2023-10-23T08:29:22+00:00\",\"dateModified\":\"2023-10-23T08:36:09+00:00\",\"description\":\"Biscuits Sp\u00e9culoos Lotus Biscoff - paquet de 250g - \\\"Est-il encore n\u00e9cessaire de le pr\u00e9senter ? L' Original Biscoff Lotus est connu et appr\u00e9ci\u00e9 dans le monde entier !\",\"breadcrumb\":{\"@id\":\"https:\\\/\\\/my-french-grocery.com\\\/fr\\\/produit\\\/biscuits-speculoos-lotus-biscoff\\\/#breadcrumb\"},\"inLanguage\":\"fr-FR\",\"potentialAction\":[{\"@type\":\"ReadAction\",\"target\":[\"https:\\\/\\\/my-french-grocery.com\\\/fr\\\/produit\\\/biscuits-speculoos-lotus-biscoff\\\/\"]}]},{\"@type\":\"ImageObject\",\"inLanguage\":\"fr-FR\",\"@id\":\"https:\\\/\\\/my-french-grocery.com\\\/fr\\\/produit\\\/biscuits-speculoos-lotus-biscoff\\\/#primaryimage\",\"url\":\"https:\\\/\\\/my-french-grocery.com\\\/wp-content\\\/uploads\\\/2023\\\/10\\\/BISCOFF-Speculoos-Biscuits-freshness.jpeg\",\"contentUrl\":\"https:\\\/\\\/my-french-grocery.com\\\/wp-content\\\/uploads\\\/2023\\\/10\\\/BISCOFF-Speculoos-Biscuits-freshness.jpeg\",\"width\":1200,\"height\":1200,\"caption\":\"Biscuits Sp\u00e9culoos Lotus Biscoff\"},{\"@type\":\"BreadcrumbList\",\"@id\":\"https:\\\/\\\/my-french-grocery.com\\\/fr\\\/produit\\\/biscuits-speculoos-lotus-biscoff\\\/#breadcrumb\",\"itemListElement\":[{\"@type\":\"ListItem\",\"position\":1,\"name\":\"Home\",\"item\":\"https:\\\/\\\/my-french-grocery.com\\\/fr\\\/\"},{\"@type\":\"ListItem\",\"position\":2,\"name\":\"Shop\",\"item\":\"https:\\\/\\\/my-french-grocery.com\\\/shop\\\/\"},{\"@type\":\"ListItem\",\"position\":3,\"name\":\"Alimentation\",\"item\":\"https:\\\/\\\/my-french-grocery.com\\\/fr\\\/categorie-produit\\\/alimentation\\\/\"},{\"@type\":\"ListItem\",\"position\":4,\"name\":\"G\u00e2teaux &amp; Biscuits\",\"item\":\"https:\\\/\\\/my-french-grocery.com\\\/fr\\\/categorie-produit\\\/alimentation\\\/gateaux-biscuits\\\/\"},{\"@type\":\"ListItem\",\"position\":5,\"name\":\"Biscuits Sp\u00e9culoos Lotus Biscoff\"}]},{\"@type\":\"WebSite\",\"@id\":\"https:\\\/\\\/my-french-grocery.com\\\/fr\\\/#website\",\"url\":\"https:\\\/\\\/my-french-grocery.com\\\/fr\\\/\",\"name\":\"My French Grocery\",\"description\":\"Your Online French Grocery  !\",\"publisher\":{\"@id\":\"https:\\\/\\\/my-french-grocery.com\\\/fr\\\/#organization\"},\"potentialAction\":[{\"@type\":\"SearchAction\",\"target\":{\"@type\":\"EntryPoint\",\"urlTemplate\":\"https:\\\/\\\/my-french-grocery.com\\\/fr\\\/?s={search_term_string}\"},\"query-input\":{\"@type\":\"PropertyValueSpecification\",\"valueRequired\":true,\"valueName\":\"search_term_string\"}}],\"inLanguage\":\"fr-FR\"},{\"@type\":\"Organization\",\"@id\":\"https:\\\/\\\/my-french-grocery.com\\\/fr\\\/#organization\",\"name\":\"MY FRENCH GROCERY\",\"url\":\"https:\\\/\\\/my-french-grocery.com\\\/fr\\\/\",\"logo\":{\"@type\":\"ImageObject\",\"inLanguage\":\"fr-FR\",\"@id\":\"https:\\\/\\\/my-french-grocery.com\\\/fr\\\/#\\\/schema\\\/logo\\\/image\\\/\",\"url\":\"https:\\\/\\\/my-french-grocery.com\\\/wp-content\\\/uploads\\\/2021\\\/11\\\/My-French-Grocery-Online-French-Grocery.png\",\"contentUrl\":\"https:\\\/\\\/my-french-grocery.com\\\/wp-content\\\/uploads\\\/2021\\\/11\\\/My-French-Grocery-Online-French-Grocery.png\",\"width\":100,\"height\":100,\"caption\":\"MY FRENCH GROCERY\"},\"image\":{\"@id\":\"https:\\\/\\\/my-french-grocery.com\\\/fr\\\/#\\\/schema\\\/logo\\\/image\\\/\"},\"sameAs\":[\"https:\\\/\\\/www.facebook.com\\\/myfrenchgrocery\\\/\"]}]}<\/script>\n<!-- \/ Yoast SEO plugin. -->","yoast_head_json":{"title":"Biscuits Sp\u00e9culoos Lotus Biscoff | Acheter En Ligne | My French Grocery","description":"Biscuits Sp\u00e9culoos Lotus Biscoff - paquet de 250g - \"Est-il encore n\u00e9cessaire de le pr\u00e9senter ? L' Original Biscoff Lotus est connu et appr\u00e9ci\u00e9 dans le monde entier !","robots":{"index":"index","follow":"follow","max-snippet":"max-snippet:-1","max-image-preview":"max-image-preview:large","max-video-preview":"max-video-preview:-1"},"canonical":"https:\/\/my-french-grocery.com\/fr\/produit\/biscuits-speculoos-lotus-biscoff\/","og_locale":"fr_FR","og_type":"article","og_title":"Biscuits Sp\u00e9culoos Lotus Biscoff | Acheter En Ligne | My French Grocery","og_description":"Biscuits Sp\u00e9culoos Lotus Biscoff - paquet de 250g - \"Est-il encore n\u00e9cessaire de le pr\u00e9senter ? L' Original Biscoff Lotus est connu et appr\u00e9ci\u00e9 dans le monde entier !","og_url":"https:\/\/my-french-grocery.com\/fr\/produit\/biscuits-speculoos-lotus-biscoff\/","og_site_name":"My French Grocery","article_publisher":"https:\/\/www.facebook.com\/myfrenchgrocery\/","article_modified_time":"2023-10-23T08:36:09+00:00","og_image":[{"width":1200,"height":1200,"url":"https:\/\/my-french-grocery.com\/wp-content\/uploads\/2023\/10\/BISCOFF-Speculoos-Biscuits-freshness.jpeg","type":"image\/jpeg"}],"twitter_card":"summary_large_image","schema":{"@context":"https:\/\/schema.org","@graph":[{"@type":"WebPage","@id":"https:\/\/my-french-grocery.com\/fr\/produit\/biscuits-speculoos-lotus-biscoff\/","url":"https:\/\/my-french-grocery.com\/fr\/produit\/biscuits-speculoos-lotus-biscoff\/","name":"Biscuits Sp\u00e9culoos Lotus Biscoff | Acheter En Ligne | My French Grocery","isPartOf":{"@id":"https:\/\/my-french-grocery.com\/fr\/#website"},"primaryImageOfPage":{"@id":"https:\/\/my-french-grocery.com\/fr\/produit\/biscuits-speculoos-lotus-biscoff\/#primaryimage"},"image":{"@id":"https:\/\/my-french-grocery.com\/fr\/produit\/biscuits-speculoos-lotus-biscoff\/#primaryimage"},"thumbnailUrl":"https:\/\/my-french-grocery.com\/wp-content\/uploads\/2023\/10\/BISCOFF-Speculoos-Biscuits-freshness.jpeg","datePublished":"2023-10-23T08:29:22+00:00","dateModified":"2023-10-23T08:36:09+00:00","description":"Biscuits Sp\u00e9culoos Lotus Biscoff - paquet de 250g - \"Est-il encore n\u00e9cessaire de le pr\u00e9senter ? L' Original Biscoff Lotus est connu et appr\u00e9ci\u00e9 dans le monde entier !","breadcrumb":{"@id":"https:\/\/my-french-grocery.com\/fr\/produit\/biscuits-speculoos-lotus-biscoff\/#breadcrumb"},"inLanguage":"fr-FR","potentialAction":[{"@type":"ReadAction","target":["https:\/\/my-french-grocery.com\/fr\/produit\/biscuits-speculoos-lotus-biscoff\/"]}]},{"@type":"ImageObject","inLanguage":"fr-FR","@id":"https:\/\/my-french-grocery.com\/fr\/produit\/biscuits-speculoos-lotus-biscoff\/#primaryimage","url":"https:\/\/my-french-grocery.com\/wp-content\/uploads\/2023\/10\/BISCOFF-Speculoos-Biscuits-freshness.jpeg","contentUrl":"https:\/\/my-french-grocery.com\/wp-content\/uploads\/2023\/10\/BISCOFF-Speculoos-Biscuits-freshness.jpeg","width":1200,"height":1200,"caption":"Biscuits Sp\u00e9culoos Lotus Biscoff"},{"@type":"BreadcrumbList","@id":"https:\/\/my-french-grocery.com\/fr\/produit\/biscuits-speculoos-lotus-biscoff\/#breadcrumb","itemListElement":[{"@type":"ListItem","position":1,"name":"Home","item":"https:\/\/my-french-grocery.com\/fr\/"},{"@type":"ListItem","position":2,"name":"Shop","item":"https:\/\/my-french-grocery.com\/shop\/"},{"@type":"ListItem","position":3,"name":"Alimentation","item":"https:\/\/my-french-grocery.com\/fr\/categorie-produit\/alimentation\/"},{"@type":"ListItem","position":4,"name":"G\u00e2teaux &amp; Biscuits","item":"https:\/\/my-french-grocery.com\/fr\/categorie-produit\/alimentation\/gateaux-biscuits\/"},{"@type":"ListItem","position":5,"name":"Biscuits Sp\u00e9culoos Lotus Biscoff"}]},{"@type":"WebSite","@id":"https:\/\/my-french-grocery.com\/fr\/#website","url":"https:\/\/my-french-grocery.com\/fr\/","name":"My French Grocery","description":"Your Online French Grocery  !","publisher":{"@id":"https:\/\/my-french-grocery.com\/fr\/#organization"},"potentialAction":[{"@type":"SearchAction","target":{"@type":"EntryPoint","urlTemplate":"https:\/\/my-french-grocery.com\/fr\/?s={search_term_string}"},"query-input":{"@type":"PropertyValueSpecification","valueRequired":true,"valueName":"search_term_string"}}],"inLanguage":"fr-FR"},{"@type":"Organization","@id":"https:\/\/my-french-grocery.com\/fr\/#organization","name":"MY FRENCH GROCERY","url":"https:\/\/my-french-grocery.com\/fr\/","logo":{"@type":"ImageObject","inLanguage":"fr-FR","@id":"https:\/\/my-french-grocery.com\/fr\/#\/schema\/logo\/image\/","url":"https:\/\/my-french-grocery.com\/wp-content\/uploads\/2021\/11\/My-French-Grocery-Online-French-Grocery.png","contentUrl":"https:\/\/my-french-grocery.com\/wp-content\/uploads\/2021\/11\/My-French-Grocery-Online-French-Grocery.png","width":100,"height":100,"caption":"MY FRENCH GROCERY"},"image":{"@id":"https:\/\/my-french-grocery.com\/fr\/#\/schema\/logo\/image\/"},"sameAs":["https:\/\/www.facebook.com\/myfrenchgrocery\/"]}]}},"brands":[{"id":3375,"name":"Lotus","slug":"lotus-fr"}],"_links":{"self":[{"href":"https:\/\/my-french-grocery.com\/fr\/wp-json\/wp\/v2\/product\/36223","targetHints":{"allow":["GET"]}}],"collection":[{"href":"https:\/\/my-french-grocery.com\/fr\/wp-json\/wp\/v2\/product"}],"about":[{"href":"https:\/\/my-french-grocery.com\/fr\/wp-json\/wp\/v2\/types\/product"}],"replies":[{"embeddable":true,"href":"https:\/\/my-french-grocery.com\/fr\/wp-json\/wp\/v2\/comments?post=36223"}],"wp:featuredmedia":[{"embeddable":true,"href":"https:\/\/my-french-grocery.com\/fr\/wp-json\/wp\/v2\/media\/36227"}],"wp:attachment":[{"href":"https:\/\/my-french-grocery.com\/fr\/wp-json\/wp\/v2\/media?parent=36223"}],"wp:term":[{"taxonomy":"pwb-brand","embeddable":true,"href":"https:\/\/my-french-grocery.com\/fr\/wp-json\/wp\/v2\/pwb-brand?post=36223"},{"taxonomy":"product_brand","embeddable":true,"href":"https:\/\/my-french-grocery.com\/fr\/wp-json\/wp\/v2\/product_brand?post=36223"},{"taxonomy":"product_cat","embeddable":true,"href":"https:\/\/my-french-grocery.com\/fr\/wp-json\/wp\/v2\/product_cat?post=36223"},{"taxonomy":"product_tag","embeddable":true,"href":"https:\/\/my-french-grocery.com\/fr\/wp-json\/wp\/v2\/product_tag?post=36223"}],"curies":[{"name":"wp","href":"https:\/\/api.w.org\/{rel}","templated":true}]}}