{"id":36555,"date":"2023-11-07T17:38:16","date_gmt":"2023-11-07T15:38:16","guid":{"rendered":"https:\/\/my-french-grocery.com\/?post_type=product&#038;p=36555"},"modified":"2024-11-16T15:27:10","modified_gmt":"2024-11-16T13:27:10","slug":"chocolats-lait-lindt-champs-elysees","status":"publish","type":"product","link":"https:\/\/my-french-grocery.com\/fr\/produit\/chocolats-lait-lindt-champs-elysees\/","title":{"rendered":"Chocolats Lait Lindt Champs-Elys\u00e9es"},"content":{"rendered":"<p>Chocolats Lait Lindt Champs-Elys\u00e9es<\/p>\n<p>Boite de 17 bouch\u00e9es &#8211; 182g<\/p>\n<div class=\"regulated-name\">\n<p class=\"paragraph\">Champs-\u00c9lys\u00e9es de Lindt, c&rsquo;est toute la magie des Ma\u00eetres Chocolatiers Lindt : le plus fin des chocolats dans le plus f\u00e9erique des coffrets.Retrouvez la s\u00e9lection des meilleurs chocolats au lait Lindt Champs-\u00e9lys\u00e9es, dans un petit coffret \u00e0 offrir, \u00e0 partager ou pour se faire plaisir !<\/p>\n<\/div>\n","protected":false},"excerpt":{"rendered":"<p>Chocolats Lait Lindt Champs-Elys\u00e9es<\/p>\n<p>Boite de 17 bouch\u00e9es &#8211; 182g<\/p>\n","protected":false},"featured_media":36559,"comment_status":"open","ping_status":"closed","template":"","meta":[],"pwb-brand":[457],"product_brand":[],"product_cat":[455,2476],"product_tag":[3400,456,458],"class_list":{"0":"post-36555","1":"product","2":"type-product","3":"status-publish","4":"has-post-thumbnail","6":"pwb-brand-lindt-fr-2","7":"product_cat-chocolat","8":"product_cat-produits-de-noel","9":"product_tag-champs-elysees-fr","10":"product_tag-chocolat","11":"product_tag-lindt-fr","12":"product_shipping_class-expedition-dans-le-monde-entier","14":"first","15":"outofstock","16":"taxable","17":"shipping-taxable","18":"purchasable","19":"product-type-simple"},"yoast_head":"<!-- This site is optimized with the Yoast SEO plugin v27.3 - https:\/\/yoast.com\/product\/yoast-seo-wordpress\/ -->\n<title>Chocolats Lait Lindt Champs-Elys\u00e9es | Acheter En Ligne | My French Grocery<\/title>\n<meta name=\"description\" content=\"Chocolats Lindt Champs-Elys\u00e9es - Boite de 17 bouch\u00e9es - 182 g - Champs-\u00c9lys\u00e9es de Lindt, c&#039;est toute la magie des Ma\u00eetres Chocolatiers Lindt : le plus fin des chocolats dans le plus f\u00e9erique des coffrets.\" \/>\n<meta name=\"robots\" content=\"index, follow, max-snippet:-1, max-image-preview:large, max-video-preview:-1\" \/>\n<link rel=\"canonical\" href=\"https:\/\/my-french-grocery.com\/fr\/produit\/chocolats-lait-lindt-champs-elysees\/\" \/>\n<meta property=\"og:locale\" content=\"fr_FR\" \/>\n<meta property=\"og:type\" content=\"article\" \/>\n<meta property=\"og:title\" content=\"Chocolats Lait Lindt Champs-Elys\u00e9es | Acheter En Ligne | My French Grocery\" \/>\n<meta property=\"og:description\" content=\"Chocolats Lindt Champs-Elys\u00e9es - Boite de 17 bouch\u00e9es - 182 g - Champs-\u00c9lys\u00e9es de Lindt, c&#039;est toute la magie des Ma\u00eetres Chocolatiers Lindt : le plus fin des chocolats dans le plus f\u00e9erique des coffrets.\" \/>\n<meta property=\"og:url\" content=\"https:\/\/my-french-grocery.com\/fr\/produit\/chocolats-lait-lindt-champs-elysees\/\" \/>\n<meta property=\"og:site_name\" content=\"My French Grocery\" \/>\n<meta property=\"article:publisher\" content=\"https:\/\/www.facebook.com\/myfrenchgrocery\/\" \/>\n<meta property=\"article:modified_time\" content=\"2024-11-16T13:27:10+00:00\" \/>\n<meta property=\"og:image\" content=\"https:\/\/my-french-grocery.com\/wp-content\/uploads\/2023\/11\/LINDT-Champs-Elysees-assortiment-de-chocolats-au-lait-fourres.jpeg\" \/>\n\t<meta property=\"og:image:width\" content=\"1200\" \/>\n\t<meta property=\"og:image:height\" content=\"1200\" \/>\n\t<meta property=\"og:image:type\" content=\"image\/jpeg\" \/>\n<meta name=\"twitter:card\" content=\"summary_large_image\" \/>\n<script type=\"application\/ld+json\" class=\"yoast-schema-graph\">{\"@context\":\"https:\\\/\\\/schema.org\",\"@graph\":[{\"@type\":\"WebPage\",\"@id\":\"https:\\\/\\\/my-french-grocery.com\\\/fr\\\/produit\\\/chocolats-lait-lindt-champs-elysees\\\/\",\"url\":\"https:\\\/\\\/my-french-grocery.com\\\/fr\\\/produit\\\/chocolats-lait-lindt-champs-elysees\\\/\",\"name\":\"Chocolats Lait Lindt Champs-Elys\u00e9es | Acheter En Ligne | My French Grocery\",\"isPartOf\":{\"@id\":\"https:\\\/\\\/my-french-grocery.com\\\/fr\\\/#website\"},\"primaryImageOfPage\":{\"@id\":\"https:\\\/\\\/my-french-grocery.com\\\/fr\\\/produit\\\/chocolats-lait-lindt-champs-elysees\\\/#primaryimage\"},\"image\":{\"@id\":\"https:\\\/\\\/my-french-grocery.com\\\/fr\\\/produit\\\/chocolats-lait-lindt-champs-elysees\\\/#primaryimage\"},\"thumbnailUrl\":\"https:\\\/\\\/my-french-grocery.com\\\/wp-content\\\/uploads\\\/2023\\\/11\\\/LINDT-Champs-Elysees-assortiment-de-chocolats-au-lait-fourres.jpeg\",\"datePublished\":\"2023-11-07T15:38:16+00:00\",\"dateModified\":\"2024-11-16T13:27:10+00:00\",\"description\":\"Chocolats Lindt Champs-Elys\u00e9es - Boite de 17 bouch\u00e9es - 182 g - Champs-\u00c9lys\u00e9es de Lindt, c'est toute la magie des Ma\u00eetres Chocolatiers Lindt : le plus fin des chocolats dans le plus f\u00e9erique des coffrets.\",\"breadcrumb\":{\"@id\":\"https:\\\/\\\/my-french-grocery.com\\\/fr\\\/produit\\\/chocolats-lait-lindt-champs-elysees\\\/#breadcrumb\"},\"inLanguage\":\"fr-FR\",\"potentialAction\":[{\"@type\":\"ReadAction\",\"target\":[\"https:\\\/\\\/my-french-grocery.com\\\/fr\\\/produit\\\/chocolats-lait-lindt-champs-elysees\\\/\"]}]},{\"@type\":\"ImageObject\",\"inLanguage\":\"fr-FR\",\"@id\":\"https:\\\/\\\/my-french-grocery.com\\\/fr\\\/produit\\\/chocolats-lait-lindt-champs-elysees\\\/#primaryimage\",\"url\":\"https:\\\/\\\/my-french-grocery.com\\\/wp-content\\\/uploads\\\/2023\\\/11\\\/LINDT-Champs-Elysees-assortiment-de-chocolats-au-lait-fourres.jpeg\",\"contentUrl\":\"https:\\\/\\\/my-french-grocery.com\\\/wp-content\\\/uploads\\\/2023\\\/11\\\/LINDT-Champs-Elysees-assortiment-de-chocolats-au-lait-fourres.jpeg\",\"width\":1200,\"height\":1200,\"caption\":\"Chocolats Lait Lindt Champs-Elys\u00e9es\"},{\"@type\":\"BreadcrumbList\",\"@id\":\"https:\\\/\\\/my-french-grocery.com\\\/fr\\\/produit\\\/chocolats-lait-lindt-champs-elysees\\\/#breadcrumb\",\"itemListElement\":[{\"@type\":\"ListItem\",\"position\":1,\"name\":\"Home\",\"item\":\"https:\\\/\\\/my-french-grocery.com\\\/fr\\\/\"},{\"@type\":\"ListItem\",\"position\":2,\"name\":\"Shop\",\"item\":\"https:\\\/\\\/my-french-grocery.com\\\/shop\\\/\"},{\"@type\":\"ListItem\",\"position\":3,\"name\":\"Alimentation\",\"item\":\"https:\\\/\\\/my-french-grocery.com\\\/fr\\\/categorie-produit\\\/alimentation\\\/\"},{\"@type\":\"ListItem\",\"position\":4,\"name\":\"Bonbons &amp; Chocolats\",\"item\":\"https:\\\/\\\/my-french-grocery.com\\\/fr\\\/categorie-produit\\\/alimentation\\\/bonbons-chocolats\\\/\"},{\"@type\":\"ListItem\",\"position\":5,\"name\":\"Chocolat\",\"item\":\"https:\\\/\\\/my-french-grocery.com\\\/fr\\\/categorie-produit\\\/alimentation\\\/bonbons-chocolats\\\/chocolat\\\/\"},{\"@type\":\"ListItem\",\"position\":6,\"name\":\"Chocolats Lait Lindt Champs-Elys\u00e9es\"}]},{\"@type\":\"WebSite\",\"@id\":\"https:\\\/\\\/my-french-grocery.com\\\/fr\\\/#website\",\"url\":\"https:\\\/\\\/my-french-grocery.com\\\/fr\\\/\",\"name\":\"My French Grocery\",\"description\":\"Your Online French Grocery  !\",\"publisher\":{\"@id\":\"https:\\\/\\\/my-french-grocery.com\\\/fr\\\/#organization\"},\"potentialAction\":[{\"@type\":\"SearchAction\",\"target\":{\"@type\":\"EntryPoint\",\"urlTemplate\":\"https:\\\/\\\/my-french-grocery.com\\\/fr\\\/?s={search_term_string}\"},\"query-input\":{\"@type\":\"PropertyValueSpecification\",\"valueRequired\":true,\"valueName\":\"search_term_string\"}}],\"inLanguage\":\"fr-FR\"},{\"@type\":\"Organization\",\"@id\":\"https:\\\/\\\/my-french-grocery.com\\\/fr\\\/#organization\",\"name\":\"MY FRENCH GROCERY\",\"url\":\"https:\\\/\\\/my-french-grocery.com\\\/fr\\\/\",\"logo\":{\"@type\":\"ImageObject\",\"inLanguage\":\"fr-FR\",\"@id\":\"https:\\\/\\\/my-french-grocery.com\\\/fr\\\/#\\\/schema\\\/logo\\\/image\\\/\",\"url\":\"https:\\\/\\\/my-french-grocery.com\\\/wp-content\\\/uploads\\\/2021\\\/11\\\/My-French-Grocery-Online-French-Grocery.png\",\"contentUrl\":\"https:\\\/\\\/my-french-grocery.com\\\/wp-content\\\/uploads\\\/2021\\\/11\\\/My-French-Grocery-Online-French-Grocery.png\",\"width\":100,\"height\":100,\"caption\":\"MY FRENCH GROCERY\"},\"image\":{\"@id\":\"https:\\\/\\\/my-french-grocery.com\\\/fr\\\/#\\\/schema\\\/logo\\\/image\\\/\"},\"sameAs\":[\"https:\\\/\\\/www.facebook.com\\\/myfrenchgrocery\\\/\"]}]}<\/script>\n<!-- \/ Yoast SEO plugin. -->","yoast_head_json":{"title":"Chocolats Lait Lindt Champs-Elys\u00e9es | Acheter En Ligne | My French Grocery","description":"Chocolats Lindt Champs-Elys\u00e9es - Boite de 17 bouch\u00e9es - 182 g - Champs-\u00c9lys\u00e9es de Lindt, c'est toute la magie des Ma\u00eetres Chocolatiers Lindt : le plus fin des chocolats dans le plus f\u00e9erique des coffrets.","robots":{"index":"index","follow":"follow","max-snippet":"max-snippet:-1","max-image-preview":"max-image-preview:large","max-video-preview":"max-video-preview:-1"},"canonical":"https:\/\/my-french-grocery.com\/fr\/produit\/chocolats-lait-lindt-champs-elysees\/","og_locale":"fr_FR","og_type":"article","og_title":"Chocolats Lait Lindt Champs-Elys\u00e9es | Acheter En Ligne | My French Grocery","og_description":"Chocolats Lindt Champs-Elys\u00e9es - Boite de 17 bouch\u00e9es - 182 g - Champs-\u00c9lys\u00e9es de Lindt, c'est toute la magie des Ma\u00eetres Chocolatiers Lindt : le plus fin des chocolats dans le plus f\u00e9erique des coffrets.","og_url":"https:\/\/my-french-grocery.com\/fr\/produit\/chocolats-lait-lindt-champs-elysees\/","og_site_name":"My French Grocery","article_publisher":"https:\/\/www.facebook.com\/myfrenchgrocery\/","article_modified_time":"2024-11-16T13:27:10+00:00","og_image":[{"width":1200,"height":1200,"url":"https:\/\/my-french-grocery.com\/wp-content\/uploads\/2023\/11\/LINDT-Champs-Elysees-assortiment-de-chocolats-au-lait-fourres.jpeg","type":"image\/jpeg"}],"twitter_card":"summary_large_image","schema":{"@context":"https:\/\/schema.org","@graph":[{"@type":"WebPage","@id":"https:\/\/my-french-grocery.com\/fr\/produit\/chocolats-lait-lindt-champs-elysees\/","url":"https:\/\/my-french-grocery.com\/fr\/produit\/chocolats-lait-lindt-champs-elysees\/","name":"Chocolats Lait Lindt Champs-Elys\u00e9es | Acheter En Ligne | My French Grocery","isPartOf":{"@id":"https:\/\/my-french-grocery.com\/fr\/#website"},"primaryImageOfPage":{"@id":"https:\/\/my-french-grocery.com\/fr\/produit\/chocolats-lait-lindt-champs-elysees\/#primaryimage"},"image":{"@id":"https:\/\/my-french-grocery.com\/fr\/produit\/chocolats-lait-lindt-champs-elysees\/#primaryimage"},"thumbnailUrl":"https:\/\/my-french-grocery.com\/wp-content\/uploads\/2023\/11\/LINDT-Champs-Elysees-assortiment-de-chocolats-au-lait-fourres.jpeg","datePublished":"2023-11-07T15:38:16+00:00","dateModified":"2024-11-16T13:27:10+00:00","description":"Chocolats Lindt Champs-Elys\u00e9es - Boite de 17 bouch\u00e9es - 182 g - Champs-\u00c9lys\u00e9es de Lindt, c'est toute la magie des Ma\u00eetres Chocolatiers Lindt : le plus fin des chocolats dans le plus f\u00e9erique des coffrets.","breadcrumb":{"@id":"https:\/\/my-french-grocery.com\/fr\/produit\/chocolats-lait-lindt-champs-elysees\/#breadcrumb"},"inLanguage":"fr-FR","potentialAction":[{"@type":"ReadAction","target":["https:\/\/my-french-grocery.com\/fr\/produit\/chocolats-lait-lindt-champs-elysees\/"]}]},{"@type":"ImageObject","inLanguage":"fr-FR","@id":"https:\/\/my-french-grocery.com\/fr\/produit\/chocolats-lait-lindt-champs-elysees\/#primaryimage","url":"https:\/\/my-french-grocery.com\/wp-content\/uploads\/2023\/11\/LINDT-Champs-Elysees-assortiment-de-chocolats-au-lait-fourres.jpeg","contentUrl":"https:\/\/my-french-grocery.com\/wp-content\/uploads\/2023\/11\/LINDT-Champs-Elysees-assortiment-de-chocolats-au-lait-fourres.jpeg","width":1200,"height":1200,"caption":"Chocolats Lait Lindt Champs-Elys\u00e9es"},{"@type":"BreadcrumbList","@id":"https:\/\/my-french-grocery.com\/fr\/produit\/chocolats-lait-lindt-champs-elysees\/#breadcrumb","itemListElement":[{"@type":"ListItem","position":1,"name":"Home","item":"https:\/\/my-french-grocery.com\/fr\/"},{"@type":"ListItem","position":2,"name":"Shop","item":"https:\/\/my-french-grocery.com\/shop\/"},{"@type":"ListItem","position":3,"name":"Alimentation","item":"https:\/\/my-french-grocery.com\/fr\/categorie-produit\/alimentation\/"},{"@type":"ListItem","position":4,"name":"Bonbons &amp; Chocolats","item":"https:\/\/my-french-grocery.com\/fr\/categorie-produit\/alimentation\/bonbons-chocolats\/"},{"@type":"ListItem","position":5,"name":"Chocolat","item":"https:\/\/my-french-grocery.com\/fr\/categorie-produit\/alimentation\/bonbons-chocolats\/chocolat\/"},{"@type":"ListItem","position":6,"name":"Chocolats Lait Lindt Champs-Elys\u00e9es"}]},{"@type":"WebSite","@id":"https:\/\/my-french-grocery.com\/fr\/#website","url":"https:\/\/my-french-grocery.com\/fr\/","name":"My French Grocery","description":"Your Online French Grocery  !","publisher":{"@id":"https:\/\/my-french-grocery.com\/fr\/#organization"},"potentialAction":[{"@type":"SearchAction","target":{"@type":"EntryPoint","urlTemplate":"https:\/\/my-french-grocery.com\/fr\/?s={search_term_string}"},"query-input":{"@type":"PropertyValueSpecification","valueRequired":true,"valueName":"search_term_string"}}],"inLanguage":"fr-FR"},{"@type":"Organization","@id":"https:\/\/my-french-grocery.com\/fr\/#organization","name":"MY FRENCH GROCERY","url":"https:\/\/my-french-grocery.com\/fr\/","logo":{"@type":"ImageObject","inLanguage":"fr-FR","@id":"https:\/\/my-french-grocery.com\/fr\/#\/schema\/logo\/image\/","url":"https:\/\/my-french-grocery.com\/wp-content\/uploads\/2021\/11\/My-French-Grocery-Online-French-Grocery.png","contentUrl":"https:\/\/my-french-grocery.com\/wp-content\/uploads\/2021\/11\/My-French-Grocery-Online-French-Grocery.png","width":100,"height":100,"caption":"MY FRENCH GROCERY"},"image":{"@id":"https:\/\/my-french-grocery.com\/fr\/#\/schema\/logo\/image\/"},"sameAs":["https:\/\/www.facebook.com\/myfrenchgrocery\/"]}]}},"brands":[{"id":457,"name":"Lindt","slug":"lindt-fr-2"}],"_links":{"self":[{"href":"https:\/\/my-french-grocery.com\/fr\/wp-json\/wp\/v2\/product\/36555","targetHints":{"allow":["GET"]}}],"collection":[{"href":"https:\/\/my-french-grocery.com\/fr\/wp-json\/wp\/v2\/product"}],"about":[{"href":"https:\/\/my-french-grocery.com\/fr\/wp-json\/wp\/v2\/types\/product"}],"replies":[{"embeddable":true,"href":"https:\/\/my-french-grocery.com\/fr\/wp-json\/wp\/v2\/comments?post=36555"}],"wp:featuredmedia":[{"embeddable":true,"href":"https:\/\/my-french-grocery.com\/fr\/wp-json\/wp\/v2\/media\/36559"}],"wp:attachment":[{"href":"https:\/\/my-french-grocery.com\/fr\/wp-json\/wp\/v2\/media?parent=36555"}],"wp:term":[{"taxonomy":"pwb-brand","embeddable":true,"href":"https:\/\/my-french-grocery.com\/fr\/wp-json\/wp\/v2\/pwb-brand?post=36555"},{"taxonomy":"product_brand","embeddable":true,"href":"https:\/\/my-french-grocery.com\/fr\/wp-json\/wp\/v2\/product_brand?post=36555"},{"taxonomy":"product_cat","embeddable":true,"href":"https:\/\/my-french-grocery.com\/fr\/wp-json\/wp\/v2\/product_cat?post=36555"},{"taxonomy":"product_tag","embeddable":true,"href":"https:\/\/my-french-grocery.com\/fr\/wp-json\/wp\/v2\/product_tag?post=36555"}],"curies":[{"name":"wp","href":"https:\/\/api.w.org\/{rel}","templated":true}]}}