{"id":36860,"date":"2023-11-16T18:50:35","date_gmt":"2023-11-16T16:50:35","guid":{"rendered":"https:\/\/my-french-grocery.com\/?post_type=product&#038;p=36860"},"modified":"2023-11-16T18:57:13","modified_gmt":"2023-11-16T16:57:13","slug":"assortiment-de-chocolats-grand-assortiment-ferrero","status":"publish","type":"product","link":"https:\/\/my-french-grocery.com\/fr\/produit\/assortiment-de-chocolats-grand-assortiment-ferrero\/","title":{"rendered":"Assortiment De Chocolats \u00ab\u00a0Grand Assortiment\u00a0\u00bb Ferrero"},"content":{"rendered":"<p>Assortiment De Chocolats \u00ab\u00a0Grand Assortiment\u00a0\u00bb Ferrero<\/p>\n<div class=\"pdp-card__header--text\"><span class=\"ds-body-text ds-body-text--weight-bold ds-body-text--size-m ds-body-text--color-standard-2\">Boite de 42 &#8211; 431 g<\/span><\/div>\n<p>La bo\u00eete grand format pour enchanter tous vos moments de partage gr\u00e2ce aux 16 bouch\u00e9es de chacune des 3 d\u00e9licieuses recettes Ferrero Rocher, Rond Noir et Raffaello. Ferrero Collection, c&rsquo;est un assortiment de 3 recettes inimitables, entre lesquelles il vous sera difficile de choisir. L&rsquo;incontournable Ferrero Rocher, et deux d\u00e9licieuses recettes : l&rsquo;intensit\u00e9 du chocolat noir de Ferrero Rondnoir, et la douceur de la noix de coco de Raffaello. Un sublime cadeau \u00e0 offrir \u00e0 ceux qui vous sont chers, ou \u00e0 partager entre amis !<\/p>\n","protected":false},"excerpt":{"rendered":"<p>Assortiment De Chocolats \u00ab\u00a0Grand Assortiment\u00a0\u00bb Ferrero<\/p>\n<div class=\"pdp-card__header--text\"><span class=\"ds-body-text ds-body-text--weight-bold ds-body-text--size-m ds-body-text--color-standard-2\">Boite de 42 &#8211; 431 g<\/span><\/div>\n","protected":false},"featured_media":36864,"comment_status":"open","ping_status":"closed","template":"","meta":[],"pwb-brand":[614],"product_brand":[],"product_cat":[449,455,2476],"product_tag":[456,3415],"class_list":{"0":"post-36860","1":"product","2":"type-product","3":"status-publish","4":"has-post-thumbnail","6":"pwb-brand-ferrero-fr","7":"product_cat-bonbons","8":"product_cat-chocolat","9":"product_cat-produits-de-noel","10":"product_tag-chocolat","11":"product_tag-ferrero-fr","12":"product_shipping_class-expedition-dans-le-monde-entier","14":"first","15":"outofstock","16":"taxable","17":"shipping-taxable","18":"purchasable","19":"product-type-simple"},"yoast_head":"<!-- This site is optimized with the Yoast SEO plugin v27.4 - https:\/\/yoast.com\/product\/yoast-seo-wordpress\/ -->\n<title>Assortiment De Chocolats &quot;Grand Assortiment&quot; Ferrero | Acheter En Ligne | My French Grocery<\/title>\n<meta name=\"description\" content=\"Assortiment De Chocolats &quot;Grand Assortiment&quot; Ferrero - Boite de 42 - 431 g - La bo\u00eete grand format pour enchanter tous vos moments de partage gr\u00e2ce aux 16 bouch\u00e9es de chacune des 3 d\u00e9licieuses recettes Ferrero Rocher, Rond Noir et Raffaello.\" \/>\n<meta name=\"robots\" content=\"index, follow, max-snippet:-1, max-image-preview:large, max-video-preview:-1\" \/>\n<link rel=\"canonical\" href=\"https:\/\/my-french-grocery.com\/fr\/produit\/assortiment-de-chocolats-grand-assortiment-ferrero\/\" \/>\n<meta property=\"og:locale\" content=\"fr_FR\" \/>\n<meta property=\"og:type\" content=\"article\" \/>\n<meta property=\"og:title\" content=\"Assortiment De Chocolats &quot;Grand Assortiment&quot; Ferrero | Acheter En Ligne | My French Grocery\" \/>\n<meta property=\"og:description\" content=\"Assortiment De Chocolats &quot;Grand Assortiment&quot; Ferrero - Boite de 42 - 431 g - La bo\u00eete grand format pour enchanter tous vos moments de partage gr\u00e2ce aux 16 bouch\u00e9es de chacune des 3 d\u00e9licieuses recettes Ferrero Rocher, Rond Noir et Raffaello.\" \/>\n<meta property=\"og:url\" content=\"https:\/\/my-french-grocery.com\/fr\/produit\/assortiment-de-chocolats-grand-assortiment-ferrero\/\" \/>\n<meta property=\"og:site_name\" content=\"My French Grocery\" \/>\n<meta property=\"article:publisher\" content=\"https:\/\/www.facebook.com\/myfrenchgrocery\/\" \/>\n<meta property=\"article:modified_time\" content=\"2023-11-16T16:57:13+00:00\" \/>\n<meta property=\"og:image\" content=\"https:\/\/my-french-grocery.com\/wp-content\/uploads\/2023\/11\/Assortment-of-chocolates-FERRERO-COLLECTION-LARGE-ASSORTMENT.jpg\" \/>\n\t<meta property=\"og:image:width\" content=\"1500\" \/>\n\t<meta property=\"og:image:height\" content=\"1500\" \/>\n\t<meta property=\"og:image:type\" content=\"image\/jpeg\" \/>\n<meta name=\"twitter:card\" content=\"summary_large_image\" \/>\n<script type=\"application\/ld+json\" class=\"yoast-schema-graph\">{\"@context\":\"https:\\\/\\\/schema.org\",\"@graph\":[{\"@type\":\"WebPage\",\"@id\":\"https:\\\/\\\/my-french-grocery.com\\\/fr\\\/produit\\\/assortiment-de-chocolats-grand-assortiment-ferrero\\\/\",\"url\":\"https:\\\/\\\/my-french-grocery.com\\\/fr\\\/produit\\\/assortiment-de-chocolats-grand-assortiment-ferrero\\\/\",\"name\":\"Assortiment De Chocolats \\\"Grand Assortiment\\\" Ferrero | Acheter En Ligne | My French Grocery\",\"isPartOf\":{\"@id\":\"https:\\\/\\\/my-french-grocery.com\\\/fr\\\/#website\"},\"primaryImageOfPage\":{\"@id\":\"https:\\\/\\\/my-french-grocery.com\\\/fr\\\/produit\\\/assortiment-de-chocolats-grand-assortiment-ferrero\\\/#primaryimage\"},\"image\":{\"@id\":\"https:\\\/\\\/my-french-grocery.com\\\/fr\\\/produit\\\/assortiment-de-chocolats-grand-assortiment-ferrero\\\/#primaryimage\"},\"thumbnailUrl\":\"https:\\\/\\\/my-french-grocery.com\\\/wp-content\\\/uploads\\\/2023\\\/11\\\/Assortment-of-chocolates-FERRERO-COLLECTION-LARGE-ASSORTMENT.jpg\",\"datePublished\":\"2023-11-16T16:50:35+00:00\",\"dateModified\":\"2023-11-16T16:57:13+00:00\",\"description\":\"Assortiment De Chocolats \\\"Grand Assortiment\\\" Ferrero - Boite de 42 - 431 g - La bo\u00eete grand format pour enchanter tous vos moments de partage gr\u00e2ce aux 16 bouch\u00e9es de chacune des 3 d\u00e9licieuses recettes Ferrero Rocher, Rond Noir et Raffaello.\",\"breadcrumb\":{\"@id\":\"https:\\\/\\\/my-french-grocery.com\\\/fr\\\/produit\\\/assortiment-de-chocolats-grand-assortiment-ferrero\\\/#breadcrumb\"},\"inLanguage\":\"fr-FR\",\"potentialAction\":[{\"@type\":\"ReadAction\",\"target\":[\"https:\\\/\\\/my-french-grocery.com\\\/fr\\\/produit\\\/assortiment-de-chocolats-grand-assortiment-ferrero\\\/\"]}]},{\"@type\":\"ImageObject\",\"inLanguage\":\"fr-FR\",\"@id\":\"https:\\\/\\\/my-french-grocery.com\\\/fr\\\/produit\\\/assortiment-de-chocolats-grand-assortiment-ferrero\\\/#primaryimage\",\"url\":\"https:\\\/\\\/my-french-grocery.com\\\/wp-content\\\/uploads\\\/2023\\\/11\\\/Assortment-of-chocolates-FERRERO-COLLECTION-LARGE-ASSORTMENT.jpg\",\"contentUrl\":\"https:\\\/\\\/my-french-grocery.com\\\/wp-content\\\/uploads\\\/2023\\\/11\\\/Assortment-of-chocolates-FERRERO-COLLECTION-LARGE-ASSORTMENT.jpg\",\"width\":1500,\"height\":1500,\"caption\":\"Assortiment De Chocolats \\\"Grand Assortiment\\\" Ferrero\"},{\"@type\":\"BreadcrumbList\",\"@id\":\"https:\\\/\\\/my-french-grocery.com\\\/fr\\\/produit\\\/assortiment-de-chocolats-grand-assortiment-ferrero\\\/#breadcrumb\",\"itemListElement\":[{\"@type\":\"ListItem\",\"position\":1,\"name\":\"Home\",\"item\":\"https:\\\/\\\/my-french-grocery.com\\\/fr\\\/\"},{\"@type\":\"ListItem\",\"position\":2,\"name\":\"Shop\",\"item\":\"https:\\\/\\\/my-french-grocery.com\\\/shop\\\/\"},{\"@type\":\"ListItem\",\"position\":3,\"name\":\"Alimentation\",\"item\":\"https:\\\/\\\/my-french-grocery.com\\\/fr\\\/categorie-produit\\\/alimentation\\\/\"},{\"@type\":\"ListItem\",\"position\":4,\"name\":\"Bonbons &amp; Chocolats\",\"item\":\"https:\\\/\\\/my-french-grocery.com\\\/fr\\\/categorie-produit\\\/alimentation\\\/bonbons-chocolats\\\/\"},{\"@type\":\"ListItem\",\"position\":5,\"name\":\"Bonbons\",\"item\":\"https:\\\/\\\/my-french-grocery.com\\\/fr\\\/categorie-produit\\\/alimentation\\\/bonbons-chocolats\\\/bonbons\\\/\"},{\"@type\":\"ListItem\",\"position\":6,\"name\":\"Assortiment De Chocolats &#8220;Grand Assortiment&#8221; Ferrero\"}]},{\"@type\":\"WebSite\",\"@id\":\"https:\\\/\\\/my-french-grocery.com\\\/fr\\\/#website\",\"url\":\"https:\\\/\\\/my-french-grocery.com\\\/fr\\\/\",\"name\":\"My French Grocery\",\"description\":\"Your Online French Grocery  !\",\"publisher\":{\"@id\":\"https:\\\/\\\/my-french-grocery.com\\\/fr\\\/#organization\"},\"potentialAction\":[{\"@type\":\"SearchAction\",\"target\":{\"@type\":\"EntryPoint\",\"urlTemplate\":\"https:\\\/\\\/my-french-grocery.com\\\/fr\\\/?s={search_term_string}\"},\"query-input\":{\"@type\":\"PropertyValueSpecification\",\"valueRequired\":true,\"valueName\":\"search_term_string\"}}],\"inLanguage\":\"fr-FR\"},{\"@type\":\"Organization\",\"@id\":\"https:\\\/\\\/my-french-grocery.com\\\/fr\\\/#organization\",\"name\":\"MY FRENCH GROCERY\",\"url\":\"https:\\\/\\\/my-french-grocery.com\\\/fr\\\/\",\"logo\":{\"@type\":\"ImageObject\",\"inLanguage\":\"fr-FR\",\"@id\":\"https:\\\/\\\/my-french-grocery.com\\\/fr\\\/#\\\/schema\\\/logo\\\/image\\\/\",\"url\":\"https:\\\/\\\/my-french-grocery.com\\\/wp-content\\\/uploads\\\/2021\\\/11\\\/My-French-Grocery-Online-French-Grocery.png\",\"contentUrl\":\"https:\\\/\\\/my-french-grocery.com\\\/wp-content\\\/uploads\\\/2021\\\/11\\\/My-French-Grocery-Online-French-Grocery.png\",\"width\":100,\"height\":100,\"caption\":\"MY FRENCH GROCERY\"},\"image\":{\"@id\":\"https:\\\/\\\/my-french-grocery.com\\\/fr\\\/#\\\/schema\\\/logo\\\/image\\\/\"},\"sameAs\":[\"https:\\\/\\\/www.facebook.com\\\/myfrenchgrocery\\\/\"]}]}<\/script>\n<!-- \/ Yoast SEO plugin. -->","yoast_head_json":{"title":"Assortiment De Chocolats \"Grand Assortiment\" Ferrero | Acheter En Ligne | My French Grocery","description":"Assortiment De Chocolats \"Grand Assortiment\" Ferrero - Boite de 42 - 431 g - La bo\u00eete grand format pour enchanter tous vos moments de partage gr\u00e2ce aux 16 bouch\u00e9es de chacune des 3 d\u00e9licieuses recettes Ferrero Rocher, Rond Noir et Raffaello.","robots":{"index":"index","follow":"follow","max-snippet":"max-snippet:-1","max-image-preview":"max-image-preview:large","max-video-preview":"max-video-preview:-1"},"canonical":"https:\/\/my-french-grocery.com\/fr\/produit\/assortiment-de-chocolats-grand-assortiment-ferrero\/","og_locale":"fr_FR","og_type":"article","og_title":"Assortiment De Chocolats \"Grand Assortiment\" Ferrero | Acheter En Ligne | My French Grocery","og_description":"Assortiment De Chocolats \"Grand Assortiment\" Ferrero - Boite de 42 - 431 g - La bo\u00eete grand format pour enchanter tous vos moments de partage gr\u00e2ce aux 16 bouch\u00e9es de chacune des 3 d\u00e9licieuses recettes Ferrero Rocher, Rond Noir et Raffaello.","og_url":"https:\/\/my-french-grocery.com\/fr\/produit\/assortiment-de-chocolats-grand-assortiment-ferrero\/","og_site_name":"My French Grocery","article_publisher":"https:\/\/www.facebook.com\/myfrenchgrocery\/","article_modified_time":"2023-11-16T16:57:13+00:00","og_image":[{"width":1500,"height":1500,"url":"https:\/\/my-french-grocery.com\/wp-content\/uploads\/2023\/11\/Assortment-of-chocolates-FERRERO-COLLECTION-LARGE-ASSORTMENT.jpg","type":"image\/jpeg"}],"twitter_card":"summary_large_image","schema":{"@context":"https:\/\/schema.org","@graph":[{"@type":"WebPage","@id":"https:\/\/my-french-grocery.com\/fr\/produit\/assortiment-de-chocolats-grand-assortiment-ferrero\/","url":"https:\/\/my-french-grocery.com\/fr\/produit\/assortiment-de-chocolats-grand-assortiment-ferrero\/","name":"Assortiment De Chocolats \"Grand Assortiment\" Ferrero | Acheter En Ligne | My French Grocery","isPartOf":{"@id":"https:\/\/my-french-grocery.com\/fr\/#website"},"primaryImageOfPage":{"@id":"https:\/\/my-french-grocery.com\/fr\/produit\/assortiment-de-chocolats-grand-assortiment-ferrero\/#primaryimage"},"image":{"@id":"https:\/\/my-french-grocery.com\/fr\/produit\/assortiment-de-chocolats-grand-assortiment-ferrero\/#primaryimage"},"thumbnailUrl":"https:\/\/my-french-grocery.com\/wp-content\/uploads\/2023\/11\/Assortment-of-chocolates-FERRERO-COLLECTION-LARGE-ASSORTMENT.jpg","datePublished":"2023-11-16T16:50:35+00:00","dateModified":"2023-11-16T16:57:13+00:00","description":"Assortiment De Chocolats \"Grand Assortiment\" Ferrero - Boite de 42 - 431 g - La bo\u00eete grand format pour enchanter tous vos moments de partage gr\u00e2ce aux 16 bouch\u00e9es de chacune des 3 d\u00e9licieuses recettes Ferrero Rocher, Rond Noir et Raffaello.","breadcrumb":{"@id":"https:\/\/my-french-grocery.com\/fr\/produit\/assortiment-de-chocolats-grand-assortiment-ferrero\/#breadcrumb"},"inLanguage":"fr-FR","potentialAction":[{"@type":"ReadAction","target":["https:\/\/my-french-grocery.com\/fr\/produit\/assortiment-de-chocolats-grand-assortiment-ferrero\/"]}]},{"@type":"ImageObject","inLanguage":"fr-FR","@id":"https:\/\/my-french-grocery.com\/fr\/produit\/assortiment-de-chocolats-grand-assortiment-ferrero\/#primaryimage","url":"https:\/\/my-french-grocery.com\/wp-content\/uploads\/2023\/11\/Assortment-of-chocolates-FERRERO-COLLECTION-LARGE-ASSORTMENT.jpg","contentUrl":"https:\/\/my-french-grocery.com\/wp-content\/uploads\/2023\/11\/Assortment-of-chocolates-FERRERO-COLLECTION-LARGE-ASSORTMENT.jpg","width":1500,"height":1500,"caption":"Assortiment De Chocolats \"Grand Assortiment\" Ferrero"},{"@type":"BreadcrumbList","@id":"https:\/\/my-french-grocery.com\/fr\/produit\/assortiment-de-chocolats-grand-assortiment-ferrero\/#breadcrumb","itemListElement":[{"@type":"ListItem","position":1,"name":"Home","item":"https:\/\/my-french-grocery.com\/fr\/"},{"@type":"ListItem","position":2,"name":"Shop","item":"https:\/\/my-french-grocery.com\/shop\/"},{"@type":"ListItem","position":3,"name":"Alimentation","item":"https:\/\/my-french-grocery.com\/fr\/categorie-produit\/alimentation\/"},{"@type":"ListItem","position":4,"name":"Bonbons &amp; Chocolats","item":"https:\/\/my-french-grocery.com\/fr\/categorie-produit\/alimentation\/bonbons-chocolats\/"},{"@type":"ListItem","position":5,"name":"Bonbons","item":"https:\/\/my-french-grocery.com\/fr\/categorie-produit\/alimentation\/bonbons-chocolats\/bonbons\/"},{"@type":"ListItem","position":6,"name":"Assortiment De Chocolats &#8220;Grand Assortiment&#8221; Ferrero"}]},{"@type":"WebSite","@id":"https:\/\/my-french-grocery.com\/fr\/#website","url":"https:\/\/my-french-grocery.com\/fr\/","name":"My French Grocery","description":"Your Online French Grocery  !","publisher":{"@id":"https:\/\/my-french-grocery.com\/fr\/#organization"},"potentialAction":[{"@type":"SearchAction","target":{"@type":"EntryPoint","urlTemplate":"https:\/\/my-french-grocery.com\/fr\/?s={search_term_string}"},"query-input":{"@type":"PropertyValueSpecification","valueRequired":true,"valueName":"search_term_string"}}],"inLanguage":"fr-FR"},{"@type":"Organization","@id":"https:\/\/my-french-grocery.com\/fr\/#organization","name":"MY FRENCH GROCERY","url":"https:\/\/my-french-grocery.com\/fr\/","logo":{"@type":"ImageObject","inLanguage":"fr-FR","@id":"https:\/\/my-french-grocery.com\/fr\/#\/schema\/logo\/image\/","url":"https:\/\/my-french-grocery.com\/wp-content\/uploads\/2021\/11\/My-French-Grocery-Online-French-Grocery.png","contentUrl":"https:\/\/my-french-grocery.com\/wp-content\/uploads\/2021\/11\/My-French-Grocery-Online-French-Grocery.png","width":100,"height":100,"caption":"MY FRENCH GROCERY"},"image":{"@id":"https:\/\/my-french-grocery.com\/fr\/#\/schema\/logo\/image\/"},"sameAs":["https:\/\/www.facebook.com\/myfrenchgrocery\/"]}]}},"brands":[{"id":614,"name":"Ferrero","slug":"ferrero-fr"}],"_links":{"self":[{"href":"https:\/\/my-french-grocery.com\/fr\/wp-json\/wp\/v2\/product\/36860","targetHints":{"allow":["GET"]}}],"collection":[{"href":"https:\/\/my-french-grocery.com\/fr\/wp-json\/wp\/v2\/product"}],"about":[{"href":"https:\/\/my-french-grocery.com\/fr\/wp-json\/wp\/v2\/types\/product"}],"replies":[{"embeddable":true,"href":"https:\/\/my-french-grocery.com\/fr\/wp-json\/wp\/v2\/comments?post=36860"}],"wp:featuredmedia":[{"embeddable":true,"href":"https:\/\/my-french-grocery.com\/fr\/wp-json\/wp\/v2\/media\/36864"}],"wp:attachment":[{"href":"https:\/\/my-french-grocery.com\/fr\/wp-json\/wp\/v2\/media?parent=36860"}],"wp:term":[{"taxonomy":"pwb-brand","embeddable":true,"href":"https:\/\/my-french-grocery.com\/fr\/wp-json\/wp\/v2\/pwb-brand?post=36860"},{"taxonomy":"product_brand","embeddable":true,"href":"https:\/\/my-french-grocery.com\/fr\/wp-json\/wp\/v2\/product_brand?post=36860"},{"taxonomy":"product_cat","embeddable":true,"href":"https:\/\/my-french-grocery.com\/fr\/wp-json\/wp\/v2\/product_cat?post=36860"},{"taxonomy":"product_tag","embeddable":true,"href":"https:\/\/my-french-grocery.com\/fr\/wp-json\/wp\/v2\/product_tag?post=36860"}],"curies":[{"name":"wp","href":"https:\/\/api.w.org\/{rel}","templated":true}]}}