{"id":38184,"date":"2024-01-30T17:46:00","date_gmt":"2024-01-30T15:46:01","guid":{"rendered":"https:\/\/my-french-grocery.com\/?post_type=product&#038;p=38184"},"modified":"2024-02-20T15:55:54","modified_gmt":"2024-02-20T13:55:54","slug":"cafe-dosettes-espresso-grandmere","status":"publish","type":"product","link":"https:\/\/my-french-grocery.com\/fr\/produit\/cafe-dosettes-espresso-grandmere\/","title":{"rendered":"Caf\u00e9 Dosettes Espresso Grand&rsquo;M\u00e8re"},"content":{"rendered":"<p>Caf\u00e9 Dosettes Espresso Grand&rsquo;M\u00e8re<\/p>\n<div class=\"regulated-name\">\n<p class=\"paragraph\">paquet de 16 dosettes<\/p>\n<\/div>\n<div class=\"secondary-details__description\">\n<p class=\"paragraph\">TASSIMO Grand M\u00e8re espresso est un caf\u00e9 expresso au go\u00fbt riche et g\u00e9n\u00e9reux, sublim\u00e9 par une mousse onctueuse. Retrouvez la recette d&rsquo;un bon caf\u00e9 Grand-M\u00e8re dans une dosette compatible avec votre machine TASSIMO\u00ae.<\/p>\n<\/div>\n","protected":false},"excerpt":{"rendered":"<p>Caf\u00e9 Dosettes Espresso Grand&rsquo;M\u00e8re<\/p>\n<div class=\"regulated-name\">\n<p class=\"paragraph\">paquet de 16 dosettes<\/p>\n<\/div>\n","protected":false},"featured_media":38188,"comment_status":"open","ping_status":"closed","template":"","meta":[],"pwb-brand":[636],"product_brand":[],"product_cat":[1050],"product_tag":[3483,3473],"class_list":{"0":"post-38184","1":"product","2":"type-product","3":"status-publish","4":"has-post-thumbnail","6":"pwb-brand-grand-mere-fr","7":"product_cat-cafe-chicoree","8":"product_tag-grandmere-fr","9":"product_tag-tassimo-fr","10":"product_shipping_class-expedition-dans-le-monde-entier","12":"first","13":"instock","14":"taxable","15":"shipping-taxable","16":"purchasable","17":"product-type-simple"},"yoast_head":"<!-- This site is optimized with the Yoast SEO plugin v27.4 - https:\/\/yoast.com\/product\/yoast-seo-wordpress\/ -->\n<title>Caf\u00e9 Dosettes Espresso Grand&#039;M\u00e8re | Acheter En Ligne | My French Grocery<\/title>\n<meta name=\"description\" content=\"Caf\u00e9 Dosettes Espresso Grand&#039;M\u00e8re - paquet de 16 dosettes - TASSIMO Grand M\u00e8re espresso est un caf\u00e9 expresso au go\u00fbt riche et g\u00e9n\u00e9reux\" \/>\n<meta name=\"robots\" content=\"index, follow, max-snippet:-1, max-image-preview:large, max-video-preview:-1\" \/>\n<link rel=\"canonical\" href=\"https:\/\/my-french-grocery.com\/fr\/produit\/cafe-dosettes-espresso-grandmere\/\" \/>\n<meta property=\"og:locale\" content=\"fr_FR\" \/>\n<meta property=\"og:type\" content=\"article\" \/>\n<meta property=\"og:title\" content=\"Caf\u00e9 Dosettes Espresso Grand&#039;M\u00e8re | Acheter En Ligne | My French Grocery\" \/>\n<meta property=\"og:description\" content=\"Caf\u00e9 Dosettes Espresso Grand&#039;M\u00e8re - paquet de 16 dosettes - TASSIMO Grand M\u00e8re espresso est un caf\u00e9 expresso au go\u00fbt riche et g\u00e9n\u00e9reux\" \/>\n<meta property=\"og:url\" content=\"https:\/\/my-french-grocery.com\/fr\/produit\/cafe-dosettes-espresso-grandmere\/\" \/>\n<meta property=\"og:site_name\" content=\"My French Grocery\" \/>\n<meta property=\"article:publisher\" content=\"https:\/\/www.facebook.com\/myfrenchgrocery\/\" \/>\n<meta property=\"article:modified_time\" content=\"2024-02-20T13:55:54+00:00\" \/>\n<meta property=\"og:image\" content=\"https:\/\/my-french-grocery.com\/wp-content\/uploads\/2024\/01\/Coffee-espresso-pods-GRANDMERE-TASSIMO.webp\" \/>\n\t<meta property=\"og:image:width\" content=\"1500\" \/>\n\t<meta property=\"og:image:height\" content=\"1500\" \/>\n\t<meta property=\"og:image:type\" content=\"image\/webp\" \/>\n<meta name=\"twitter:card\" content=\"summary_large_image\" \/>\n<meta name=\"twitter:label1\" content=\"Dur\u00e9e de lecture estim\u00e9e\" \/>\n\t<meta name=\"twitter:data1\" content=\"1 minute\" \/>\n<script type=\"application\/ld+json\" class=\"yoast-schema-graph\">{\"@context\":\"https:\\\/\\\/schema.org\",\"@graph\":[{\"@type\":\"WebPage\",\"@id\":\"https:\\\/\\\/my-french-grocery.com\\\/fr\\\/produit\\\/cafe-dosettes-espresso-grandmere\\\/\",\"url\":\"https:\\\/\\\/my-french-grocery.com\\\/fr\\\/produit\\\/cafe-dosettes-espresso-grandmere\\\/\",\"name\":\"Caf\u00e9 Dosettes Espresso Grand'M\u00e8re | Acheter En Ligne | My French Grocery\",\"isPartOf\":{\"@id\":\"https:\\\/\\\/my-french-grocery.com\\\/fr\\\/#website\"},\"primaryImageOfPage\":{\"@id\":\"https:\\\/\\\/my-french-grocery.com\\\/fr\\\/produit\\\/cafe-dosettes-espresso-grandmere\\\/#primaryimage\"},\"image\":{\"@id\":\"https:\\\/\\\/my-french-grocery.com\\\/fr\\\/produit\\\/cafe-dosettes-espresso-grandmere\\\/#primaryimage\"},\"thumbnailUrl\":\"https:\\\/\\\/my-french-grocery.com\\\/wp-content\\\/uploads\\\/2024\\\/01\\\/Coffee-espresso-pods-GRANDMERE-TASSIMO.webp\",\"datePublished\":\"2024-01-30T15:46:01+00:00\",\"dateModified\":\"2024-02-20T13:55:54+00:00\",\"description\":\"Caf\u00e9 Dosettes Espresso Grand'M\u00e8re - paquet de 16 dosettes - TASSIMO Grand M\u00e8re espresso est un caf\u00e9 expresso au go\u00fbt riche et g\u00e9n\u00e9reux\",\"breadcrumb\":{\"@id\":\"https:\\\/\\\/my-french-grocery.com\\\/fr\\\/produit\\\/cafe-dosettes-espresso-grandmere\\\/#breadcrumb\"},\"inLanguage\":\"fr-FR\",\"potentialAction\":[{\"@type\":\"ReadAction\",\"target\":[\"https:\\\/\\\/my-french-grocery.com\\\/fr\\\/produit\\\/cafe-dosettes-espresso-grandmere\\\/\"]}]},{\"@type\":\"ImageObject\",\"inLanguage\":\"fr-FR\",\"@id\":\"https:\\\/\\\/my-french-grocery.com\\\/fr\\\/produit\\\/cafe-dosettes-espresso-grandmere\\\/#primaryimage\",\"url\":\"https:\\\/\\\/my-french-grocery.com\\\/wp-content\\\/uploads\\\/2024\\\/01\\\/Coffee-espresso-pods-GRANDMERE-TASSIMO.webp\",\"contentUrl\":\"https:\\\/\\\/my-french-grocery.com\\\/wp-content\\\/uploads\\\/2024\\\/01\\\/Coffee-espresso-pods-GRANDMERE-TASSIMO.webp\",\"width\":1500,\"height\":1500,\"caption\":\"Caf\u00e9 Dosettes Espresso Grand'M\u00e8re\"},{\"@type\":\"BreadcrumbList\",\"@id\":\"https:\\\/\\\/my-french-grocery.com\\\/fr\\\/produit\\\/cafe-dosettes-espresso-grandmere\\\/#breadcrumb\",\"itemListElement\":[{\"@type\":\"ListItem\",\"position\":1,\"name\":\"Home\",\"item\":\"https:\\\/\\\/my-french-grocery.com\\\/fr\\\/\"},{\"@type\":\"ListItem\",\"position\":2,\"name\":\"Shop\",\"item\":\"https:\\\/\\\/my-french-grocery.com\\\/shop\\\/\"},{\"@type\":\"ListItem\",\"position\":3,\"name\":\"Alimentation\",\"item\":\"https:\\\/\\\/my-french-grocery.com\\\/fr\\\/categorie-produit\\\/alimentation\\\/\"},{\"@type\":\"ListItem\",\"position\":4,\"name\":\"Th\u00e9s, Caf\u00e9s, Chocolat En Poudre\",\"item\":\"https:\\\/\\\/my-french-grocery.com\\\/fr\\\/categorie-produit\\\/alimentation\\\/thes-cafes-chocolat-en-poudre\\\/\"},{\"@type\":\"ListItem\",\"position\":5,\"name\":\"Caf\u00e9 &amp; Chicor\u00e9e\",\"item\":\"https:\\\/\\\/my-french-grocery.com\\\/fr\\\/categorie-produit\\\/alimentation\\\/thes-cafes-chocolat-en-poudre\\\/cafe-chicoree\\\/\"},{\"@type\":\"ListItem\",\"position\":6,\"name\":\"Caf\u00e9 Dosettes Espresso Grand&#8217;M\u00e8re\"}]},{\"@type\":\"WebSite\",\"@id\":\"https:\\\/\\\/my-french-grocery.com\\\/fr\\\/#website\",\"url\":\"https:\\\/\\\/my-french-grocery.com\\\/fr\\\/\",\"name\":\"My French Grocery\",\"description\":\"Your Online French Grocery  !\",\"publisher\":{\"@id\":\"https:\\\/\\\/my-french-grocery.com\\\/fr\\\/#organization\"},\"potentialAction\":[{\"@type\":\"SearchAction\",\"target\":{\"@type\":\"EntryPoint\",\"urlTemplate\":\"https:\\\/\\\/my-french-grocery.com\\\/fr\\\/?s={search_term_string}\"},\"query-input\":{\"@type\":\"PropertyValueSpecification\",\"valueRequired\":true,\"valueName\":\"search_term_string\"}}],\"inLanguage\":\"fr-FR\"},{\"@type\":\"Organization\",\"@id\":\"https:\\\/\\\/my-french-grocery.com\\\/fr\\\/#organization\",\"name\":\"MY FRENCH GROCERY\",\"url\":\"https:\\\/\\\/my-french-grocery.com\\\/fr\\\/\",\"logo\":{\"@type\":\"ImageObject\",\"inLanguage\":\"fr-FR\",\"@id\":\"https:\\\/\\\/my-french-grocery.com\\\/fr\\\/#\\\/schema\\\/logo\\\/image\\\/\",\"url\":\"https:\\\/\\\/my-french-grocery.com\\\/wp-content\\\/uploads\\\/2021\\\/11\\\/My-French-Grocery-Online-French-Grocery.png\",\"contentUrl\":\"https:\\\/\\\/my-french-grocery.com\\\/wp-content\\\/uploads\\\/2021\\\/11\\\/My-French-Grocery-Online-French-Grocery.png\",\"width\":100,\"height\":100,\"caption\":\"MY FRENCH GROCERY\"},\"image\":{\"@id\":\"https:\\\/\\\/my-french-grocery.com\\\/fr\\\/#\\\/schema\\\/logo\\\/image\\\/\"},\"sameAs\":[\"https:\\\/\\\/www.facebook.com\\\/myfrenchgrocery\\\/\"]}]}<\/script>\n<!-- \/ Yoast SEO plugin. -->","yoast_head_json":{"title":"Caf\u00e9 Dosettes Espresso Grand'M\u00e8re | Acheter En Ligne | My French Grocery","description":"Caf\u00e9 Dosettes Espresso Grand'M\u00e8re - paquet de 16 dosettes - TASSIMO Grand M\u00e8re espresso est un caf\u00e9 expresso au go\u00fbt riche et g\u00e9n\u00e9reux","robots":{"index":"index","follow":"follow","max-snippet":"max-snippet:-1","max-image-preview":"max-image-preview:large","max-video-preview":"max-video-preview:-1"},"canonical":"https:\/\/my-french-grocery.com\/fr\/produit\/cafe-dosettes-espresso-grandmere\/","og_locale":"fr_FR","og_type":"article","og_title":"Caf\u00e9 Dosettes Espresso Grand'M\u00e8re | Acheter En Ligne | My French Grocery","og_description":"Caf\u00e9 Dosettes Espresso Grand'M\u00e8re - paquet de 16 dosettes - TASSIMO Grand M\u00e8re espresso est un caf\u00e9 expresso au go\u00fbt riche et g\u00e9n\u00e9reux","og_url":"https:\/\/my-french-grocery.com\/fr\/produit\/cafe-dosettes-espresso-grandmere\/","og_site_name":"My French Grocery","article_publisher":"https:\/\/www.facebook.com\/myfrenchgrocery\/","article_modified_time":"2024-02-20T13:55:54+00:00","og_image":[{"width":1500,"height":1500,"url":"https:\/\/my-french-grocery.com\/wp-content\/uploads\/2024\/01\/Coffee-espresso-pods-GRANDMERE-TASSIMO.webp","type":"image\/webp"}],"twitter_card":"summary_large_image","twitter_misc":{"Dur\u00e9e de lecture estim\u00e9e":"1 minute"},"schema":{"@context":"https:\/\/schema.org","@graph":[{"@type":"WebPage","@id":"https:\/\/my-french-grocery.com\/fr\/produit\/cafe-dosettes-espresso-grandmere\/","url":"https:\/\/my-french-grocery.com\/fr\/produit\/cafe-dosettes-espresso-grandmere\/","name":"Caf\u00e9 Dosettes Espresso Grand'M\u00e8re | Acheter En Ligne | My French Grocery","isPartOf":{"@id":"https:\/\/my-french-grocery.com\/fr\/#website"},"primaryImageOfPage":{"@id":"https:\/\/my-french-grocery.com\/fr\/produit\/cafe-dosettes-espresso-grandmere\/#primaryimage"},"image":{"@id":"https:\/\/my-french-grocery.com\/fr\/produit\/cafe-dosettes-espresso-grandmere\/#primaryimage"},"thumbnailUrl":"https:\/\/my-french-grocery.com\/wp-content\/uploads\/2024\/01\/Coffee-espresso-pods-GRANDMERE-TASSIMO.webp","datePublished":"2024-01-30T15:46:01+00:00","dateModified":"2024-02-20T13:55:54+00:00","description":"Caf\u00e9 Dosettes Espresso Grand'M\u00e8re - paquet de 16 dosettes - TASSIMO Grand M\u00e8re espresso est un caf\u00e9 expresso au go\u00fbt riche et g\u00e9n\u00e9reux","breadcrumb":{"@id":"https:\/\/my-french-grocery.com\/fr\/produit\/cafe-dosettes-espresso-grandmere\/#breadcrumb"},"inLanguage":"fr-FR","potentialAction":[{"@type":"ReadAction","target":["https:\/\/my-french-grocery.com\/fr\/produit\/cafe-dosettes-espresso-grandmere\/"]}]},{"@type":"ImageObject","inLanguage":"fr-FR","@id":"https:\/\/my-french-grocery.com\/fr\/produit\/cafe-dosettes-espresso-grandmere\/#primaryimage","url":"https:\/\/my-french-grocery.com\/wp-content\/uploads\/2024\/01\/Coffee-espresso-pods-GRANDMERE-TASSIMO.webp","contentUrl":"https:\/\/my-french-grocery.com\/wp-content\/uploads\/2024\/01\/Coffee-espresso-pods-GRANDMERE-TASSIMO.webp","width":1500,"height":1500,"caption":"Caf\u00e9 Dosettes Espresso Grand'M\u00e8re"},{"@type":"BreadcrumbList","@id":"https:\/\/my-french-grocery.com\/fr\/produit\/cafe-dosettes-espresso-grandmere\/#breadcrumb","itemListElement":[{"@type":"ListItem","position":1,"name":"Home","item":"https:\/\/my-french-grocery.com\/fr\/"},{"@type":"ListItem","position":2,"name":"Shop","item":"https:\/\/my-french-grocery.com\/shop\/"},{"@type":"ListItem","position":3,"name":"Alimentation","item":"https:\/\/my-french-grocery.com\/fr\/categorie-produit\/alimentation\/"},{"@type":"ListItem","position":4,"name":"Th\u00e9s, Caf\u00e9s, Chocolat En Poudre","item":"https:\/\/my-french-grocery.com\/fr\/categorie-produit\/alimentation\/thes-cafes-chocolat-en-poudre\/"},{"@type":"ListItem","position":5,"name":"Caf\u00e9 &amp; Chicor\u00e9e","item":"https:\/\/my-french-grocery.com\/fr\/categorie-produit\/alimentation\/thes-cafes-chocolat-en-poudre\/cafe-chicoree\/"},{"@type":"ListItem","position":6,"name":"Caf\u00e9 Dosettes Espresso Grand&#8217;M\u00e8re"}]},{"@type":"WebSite","@id":"https:\/\/my-french-grocery.com\/fr\/#website","url":"https:\/\/my-french-grocery.com\/fr\/","name":"My French Grocery","description":"Your Online French Grocery  !","publisher":{"@id":"https:\/\/my-french-grocery.com\/fr\/#organization"},"potentialAction":[{"@type":"SearchAction","target":{"@type":"EntryPoint","urlTemplate":"https:\/\/my-french-grocery.com\/fr\/?s={search_term_string}"},"query-input":{"@type":"PropertyValueSpecification","valueRequired":true,"valueName":"search_term_string"}}],"inLanguage":"fr-FR"},{"@type":"Organization","@id":"https:\/\/my-french-grocery.com\/fr\/#organization","name":"MY FRENCH GROCERY","url":"https:\/\/my-french-grocery.com\/fr\/","logo":{"@type":"ImageObject","inLanguage":"fr-FR","@id":"https:\/\/my-french-grocery.com\/fr\/#\/schema\/logo\/image\/","url":"https:\/\/my-french-grocery.com\/wp-content\/uploads\/2021\/11\/My-French-Grocery-Online-French-Grocery.png","contentUrl":"https:\/\/my-french-grocery.com\/wp-content\/uploads\/2021\/11\/My-French-Grocery-Online-French-Grocery.png","width":100,"height":100,"caption":"MY FRENCH GROCERY"},"image":{"@id":"https:\/\/my-french-grocery.com\/fr\/#\/schema\/logo\/image\/"},"sameAs":["https:\/\/www.facebook.com\/myfrenchgrocery\/"]}]}},"brands":[{"id":636,"name":"Grand' M\u00e8re","slug":"grand-mere-fr"}],"_links":{"self":[{"href":"https:\/\/my-french-grocery.com\/fr\/wp-json\/wp\/v2\/product\/38184","targetHints":{"allow":["GET"]}}],"collection":[{"href":"https:\/\/my-french-grocery.com\/fr\/wp-json\/wp\/v2\/product"}],"about":[{"href":"https:\/\/my-french-grocery.com\/fr\/wp-json\/wp\/v2\/types\/product"}],"replies":[{"embeddable":true,"href":"https:\/\/my-french-grocery.com\/fr\/wp-json\/wp\/v2\/comments?post=38184"}],"wp:featuredmedia":[{"embeddable":true,"href":"https:\/\/my-french-grocery.com\/fr\/wp-json\/wp\/v2\/media\/38188"}],"wp:attachment":[{"href":"https:\/\/my-french-grocery.com\/fr\/wp-json\/wp\/v2\/media?parent=38184"}],"wp:term":[{"taxonomy":"pwb-brand","embeddable":true,"href":"https:\/\/my-french-grocery.com\/fr\/wp-json\/wp\/v2\/pwb-brand?post=38184"},{"taxonomy":"product_brand","embeddable":true,"href":"https:\/\/my-french-grocery.com\/fr\/wp-json\/wp\/v2\/product_brand?post=38184"},{"taxonomy":"product_cat","embeddable":true,"href":"https:\/\/my-french-grocery.com\/fr\/wp-json\/wp\/v2\/product_cat?post=38184"},{"taxonomy":"product_tag","embeddable":true,"href":"https:\/\/my-french-grocery.com\/fr\/wp-json\/wp\/v2\/product_tag?post=38184"}],"curies":[{"name":"wp","href":"https:\/\/api.w.org\/{rel}","templated":true}]}}