{"id":38315,"date":"2024-02-05T12:23:57","date_gmt":"2024-02-05T10:23:58","guid":{"rendered":"https:\/\/my-french-grocery.com\/?post_type=product&#038;p=38315"},"modified":"2024-02-20T16:28:00","modified_gmt":"2024-02-20T14:28:00","slug":"cafe-dosettes-delizioso-tassimo-lor","status":"publish","type":"product","link":"https:\/\/my-french-grocery.com\/fr\/produit\/cafe-dosettes-delizioso-tassimo-lor\/","title":{"rendered":"Caf\u00e9 Dosettes Delizioso Tassimo L&rsquo;or"},"content":{"rendered":"<p>Caf\u00e9 Dosettes Delizioso Tassimo L&rsquo;or<\/p>\n<div class=\"regulated-name\">\n<p class=\"paragraph\">paquet de 16 dosettes<\/p>\n<\/div>\n<div class=\"secondary-details__description\">\n<p class=\"paragraph\">TASSIMO L&rsquo;OR Espresso Delizioso ravit gr\u00e2ce \u00e0 son go\u00fbt parfaitement \u00e9quilibr\u00e9, avec des ar\u00f4mes doux qui donnent \u00e0 ce m\u00e9lange toute sa d\u00e9licatesse. Intensit\u00e9 5. Nos caf\u00e9s TASSIMO se composent de m\u00e9langes uniques de grains de caf\u00e9 arabica et robusta.<\/p>\n<\/div>\n","protected":false},"excerpt":{"rendered":"<p>Caf\u00e9 Dosettes Delizioso Tassimo L&rsquo;or<\/p>\n<div class=\"regulated-name\">\n<p class=\"paragraph\">paquet de 16 dosettes<\/p>\n<\/div>\n","protected":false},"featured_media":38319,"comment_status":"open","ping_status":"closed","template":"","meta":[],"pwb-brand":[3361],"product_brand":[],"product_cat":[1050],"product_tag":[3488,3473],"class_list":{"0":"post-38315","1":"product","2":"type-product","3":"status-publish","4":"has-post-thumbnail","6":"pwb-brand-lor-maison-du-cafe-fr","7":"product_cat-cafe-chicoree","8":"product_tag-lor-fr","9":"product_tag-tassimo-fr","10":"product_shipping_class-expedition-dans-le-monde-entier","12":"first","13":"instock","14":"taxable","15":"shipping-taxable","16":"purchasable","17":"product-type-simple"},"yoast_head":"<!-- This site is optimized with the Yoast SEO plugin v27.4 - https:\/\/yoast.com\/product\/yoast-seo-wordpress\/ -->\n<title>Caf\u00e9 Dosettes Delizioso Tassimo L&#039;or | Acheter En Ligne | My French Grocery<\/title>\n<meta name=\"description\" content=\"Caf\u00e9 Dosettes Delizioso Tassimo L&#039;or - paquet de 16 dosettes TASSIMO L&#039;OR Espresso Delizioso ravit gr\u00e2ce \u00e0 son go\u00fbt parfaitement \u00e9quilibr\u00e9\" \/>\n<meta name=\"robots\" content=\"index, follow, max-snippet:-1, max-image-preview:large, max-video-preview:-1\" \/>\n<link rel=\"canonical\" href=\"https:\/\/my-french-grocery.com\/fr\/produit\/cafe-dosettes-delizioso-tassimo-lor\/\" \/>\n<meta property=\"og:locale\" content=\"fr_FR\" \/>\n<meta property=\"og:type\" content=\"article\" \/>\n<meta property=\"og:title\" content=\"Caf\u00e9 Dosettes Delizioso Tassimo L&#039;or | Acheter En Ligne | My French Grocery\" \/>\n<meta property=\"og:description\" content=\"Caf\u00e9 Dosettes Delizioso Tassimo L&#039;or - paquet de 16 dosettes TASSIMO L&#039;OR Espresso Delizioso ravit gr\u00e2ce \u00e0 son go\u00fbt parfaitement \u00e9quilibr\u00e9\" \/>\n<meta property=\"og:url\" content=\"https:\/\/my-french-grocery.com\/fr\/produit\/cafe-dosettes-delizioso-tassimo-lor\/\" \/>\n<meta property=\"og:site_name\" content=\"My French Grocery\" \/>\n<meta property=\"article:publisher\" content=\"https:\/\/www.facebook.com\/myfrenchgrocery\/\" \/>\n<meta property=\"article:modified_time\" content=\"2024-02-20T14:28:00+00:00\" \/>\n<meta property=\"og:image\" content=\"https:\/\/my-french-grocery.com\/wp-content\/uploads\/2024\/02\/Coffee-pods-delizioso.webp\" \/>\n\t<meta property=\"og:image:width\" content=\"1500\" \/>\n\t<meta property=\"og:image:height\" content=\"1500\" \/>\n\t<meta property=\"og:image:type\" content=\"image\/webp\" \/>\n<meta name=\"twitter:card\" content=\"summary_large_image\" \/>\n<meta name=\"twitter:label1\" content=\"Dur\u00e9e de lecture estim\u00e9e\" \/>\n\t<meta name=\"twitter:data1\" content=\"1 minute\" \/>\n<script type=\"application\/ld+json\" class=\"yoast-schema-graph\">{\"@context\":\"https:\\\/\\\/schema.org\",\"@graph\":[{\"@type\":\"WebPage\",\"@id\":\"https:\\\/\\\/my-french-grocery.com\\\/fr\\\/produit\\\/cafe-dosettes-delizioso-tassimo-lor\\\/\",\"url\":\"https:\\\/\\\/my-french-grocery.com\\\/fr\\\/produit\\\/cafe-dosettes-delizioso-tassimo-lor\\\/\",\"name\":\"Caf\u00e9 Dosettes Delizioso Tassimo L'or | Acheter En Ligne | My French Grocery\",\"isPartOf\":{\"@id\":\"https:\\\/\\\/my-french-grocery.com\\\/fr\\\/#website\"},\"primaryImageOfPage\":{\"@id\":\"https:\\\/\\\/my-french-grocery.com\\\/fr\\\/produit\\\/cafe-dosettes-delizioso-tassimo-lor\\\/#primaryimage\"},\"image\":{\"@id\":\"https:\\\/\\\/my-french-grocery.com\\\/fr\\\/produit\\\/cafe-dosettes-delizioso-tassimo-lor\\\/#primaryimage\"},\"thumbnailUrl\":\"https:\\\/\\\/my-french-grocery.com\\\/wp-content\\\/uploads\\\/2024\\\/02\\\/Coffee-pods-delizioso.webp\",\"datePublished\":\"2024-02-05T10:23:58+00:00\",\"dateModified\":\"2024-02-20T14:28:00+00:00\",\"description\":\"Caf\u00e9 Dosettes Delizioso Tassimo L'or - paquet de 16 dosettes TASSIMO L'OR Espresso Delizioso ravit gr\u00e2ce \u00e0 son go\u00fbt parfaitement \u00e9quilibr\u00e9\",\"breadcrumb\":{\"@id\":\"https:\\\/\\\/my-french-grocery.com\\\/fr\\\/produit\\\/cafe-dosettes-delizioso-tassimo-lor\\\/#breadcrumb\"},\"inLanguage\":\"fr-FR\",\"potentialAction\":[{\"@type\":\"ReadAction\",\"target\":[\"https:\\\/\\\/my-french-grocery.com\\\/fr\\\/produit\\\/cafe-dosettes-delizioso-tassimo-lor\\\/\"]}]},{\"@type\":\"ImageObject\",\"inLanguage\":\"fr-FR\",\"@id\":\"https:\\\/\\\/my-french-grocery.com\\\/fr\\\/produit\\\/cafe-dosettes-delizioso-tassimo-lor\\\/#primaryimage\",\"url\":\"https:\\\/\\\/my-french-grocery.com\\\/wp-content\\\/uploads\\\/2024\\\/02\\\/Coffee-pods-delizioso.webp\",\"contentUrl\":\"https:\\\/\\\/my-french-grocery.com\\\/wp-content\\\/uploads\\\/2024\\\/02\\\/Coffee-pods-delizioso.webp\",\"width\":1500,\"height\":1500,\"caption\":\"Caf\u00e9 Dosettes Delizioso Tassimo L'or\"},{\"@type\":\"BreadcrumbList\",\"@id\":\"https:\\\/\\\/my-french-grocery.com\\\/fr\\\/produit\\\/cafe-dosettes-delizioso-tassimo-lor\\\/#breadcrumb\",\"itemListElement\":[{\"@type\":\"ListItem\",\"position\":1,\"name\":\"Home\",\"item\":\"https:\\\/\\\/my-french-grocery.com\\\/fr\\\/\"},{\"@type\":\"ListItem\",\"position\":2,\"name\":\"Shop\",\"item\":\"https:\\\/\\\/my-french-grocery.com\\\/shop\\\/\"},{\"@type\":\"ListItem\",\"position\":3,\"name\":\"Alimentation\",\"item\":\"https:\\\/\\\/my-french-grocery.com\\\/fr\\\/categorie-produit\\\/alimentation\\\/\"},{\"@type\":\"ListItem\",\"position\":4,\"name\":\"Th\u00e9s, Caf\u00e9s, Chocolat En Poudre\",\"item\":\"https:\\\/\\\/my-french-grocery.com\\\/fr\\\/categorie-produit\\\/alimentation\\\/thes-cafes-chocolat-en-poudre\\\/\"},{\"@type\":\"ListItem\",\"position\":5,\"name\":\"Caf\u00e9 &amp; Chicor\u00e9e\",\"item\":\"https:\\\/\\\/my-french-grocery.com\\\/fr\\\/categorie-produit\\\/alimentation\\\/thes-cafes-chocolat-en-poudre\\\/cafe-chicoree\\\/\"},{\"@type\":\"ListItem\",\"position\":6,\"name\":\"Caf\u00e9 Dosettes Delizioso Tassimo L&#8217;or\"}]},{\"@type\":\"WebSite\",\"@id\":\"https:\\\/\\\/my-french-grocery.com\\\/fr\\\/#website\",\"url\":\"https:\\\/\\\/my-french-grocery.com\\\/fr\\\/\",\"name\":\"My French Grocery\",\"description\":\"Your Online French Grocery  !\",\"publisher\":{\"@id\":\"https:\\\/\\\/my-french-grocery.com\\\/fr\\\/#organization\"},\"potentialAction\":[{\"@type\":\"SearchAction\",\"target\":{\"@type\":\"EntryPoint\",\"urlTemplate\":\"https:\\\/\\\/my-french-grocery.com\\\/fr\\\/?s={search_term_string}\"},\"query-input\":{\"@type\":\"PropertyValueSpecification\",\"valueRequired\":true,\"valueName\":\"search_term_string\"}}],\"inLanguage\":\"fr-FR\"},{\"@type\":\"Organization\",\"@id\":\"https:\\\/\\\/my-french-grocery.com\\\/fr\\\/#organization\",\"name\":\"MY FRENCH GROCERY\",\"url\":\"https:\\\/\\\/my-french-grocery.com\\\/fr\\\/\",\"logo\":{\"@type\":\"ImageObject\",\"inLanguage\":\"fr-FR\",\"@id\":\"https:\\\/\\\/my-french-grocery.com\\\/fr\\\/#\\\/schema\\\/logo\\\/image\\\/\",\"url\":\"https:\\\/\\\/my-french-grocery.com\\\/wp-content\\\/uploads\\\/2021\\\/11\\\/My-French-Grocery-Online-French-Grocery.png\",\"contentUrl\":\"https:\\\/\\\/my-french-grocery.com\\\/wp-content\\\/uploads\\\/2021\\\/11\\\/My-French-Grocery-Online-French-Grocery.png\",\"width\":100,\"height\":100,\"caption\":\"MY FRENCH GROCERY\"},\"image\":{\"@id\":\"https:\\\/\\\/my-french-grocery.com\\\/fr\\\/#\\\/schema\\\/logo\\\/image\\\/\"},\"sameAs\":[\"https:\\\/\\\/www.facebook.com\\\/myfrenchgrocery\\\/\"]}]}<\/script>\n<!-- \/ Yoast SEO plugin. -->","yoast_head_json":{"title":"Caf\u00e9 Dosettes Delizioso Tassimo L'or | Acheter En Ligne | My French Grocery","description":"Caf\u00e9 Dosettes Delizioso Tassimo L'or - paquet de 16 dosettes TASSIMO L'OR Espresso Delizioso ravit gr\u00e2ce \u00e0 son go\u00fbt parfaitement \u00e9quilibr\u00e9","robots":{"index":"index","follow":"follow","max-snippet":"max-snippet:-1","max-image-preview":"max-image-preview:large","max-video-preview":"max-video-preview:-1"},"canonical":"https:\/\/my-french-grocery.com\/fr\/produit\/cafe-dosettes-delizioso-tassimo-lor\/","og_locale":"fr_FR","og_type":"article","og_title":"Caf\u00e9 Dosettes Delizioso Tassimo L'or | Acheter En Ligne | My French Grocery","og_description":"Caf\u00e9 Dosettes Delizioso Tassimo L'or - paquet de 16 dosettes TASSIMO L'OR Espresso Delizioso ravit gr\u00e2ce \u00e0 son go\u00fbt parfaitement \u00e9quilibr\u00e9","og_url":"https:\/\/my-french-grocery.com\/fr\/produit\/cafe-dosettes-delizioso-tassimo-lor\/","og_site_name":"My French Grocery","article_publisher":"https:\/\/www.facebook.com\/myfrenchgrocery\/","article_modified_time":"2024-02-20T14:28:00+00:00","og_image":[{"width":1500,"height":1500,"url":"https:\/\/my-french-grocery.com\/wp-content\/uploads\/2024\/02\/Coffee-pods-delizioso.webp","type":"image\/webp"}],"twitter_card":"summary_large_image","twitter_misc":{"Dur\u00e9e de lecture estim\u00e9e":"1 minute"},"schema":{"@context":"https:\/\/schema.org","@graph":[{"@type":"WebPage","@id":"https:\/\/my-french-grocery.com\/fr\/produit\/cafe-dosettes-delizioso-tassimo-lor\/","url":"https:\/\/my-french-grocery.com\/fr\/produit\/cafe-dosettes-delizioso-tassimo-lor\/","name":"Caf\u00e9 Dosettes Delizioso Tassimo L'or | Acheter En Ligne | My French Grocery","isPartOf":{"@id":"https:\/\/my-french-grocery.com\/fr\/#website"},"primaryImageOfPage":{"@id":"https:\/\/my-french-grocery.com\/fr\/produit\/cafe-dosettes-delizioso-tassimo-lor\/#primaryimage"},"image":{"@id":"https:\/\/my-french-grocery.com\/fr\/produit\/cafe-dosettes-delizioso-tassimo-lor\/#primaryimage"},"thumbnailUrl":"https:\/\/my-french-grocery.com\/wp-content\/uploads\/2024\/02\/Coffee-pods-delizioso.webp","datePublished":"2024-02-05T10:23:58+00:00","dateModified":"2024-02-20T14:28:00+00:00","description":"Caf\u00e9 Dosettes Delizioso Tassimo L'or - paquet de 16 dosettes TASSIMO L'OR Espresso Delizioso ravit gr\u00e2ce \u00e0 son go\u00fbt parfaitement \u00e9quilibr\u00e9","breadcrumb":{"@id":"https:\/\/my-french-grocery.com\/fr\/produit\/cafe-dosettes-delizioso-tassimo-lor\/#breadcrumb"},"inLanguage":"fr-FR","potentialAction":[{"@type":"ReadAction","target":["https:\/\/my-french-grocery.com\/fr\/produit\/cafe-dosettes-delizioso-tassimo-lor\/"]}]},{"@type":"ImageObject","inLanguage":"fr-FR","@id":"https:\/\/my-french-grocery.com\/fr\/produit\/cafe-dosettes-delizioso-tassimo-lor\/#primaryimage","url":"https:\/\/my-french-grocery.com\/wp-content\/uploads\/2024\/02\/Coffee-pods-delizioso.webp","contentUrl":"https:\/\/my-french-grocery.com\/wp-content\/uploads\/2024\/02\/Coffee-pods-delizioso.webp","width":1500,"height":1500,"caption":"Caf\u00e9 Dosettes Delizioso Tassimo L'or"},{"@type":"BreadcrumbList","@id":"https:\/\/my-french-grocery.com\/fr\/produit\/cafe-dosettes-delizioso-tassimo-lor\/#breadcrumb","itemListElement":[{"@type":"ListItem","position":1,"name":"Home","item":"https:\/\/my-french-grocery.com\/fr\/"},{"@type":"ListItem","position":2,"name":"Shop","item":"https:\/\/my-french-grocery.com\/shop\/"},{"@type":"ListItem","position":3,"name":"Alimentation","item":"https:\/\/my-french-grocery.com\/fr\/categorie-produit\/alimentation\/"},{"@type":"ListItem","position":4,"name":"Th\u00e9s, Caf\u00e9s, Chocolat En Poudre","item":"https:\/\/my-french-grocery.com\/fr\/categorie-produit\/alimentation\/thes-cafes-chocolat-en-poudre\/"},{"@type":"ListItem","position":5,"name":"Caf\u00e9 &amp; Chicor\u00e9e","item":"https:\/\/my-french-grocery.com\/fr\/categorie-produit\/alimentation\/thes-cafes-chocolat-en-poudre\/cafe-chicoree\/"},{"@type":"ListItem","position":6,"name":"Caf\u00e9 Dosettes Delizioso Tassimo L&#8217;or"}]},{"@type":"WebSite","@id":"https:\/\/my-french-grocery.com\/fr\/#website","url":"https:\/\/my-french-grocery.com\/fr\/","name":"My French Grocery","description":"Your Online French Grocery  !","publisher":{"@id":"https:\/\/my-french-grocery.com\/fr\/#organization"},"potentialAction":[{"@type":"SearchAction","target":{"@type":"EntryPoint","urlTemplate":"https:\/\/my-french-grocery.com\/fr\/?s={search_term_string}"},"query-input":{"@type":"PropertyValueSpecification","valueRequired":true,"valueName":"search_term_string"}}],"inLanguage":"fr-FR"},{"@type":"Organization","@id":"https:\/\/my-french-grocery.com\/fr\/#organization","name":"MY FRENCH GROCERY","url":"https:\/\/my-french-grocery.com\/fr\/","logo":{"@type":"ImageObject","inLanguage":"fr-FR","@id":"https:\/\/my-french-grocery.com\/fr\/#\/schema\/logo\/image\/","url":"https:\/\/my-french-grocery.com\/wp-content\/uploads\/2021\/11\/My-French-Grocery-Online-French-Grocery.png","contentUrl":"https:\/\/my-french-grocery.com\/wp-content\/uploads\/2021\/11\/My-French-Grocery-Online-French-Grocery.png","width":100,"height":100,"caption":"MY FRENCH GROCERY"},"image":{"@id":"https:\/\/my-french-grocery.com\/fr\/#\/schema\/logo\/image\/"},"sameAs":["https:\/\/www.facebook.com\/myfrenchgrocery\/"]}]}},"brands":[{"id":3361,"name":"L'Or - Maison Du Caf\u00e9","slug":"lor-maison-du-cafe-fr"}],"_links":{"self":[{"href":"https:\/\/my-french-grocery.com\/fr\/wp-json\/wp\/v2\/product\/38315","targetHints":{"allow":["GET"]}}],"collection":[{"href":"https:\/\/my-french-grocery.com\/fr\/wp-json\/wp\/v2\/product"}],"about":[{"href":"https:\/\/my-french-grocery.com\/fr\/wp-json\/wp\/v2\/types\/product"}],"replies":[{"embeddable":true,"href":"https:\/\/my-french-grocery.com\/fr\/wp-json\/wp\/v2\/comments?post=38315"}],"wp:featuredmedia":[{"embeddable":true,"href":"https:\/\/my-french-grocery.com\/fr\/wp-json\/wp\/v2\/media\/38319"}],"wp:attachment":[{"href":"https:\/\/my-french-grocery.com\/fr\/wp-json\/wp\/v2\/media?parent=38315"}],"wp:term":[{"taxonomy":"pwb-brand","embeddable":true,"href":"https:\/\/my-french-grocery.com\/fr\/wp-json\/wp\/v2\/pwb-brand?post=38315"},{"taxonomy":"product_brand","embeddable":true,"href":"https:\/\/my-french-grocery.com\/fr\/wp-json\/wp\/v2\/product_brand?post=38315"},{"taxonomy":"product_cat","embeddable":true,"href":"https:\/\/my-french-grocery.com\/fr\/wp-json\/wp\/v2\/product_cat?post=38315"},{"taxonomy":"product_tag","embeddable":true,"href":"https:\/\/my-french-grocery.com\/fr\/wp-json\/wp\/v2\/product_tag?post=38315"}],"curies":[{"name":"wp","href":"https:\/\/api.w.org\/{rel}","templated":true}]}}