{"id":38439,"date":"2024-02-06T17:12:09","date_gmt":"2024-02-06T15:12:10","guid":{"rendered":"https:\/\/my-french-grocery.com\/?post_type=product&#038;p=38439"},"modified":"2024-02-20T16:37:48","modified_gmt":"2024-02-20T14:37:48","slug":"the-vert-classique-lipton","status":"publish","type":"product","link":"https:\/\/my-french-grocery.com\/fr\/produit\/the-vert-classique-lipton\/","title":{"rendered":"Th\u00e9 Vert Classique Lipton"},"content":{"rendered":"<p>Th\u00e9 Vert Classique Lipton<\/p>\n<p>boite de 30 sachets<\/p>\n<p>D\u00e9couvrez nos 30 sachets de Th\u00e9 Vert Classique Lipton, une association de th\u00e9 vert Origine Asie et d&rsquo;ar\u00f4me naturel. Un th\u00e9 vert d\u00e9licatement parfum\u00e9 pour un d\u00e9licieux moment de d\u00e9tente. Avec ce Th\u00e9 Vert Classique, d\u00e9couvrez tout le parfum subtil et l\u00e9ger du th\u00e9 vert associ\u00e9 aux notes l\u00e9g\u00e8rement citronn\u00e9es et \u00e9pic\u00e9es de l&rsquo;ar\u00f4me naturel pour une recette au go\u00fbt parfum\u00e9 et \u00e9quilibr\u00e9.<\/p>\n","protected":false},"excerpt":{"rendered":"<p>Th\u00e9 Vert Classique Lipton<\/p>\n<p>boite de 30 sachets<\/p>\n","protected":false},"featured_media":38443,"comment_status":"open","ping_status":"closed","template":"","meta":[],"pwb-brand":[3100],"product_brand":[],"product_cat":[1051,1068],"product_tag":[3454,3497],"class_list":{"0":"post-38439","1":"product","2":"type-product","3":"status-publish","4":"has-post-thumbnail","6":"pwb-brand-lipton-fr","7":"product_cat-the","8":"product_cat-thes-bio","9":"product_tag-lipton-fr","10":"product_tag-the-fr-2","11":"product_shipping_class-expedition-dans-le-monde-entier","13":"first","14":"instock","15":"taxable","16":"shipping-taxable","17":"purchasable","18":"product-type-simple"},"yoast_head":"<!-- This site is optimized with the Yoast SEO plugin v27.3 - https:\/\/yoast.com\/product\/yoast-seo-wordpress\/ -->\n<title>Th\u00e9 Vert Classique Lipton | Acheter En Ligne | My French Grocery<\/title>\n<meta name=\"description\" content=\"Th\u00e9 Vert Classique Lipton - boite de 30 sachets - D\u00e9couvrez nos 30 sachets de Th\u00e9 Vert Classique Lipton, une association de th\u00e9 vert Origine Asie et d&#039;ar\u00f4me naturel.\" \/>\n<meta name=\"robots\" content=\"index, follow, max-snippet:-1, max-image-preview:large, max-video-preview:-1\" \/>\n<link rel=\"canonical\" href=\"https:\/\/my-french-grocery.com\/fr\/produit\/the-vert-classique-lipton\/\" \/>\n<meta property=\"og:locale\" content=\"fr_FR\" \/>\n<meta property=\"og:type\" content=\"article\" \/>\n<meta property=\"og:title\" content=\"Th\u00e9 Vert Classique Lipton | Acheter En Ligne | My French Grocery\" \/>\n<meta property=\"og:description\" content=\"Th\u00e9 Vert Classique Lipton - boite de 30 sachets - D\u00e9couvrez nos 30 sachets de Th\u00e9 Vert Classique Lipton, une association de th\u00e9 vert Origine Asie et d&#039;ar\u00f4me naturel.\" \/>\n<meta property=\"og:url\" content=\"https:\/\/my-french-grocery.com\/fr\/produit\/the-vert-classique-lipton\/\" \/>\n<meta property=\"og:site_name\" content=\"My French Grocery\" \/>\n<meta property=\"article:publisher\" content=\"https:\/\/www.facebook.com\/myfrenchgrocery\/\" \/>\n<meta property=\"article:modified_time\" content=\"2024-02-20T14:37:48+00:00\" \/>\n<meta property=\"og:image\" content=\"https:\/\/my-french-grocery.com\/wp-content\/uploads\/2024\/02\/LIPTON-classic-green-tea.webp\" \/>\n\t<meta property=\"og:image:width\" content=\"1200\" \/>\n\t<meta property=\"og:image:height\" content=\"1200\" \/>\n\t<meta property=\"og:image:type\" content=\"image\/webp\" \/>\n<meta name=\"twitter:card\" content=\"summary_large_image\" \/>\n<meta name=\"twitter:label1\" content=\"Dur\u00e9e de lecture estim\u00e9e\" \/>\n\t<meta name=\"twitter:data1\" content=\"1 minute\" \/>\n<script type=\"application\/ld+json\" class=\"yoast-schema-graph\">{\"@context\":\"https:\\\/\\\/schema.org\",\"@graph\":[{\"@type\":\"WebPage\",\"@id\":\"https:\\\/\\\/my-french-grocery.com\\\/fr\\\/produit\\\/the-vert-classique-lipton\\\/\",\"url\":\"https:\\\/\\\/my-french-grocery.com\\\/fr\\\/produit\\\/the-vert-classique-lipton\\\/\",\"name\":\"Th\u00e9 Vert Classique Lipton | Acheter En Ligne | My French Grocery\",\"isPartOf\":{\"@id\":\"https:\\\/\\\/my-french-grocery.com\\\/fr\\\/#website\"},\"primaryImageOfPage\":{\"@id\":\"https:\\\/\\\/my-french-grocery.com\\\/fr\\\/produit\\\/the-vert-classique-lipton\\\/#primaryimage\"},\"image\":{\"@id\":\"https:\\\/\\\/my-french-grocery.com\\\/fr\\\/produit\\\/the-vert-classique-lipton\\\/#primaryimage\"},\"thumbnailUrl\":\"https:\\\/\\\/my-french-grocery.com\\\/wp-content\\\/uploads\\\/2024\\\/02\\\/LIPTON-classic-green-tea.webp\",\"datePublished\":\"2024-02-06T15:12:10+00:00\",\"dateModified\":\"2024-02-20T14:37:48+00:00\",\"description\":\"Th\u00e9 Vert Classique Lipton - boite de 30 sachets - D\u00e9couvrez nos 30 sachets de Th\u00e9 Vert Classique Lipton, une association de th\u00e9 vert Origine Asie et d'ar\u00f4me naturel.\",\"breadcrumb\":{\"@id\":\"https:\\\/\\\/my-french-grocery.com\\\/fr\\\/produit\\\/the-vert-classique-lipton\\\/#breadcrumb\"},\"inLanguage\":\"fr-FR\",\"potentialAction\":[{\"@type\":\"ReadAction\",\"target\":[\"https:\\\/\\\/my-french-grocery.com\\\/fr\\\/produit\\\/the-vert-classique-lipton\\\/\"]}]},{\"@type\":\"ImageObject\",\"inLanguage\":\"fr-FR\",\"@id\":\"https:\\\/\\\/my-french-grocery.com\\\/fr\\\/produit\\\/the-vert-classique-lipton\\\/#primaryimage\",\"url\":\"https:\\\/\\\/my-french-grocery.com\\\/wp-content\\\/uploads\\\/2024\\\/02\\\/LIPTON-classic-green-tea.webp\",\"contentUrl\":\"https:\\\/\\\/my-french-grocery.com\\\/wp-content\\\/uploads\\\/2024\\\/02\\\/LIPTON-classic-green-tea.webp\",\"width\":1200,\"height\":1200,\"caption\":\"Th\u00e9 Vert Classique Lipton\"},{\"@type\":\"BreadcrumbList\",\"@id\":\"https:\\\/\\\/my-french-grocery.com\\\/fr\\\/produit\\\/the-vert-classique-lipton\\\/#breadcrumb\",\"itemListElement\":[{\"@type\":\"ListItem\",\"position\":1,\"name\":\"Home\",\"item\":\"https:\\\/\\\/my-french-grocery.com\\\/fr\\\/\"},{\"@type\":\"ListItem\",\"position\":2,\"name\":\"Shop\",\"item\":\"https:\\\/\\\/my-french-grocery.com\\\/shop\\\/\"},{\"@type\":\"ListItem\",\"position\":3,\"name\":\"Alimentation\",\"item\":\"https:\\\/\\\/my-french-grocery.com\\\/fr\\\/categorie-produit\\\/alimentation\\\/\"},{\"@type\":\"ListItem\",\"position\":4,\"name\":\"Th\u00e9s, Caf\u00e9s, Chocolat En Poudre\",\"item\":\"https:\\\/\\\/my-french-grocery.com\\\/fr\\\/categorie-produit\\\/alimentation\\\/thes-cafes-chocolat-en-poudre\\\/\"},{\"@type\":\"ListItem\",\"position\":5,\"name\":\"Th\u00e9\",\"item\":\"https:\\\/\\\/my-french-grocery.com\\\/fr\\\/categorie-produit\\\/alimentation\\\/thes-cafes-chocolat-en-poudre\\\/the\\\/\"},{\"@type\":\"ListItem\",\"position\":6,\"name\":\"Th\u00e9 Vert Classique Lipton\"}]},{\"@type\":\"WebSite\",\"@id\":\"https:\\\/\\\/my-french-grocery.com\\\/fr\\\/#website\",\"url\":\"https:\\\/\\\/my-french-grocery.com\\\/fr\\\/\",\"name\":\"My French Grocery\",\"description\":\"Your Online French Grocery  !\",\"publisher\":{\"@id\":\"https:\\\/\\\/my-french-grocery.com\\\/fr\\\/#organization\"},\"potentialAction\":[{\"@type\":\"SearchAction\",\"target\":{\"@type\":\"EntryPoint\",\"urlTemplate\":\"https:\\\/\\\/my-french-grocery.com\\\/fr\\\/?s={search_term_string}\"},\"query-input\":{\"@type\":\"PropertyValueSpecification\",\"valueRequired\":true,\"valueName\":\"search_term_string\"}}],\"inLanguage\":\"fr-FR\"},{\"@type\":\"Organization\",\"@id\":\"https:\\\/\\\/my-french-grocery.com\\\/fr\\\/#organization\",\"name\":\"MY FRENCH GROCERY\",\"url\":\"https:\\\/\\\/my-french-grocery.com\\\/fr\\\/\",\"logo\":{\"@type\":\"ImageObject\",\"inLanguage\":\"fr-FR\",\"@id\":\"https:\\\/\\\/my-french-grocery.com\\\/fr\\\/#\\\/schema\\\/logo\\\/image\\\/\",\"url\":\"https:\\\/\\\/my-french-grocery.com\\\/wp-content\\\/uploads\\\/2021\\\/11\\\/My-French-Grocery-Online-French-Grocery.png\",\"contentUrl\":\"https:\\\/\\\/my-french-grocery.com\\\/wp-content\\\/uploads\\\/2021\\\/11\\\/My-French-Grocery-Online-French-Grocery.png\",\"width\":100,\"height\":100,\"caption\":\"MY FRENCH GROCERY\"},\"image\":{\"@id\":\"https:\\\/\\\/my-french-grocery.com\\\/fr\\\/#\\\/schema\\\/logo\\\/image\\\/\"},\"sameAs\":[\"https:\\\/\\\/www.facebook.com\\\/myfrenchgrocery\\\/\"]}]}<\/script>\n<!-- \/ Yoast SEO plugin. -->","yoast_head_json":{"title":"Th\u00e9 Vert Classique Lipton | Acheter En Ligne | My French Grocery","description":"Th\u00e9 Vert Classique Lipton - boite de 30 sachets - D\u00e9couvrez nos 30 sachets de Th\u00e9 Vert Classique Lipton, une association de th\u00e9 vert Origine Asie et d'ar\u00f4me naturel.","robots":{"index":"index","follow":"follow","max-snippet":"max-snippet:-1","max-image-preview":"max-image-preview:large","max-video-preview":"max-video-preview:-1"},"canonical":"https:\/\/my-french-grocery.com\/fr\/produit\/the-vert-classique-lipton\/","og_locale":"fr_FR","og_type":"article","og_title":"Th\u00e9 Vert Classique Lipton | Acheter En Ligne | My French Grocery","og_description":"Th\u00e9 Vert Classique Lipton - boite de 30 sachets - D\u00e9couvrez nos 30 sachets de Th\u00e9 Vert Classique Lipton, une association de th\u00e9 vert Origine Asie et d'ar\u00f4me naturel.","og_url":"https:\/\/my-french-grocery.com\/fr\/produit\/the-vert-classique-lipton\/","og_site_name":"My French Grocery","article_publisher":"https:\/\/www.facebook.com\/myfrenchgrocery\/","article_modified_time":"2024-02-20T14:37:48+00:00","og_image":[{"width":1200,"height":1200,"url":"https:\/\/my-french-grocery.com\/wp-content\/uploads\/2024\/02\/LIPTON-classic-green-tea.webp","type":"image\/webp"}],"twitter_card":"summary_large_image","twitter_misc":{"Dur\u00e9e de lecture estim\u00e9e":"1 minute"},"schema":{"@context":"https:\/\/schema.org","@graph":[{"@type":"WebPage","@id":"https:\/\/my-french-grocery.com\/fr\/produit\/the-vert-classique-lipton\/","url":"https:\/\/my-french-grocery.com\/fr\/produit\/the-vert-classique-lipton\/","name":"Th\u00e9 Vert Classique Lipton | Acheter En Ligne | My French Grocery","isPartOf":{"@id":"https:\/\/my-french-grocery.com\/fr\/#website"},"primaryImageOfPage":{"@id":"https:\/\/my-french-grocery.com\/fr\/produit\/the-vert-classique-lipton\/#primaryimage"},"image":{"@id":"https:\/\/my-french-grocery.com\/fr\/produit\/the-vert-classique-lipton\/#primaryimage"},"thumbnailUrl":"https:\/\/my-french-grocery.com\/wp-content\/uploads\/2024\/02\/LIPTON-classic-green-tea.webp","datePublished":"2024-02-06T15:12:10+00:00","dateModified":"2024-02-20T14:37:48+00:00","description":"Th\u00e9 Vert Classique Lipton - boite de 30 sachets - D\u00e9couvrez nos 30 sachets de Th\u00e9 Vert Classique Lipton, une association de th\u00e9 vert Origine Asie et d'ar\u00f4me naturel.","breadcrumb":{"@id":"https:\/\/my-french-grocery.com\/fr\/produit\/the-vert-classique-lipton\/#breadcrumb"},"inLanguage":"fr-FR","potentialAction":[{"@type":"ReadAction","target":["https:\/\/my-french-grocery.com\/fr\/produit\/the-vert-classique-lipton\/"]}]},{"@type":"ImageObject","inLanguage":"fr-FR","@id":"https:\/\/my-french-grocery.com\/fr\/produit\/the-vert-classique-lipton\/#primaryimage","url":"https:\/\/my-french-grocery.com\/wp-content\/uploads\/2024\/02\/LIPTON-classic-green-tea.webp","contentUrl":"https:\/\/my-french-grocery.com\/wp-content\/uploads\/2024\/02\/LIPTON-classic-green-tea.webp","width":1200,"height":1200,"caption":"Th\u00e9 Vert Classique Lipton"},{"@type":"BreadcrumbList","@id":"https:\/\/my-french-grocery.com\/fr\/produit\/the-vert-classique-lipton\/#breadcrumb","itemListElement":[{"@type":"ListItem","position":1,"name":"Home","item":"https:\/\/my-french-grocery.com\/fr\/"},{"@type":"ListItem","position":2,"name":"Shop","item":"https:\/\/my-french-grocery.com\/shop\/"},{"@type":"ListItem","position":3,"name":"Alimentation","item":"https:\/\/my-french-grocery.com\/fr\/categorie-produit\/alimentation\/"},{"@type":"ListItem","position":4,"name":"Th\u00e9s, Caf\u00e9s, Chocolat En Poudre","item":"https:\/\/my-french-grocery.com\/fr\/categorie-produit\/alimentation\/thes-cafes-chocolat-en-poudre\/"},{"@type":"ListItem","position":5,"name":"Th\u00e9","item":"https:\/\/my-french-grocery.com\/fr\/categorie-produit\/alimentation\/thes-cafes-chocolat-en-poudre\/the\/"},{"@type":"ListItem","position":6,"name":"Th\u00e9 Vert Classique Lipton"}]},{"@type":"WebSite","@id":"https:\/\/my-french-grocery.com\/fr\/#website","url":"https:\/\/my-french-grocery.com\/fr\/","name":"My French Grocery","description":"Your Online French Grocery  !","publisher":{"@id":"https:\/\/my-french-grocery.com\/fr\/#organization"},"potentialAction":[{"@type":"SearchAction","target":{"@type":"EntryPoint","urlTemplate":"https:\/\/my-french-grocery.com\/fr\/?s={search_term_string}"},"query-input":{"@type":"PropertyValueSpecification","valueRequired":true,"valueName":"search_term_string"}}],"inLanguage":"fr-FR"},{"@type":"Organization","@id":"https:\/\/my-french-grocery.com\/fr\/#organization","name":"MY FRENCH GROCERY","url":"https:\/\/my-french-grocery.com\/fr\/","logo":{"@type":"ImageObject","inLanguage":"fr-FR","@id":"https:\/\/my-french-grocery.com\/fr\/#\/schema\/logo\/image\/","url":"https:\/\/my-french-grocery.com\/wp-content\/uploads\/2021\/11\/My-French-Grocery-Online-French-Grocery.png","contentUrl":"https:\/\/my-french-grocery.com\/wp-content\/uploads\/2021\/11\/My-French-Grocery-Online-French-Grocery.png","width":100,"height":100,"caption":"MY FRENCH GROCERY"},"image":{"@id":"https:\/\/my-french-grocery.com\/fr\/#\/schema\/logo\/image\/"},"sameAs":["https:\/\/www.facebook.com\/myfrenchgrocery\/"]}]}},"brands":[{"id":3100,"name":"Lipton","slug":"lipton-fr"}],"_links":{"self":[{"href":"https:\/\/my-french-grocery.com\/fr\/wp-json\/wp\/v2\/product\/38439","targetHints":{"allow":["GET"]}}],"collection":[{"href":"https:\/\/my-french-grocery.com\/fr\/wp-json\/wp\/v2\/product"}],"about":[{"href":"https:\/\/my-french-grocery.com\/fr\/wp-json\/wp\/v2\/types\/product"}],"replies":[{"embeddable":true,"href":"https:\/\/my-french-grocery.com\/fr\/wp-json\/wp\/v2\/comments?post=38439"}],"wp:featuredmedia":[{"embeddable":true,"href":"https:\/\/my-french-grocery.com\/fr\/wp-json\/wp\/v2\/media\/38443"}],"wp:attachment":[{"href":"https:\/\/my-french-grocery.com\/fr\/wp-json\/wp\/v2\/media?parent=38439"}],"wp:term":[{"taxonomy":"pwb-brand","embeddable":true,"href":"https:\/\/my-french-grocery.com\/fr\/wp-json\/wp\/v2\/pwb-brand?post=38439"},{"taxonomy":"product_brand","embeddable":true,"href":"https:\/\/my-french-grocery.com\/fr\/wp-json\/wp\/v2\/product_brand?post=38439"},{"taxonomy":"product_cat","embeddable":true,"href":"https:\/\/my-french-grocery.com\/fr\/wp-json\/wp\/v2\/product_cat?post=38439"},{"taxonomy":"product_tag","embeddable":true,"href":"https:\/\/my-french-grocery.com\/fr\/wp-json\/wp\/v2\/product_tag?post=38439"}],"curies":[{"name":"wp","href":"https:\/\/api.w.org\/{rel}","templated":true}]}}