{"id":38642,"date":"2024-02-16T18:56:10","date_gmt":"2024-02-16T16:56:11","guid":{"rendered":"https:\/\/my-french-grocery.com\/?post_type=product&#038;p=38642"},"modified":"2024-02-16T19:10:49","modified_gmt":"2024-02-16T17:10:49","slug":"the-noir-peche-mangue-lipton","status":"publish","type":"product","link":"https:\/\/my-french-grocery.com\/fr\/produit\/the-noir-peche-mangue-lipton\/","title":{"rendered":"Th\u00e9 Noir P\u00eache Mangue Lipton"},"content":{"rendered":"<p>Peach Mango Black Tea Lipton<\/p>\n<p>boite de 20 sachets<\/p>\n<p>Envie de nouveaut\u00e9 ? Imaginez une exp\u00e9rience fruit\u00e9e, intense et savoureuse. L\u2019exp\u00e9rience d\u2019un cocktail alliant la douceur de la mangue, le velout\u00e9 de la p\u00eache et des feuilles de th\u00e9 noir tourbillonnant dans un sachet Pyramid\u00ae. Un go\u00fbt parfaitement \u00e9quilibr\u00e9 pour frissonner de plaisir.<\/p>\n","protected":false},"excerpt":{"rendered":"<p>Peach Mango Black Tea Lipton<\/p>\n<p>boite de 20 sachets<\/p>\n","protected":false},"featured_media":38646,"comment_status":"open","ping_status":"closed","template":"","meta":[],"pwb-brand":[3100],"product_brand":[],"product_cat":[1051],"product_tag":[3454,3497],"class_list":{"0":"post-38642","1":"product","2":"type-product","3":"status-publish","4":"has-post-thumbnail","6":"pwb-brand-lipton-fr","7":"product_cat-the","8":"product_tag-lipton-fr","9":"product_tag-the-fr-2","10":"product_shipping_class-expedition-dans-le-monde-entier","12":"first","13":"instock","14":"taxable","15":"shipping-taxable","16":"purchasable","17":"product-type-simple"},"brands":[{"id":3100,"name":"Lipton","slug":"lipton-fr"}],"_links":{"self":[{"href":"https:\/\/my-french-grocery.com\/fr\/wp-json\/wp\/v2\/product\/38642","targetHints":{"allow":["GET"]}}],"collection":[{"href":"https:\/\/my-french-grocery.com\/fr\/wp-json\/wp\/v2\/product"}],"about":[{"href":"https:\/\/my-french-grocery.com\/fr\/wp-json\/wp\/v2\/types\/product"}],"replies":[{"embeddable":true,"href":"https:\/\/my-french-grocery.com\/fr\/wp-json\/wp\/v2\/comments?post=38642"}],"wp:featuredmedia":[{"embeddable":true,"href":"https:\/\/my-french-grocery.com\/fr\/wp-json\/wp\/v2\/media\/38646"}],"wp:attachment":[{"href":"https:\/\/my-french-grocery.com\/fr\/wp-json\/wp\/v2\/media?parent=38642"}],"wp:term":[{"taxonomy":"pwb-brand","embeddable":true,"href":"https:\/\/my-french-grocery.com\/fr\/wp-json\/wp\/v2\/pwb-brand?post=38642"},{"taxonomy":"product_brand","embeddable":true,"href":"https:\/\/my-french-grocery.com\/fr\/wp-json\/wp\/v2\/product_brand?post=38642"},{"taxonomy":"product_cat","embeddable":true,"href":"https:\/\/my-french-grocery.com\/fr\/wp-json\/wp\/v2\/product_cat?post=38642"},{"taxonomy":"product_tag","embeddable":true,"href":"https:\/\/my-french-grocery.com\/fr\/wp-json\/wp\/v2\/product_tag?post=38642"}],"curies":[{"name":"wp","href":"https:\/\/api.w.org\/{rel}","templated":true}]}}