{"id":38668,"date":"2024-02-16T19:42:22","date_gmt":"2024-02-16T17:42:23","guid":{"rendered":"https:\/\/my-french-grocery.com\/?post_type=product&#038;p=38668"},"modified":"2024-05-11T11:03:14","modified_gmt":"2024-05-11T09:03:14","slug":"the-vert-menthe-intense-lipton","status":"publish","type":"product","link":"https:\/\/my-french-grocery.com\/fr\/produit\/the-vert-menthe-intense-lipton\/","title":{"rendered":"Th\u00e9 Vert Menthe Intense Lipton"},"content":{"rendered":"<p>Th\u00e9 Vert Menthe Intense Lipton<\/p>\n<p>boite de 20 sachets<\/p>\n<p>D\u00e9couvrez nos 20 sachets de Th\u00e9 Vert Menthe Intense Lipton, un th\u00e9 d\u00e9licatement aromatis\u00e9 pour une exp\u00e9rience tr\u00e8s rafra\u00eechissante. Avec ce Th\u00e9 Vert Menthe Intense, appr\u00e9ciez tout le parfum subtil du th\u00e9 vert associ\u00e9 \u00e0 la puissance de la menthe verte et aux notes \u00e9pic\u00e9es de la menthe poivr\u00e9e.<\/p>\n","protected":false},"excerpt":{"rendered":"<p>Th\u00e9 Vert Menthe Intense Lipton<\/p>\n<p>boite de 20 sachets<\/p>\n","protected":false},"featured_media":38660,"comment_status":"open","ping_status":"closed","template":"","meta":[],"pwb-brand":[3100],"product_brand":[],"product_cat":[1051],"product_tag":[3454,3497],"class_list":{"0":"post-38668","1":"product","2":"type-product","3":"status-publish","4":"has-post-thumbnail","6":"pwb-brand-lipton-fr","7":"product_cat-the","8":"product_tag-lipton-fr","9":"product_tag-the-fr-2","10":"product_shipping_class-expedition-dans-le-monde-entier","12":"first","13":"instock","14":"taxable","15":"shipping-taxable","16":"purchasable","17":"product-type-simple"},"yoast_head":"<!-- This site is optimized with the Yoast SEO plugin v27.3 - https:\/\/yoast.com\/product\/yoast-seo-wordpress\/ -->\n<title>Th\u00e9 Vert Menthe Intense Lipton | Acheter En Ligne | My French Grocery<\/title>\n<meta name=\"description\" content=\"Th\u00e9 Vert Menthe Intense Lipton - boite de 20 sachets - D\u00e9couvrez nos 20 sachets de Th\u00e9 Vert Menthe Intense Lipton, un th\u00e9 d\u00e9licatement aromatis\u00e9 pour une exp\u00e9rience tr\u00e8s rafra\u00eechissante.\" \/>\n<meta name=\"robots\" content=\"index, follow, max-snippet:-1, max-image-preview:large, max-video-preview:-1\" \/>\n<link rel=\"canonical\" href=\"https:\/\/my-french-grocery.com\/fr\/produit\/the-vert-menthe-intense-lipton\/\" \/>\n<meta property=\"og:locale\" content=\"fr_FR\" \/>\n<meta property=\"og:type\" content=\"article\" \/>\n<meta property=\"og:title\" content=\"Th\u00e9 Vert Menthe Intense Lipton | Acheter En Ligne | My French Grocery\" \/>\n<meta property=\"og:description\" content=\"Th\u00e9 Vert Menthe Intense Lipton - boite de 20 sachets - D\u00e9couvrez nos 20 sachets de Th\u00e9 Vert Menthe Intense Lipton, un th\u00e9 d\u00e9licatement aromatis\u00e9 pour une exp\u00e9rience tr\u00e8s rafra\u00eechissante.\" \/>\n<meta property=\"og:url\" content=\"https:\/\/my-french-grocery.com\/fr\/produit\/the-vert-menthe-intense-lipton\/\" \/>\n<meta property=\"og:site_name\" content=\"My French Grocery\" \/>\n<meta property=\"article:publisher\" content=\"https:\/\/www.facebook.com\/myfrenchgrocery\/\" \/>\n<meta property=\"article:modified_time\" content=\"2024-05-11T09:03:14+00:00\" \/>\n<meta property=\"og:image\" content=\"https:\/\/my-french-grocery.com\/wp-content\/uploads\/2024\/02\/LIPTON-Green-Tea-Two-Mints-Intense-20-bags.webp\" \/>\n\t<meta property=\"og:image:width\" content=\"1200\" \/>\n\t<meta property=\"og:image:height\" content=\"1200\" \/>\n\t<meta property=\"og:image:type\" content=\"image\/webp\" \/>\n<meta name=\"twitter:card\" content=\"summary_large_image\" \/>\n<meta name=\"twitter:label1\" content=\"Dur\u00e9e de lecture estim\u00e9e\" \/>\n\t<meta name=\"twitter:data1\" content=\"1 minute\" \/>\n<script type=\"application\/ld+json\" class=\"yoast-schema-graph\">{\"@context\":\"https:\\\/\\\/schema.org\",\"@graph\":[{\"@type\":\"WebPage\",\"@id\":\"https:\\\/\\\/my-french-grocery.com\\\/fr\\\/produit\\\/the-vert-menthe-intense-lipton\\\/\",\"url\":\"https:\\\/\\\/my-french-grocery.com\\\/fr\\\/produit\\\/the-vert-menthe-intense-lipton\\\/\",\"name\":\"Th\u00e9 Vert Menthe Intense Lipton | Acheter En Ligne | My French Grocery\",\"isPartOf\":{\"@id\":\"https:\\\/\\\/my-french-grocery.com\\\/fr\\\/#website\"},\"primaryImageOfPage\":{\"@id\":\"https:\\\/\\\/my-french-grocery.com\\\/fr\\\/produit\\\/the-vert-menthe-intense-lipton\\\/#primaryimage\"},\"image\":{\"@id\":\"https:\\\/\\\/my-french-grocery.com\\\/fr\\\/produit\\\/the-vert-menthe-intense-lipton\\\/#primaryimage\"},\"thumbnailUrl\":\"https:\\\/\\\/my-french-grocery.com\\\/wp-content\\\/uploads\\\/2024\\\/02\\\/LIPTON-Green-Tea-Two-Mints-Intense-20-bags.webp\",\"datePublished\":\"2024-02-16T17:42:23+00:00\",\"dateModified\":\"2024-05-11T09:03:14+00:00\",\"description\":\"Th\u00e9 Vert Menthe Intense Lipton - boite de 20 sachets - D\u00e9couvrez nos 20 sachets de Th\u00e9 Vert Menthe Intense Lipton, un th\u00e9 d\u00e9licatement aromatis\u00e9 pour une exp\u00e9rience tr\u00e8s rafra\u00eechissante.\",\"breadcrumb\":{\"@id\":\"https:\\\/\\\/my-french-grocery.com\\\/fr\\\/produit\\\/the-vert-menthe-intense-lipton\\\/#breadcrumb\"},\"inLanguage\":\"fr-FR\",\"potentialAction\":[{\"@type\":\"ReadAction\",\"target\":[\"https:\\\/\\\/my-french-grocery.com\\\/fr\\\/produit\\\/the-vert-menthe-intense-lipton\\\/\"]}]},{\"@type\":\"ImageObject\",\"inLanguage\":\"fr-FR\",\"@id\":\"https:\\\/\\\/my-french-grocery.com\\\/fr\\\/produit\\\/the-vert-menthe-intense-lipton\\\/#primaryimage\",\"url\":\"https:\\\/\\\/my-french-grocery.com\\\/wp-content\\\/uploads\\\/2024\\\/02\\\/LIPTON-Green-Tea-Two-Mints-Intense-20-bags.webp\",\"contentUrl\":\"https:\\\/\\\/my-french-grocery.com\\\/wp-content\\\/uploads\\\/2024\\\/02\\\/LIPTON-Green-Tea-Two-Mints-Intense-20-bags.webp\",\"width\":1200,\"height\":1200,\"caption\":\"Th\u00e9 Vert Menthe Intense Lipton\"},{\"@type\":\"BreadcrumbList\",\"@id\":\"https:\\\/\\\/my-french-grocery.com\\\/fr\\\/produit\\\/the-vert-menthe-intense-lipton\\\/#breadcrumb\",\"itemListElement\":[{\"@type\":\"ListItem\",\"position\":1,\"name\":\"Home\",\"item\":\"https:\\\/\\\/my-french-grocery.com\\\/fr\\\/\"},{\"@type\":\"ListItem\",\"position\":2,\"name\":\"Shop\",\"item\":\"https:\\\/\\\/my-french-grocery.com\\\/shop\\\/\"},{\"@type\":\"ListItem\",\"position\":3,\"name\":\"Alimentation\",\"item\":\"https:\\\/\\\/my-french-grocery.com\\\/fr\\\/categorie-produit\\\/alimentation\\\/\"},{\"@type\":\"ListItem\",\"position\":4,\"name\":\"Th\u00e9s, Caf\u00e9s, Chocolat En Poudre\",\"item\":\"https:\\\/\\\/my-french-grocery.com\\\/fr\\\/categorie-produit\\\/alimentation\\\/thes-cafes-chocolat-en-poudre\\\/\"},{\"@type\":\"ListItem\",\"position\":5,\"name\":\"Th\u00e9\",\"item\":\"https:\\\/\\\/my-french-grocery.com\\\/fr\\\/categorie-produit\\\/alimentation\\\/thes-cafes-chocolat-en-poudre\\\/the\\\/\"},{\"@type\":\"ListItem\",\"position\":6,\"name\":\"Th\u00e9 Vert Menthe Intense Lipton\"}]},{\"@type\":\"WebSite\",\"@id\":\"https:\\\/\\\/my-french-grocery.com\\\/fr\\\/#website\",\"url\":\"https:\\\/\\\/my-french-grocery.com\\\/fr\\\/\",\"name\":\"My French Grocery\",\"description\":\"Your Online French Grocery  !\",\"publisher\":{\"@id\":\"https:\\\/\\\/my-french-grocery.com\\\/fr\\\/#organization\"},\"potentialAction\":[{\"@type\":\"SearchAction\",\"target\":{\"@type\":\"EntryPoint\",\"urlTemplate\":\"https:\\\/\\\/my-french-grocery.com\\\/fr\\\/?s={search_term_string}\"},\"query-input\":{\"@type\":\"PropertyValueSpecification\",\"valueRequired\":true,\"valueName\":\"search_term_string\"}}],\"inLanguage\":\"fr-FR\"},{\"@type\":\"Organization\",\"@id\":\"https:\\\/\\\/my-french-grocery.com\\\/fr\\\/#organization\",\"name\":\"MY FRENCH GROCERY\",\"url\":\"https:\\\/\\\/my-french-grocery.com\\\/fr\\\/\",\"logo\":{\"@type\":\"ImageObject\",\"inLanguage\":\"fr-FR\",\"@id\":\"https:\\\/\\\/my-french-grocery.com\\\/fr\\\/#\\\/schema\\\/logo\\\/image\\\/\",\"url\":\"https:\\\/\\\/my-french-grocery.com\\\/wp-content\\\/uploads\\\/2021\\\/11\\\/My-French-Grocery-Online-French-Grocery.png\",\"contentUrl\":\"https:\\\/\\\/my-french-grocery.com\\\/wp-content\\\/uploads\\\/2021\\\/11\\\/My-French-Grocery-Online-French-Grocery.png\",\"width\":100,\"height\":100,\"caption\":\"MY FRENCH GROCERY\"},\"image\":{\"@id\":\"https:\\\/\\\/my-french-grocery.com\\\/fr\\\/#\\\/schema\\\/logo\\\/image\\\/\"},\"sameAs\":[\"https:\\\/\\\/www.facebook.com\\\/myfrenchgrocery\\\/\"]}]}<\/script>\n<!-- \/ Yoast SEO plugin. -->","yoast_head_json":{"title":"Th\u00e9 Vert Menthe Intense Lipton | Acheter En Ligne | My French Grocery","description":"Th\u00e9 Vert Menthe Intense Lipton - boite de 20 sachets - D\u00e9couvrez nos 20 sachets de Th\u00e9 Vert Menthe Intense Lipton, un th\u00e9 d\u00e9licatement aromatis\u00e9 pour une exp\u00e9rience tr\u00e8s rafra\u00eechissante.","robots":{"index":"index","follow":"follow","max-snippet":"max-snippet:-1","max-image-preview":"max-image-preview:large","max-video-preview":"max-video-preview:-1"},"canonical":"https:\/\/my-french-grocery.com\/fr\/produit\/the-vert-menthe-intense-lipton\/","og_locale":"fr_FR","og_type":"article","og_title":"Th\u00e9 Vert Menthe Intense Lipton | Acheter En Ligne | My French Grocery","og_description":"Th\u00e9 Vert Menthe Intense Lipton - boite de 20 sachets - D\u00e9couvrez nos 20 sachets de Th\u00e9 Vert Menthe Intense Lipton, un th\u00e9 d\u00e9licatement aromatis\u00e9 pour une exp\u00e9rience tr\u00e8s rafra\u00eechissante.","og_url":"https:\/\/my-french-grocery.com\/fr\/produit\/the-vert-menthe-intense-lipton\/","og_site_name":"My French Grocery","article_publisher":"https:\/\/www.facebook.com\/myfrenchgrocery\/","article_modified_time":"2024-05-11T09:03:14+00:00","og_image":[{"width":1200,"height":1200,"url":"https:\/\/my-french-grocery.com\/wp-content\/uploads\/2024\/02\/LIPTON-Green-Tea-Two-Mints-Intense-20-bags.webp","type":"image\/webp"}],"twitter_card":"summary_large_image","twitter_misc":{"Dur\u00e9e de lecture estim\u00e9e":"1 minute"},"schema":{"@context":"https:\/\/schema.org","@graph":[{"@type":"WebPage","@id":"https:\/\/my-french-grocery.com\/fr\/produit\/the-vert-menthe-intense-lipton\/","url":"https:\/\/my-french-grocery.com\/fr\/produit\/the-vert-menthe-intense-lipton\/","name":"Th\u00e9 Vert Menthe Intense Lipton | Acheter En Ligne | My French Grocery","isPartOf":{"@id":"https:\/\/my-french-grocery.com\/fr\/#website"},"primaryImageOfPage":{"@id":"https:\/\/my-french-grocery.com\/fr\/produit\/the-vert-menthe-intense-lipton\/#primaryimage"},"image":{"@id":"https:\/\/my-french-grocery.com\/fr\/produit\/the-vert-menthe-intense-lipton\/#primaryimage"},"thumbnailUrl":"https:\/\/my-french-grocery.com\/wp-content\/uploads\/2024\/02\/LIPTON-Green-Tea-Two-Mints-Intense-20-bags.webp","datePublished":"2024-02-16T17:42:23+00:00","dateModified":"2024-05-11T09:03:14+00:00","description":"Th\u00e9 Vert Menthe Intense Lipton - boite de 20 sachets - D\u00e9couvrez nos 20 sachets de Th\u00e9 Vert Menthe Intense Lipton, un th\u00e9 d\u00e9licatement aromatis\u00e9 pour une exp\u00e9rience tr\u00e8s rafra\u00eechissante.","breadcrumb":{"@id":"https:\/\/my-french-grocery.com\/fr\/produit\/the-vert-menthe-intense-lipton\/#breadcrumb"},"inLanguage":"fr-FR","potentialAction":[{"@type":"ReadAction","target":["https:\/\/my-french-grocery.com\/fr\/produit\/the-vert-menthe-intense-lipton\/"]}]},{"@type":"ImageObject","inLanguage":"fr-FR","@id":"https:\/\/my-french-grocery.com\/fr\/produit\/the-vert-menthe-intense-lipton\/#primaryimage","url":"https:\/\/my-french-grocery.com\/wp-content\/uploads\/2024\/02\/LIPTON-Green-Tea-Two-Mints-Intense-20-bags.webp","contentUrl":"https:\/\/my-french-grocery.com\/wp-content\/uploads\/2024\/02\/LIPTON-Green-Tea-Two-Mints-Intense-20-bags.webp","width":1200,"height":1200,"caption":"Th\u00e9 Vert Menthe Intense Lipton"},{"@type":"BreadcrumbList","@id":"https:\/\/my-french-grocery.com\/fr\/produit\/the-vert-menthe-intense-lipton\/#breadcrumb","itemListElement":[{"@type":"ListItem","position":1,"name":"Home","item":"https:\/\/my-french-grocery.com\/fr\/"},{"@type":"ListItem","position":2,"name":"Shop","item":"https:\/\/my-french-grocery.com\/shop\/"},{"@type":"ListItem","position":3,"name":"Alimentation","item":"https:\/\/my-french-grocery.com\/fr\/categorie-produit\/alimentation\/"},{"@type":"ListItem","position":4,"name":"Th\u00e9s, Caf\u00e9s, Chocolat En Poudre","item":"https:\/\/my-french-grocery.com\/fr\/categorie-produit\/alimentation\/thes-cafes-chocolat-en-poudre\/"},{"@type":"ListItem","position":5,"name":"Th\u00e9","item":"https:\/\/my-french-grocery.com\/fr\/categorie-produit\/alimentation\/thes-cafes-chocolat-en-poudre\/the\/"},{"@type":"ListItem","position":6,"name":"Th\u00e9 Vert Menthe Intense Lipton"}]},{"@type":"WebSite","@id":"https:\/\/my-french-grocery.com\/fr\/#website","url":"https:\/\/my-french-grocery.com\/fr\/","name":"My French Grocery","description":"Your Online French Grocery  !","publisher":{"@id":"https:\/\/my-french-grocery.com\/fr\/#organization"},"potentialAction":[{"@type":"SearchAction","target":{"@type":"EntryPoint","urlTemplate":"https:\/\/my-french-grocery.com\/fr\/?s={search_term_string}"},"query-input":{"@type":"PropertyValueSpecification","valueRequired":true,"valueName":"search_term_string"}}],"inLanguage":"fr-FR"},{"@type":"Organization","@id":"https:\/\/my-french-grocery.com\/fr\/#organization","name":"MY FRENCH GROCERY","url":"https:\/\/my-french-grocery.com\/fr\/","logo":{"@type":"ImageObject","inLanguage":"fr-FR","@id":"https:\/\/my-french-grocery.com\/fr\/#\/schema\/logo\/image\/","url":"https:\/\/my-french-grocery.com\/wp-content\/uploads\/2021\/11\/My-French-Grocery-Online-French-Grocery.png","contentUrl":"https:\/\/my-french-grocery.com\/wp-content\/uploads\/2021\/11\/My-French-Grocery-Online-French-Grocery.png","width":100,"height":100,"caption":"MY FRENCH GROCERY"},"image":{"@id":"https:\/\/my-french-grocery.com\/fr\/#\/schema\/logo\/image\/"},"sameAs":["https:\/\/www.facebook.com\/myfrenchgrocery\/"]}]}},"brands":[{"id":3100,"name":"Lipton","slug":"lipton-fr"}],"_links":{"self":[{"href":"https:\/\/my-french-grocery.com\/fr\/wp-json\/wp\/v2\/product\/38668","targetHints":{"allow":["GET"]}}],"collection":[{"href":"https:\/\/my-french-grocery.com\/fr\/wp-json\/wp\/v2\/product"}],"about":[{"href":"https:\/\/my-french-grocery.com\/fr\/wp-json\/wp\/v2\/types\/product"}],"replies":[{"embeddable":true,"href":"https:\/\/my-french-grocery.com\/fr\/wp-json\/wp\/v2\/comments?post=38668"}],"wp:featuredmedia":[{"embeddable":true,"href":"https:\/\/my-french-grocery.com\/fr\/wp-json\/wp\/v2\/media\/38660"}],"wp:attachment":[{"href":"https:\/\/my-french-grocery.com\/fr\/wp-json\/wp\/v2\/media?parent=38668"}],"wp:term":[{"taxonomy":"pwb-brand","embeddable":true,"href":"https:\/\/my-french-grocery.com\/fr\/wp-json\/wp\/v2\/pwb-brand?post=38668"},{"taxonomy":"product_brand","embeddable":true,"href":"https:\/\/my-french-grocery.com\/fr\/wp-json\/wp\/v2\/product_brand?post=38668"},{"taxonomy":"product_cat","embeddable":true,"href":"https:\/\/my-french-grocery.com\/fr\/wp-json\/wp\/v2\/product_cat?post=38668"},{"taxonomy":"product_tag","embeddable":true,"href":"https:\/\/my-french-grocery.com\/fr\/wp-json\/wp\/v2\/product_tag?post=38668"}],"curies":[{"name":"wp","href":"https:\/\/api.w.org\/{rel}","templated":true}]}}