{"id":38911,"date":"2024-02-26T14:57:25","date_gmt":"2024-02-26T12:57:26","guid":{"rendered":"https:\/\/my-french-grocery.com\/?post_type=product&#038;p=38911"},"modified":"2024-02-26T18:52:05","modified_gmt":"2024-02-26T16:52:05","slug":"infusion-menthe-tilleul-verveine-les-2-marmottes","status":"publish","type":"product","link":"https:\/\/my-french-grocery.com\/fr\/produit\/infusion-menthe-tilleul-verveine-les-2-marmottes\/","title":{"rendered":"Infusion Menthe Tilleul Verveine Les 2 Marmottes"},"content":{"rendered":"<p>Infusion Menthe Tilleul Verveine Les 2 Marmottes<\/p>\n<p>boite de 30 sachets &#8211; 55 g<\/p>\n<p>L&rsquo;infusion Menthe Tilleul Verveine est une de nos tisanes les plus appr\u00e9ci\u00e9es. Le tilleul et la verveine, lou\u00e9s pour leurs vertus digestives et relaxantes, font de ce m\u00e9lange une tisane calmante.<\/p>\n","protected":false},"excerpt":{"rendered":"<p>Infusion Menthe Tilleul Verveine Les 2 Marmottes<\/p>\n<p>boite de 30 sachets &#8211; 55 g<\/p>\n","protected":false},"featured_media":38915,"comment_status":"open","ping_status":"closed","template":"","meta":[],"pwb-brand":[3512],"product_brand":[],"product_cat":[1051],"product_tag":[3511,3510,3497],"class_list":{"0":"post-38911","1":"product","2":"type-product","3":"status-publish","4":"has-post-thumbnail","6":"pwb-brand-les-2-marmottes-fr","7":"product_cat-the","8":"product_tag-infusion-fr","9":"product_tag-les-2-marmottes-fr","10":"product_tag-the-fr-2","12":"first","13":"instock","14":"taxable","15":"shipping-taxable","16":"purchasable","17":"product-type-simple"},"yoast_head":"<!-- This site is optimized with the Yoast SEO plugin v27.4 - https:\/\/yoast.com\/product\/yoast-seo-wordpress\/ -->\n<title>Infusion Menthe Tilleul Verveine Les 2 Marmottes | Acheter En Ligne | My French Grocery<\/title>\n<meta name=\"description\" content=\"Infusion Menthe Tilleul Verveine Les 2 Marmottes - boite de 30 sachets - 55 g -L&#039;infusion Menthe Tilleul Verveine est une de nos tisanes les plus appr\u00e9ci\u00e9es.\" \/>\n<meta name=\"robots\" content=\"index, follow, max-snippet:-1, max-image-preview:large, max-video-preview:-1\" \/>\n<link rel=\"canonical\" href=\"https:\/\/my-french-grocery.com\/fr\/produit\/infusion-menthe-tilleul-verveine-les-2-marmottes\/\" \/>\n<meta property=\"og:locale\" content=\"fr_FR\" \/>\n<meta property=\"og:type\" content=\"article\" \/>\n<meta property=\"og:title\" content=\"Infusion Menthe Tilleul Verveine Les 2 Marmottes | Acheter En Ligne | My French Grocery\" \/>\n<meta property=\"og:description\" content=\"Infusion Menthe Tilleul Verveine Les 2 Marmottes - boite de 30 sachets - 55 g -L&#039;infusion Menthe Tilleul Verveine est une de nos tisanes les plus appr\u00e9ci\u00e9es.\" \/>\n<meta property=\"og:url\" content=\"https:\/\/my-french-grocery.com\/fr\/produit\/infusion-menthe-tilleul-verveine-les-2-marmottes\/\" \/>\n<meta property=\"og:site_name\" content=\"My French Grocery\" \/>\n<meta property=\"article:publisher\" content=\"https:\/\/www.facebook.com\/myfrenchgrocery\/\" \/>\n<meta property=\"article:modified_time\" content=\"2024-02-26T16:52:05+00:00\" \/>\n<meta property=\"og:image\" content=\"https:\/\/my-french-grocery.com\/wp-content\/uploads\/2024\/02\/Mint-lime-verbena-infusion-LES-2-MARMOTES.webp\" \/>\n\t<meta property=\"og:image:width\" content=\"1200\" \/>\n\t<meta property=\"og:image:height\" content=\"1200\" \/>\n\t<meta property=\"og:image:type\" content=\"image\/webp\" \/>\n<meta name=\"twitter:card\" content=\"summary_large_image\" \/>\n<meta name=\"twitter:label1\" content=\"Dur\u00e9e de lecture estim\u00e9e\" \/>\n\t<meta name=\"twitter:data1\" content=\"1 minute\" \/>\n<script type=\"application\/ld+json\" class=\"yoast-schema-graph\">{\"@context\":\"https:\\\/\\\/schema.org\",\"@graph\":[{\"@type\":\"WebPage\",\"@id\":\"https:\\\/\\\/my-french-grocery.com\\\/fr\\\/produit\\\/infusion-menthe-tilleul-verveine-les-2-marmottes\\\/\",\"url\":\"https:\\\/\\\/my-french-grocery.com\\\/fr\\\/produit\\\/infusion-menthe-tilleul-verveine-les-2-marmottes\\\/\",\"name\":\"Infusion Menthe Tilleul Verveine Les 2 Marmottes | Acheter En Ligne | My French Grocery\",\"isPartOf\":{\"@id\":\"https:\\\/\\\/my-french-grocery.com\\\/fr\\\/#website\"},\"primaryImageOfPage\":{\"@id\":\"https:\\\/\\\/my-french-grocery.com\\\/fr\\\/produit\\\/infusion-menthe-tilleul-verveine-les-2-marmottes\\\/#primaryimage\"},\"image\":{\"@id\":\"https:\\\/\\\/my-french-grocery.com\\\/fr\\\/produit\\\/infusion-menthe-tilleul-verveine-les-2-marmottes\\\/#primaryimage\"},\"thumbnailUrl\":\"https:\\\/\\\/my-french-grocery.com\\\/wp-content\\\/uploads\\\/2024\\\/02\\\/Mint-lime-verbena-infusion-LES-2-MARMOTES.webp\",\"datePublished\":\"2024-02-26T12:57:26+00:00\",\"dateModified\":\"2024-02-26T16:52:05+00:00\",\"description\":\"Infusion Menthe Tilleul Verveine Les 2 Marmottes - boite de 30 sachets - 55 g -L'infusion Menthe Tilleul Verveine est une de nos tisanes les plus appr\u00e9ci\u00e9es.\",\"breadcrumb\":{\"@id\":\"https:\\\/\\\/my-french-grocery.com\\\/fr\\\/produit\\\/infusion-menthe-tilleul-verveine-les-2-marmottes\\\/#breadcrumb\"},\"inLanguage\":\"fr-FR\",\"potentialAction\":[{\"@type\":\"ReadAction\",\"target\":[\"https:\\\/\\\/my-french-grocery.com\\\/fr\\\/produit\\\/infusion-menthe-tilleul-verveine-les-2-marmottes\\\/\"]}]},{\"@type\":\"ImageObject\",\"inLanguage\":\"fr-FR\",\"@id\":\"https:\\\/\\\/my-french-grocery.com\\\/fr\\\/produit\\\/infusion-menthe-tilleul-verveine-les-2-marmottes\\\/#primaryimage\",\"url\":\"https:\\\/\\\/my-french-grocery.com\\\/wp-content\\\/uploads\\\/2024\\\/02\\\/Mint-lime-verbena-infusion-LES-2-MARMOTES.webp\",\"contentUrl\":\"https:\\\/\\\/my-french-grocery.com\\\/wp-content\\\/uploads\\\/2024\\\/02\\\/Mint-lime-verbena-infusion-LES-2-MARMOTES.webp\",\"width\":1200,\"height\":1200,\"caption\":\"Infusion Menthe Tilleul Verveine Les 2 Marmottes\"},{\"@type\":\"BreadcrumbList\",\"@id\":\"https:\\\/\\\/my-french-grocery.com\\\/fr\\\/produit\\\/infusion-menthe-tilleul-verveine-les-2-marmottes\\\/#breadcrumb\",\"itemListElement\":[{\"@type\":\"ListItem\",\"position\":1,\"name\":\"Home\",\"item\":\"https:\\\/\\\/my-french-grocery.com\\\/fr\\\/\"},{\"@type\":\"ListItem\",\"position\":2,\"name\":\"Shop\",\"item\":\"https:\\\/\\\/my-french-grocery.com\\\/shop\\\/\"},{\"@type\":\"ListItem\",\"position\":3,\"name\":\"Alimentation\",\"item\":\"https:\\\/\\\/my-french-grocery.com\\\/fr\\\/categorie-produit\\\/alimentation\\\/\"},{\"@type\":\"ListItem\",\"position\":4,\"name\":\"Th\u00e9s, Caf\u00e9s, Chocolat En Poudre\",\"item\":\"https:\\\/\\\/my-french-grocery.com\\\/fr\\\/categorie-produit\\\/alimentation\\\/thes-cafes-chocolat-en-poudre\\\/\"},{\"@type\":\"ListItem\",\"position\":5,\"name\":\"Th\u00e9\",\"item\":\"https:\\\/\\\/my-french-grocery.com\\\/fr\\\/categorie-produit\\\/alimentation\\\/thes-cafes-chocolat-en-poudre\\\/the\\\/\"},{\"@type\":\"ListItem\",\"position\":6,\"name\":\"Infusion Menthe Tilleul Verveine Les 2 Marmottes\"}]},{\"@type\":\"WebSite\",\"@id\":\"https:\\\/\\\/my-french-grocery.com\\\/fr\\\/#website\",\"url\":\"https:\\\/\\\/my-french-grocery.com\\\/fr\\\/\",\"name\":\"My French Grocery\",\"description\":\"Your Online French Grocery  !\",\"publisher\":{\"@id\":\"https:\\\/\\\/my-french-grocery.com\\\/fr\\\/#organization\"},\"potentialAction\":[{\"@type\":\"SearchAction\",\"target\":{\"@type\":\"EntryPoint\",\"urlTemplate\":\"https:\\\/\\\/my-french-grocery.com\\\/fr\\\/?s={search_term_string}\"},\"query-input\":{\"@type\":\"PropertyValueSpecification\",\"valueRequired\":true,\"valueName\":\"search_term_string\"}}],\"inLanguage\":\"fr-FR\"},{\"@type\":\"Organization\",\"@id\":\"https:\\\/\\\/my-french-grocery.com\\\/fr\\\/#organization\",\"name\":\"MY FRENCH GROCERY\",\"url\":\"https:\\\/\\\/my-french-grocery.com\\\/fr\\\/\",\"logo\":{\"@type\":\"ImageObject\",\"inLanguage\":\"fr-FR\",\"@id\":\"https:\\\/\\\/my-french-grocery.com\\\/fr\\\/#\\\/schema\\\/logo\\\/image\\\/\",\"url\":\"https:\\\/\\\/my-french-grocery.com\\\/wp-content\\\/uploads\\\/2021\\\/11\\\/My-French-Grocery-Online-French-Grocery.png\",\"contentUrl\":\"https:\\\/\\\/my-french-grocery.com\\\/wp-content\\\/uploads\\\/2021\\\/11\\\/My-French-Grocery-Online-French-Grocery.png\",\"width\":100,\"height\":100,\"caption\":\"MY FRENCH GROCERY\"},\"image\":{\"@id\":\"https:\\\/\\\/my-french-grocery.com\\\/fr\\\/#\\\/schema\\\/logo\\\/image\\\/\"},\"sameAs\":[\"https:\\\/\\\/www.facebook.com\\\/myfrenchgrocery\\\/\"]}]}<\/script>\n<!-- \/ Yoast SEO plugin. -->","yoast_head_json":{"title":"Infusion Menthe Tilleul Verveine Les 2 Marmottes | Acheter En Ligne | My French Grocery","description":"Infusion Menthe Tilleul Verveine Les 2 Marmottes - boite de 30 sachets - 55 g -L'infusion Menthe Tilleul Verveine est une de nos tisanes les plus appr\u00e9ci\u00e9es.","robots":{"index":"index","follow":"follow","max-snippet":"max-snippet:-1","max-image-preview":"max-image-preview:large","max-video-preview":"max-video-preview:-1"},"canonical":"https:\/\/my-french-grocery.com\/fr\/produit\/infusion-menthe-tilleul-verveine-les-2-marmottes\/","og_locale":"fr_FR","og_type":"article","og_title":"Infusion Menthe Tilleul Verveine Les 2 Marmottes | Acheter En Ligne | My French Grocery","og_description":"Infusion Menthe Tilleul Verveine Les 2 Marmottes - boite de 30 sachets - 55 g -L'infusion Menthe Tilleul Verveine est une de nos tisanes les plus appr\u00e9ci\u00e9es.","og_url":"https:\/\/my-french-grocery.com\/fr\/produit\/infusion-menthe-tilleul-verveine-les-2-marmottes\/","og_site_name":"My French Grocery","article_publisher":"https:\/\/www.facebook.com\/myfrenchgrocery\/","article_modified_time":"2024-02-26T16:52:05+00:00","og_image":[{"width":1200,"height":1200,"url":"https:\/\/my-french-grocery.com\/wp-content\/uploads\/2024\/02\/Mint-lime-verbena-infusion-LES-2-MARMOTES.webp","type":"image\/webp"}],"twitter_card":"summary_large_image","twitter_misc":{"Dur\u00e9e de lecture estim\u00e9e":"1 minute"},"schema":{"@context":"https:\/\/schema.org","@graph":[{"@type":"WebPage","@id":"https:\/\/my-french-grocery.com\/fr\/produit\/infusion-menthe-tilleul-verveine-les-2-marmottes\/","url":"https:\/\/my-french-grocery.com\/fr\/produit\/infusion-menthe-tilleul-verveine-les-2-marmottes\/","name":"Infusion Menthe Tilleul Verveine Les 2 Marmottes | Acheter En Ligne | My French Grocery","isPartOf":{"@id":"https:\/\/my-french-grocery.com\/fr\/#website"},"primaryImageOfPage":{"@id":"https:\/\/my-french-grocery.com\/fr\/produit\/infusion-menthe-tilleul-verveine-les-2-marmottes\/#primaryimage"},"image":{"@id":"https:\/\/my-french-grocery.com\/fr\/produit\/infusion-menthe-tilleul-verveine-les-2-marmottes\/#primaryimage"},"thumbnailUrl":"https:\/\/my-french-grocery.com\/wp-content\/uploads\/2024\/02\/Mint-lime-verbena-infusion-LES-2-MARMOTES.webp","datePublished":"2024-02-26T12:57:26+00:00","dateModified":"2024-02-26T16:52:05+00:00","description":"Infusion Menthe Tilleul Verveine Les 2 Marmottes - boite de 30 sachets - 55 g -L'infusion Menthe Tilleul Verveine est une de nos tisanes les plus appr\u00e9ci\u00e9es.","breadcrumb":{"@id":"https:\/\/my-french-grocery.com\/fr\/produit\/infusion-menthe-tilleul-verveine-les-2-marmottes\/#breadcrumb"},"inLanguage":"fr-FR","potentialAction":[{"@type":"ReadAction","target":["https:\/\/my-french-grocery.com\/fr\/produit\/infusion-menthe-tilleul-verveine-les-2-marmottes\/"]}]},{"@type":"ImageObject","inLanguage":"fr-FR","@id":"https:\/\/my-french-grocery.com\/fr\/produit\/infusion-menthe-tilleul-verveine-les-2-marmottes\/#primaryimage","url":"https:\/\/my-french-grocery.com\/wp-content\/uploads\/2024\/02\/Mint-lime-verbena-infusion-LES-2-MARMOTES.webp","contentUrl":"https:\/\/my-french-grocery.com\/wp-content\/uploads\/2024\/02\/Mint-lime-verbena-infusion-LES-2-MARMOTES.webp","width":1200,"height":1200,"caption":"Infusion Menthe Tilleul Verveine Les 2 Marmottes"},{"@type":"BreadcrumbList","@id":"https:\/\/my-french-grocery.com\/fr\/produit\/infusion-menthe-tilleul-verveine-les-2-marmottes\/#breadcrumb","itemListElement":[{"@type":"ListItem","position":1,"name":"Home","item":"https:\/\/my-french-grocery.com\/fr\/"},{"@type":"ListItem","position":2,"name":"Shop","item":"https:\/\/my-french-grocery.com\/shop\/"},{"@type":"ListItem","position":3,"name":"Alimentation","item":"https:\/\/my-french-grocery.com\/fr\/categorie-produit\/alimentation\/"},{"@type":"ListItem","position":4,"name":"Th\u00e9s, Caf\u00e9s, Chocolat En Poudre","item":"https:\/\/my-french-grocery.com\/fr\/categorie-produit\/alimentation\/thes-cafes-chocolat-en-poudre\/"},{"@type":"ListItem","position":5,"name":"Th\u00e9","item":"https:\/\/my-french-grocery.com\/fr\/categorie-produit\/alimentation\/thes-cafes-chocolat-en-poudre\/the\/"},{"@type":"ListItem","position":6,"name":"Infusion Menthe Tilleul Verveine Les 2 Marmottes"}]},{"@type":"WebSite","@id":"https:\/\/my-french-grocery.com\/fr\/#website","url":"https:\/\/my-french-grocery.com\/fr\/","name":"My French Grocery","description":"Your Online French Grocery  !","publisher":{"@id":"https:\/\/my-french-grocery.com\/fr\/#organization"},"potentialAction":[{"@type":"SearchAction","target":{"@type":"EntryPoint","urlTemplate":"https:\/\/my-french-grocery.com\/fr\/?s={search_term_string}"},"query-input":{"@type":"PropertyValueSpecification","valueRequired":true,"valueName":"search_term_string"}}],"inLanguage":"fr-FR"},{"@type":"Organization","@id":"https:\/\/my-french-grocery.com\/fr\/#organization","name":"MY FRENCH GROCERY","url":"https:\/\/my-french-grocery.com\/fr\/","logo":{"@type":"ImageObject","inLanguage":"fr-FR","@id":"https:\/\/my-french-grocery.com\/fr\/#\/schema\/logo\/image\/","url":"https:\/\/my-french-grocery.com\/wp-content\/uploads\/2021\/11\/My-French-Grocery-Online-French-Grocery.png","contentUrl":"https:\/\/my-french-grocery.com\/wp-content\/uploads\/2021\/11\/My-French-Grocery-Online-French-Grocery.png","width":100,"height":100,"caption":"MY FRENCH GROCERY"},"image":{"@id":"https:\/\/my-french-grocery.com\/fr\/#\/schema\/logo\/image\/"},"sameAs":["https:\/\/www.facebook.com\/myfrenchgrocery\/"]}]}},"brands":[{"id":3512,"name":"Les 2 Marmottes","slug":"les-2-marmottes-fr"}],"_links":{"self":[{"href":"https:\/\/my-french-grocery.com\/fr\/wp-json\/wp\/v2\/product\/38911","targetHints":{"allow":["GET"]}}],"collection":[{"href":"https:\/\/my-french-grocery.com\/fr\/wp-json\/wp\/v2\/product"}],"about":[{"href":"https:\/\/my-french-grocery.com\/fr\/wp-json\/wp\/v2\/types\/product"}],"replies":[{"embeddable":true,"href":"https:\/\/my-french-grocery.com\/fr\/wp-json\/wp\/v2\/comments?post=38911"}],"wp:featuredmedia":[{"embeddable":true,"href":"https:\/\/my-french-grocery.com\/fr\/wp-json\/wp\/v2\/media\/38915"}],"wp:attachment":[{"href":"https:\/\/my-french-grocery.com\/fr\/wp-json\/wp\/v2\/media?parent=38911"}],"wp:term":[{"taxonomy":"pwb-brand","embeddable":true,"href":"https:\/\/my-french-grocery.com\/fr\/wp-json\/wp\/v2\/pwb-brand?post=38911"},{"taxonomy":"product_brand","embeddable":true,"href":"https:\/\/my-french-grocery.com\/fr\/wp-json\/wp\/v2\/product_brand?post=38911"},{"taxonomy":"product_cat","embeddable":true,"href":"https:\/\/my-french-grocery.com\/fr\/wp-json\/wp\/v2\/product_cat?post=38911"},{"taxonomy":"product_tag","embeddable":true,"href":"https:\/\/my-french-grocery.com\/fr\/wp-json\/wp\/v2\/product_tag?post=38911"}],"curies":[{"name":"wp","href":"https:\/\/api.w.org\/{rel}","templated":true}]}}