{"id":39008,"date":"2024-02-28T19:01:58","date_gmt":"2024-02-28T17:01:58","guid":{"rendered":"https:\/\/my-french-grocery.com\/?post_type=product&#038;p=39008"},"modified":"2024-02-28T19:33:57","modified_gmt":"2024-02-28T17:33:57","slug":"riz-basmati-epices-du-monde-taureau-aile","status":"publish","type":"product","link":"https:\/\/my-french-grocery.com\/fr\/produit\/riz-basmati-epices-du-monde-taureau-aile\/","title":{"rendered":"Riz Basmati Epices Du Monde Taureau Ail\u00e9"},"content":{"rendered":"<p>Riz Basmati Epices Du Monde Taureau Ail\u00e9<\/p>\n<p>Paquet de 250 g<\/p>\n<p>Apr\u00e8s avoir parcouru le monde \u00e0 la recherche des meilleures recettes, Taureau Ail\u00e9 vous propose une offre de riz cuisin\u00e9s, inspir\u00e9s de la cuisine du monde. Pratique, vous pouvez d\u00e9guster notre recette en plat complet comme en accompagnement.<\/p>\n","protected":false},"excerpt":{"rendered":"<p>Riz Basmati Epices Du Monde Taureau Ail\u00e9<\/p>\n<p>Paquet de 250 g<\/p>\n<p><span style=\"color: #ffffff;\">Riz, Rice, Reis, Riso, Arroz<\/span><\/p>\n","protected":false},"featured_media":39012,"comment_status":"open","ping_status":"closed","template":"","meta":[],"pwb-brand":[3530],"product_brand":[],"product_cat":[1044],"product_tag":[1590,3534],"class_list":{"0":"post-39008","1":"product","2":"type-product","3":"status-publish","4":"has-post-thumbnail","6":"pwb-brand-taureau-aile-fr","7":"product_cat-pates-riz","8":"product_tag-riz","9":"product_tag-taureau-aile-fr","10":"product_shipping_class-expedition-dans-le-monde-entier","12":"first","13":"outofstock","14":"taxable","15":"shipping-taxable","16":"purchasable","17":"product-type-simple"},"yoast_head":"<!-- This site is optimized with the Yoast SEO plugin v27.3 - https:\/\/yoast.com\/product\/yoast-seo-wordpress\/ -->\n<title>Riz Basmati Epices Du Monde Taureau Ail\u00e9 | Acheter En Ligne | My French Grocery<\/title>\n<meta name=\"description\" content=\"Riz Basmati Epices Du Monde Taureau Ail\u00e9 - Paquet de 250 g - Apr\u00e8s avoir parcouru le monde \u00e0 la recherche des meilleures recettes\" \/>\n<meta name=\"robots\" content=\"index, follow, max-snippet:-1, max-image-preview:large, max-video-preview:-1\" \/>\n<link rel=\"canonical\" href=\"https:\/\/my-french-grocery.com\/fr\/produit\/riz-basmati-epices-du-monde-taureau-aile\/\" \/>\n<meta property=\"og:locale\" content=\"fr_FR\" \/>\n<meta property=\"og:type\" content=\"article\" \/>\n<meta property=\"og:title\" content=\"Riz Basmati Epices Du Monde Taureau Ail\u00e9 | Acheter En Ligne | My French Grocery\" \/>\n<meta property=\"og:description\" content=\"Riz Basmati Epices Du Monde Taureau Ail\u00e9 - Paquet de 250 g - Apr\u00e8s avoir parcouru le monde \u00e0 la recherche des meilleures recettes\" \/>\n<meta property=\"og:url\" content=\"https:\/\/my-french-grocery.com\/fr\/produit\/riz-basmati-epices-du-monde-taureau-aile\/\" \/>\n<meta property=\"og:site_name\" content=\"My French Grocery\" \/>\n<meta property=\"article:publisher\" content=\"https:\/\/www.facebook.com\/myfrenchgrocery\/\" \/>\n<meta property=\"article:modified_time\" content=\"2024-02-28T17:33:57+00:00\" \/>\n<meta property=\"og:image\" content=\"https:\/\/my-french-grocery.com\/wp-content\/uploads\/2024\/02\/Basmati-rice-spices-from-around-the-world-express-bag-Taureau-Aile.webp\" \/>\n\t<meta property=\"og:image:width\" content=\"1200\" \/>\n\t<meta property=\"og:image:height\" content=\"1200\" \/>\n\t<meta property=\"og:image:type\" content=\"image\/webp\" \/>\n<meta name=\"twitter:card\" content=\"summary_large_image\" \/>\n<meta name=\"twitter:label1\" content=\"Dur\u00e9e de lecture estim\u00e9e\" \/>\n\t<meta name=\"twitter:data1\" content=\"1 minute\" \/>\n<script type=\"application\/ld+json\" class=\"yoast-schema-graph\">{\"@context\":\"https:\\\/\\\/schema.org\",\"@graph\":[{\"@type\":\"WebPage\",\"@id\":\"https:\\\/\\\/my-french-grocery.com\\\/fr\\\/produit\\\/riz-basmati-epices-du-monde-taureau-aile\\\/\",\"url\":\"https:\\\/\\\/my-french-grocery.com\\\/fr\\\/produit\\\/riz-basmati-epices-du-monde-taureau-aile\\\/\",\"name\":\"Riz Basmati Epices Du Monde Taureau Ail\u00e9 | Acheter En Ligne | My French Grocery\",\"isPartOf\":{\"@id\":\"https:\\\/\\\/my-french-grocery.com\\\/fr\\\/#website\"},\"primaryImageOfPage\":{\"@id\":\"https:\\\/\\\/my-french-grocery.com\\\/fr\\\/produit\\\/riz-basmati-epices-du-monde-taureau-aile\\\/#primaryimage\"},\"image\":{\"@id\":\"https:\\\/\\\/my-french-grocery.com\\\/fr\\\/produit\\\/riz-basmati-epices-du-monde-taureau-aile\\\/#primaryimage\"},\"thumbnailUrl\":\"https:\\\/\\\/my-french-grocery.com\\\/wp-content\\\/uploads\\\/2024\\\/02\\\/Basmati-rice-spices-from-around-the-world-express-bag-Taureau-Aile.webp\",\"datePublished\":\"2024-02-28T17:01:58+00:00\",\"dateModified\":\"2024-02-28T17:33:57+00:00\",\"description\":\"Riz Basmati Epices Du Monde Taureau Ail\u00e9 - Paquet de 250 g - Apr\u00e8s avoir parcouru le monde \u00e0 la recherche des meilleures recettes\",\"breadcrumb\":{\"@id\":\"https:\\\/\\\/my-french-grocery.com\\\/fr\\\/produit\\\/riz-basmati-epices-du-monde-taureau-aile\\\/#breadcrumb\"},\"inLanguage\":\"fr-FR\",\"potentialAction\":[{\"@type\":\"ReadAction\",\"target\":[\"https:\\\/\\\/my-french-grocery.com\\\/fr\\\/produit\\\/riz-basmati-epices-du-monde-taureau-aile\\\/\"]}]},{\"@type\":\"ImageObject\",\"inLanguage\":\"fr-FR\",\"@id\":\"https:\\\/\\\/my-french-grocery.com\\\/fr\\\/produit\\\/riz-basmati-epices-du-monde-taureau-aile\\\/#primaryimage\",\"url\":\"https:\\\/\\\/my-french-grocery.com\\\/wp-content\\\/uploads\\\/2024\\\/02\\\/Basmati-rice-spices-from-around-the-world-express-bag-Taureau-Aile.webp\",\"contentUrl\":\"https:\\\/\\\/my-french-grocery.com\\\/wp-content\\\/uploads\\\/2024\\\/02\\\/Basmati-rice-spices-from-around-the-world-express-bag-Taureau-Aile.webp\",\"width\":1200,\"height\":1200},{\"@type\":\"BreadcrumbList\",\"@id\":\"https:\\\/\\\/my-french-grocery.com\\\/fr\\\/produit\\\/riz-basmati-epices-du-monde-taureau-aile\\\/#breadcrumb\",\"itemListElement\":[{\"@type\":\"ListItem\",\"position\":1,\"name\":\"Home\",\"item\":\"https:\\\/\\\/my-french-grocery.com\\\/fr\\\/\"},{\"@type\":\"ListItem\",\"position\":2,\"name\":\"Shop\",\"item\":\"https:\\\/\\\/my-french-grocery.com\\\/shop\\\/\"},{\"@type\":\"ListItem\",\"position\":3,\"name\":\"Alimentation\",\"item\":\"https:\\\/\\\/my-french-grocery.com\\\/fr\\\/categorie-produit\\\/alimentation\\\/\"},{\"@type\":\"ListItem\",\"position\":4,\"name\":\"P\u00e2tes, Riz, Pur\u00e9es, C\u00e9r\u00e9ales\",\"item\":\"https:\\\/\\\/my-french-grocery.com\\\/fr\\\/categorie-produit\\\/alimentation\\\/pates-riz\\\/\"},{\"@type\":\"ListItem\",\"position\":5,\"name\":\"Riz Basmati Epices Du Monde Taureau Ail\u00e9\"}]},{\"@type\":\"WebSite\",\"@id\":\"https:\\\/\\\/my-french-grocery.com\\\/fr\\\/#website\",\"url\":\"https:\\\/\\\/my-french-grocery.com\\\/fr\\\/\",\"name\":\"My French Grocery\",\"description\":\"Your Online French Grocery  !\",\"publisher\":{\"@id\":\"https:\\\/\\\/my-french-grocery.com\\\/fr\\\/#organization\"},\"potentialAction\":[{\"@type\":\"SearchAction\",\"target\":{\"@type\":\"EntryPoint\",\"urlTemplate\":\"https:\\\/\\\/my-french-grocery.com\\\/fr\\\/?s={search_term_string}\"},\"query-input\":{\"@type\":\"PropertyValueSpecification\",\"valueRequired\":true,\"valueName\":\"search_term_string\"}}],\"inLanguage\":\"fr-FR\"},{\"@type\":\"Organization\",\"@id\":\"https:\\\/\\\/my-french-grocery.com\\\/fr\\\/#organization\",\"name\":\"MY FRENCH GROCERY\",\"url\":\"https:\\\/\\\/my-french-grocery.com\\\/fr\\\/\",\"logo\":{\"@type\":\"ImageObject\",\"inLanguage\":\"fr-FR\",\"@id\":\"https:\\\/\\\/my-french-grocery.com\\\/fr\\\/#\\\/schema\\\/logo\\\/image\\\/\",\"url\":\"https:\\\/\\\/my-french-grocery.com\\\/wp-content\\\/uploads\\\/2021\\\/11\\\/My-French-Grocery-Online-French-Grocery.png\",\"contentUrl\":\"https:\\\/\\\/my-french-grocery.com\\\/wp-content\\\/uploads\\\/2021\\\/11\\\/My-French-Grocery-Online-French-Grocery.png\",\"width\":100,\"height\":100,\"caption\":\"MY FRENCH GROCERY\"},\"image\":{\"@id\":\"https:\\\/\\\/my-french-grocery.com\\\/fr\\\/#\\\/schema\\\/logo\\\/image\\\/\"},\"sameAs\":[\"https:\\\/\\\/www.facebook.com\\\/myfrenchgrocery\\\/\"]}]}<\/script>\n<!-- \/ Yoast SEO plugin. -->","yoast_head_json":{"title":"Riz Basmati Epices Du Monde Taureau Ail\u00e9 | Acheter En Ligne | My French Grocery","description":"Riz Basmati Epices Du Monde Taureau Ail\u00e9 - Paquet de 250 g - Apr\u00e8s avoir parcouru le monde \u00e0 la recherche des meilleures recettes","robots":{"index":"index","follow":"follow","max-snippet":"max-snippet:-1","max-image-preview":"max-image-preview:large","max-video-preview":"max-video-preview:-1"},"canonical":"https:\/\/my-french-grocery.com\/fr\/produit\/riz-basmati-epices-du-monde-taureau-aile\/","og_locale":"fr_FR","og_type":"article","og_title":"Riz Basmati Epices Du Monde Taureau Ail\u00e9 | Acheter En Ligne | My French Grocery","og_description":"Riz Basmati Epices Du Monde Taureau Ail\u00e9 - Paquet de 250 g - Apr\u00e8s avoir parcouru le monde \u00e0 la recherche des meilleures recettes","og_url":"https:\/\/my-french-grocery.com\/fr\/produit\/riz-basmati-epices-du-monde-taureau-aile\/","og_site_name":"My French Grocery","article_publisher":"https:\/\/www.facebook.com\/myfrenchgrocery\/","article_modified_time":"2024-02-28T17:33:57+00:00","og_image":[{"width":1200,"height":1200,"url":"https:\/\/my-french-grocery.com\/wp-content\/uploads\/2024\/02\/Basmati-rice-spices-from-around-the-world-express-bag-Taureau-Aile.webp","type":"image\/webp"}],"twitter_card":"summary_large_image","twitter_misc":{"Dur\u00e9e de lecture estim\u00e9e":"1 minute"},"schema":{"@context":"https:\/\/schema.org","@graph":[{"@type":"WebPage","@id":"https:\/\/my-french-grocery.com\/fr\/produit\/riz-basmati-epices-du-monde-taureau-aile\/","url":"https:\/\/my-french-grocery.com\/fr\/produit\/riz-basmati-epices-du-monde-taureau-aile\/","name":"Riz Basmati Epices Du Monde Taureau Ail\u00e9 | Acheter En Ligne | My French Grocery","isPartOf":{"@id":"https:\/\/my-french-grocery.com\/fr\/#website"},"primaryImageOfPage":{"@id":"https:\/\/my-french-grocery.com\/fr\/produit\/riz-basmati-epices-du-monde-taureau-aile\/#primaryimage"},"image":{"@id":"https:\/\/my-french-grocery.com\/fr\/produit\/riz-basmati-epices-du-monde-taureau-aile\/#primaryimage"},"thumbnailUrl":"https:\/\/my-french-grocery.com\/wp-content\/uploads\/2024\/02\/Basmati-rice-spices-from-around-the-world-express-bag-Taureau-Aile.webp","datePublished":"2024-02-28T17:01:58+00:00","dateModified":"2024-02-28T17:33:57+00:00","description":"Riz Basmati Epices Du Monde Taureau Ail\u00e9 - Paquet de 250 g - Apr\u00e8s avoir parcouru le monde \u00e0 la recherche des meilleures recettes","breadcrumb":{"@id":"https:\/\/my-french-grocery.com\/fr\/produit\/riz-basmati-epices-du-monde-taureau-aile\/#breadcrumb"},"inLanguage":"fr-FR","potentialAction":[{"@type":"ReadAction","target":["https:\/\/my-french-grocery.com\/fr\/produit\/riz-basmati-epices-du-monde-taureau-aile\/"]}]},{"@type":"ImageObject","inLanguage":"fr-FR","@id":"https:\/\/my-french-grocery.com\/fr\/produit\/riz-basmati-epices-du-monde-taureau-aile\/#primaryimage","url":"https:\/\/my-french-grocery.com\/wp-content\/uploads\/2024\/02\/Basmati-rice-spices-from-around-the-world-express-bag-Taureau-Aile.webp","contentUrl":"https:\/\/my-french-grocery.com\/wp-content\/uploads\/2024\/02\/Basmati-rice-spices-from-around-the-world-express-bag-Taureau-Aile.webp","width":1200,"height":1200},{"@type":"BreadcrumbList","@id":"https:\/\/my-french-grocery.com\/fr\/produit\/riz-basmati-epices-du-monde-taureau-aile\/#breadcrumb","itemListElement":[{"@type":"ListItem","position":1,"name":"Home","item":"https:\/\/my-french-grocery.com\/fr\/"},{"@type":"ListItem","position":2,"name":"Shop","item":"https:\/\/my-french-grocery.com\/shop\/"},{"@type":"ListItem","position":3,"name":"Alimentation","item":"https:\/\/my-french-grocery.com\/fr\/categorie-produit\/alimentation\/"},{"@type":"ListItem","position":4,"name":"P\u00e2tes, Riz, Pur\u00e9es, C\u00e9r\u00e9ales","item":"https:\/\/my-french-grocery.com\/fr\/categorie-produit\/alimentation\/pates-riz\/"},{"@type":"ListItem","position":5,"name":"Riz Basmati Epices Du Monde Taureau Ail\u00e9"}]},{"@type":"WebSite","@id":"https:\/\/my-french-grocery.com\/fr\/#website","url":"https:\/\/my-french-grocery.com\/fr\/","name":"My French Grocery","description":"Your Online French Grocery  !","publisher":{"@id":"https:\/\/my-french-grocery.com\/fr\/#organization"},"potentialAction":[{"@type":"SearchAction","target":{"@type":"EntryPoint","urlTemplate":"https:\/\/my-french-grocery.com\/fr\/?s={search_term_string}"},"query-input":{"@type":"PropertyValueSpecification","valueRequired":true,"valueName":"search_term_string"}}],"inLanguage":"fr-FR"},{"@type":"Organization","@id":"https:\/\/my-french-grocery.com\/fr\/#organization","name":"MY FRENCH GROCERY","url":"https:\/\/my-french-grocery.com\/fr\/","logo":{"@type":"ImageObject","inLanguage":"fr-FR","@id":"https:\/\/my-french-grocery.com\/fr\/#\/schema\/logo\/image\/","url":"https:\/\/my-french-grocery.com\/wp-content\/uploads\/2021\/11\/My-French-Grocery-Online-French-Grocery.png","contentUrl":"https:\/\/my-french-grocery.com\/wp-content\/uploads\/2021\/11\/My-French-Grocery-Online-French-Grocery.png","width":100,"height":100,"caption":"MY FRENCH GROCERY"},"image":{"@id":"https:\/\/my-french-grocery.com\/fr\/#\/schema\/logo\/image\/"},"sameAs":["https:\/\/www.facebook.com\/myfrenchgrocery\/"]}]}},"brands":[{"id":3530,"name":"Taureau Ail\u00e9","slug":"taureau-aile-fr"}],"_links":{"self":[{"href":"https:\/\/my-french-grocery.com\/fr\/wp-json\/wp\/v2\/product\/39008","targetHints":{"allow":["GET"]}}],"collection":[{"href":"https:\/\/my-french-grocery.com\/fr\/wp-json\/wp\/v2\/product"}],"about":[{"href":"https:\/\/my-french-grocery.com\/fr\/wp-json\/wp\/v2\/types\/product"}],"replies":[{"embeddable":true,"href":"https:\/\/my-french-grocery.com\/fr\/wp-json\/wp\/v2\/comments?post=39008"}],"wp:featuredmedia":[{"embeddable":true,"href":"https:\/\/my-french-grocery.com\/fr\/wp-json\/wp\/v2\/media\/39012"}],"wp:attachment":[{"href":"https:\/\/my-french-grocery.com\/fr\/wp-json\/wp\/v2\/media?parent=39008"}],"wp:term":[{"taxonomy":"pwb-brand","embeddable":true,"href":"https:\/\/my-french-grocery.com\/fr\/wp-json\/wp\/v2\/pwb-brand?post=39008"},{"taxonomy":"product_brand","embeddable":true,"href":"https:\/\/my-french-grocery.com\/fr\/wp-json\/wp\/v2\/product_brand?post=39008"},{"taxonomy":"product_cat","embeddable":true,"href":"https:\/\/my-french-grocery.com\/fr\/wp-json\/wp\/v2\/product_cat?post=39008"},{"taxonomy":"product_tag","embeddable":true,"href":"https:\/\/my-french-grocery.com\/fr\/wp-json\/wp\/v2\/product_tag?post=39008"}],"curies":[{"name":"wp","href":"https:\/\/api.w.org\/{rel}","templated":true}]}}