{"id":39472,"date":"2024-04-03T08:46:51","date_gmt":"2024-04-03T06:46:52","guid":{"rendered":"https:\/\/my-french-grocery.com\/?post_type=product&#038;p=39472"},"modified":"2024-04-03T09:08:08","modified_gmt":"2024-04-03T07:08:08","slug":"gelee-au-madere-maggi","status":"publish","type":"product","link":"https:\/\/my-french-grocery.com\/fr\/produit\/gelee-au-madere-maggi\/","title":{"rendered":"Gel\u00e9e Au Mad\u00e8re Maggi"},"content":{"rendered":"<p>Gel\u00e9e Au Mad\u00e8re Maggi<\/p>\n<p>2 sachets de 24 g<\/p>\n<p>Les chefs cuisiniers MAGGI ont d\u00e9velopp\u00e9 une pr\u00e9paration culinaire pour gel\u00e9e au Mad\u00e8re qui apporte fra\u00eecheur, go\u00fbt et texture \u00e0 vos plats sans avoir besoin de saler.\u00a0Les ingr\u00e9dients de cette gel\u00e9e MAGGI ont \u00e9t\u00e9 s\u00e9lectionn\u00e9s rigoureusement.<\/p>\n","protected":false},"excerpt":{"rendered":"<p>Gel\u00e9e Au Mad\u00e8re Maggi<\/p>\n<p>2 sachets de 24 g<\/p>\n<p>&nbsp;<\/p>\n","protected":false},"featured_media":39476,"comment_status":"open","ping_status":"closed","template":"","meta":[],"pwb-brand":[783],"product_brand":[],"product_cat":[1033,1045],"product_tag":[3552,3551,3553],"class_list":{"0":"post-39472","1":"product","2":"type-product","3":"status-publish","4":"has-post-thumbnail","6":"pwb-brand-maggi-fr","7":"product_cat-condiments-fr","8":"product_cat-sauces-fr","9":"product_tag-gelee","10":"product_tag-madere","11":"product_tag-maggi-fr","12":"product_shipping_class-expedition-dans-le-monde-entier","14":"first","15":"instock","16":"taxable","17":"shipping-taxable","18":"purchasable","19":"product-type-simple"},"yoast_head":"<!-- This site is optimized with the Yoast SEO plugin v27.3 - https:\/\/yoast.com\/product\/yoast-seo-wordpress\/ -->\n<title>Gel\u00e9e Au Mad\u00e8re Maggi | Acheter En Ligne | My French Grocery<\/title>\n<meta name=\"description\" content=\"Gel\u00e9e Au Mad\u00e8re Maggi - 2 sachets de 24 g - Les chefs cuisiniers MAGGI ont d\u00e9velopp\u00e9 une pr\u00e9paration culinaire pour gel\u00e9e au Mad\u00e8re qui apporte fra\u00eecheur, go\u00fbt et texture\" \/>\n<meta name=\"robots\" content=\"index, follow, max-snippet:-1, max-image-preview:large, max-video-preview:-1\" \/>\n<link rel=\"canonical\" href=\"https:\/\/my-french-grocery.com\/fr\/produit\/gelee-au-madere-maggi\/\" \/>\n<meta property=\"og:locale\" content=\"fr_FR\" \/>\n<meta property=\"og:type\" content=\"article\" \/>\n<meta property=\"og:title\" content=\"Gel\u00e9e Au Mad\u00e8re Maggi | Acheter En Ligne | My French Grocery\" \/>\n<meta property=\"og:description\" content=\"Gel\u00e9e Au Mad\u00e8re Maggi - 2 sachets de 24 g - Les chefs cuisiniers MAGGI ont d\u00e9velopp\u00e9 une pr\u00e9paration culinaire pour gel\u00e9e au Mad\u00e8re qui apporte fra\u00eecheur, go\u00fbt et texture\" \/>\n<meta property=\"og:url\" content=\"https:\/\/my-french-grocery.com\/fr\/produit\/gelee-au-madere-maggi\/\" \/>\n<meta property=\"og:site_name\" content=\"My French Grocery\" \/>\n<meta property=\"article:publisher\" content=\"https:\/\/www.facebook.com\/myfrenchgrocery\/\" \/>\n<meta property=\"article:modified_time\" content=\"2024-04-03T07:08:08+00:00\" \/>\n<meta property=\"og:image\" content=\"https:\/\/my-french-grocery.com\/wp-content\/uploads\/2024\/04\/MAGGI-madeira-jelly.webp\" \/>\n\t<meta property=\"og:image:width\" content=\"1200\" \/>\n\t<meta property=\"og:image:height\" content=\"1200\" \/>\n\t<meta property=\"og:image:type\" content=\"image\/webp\" \/>\n<meta name=\"twitter:card\" content=\"summary_large_image\" \/>\n<meta name=\"twitter:label1\" content=\"Dur\u00e9e de lecture estim\u00e9e\" \/>\n\t<meta name=\"twitter:data1\" content=\"1 minute\" \/>\n<script type=\"application\/ld+json\" class=\"yoast-schema-graph\">{\"@context\":\"https:\\\/\\\/schema.org\",\"@graph\":[{\"@type\":\"WebPage\",\"@id\":\"https:\\\/\\\/my-french-grocery.com\\\/fr\\\/produit\\\/gelee-au-madere-maggi\\\/\",\"url\":\"https:\\\/\\\/my-french-grocery.com\\\/fr\\\/produit\\\/gelee-au-madere-maggi\\\/\",\"name\":\"Gel\u00e9e Au Mad\u00e8re Maggi | Acheter En Ligne | My French Grocery\",\"isPartOf\":{\"@id\":\"https:\\\/\\\/my-french-grocery.com\\\/#website\"},\"primaryImageOfPage\":{\"@id\":\"https:\\\/\\\/my-french-grocery.com\\\/fr\\\/produit\\\/gelee-au-madere-maggi\\\/#primaryimage\"},\"image\":{\"@id\":\"https:\\\/\\\/my-french-grocery.com\\\/fr\\\/produit\\\/gelee-au-madere-maggi\\\/#primaryimage\"},\"thumbnailUrl\":\"https:\\\/\\\/my-french-grocery.com\\\/wp-content\\\/uploads\\\/2024\\\/04\\\/MAGGI-madeira-jelly.webp\",\"datePublished\":\"2024-04-03T06:46:52+00:00\",\"dateModified\":\"2024-04-03T07:08:08+00:00\",\"description\":\"Gel\u00e9e Au Mad\u00e8re Maggi - 2 sachets de 24 g - Les chefs cuisiniers MAGGI ont d\u00e9velopp\u00e9 une pr\u00e9paration culinaire pour gel\u00e9e au Mad\u00e8re qui apporte fra\u00eecheur, go\u00fbt et texture\",\"breadcrumb\":{\"@id\":\"https:\\\/\\\/my-french-grocery.com\\\/fr\\\/produit\\\/gelee-au-madere-maggi\\\/#breadcrumb\"},\"inLanguage\":\"fr-FR\",\"potentialAction\":[{\"@type\":\"ReadAction\",\"target\":[\"https:\\\/\\\/my-french-grocery.com\\\/fr\\\/produit\\\/gelee-au-madere-maggi\\\/\"]}]},{\"@type\":\"ImageObject\",\"inLanguage\":\"fr-FR\",\"@id\":\"https:\\\/\\\/my-french-grocery.com\\\/fr\\\/produit\\\/gelee-au-madere-maggi\\\/#primaryimage\",\"url\":\"https:\\\/\\\/my-french-grocery.com\\\/wp-content\\\/uploads\\\/2024\\\/04\\\/MAGGI-madeira-jelly.webp\",\"contentUrl\":\"https:\\\/\\\/my-french-grocery.com\\\/wp-content\\\/uploads\\\/2024\\\/04\\\/MAGGI-madeira-jelly.webp\",\"width\":1200,\"height\":1200,\"caption\":\"Gel\u00e9e Au Mad\u00e8re Maggi\"},{\"@type\":\"BreadcrumbList\",\"@id\":\"https:\\\/\\\/my-french-grocery.com\\\/fr\\\/produit\\\/gelee-au-madere-maggi\\\/#breadcrumb\",\"itemListElement\":[{\"@type\":\"ListItem\",\"position\":1,\"name\":\"Home\",\"item\":\"https:\\\/\\\/my-french-grocery.com\\\/fr\\\/\"},{\"@type\":\"ListItem\",\"position\":2,\"name\":\"Shop\",\"item\":\"https:\\\/\\\/my-french-grocery.com\\\/shop\\\/\"},{\"@type\":\"ListItem\",\"position\":3,\"name\":\"Alimentation\",\"item\":\"https:\\\/\\\/my-french-grocery.com\\\/fr\\\/categorie-produit\\\/alimentation\\\/\"},{\"@type\":\"ListItem\",\"position\":4,\"name\":\"Condiments\",\"item\":\"https:\\\/\\\/my-french-grocery.com\\\/fr\\\/categorie-produit\\\/alimentation\\\/condiments-fr\\\/\"},{\"@type\":\"ListItem\",\"position\":5,\"name\":\"Gel\u00e9e Au Mad\u00e8re Maggi\"}]},{\"@type\":\"WebSite\",\"@id\":\"https:\\\/\\\/my-french-grocery.com\\\/#website\",\"url\":\"https:\\\/\\\/my-french-grocery.com\\\/\",\"name\":\"My French Grocery\",\"description\":\"Your Online French Grocery  !\",\"publisher\":{\"@id\":\"https:\\\/\\\/my-french-grocery.com\\\/#organization\"},\"potentialAction\":[{\"@type\":\"SearchAction\",\"target\":{\"@type\":\"EntryPoint\",\"urlTemplate\":\"https:\\\/\\\/my-french-grocery.com\\\/?s={search_term_string}\"},\"query-input\":{\"@type\":\"PropertyValueSpecification\",\"valueRequired\":true,\"valueName\":\"search_term_string\"}}],\"inLanguage\":\"fr-FR\"},{\"@type\":\"Organization\",\"@id\":\"https:\\\/\\\/my-french-grocery.com\\\/#organization\",\"name\":\"MY FRENCH GROCERY\",\"url\":\"https:\\\/\\\/my-french-grocery.com\\\/\",\"logo\":{\"@type\":\"ImageObject\",\"inLanguage\":\"fr-FR\",\"@id\":\"https:\\\/\\\/my-french-grocery.com\\\/#\\\/schema\\\/logo\\\/image\\\/\",\"url\":\"https:\\\/\\\/my-french-grocery.com\\\/wp-content\\\/uploads\\\/2021\\\/11\\\/My-French-Grocery-Online-French-Grocery.png\",\"contentUrl\":\"https:\\\/\\\/my-french-grocery.com\\\/wp-content\\\/uploads\\\/2021\\\/11\\\/My-French-Grocery-Online-French-Grocery.png\",\"width\":100,\"height\":100,\"caption\":\"MY FRENCH GROCERY\"},\"image\":{\"@id\":\"https:\\\/\\\/my-french-grocery.com\\\/#\\\/schema\\\/logo\\\/image\\\/\"},\"sameAs\":[\"https:\\\/\\\/www.facebook.com\\\/myfrenchgrocery\\\/\"]}]}<\/script>\n<!-- \/ Yoast SEO plugin. -->","yoast_head_json":{"title":"Gel\u00e9e Au Mad\u00e8re Maggi | Acheter En Ligne | My French Grocery","description":"Gel\u00e9e Au Mad\u00e8re Maggi - 2 sachets de 24 g - Les chefs cuisiniers MAGGI ont d\u00e9velopp\u00e9 une pr\u00e9paration culinaire pour gel\u00e9e au Mad\u00e8re qui apporte fra\u00eecheur, go\u00fbt et texture","robots":{"index":"index","follow":"follow","max-snippet":"max-snippet:-1","max-image-preview":"max-image-preview:large","max-video-preview":"max-video-preview:-1"},"canonical":"https:\/\/my-french-grocery.com\/fr\/produit\/gelee-au-madere-maggi\/","og_locale":"fr_FR","og_type":"article","og_title":"Gel\u00e9e Au Mad\u00e8re Maggi | Acheter En Ligne | My French Grocery","og_description":"Gel\u00e9e Au Mad\u00e8re Maggi - 2 sachets de 24 g - Les chefs cuisiniers MAGGI ont d\u00e9velopp\u00e9 une pr\u00e9paration culinaire pour gel\u00e9e au Mad\u00e8re qui apporte fra\u00eecheur, go\u00fbt et texture","og_url":"https:\/\/my-french-grocery.com\/fr\/produit\/gelee-au-madere-maggi\/","og_site_name":"My French Grocery","article_publisher":"https:\/\/www.facebook.com\/myfrenchgrocery\/","article_modified_time":"2024-04-03T07:08:08+00:00","og_image":[{"width":1200,"height":1200,"url":"https:\/\/my-french-grocery.com\/wp-content\/uploads\/2024\/04\/MAGGI-madeira-jelly.webp","type":"image\/webp"}],"twitter_card":"summary_large_image","twitter_misc":{"Dur\u00e9e de lecture estim\u00e9e":"1 minute"},"schema":{"@context":"https:\/\/schema.org","@graph":[{"@type":"WebPage","@id":"https:\/\/my-french-grocery.com\/fr\/produit\/gelee-au-madere-maggi\/","url":"https:\/\/my-french-grocery.com\/fr\/produit\/gelee-au-madere-maggi\/","name":"Gel\u00e9e Au Mad\u00e8re Maggi | Acheter En Ligne | My French Grocery","isPartOf":{"@id":"https:\/\/my-french-grocery.com\/#website"},"primaryImageOfPage":{"@id":"https:\/\/my-french-grocery.com\/fr\/produit\/gelee-au-madere-maggi\/#primaryimage"},"image":{"@id":"https:\/\/my-french-grocery.com\/fr\/produit\/gelee-au-madere-maggi\/#primaryimage"},"thumbnailUrl":"https:\/\/my-french-grocery.com\/wp-content\/uploads\/2024\/04\/MAGGI-madeira-jelly.webp","datePublished":"2024-04-03T06:46:52+00:00","dateModified":"2024-04-03T07:08:08+00:00","description":"Gel\u00e9e Au Mad\u00e8re Maggi - 2 sachets de 24 g - Les chefs cuisiniers MAGGI ont d\u00e9velopp\u00e9 une pr\u00e9paration culinaire pour gel\u00e9e au Mad\u00e8re qui apporte fra\u00eecheur, go\u00fbt et texture","breadcrumb":{"@id":"https:\/\/my-french-grocery.com\/fr\/produit\/gelee-au-madere-maggi\/#breadcrumb"},"inLanguage":"fr-FR","potentialAction":[{"@type":"ReadAction","target":["https:\/\/my-french-grocery.com\/fr\/produit\/gelee-au-madere-maggi\/"]}]},{"@type":"ImageObject","inLanguage":"fr-FR","@id":"https:\/\/my-french-grocery.com\/fr\/produit\/gelee-au-madere-maggi\/#primaryimage","url":"https:\/\/my-french-grocery.com\/wp-content\/uploads\/2024\/04\/MAGGI-madeira-jelly.webp","contentUrl":"https:\/\/my-french-grocery.com\/wp-content\/uploads\/2024\/04\/MAGGI-madeira-jelly.webp","width":1200,"height":1200,"caption":"Gel\u00e9e Au Mad\u00e8re Maggi"},{"@type":"BreadcrumbList","@id":"https:\/\/my-french-grocery.com\/fr\/produit\/gelee-au-madere-maggi\/#breadcrumb","itemListElement":[{"@type":"ListItem","position":1,"name":"Home","item":"https:\/\/my-french-grocery.com\/fr\/"},{"@type":"ListItem","position":2,"name":"Shop","item":"https:\/\/my-french-grocery.com\/shop\/"},{"@type":"ListItem","position":3,"name":"Alimentation","item":"https:\/\/my-french-grocery.com\/fr\/categorie-produit\/alimentation\/"},{"@type":"ListItem","position":4,"name":"Condiments","item":"https:\/\/my-french-grocery.com\/fr\/categorie-produit\/alimentation\/condiments-fr\/"},{"@type":"ListItem","position":5,"name":"Gel\u00e9e Au Mad\u00e8re Maggi"}]},{"@type":"WebSite","@id":"https:\/\/my-french-grocery.com\/#website","url":"https:\/\/my-french-grocery.com\/","name":"My French Grocery","description":"Your Online French Grocery  !","publisher":{"@id":"https:\/\/my-french-grocery.com\/#organization"},"potentialAction":[{"@type":"SearchAction","target":{"@type":"EntryPoint","urlTemplate":"https:\/\/my-french-grocery.com\/?s={search_term_string}"},"query-input":{"@type":"PropertyValueSpecification","valueRequired":true,"valueName":"search_term_string"}}],"inLanguage":"fr-FR"},{"@type":"Organization","@id":"https:\/\/my-french-grocery.com\/#organization","name":"MY FRENCH GROCERY","url":"https:\/\/my-french-grocery.com\/","logo":{"@type":"ImageObject","inLanguage":"fr-FR","@id":"https:\/\/my-french-grocery.com\/#\/schema\/logo\/image\/","url":"https:\/\/my-french-grocery.com\/wp-content\/uploads\/2021\/11\/My-French-Grocery-Online-French-Grocery.png","contentUrl":"https:\/\/my-french-grocery.com\/wp-content\/uploads\/2021\/11\/My-French-Grocery-Online-French-Grocery.png","width":100,"height":100,"caption":"MY FRENCH GROCERY"},"image":{"@id":"https:\/\/my-french-grocery.com\/#\/schema\/logo\/image\/"},"sameAs":["https:\/\/www.facebook.com\/myfrenchgrocery\/"]}]}},"brands":[{"id":783,"name":"Maggi","slug":"maggi-fr"}],"_links":{"self":[{"href":"https:\/\/my-french-grocery.com\/fr\/wp-json\/wp\/v2\/product\/39472","targetHints":{"allow":["GET"]}}],"collection":[{"href":"https:\/\/my-french-grocery.com\/fr\/wp-json\/wp\/v2\/product"}],"about":[{"href":"https:\/\/my-french-grocery.com\/fr\/wp-json\/wp\/v2\/types\/product"}],"replies":[{"embeddable":true,"href":"https:\/\/my-french-grocery.com\/fr\/wp-json\/wp\/v2\/comments?post=39472"}],"wp:featuredmedia":[{"embeddable":true,"href":"https:\/\/my-french-grocery.com\/fr\/wp-json\/wp\/v2\/media\/39476"}],"wp:attachment":[{"href":"https:\/\/my-french-grocery.com\/fr\/wp-json\/wp\/v2\/media?parent=39472"}],"wp:term":[{"taxonomy":"pwb-brand","embeddable":true,"href":"https:\/\/my-french-grocery.com\/fr\/wp-json\/wp\/v2\/pwb-brand?post=39472"},{"taxonomy":"product_brand","embeddable":true,"href":"https:\/\/my-french-grocery.com\/fr\/wp-json\/wp\/v2\/product_brand?post=39472"},{"taxonomy":"product_cat","embeddable":true,"href":"https:\/\/my-french-grocery.com\/fr\/wp-json\/wp\/v2\/product_cat?post=39472"},{"taxonomy":"product_tag","embeddable":true,"href":"https:\/\/my-french-grocery.com\/fr\/wp-json\/wp\/v2\/product_tag?post=39472"}],"curies":[{"name":"wp","href":"https:\/\/api.w.org\/{rel}","templated":true}]}}