{"id":39498,"date":"2024-03-27T10:15:05","date_gmt":"2024-04-03T08:15:06","guid":{"rendered":"https:\/\/my-french-grocery.com\/?post_type=product&#038;p=39498"},"modified":"2024-05-11T11:11:03","modified_gmt":"2024-05-11T09:11:03","slug":"vinaigre-de-vin-blanc-aromatise-noix-maille","status":"publish","type":"product","link":"https:\/\/my-french-grocery.com\/fr\/produit\/vinaigre-de-vin-blanc-aromatise-noix-maille\/","title":{"rendered":"Vinaigre de Vin blanc Aromatis\u00e9 Noix Maille"},"content":{"rendered":"<p>Vinaigre de Vin blanc Aromatis\u00e9 Noix Maille<\/p>\n<p>bouteille de 50 cl<\/p>\n<p>D\u00e9couvrez le vinaigre de vin blanc aromatis\u00e9 noix 50 cl Maille, une recette \u00e0 la saveur fra\u00eeche et bois\u00e9e. L&rsquo;association subtile entre la richesse du vinaigre de vin blanc et le go\u00fbt de l&rsquo;ar\u00f4me noix est parfait pour apporter de la saveur \u00e0 tous vos plats et les r\u00e9hauss\u00e9s d&rsquo;une touche bois\u00e9e.<\/p>\n","protected":false},"excerpt":{"rendered":"<p>Vinaigre de Vin blanc Aromatis\u00e9 Noix Maille<\/p>\n<p>bouteille de 50 cl<\/p>\n<p>&nbsp;<\/p>\n<p>&nbsp;<\/p>\n","protected":false},"featured_media":39502,"comment_status":"open","ping_status":"closed","template":"","meta":[],"pwb-brand":[780],"product_brand":[],"product_cat":[1033],"product_tag":[3541,3564,1635],"class_list":{"0":"post-39498","1":"product","2":"type-product","3":"status-publish","4":"has-post-thumbnail","6":"pwb-brand-maille-fr","7":"product_cat-condiments-fr","8":"product_tag-maille-fr","9":"product_tag-noix","10":"product_tag-vinaigre","11":"product_shipping_class-expedition-dans-le-monde-entier","13":"first","14":"instock","15":"taxable","16":"shipping-taxable","17":"purchasable","18":"product-type-simple"},"yoast_head":"<!-- This site is optimized with the Yoast SEO plugin v27.3 - https:\/\/yoast.com\/product\/yoast-seo-wordpress\/ -->\n<title>Vinaigre de Vin blanc Aromatis\u00e9 Noix Maille | Acheter En Ligne | My French Grocery<\/title>\n<meta name=\"description\" content=\"Vinaigre de Vin blanc Aromatis\u00e9 Noix Maille - bouteille de 50 cl - D\u00e9couvrez le vinaigre de vin blanc aromatis\u00e9 noix 50 cl Maille, une recette \u00e0 la saveur fra\u00eeche et bois\u00e9e.\" \/>\n<meta name=\"robots\" content=\"index, follow, max-snippet:-1, max-image-preview:large, max-video-preview:-1\" \/>\n<link rel=\"canonical\" href=\"https:\/\/my-french-grocery.com\/fr\/produit\/vinaigre-de-vin-blanc-aromatise-noix-maille\/\" \/>\n<meta property=\"og:locale\" content=\"fr_FR\" \/>\n<meta property=\"og:type\" content=\"article\" \/>\n<meta property=\"og:title\" content=\"Vinaigre de Vin blanc Aromatis\u00e9 Noix Maille | Acheter En Ligne | My French Grocery\" \/>\n<meta property=\"og:description\" content=\"Vinaigre de Vin blanc Aromatis\u00e9 Noix Maille - bouteille de 50 cl - D\u00e9couvrez le vinaigre de vin blanc aromatis\u00e9 noix 50 cl Maille, une recette \u00e0 la saveur fra\u00eeche et bois\u00e9e.\" \/>\n<meta property=\"og:url\" content=\"https:\/\/my-french-grocery.com\/fr\/produit\/vinaigre-de-vin-blanc-aromatise-noix-maille\/\" \/>\n<meta property=\"og:site_name\" content=\"My French Grocery\" \/>\n<meta property=\"article:publisher\" content=\"https:\/\/www.facebook.com\/myfrenchgrocery\/\" \/>\n<meta property=\"article:modified_time\" content=\"2024-05-11T09:11:03+00:00\" \/>\n<meta property=\"og:image\" content=\"https:\/\/my-french-grocery.com\/wp-content\/uploads\/2024\/04\/walnut-flavored-wine-vinegar.webp\" \/>\n\t<meta property=\"og:image:width\" content=\"1200\" \/>\n\t<meta property=\"og:image:height\" content=\"1200\" \/>\n\t<meta property=\"og:image:type\" content=\"image\/webp\" \/>\n<meta name=\"twitter:card\" content=\"summary_large_image\" \/>\n<meta name=\"twitter:label1\" content=\"Dur\u00e9e de lecture estim\u00e9e\" \/>\n\t<meta name=\"twitter:data1\" content=\"1 minute\" \/>\n<script type=\"application\/ld+json\" class=\"yoast-schema-graph\">{\"@context\":\"https:\\\/\\\/schema.org\",\"@graph\":[{\"@type\":\"WebPage\",\"@id\":\"https:\\\/\\\/my-french-grocery.com\\\/fr\\\/produit\\\/vinaigre-de-vin-blanc-aromatise-noix-maille\\\/\",\"url\":\"https:\\\/\\\/my-french-grocery.com\\\/fr\\\/produit\\\/vinaigre-de-vin-blanc-aromatise-noix-maille\\\/\",\"name\":\"Vinaigre de Vin blanc Aromatis\u00e9 Noix Maille | Acheter En Ligne | My French Grocery\",\"isPartOf\":{\"@id\":\"https:\\\/\\\/my-french-grocery.com\\\/fr\\\/#website\"},\"primaryImageOfPage\":{\"@id\":\"https:\\\/\\\/my-french-grocery.com\\\/fr\\\/produit\\\/vinaigre-de-vin-blanc-aromatise-noix-maille\\\/#primaryimage\"},\"image\":{\"@id\":\"https:\\\/\\\/my-french-grocery.com\\\/fr\\\/produit\\\/vinaigre-de-vin-blanc-aromatise-noix-maille\\\/#primaryimage\"},\"thumbnailUrl\":\"https:\\\/\\\/my-french-grocery.com\\\/wp-content\\\/uploads\\\/2024\\\/04\\\/walnut-flavored-wine-vinegar.webp\",\"datePublished\":\"2024-04-03T08:15:06+00:00\",\"dateModified\":\"2024-05-11T09:11:03+00:00\",\"description\":\"Vinaigre de Vin blanc Aromatis\u00e9 Noix Maille - bouteille de 50 cl - D\u00e9couvrez le vinaigre de vin blanc aromatis\u00e9 noix 50 cl Maille, une recette \u00e0 la saveur fra\u00eeche et bois\u00e9e.\",\"breadcrumb\":{\"@id\":\"https:\\\/\\\/my-french-grocery.com\\\/fr\\\/produit\\\/vinaigre-de-vin-blanc-aromatise-noix-maille\\\/#breadcrumb\"},\"inLanguage\":\"fr-FR\",\"potentialAction\":[{\"@type\":\"ReadAction\",\"target\":[\"https:\\\/\\\/my-french-grocery.com\\\/fr\\\/produit\\\/vinaigre-de-vin-blanc-aromatise-noix-maille\\\/\"]}]},{\"@type\":\"ImageObject\",\"inLanguage\":\"fr-FR\",\"@id\":\"https:\\\/\\\/my-french-grocery.com\\\/fr\\\/produit\\\/vinaigre-de-vin-blanc-aromatise-noix-maille\\\/#primaryimage\",\"url\":\"https:\\\/\\\/my-french-grocery.com\\\/wp-content\\\/uploads\\\/2024\\\/04\\\/walnut-flavored-wine-vinegar.webp\",\"contentUrl\":\"https:\\\/\\\/my-french-grocery.com\\\/wp-content\\\/uploads\\\/2024\\\/04\\\/walnut-flavored-wine-vinegar.webp\",\"width\":1200,\"height\":1200,\"caption\":\"Vinaigre de Vin blanc Aromatis\u00e9 Noix Maille\"},{\"@type\":\"BreadcrumbList\",\"@id\":\"https:\\\/\\\/my-french-grocery.com\\\/fr\\\/produit\\\/vinaigre-de-vin-blanc-aromatise-noix-maille\\\/#breadcrumb\",\"itemListElement\":[{\"@type\":\"ListItem\",\"position\":1,\"name\":\"Home\",\"item\":\"https:\\\/\\\/my-french-grocery.com\\\/fr\\\/\"},{\"@type\":\"ListItem\",\"position\":2,\"name\":\"Shop\",\"item\":\"https:\\\/\\\/my-french-grocery.com\\\/shop\\\/\"},{\"@type\":\"ListItem\",\"position\":3,\"name\":\"Alimentation\",\"item\":\"https:\\\/\\\/my-french-grocery.com\\\/fr\\\/categorie-produit\\\/alimentation\\\/\"},{\"@type\":\"ListItem\",\"position\":4,\"name\":\"Condiments\",\"item\":\"https:\\\/\\\/my-french-grocery.com\\\/fr\\\/categorie-produit\\\/alimentation\\\/condiments-fr\\\/\"},{\"@type\":\"ListItem\",\"position\":5,\"name\":\"Vinaigre de Vin blanc Aromatis\u00e9 Noix Maille\"}]},{\"@type\":\"WebSite\",\"@id\":\"https:\\\/\\\/my-french-grocery.com\\\/fr\\\/#website\",\"url\":\"https:\\\/\\\/my-french-grocery.com\\\/fr\\\/\",\"name\":\"My French Grocery\",\"description\":\"Your Online French Grocery  !\",\"publisher\":{\"@id\":\"https:\\\/\\\/my-french-grocery.com\\\/fr\\\/#organization\"},\"potentialAction\":[{\"@type\":\"SearchAction\",\"target\":{\"@type\":\"EntryPoint\",\"urlTemplate\":\"https:\\\/\\\/my-french-grocery.com\\\/fr\\\/?s={search_term_string}\"},\"query-input\":{\"@type\":\"PropertyValueSpecification\",\"valueRequired\":true,\"valueName\":\"search_term_string\"}}],\"inLanguage\":\"fr-FR\"},{\"@type\":\"Organization\",\"@id\":\"https:\\\/\\\/my-french-grocery.com\\\/fr\\\/#organization\",\"name\":\"MY FRENCH GROCERY\",\"url\":\"https:\\\/\\\/my-french-grocery.com\\\/fr\\\/\",\"logo\":{\"@type\":\"ImageObject\",\"inLanguage\":\"fr-FR\",\"@id\":\"https:\\\/\\\/my-french-grocery.com\\\/fr\\\/#\\\/schema\\\/logo\\\/image\\\/\",\"url\":\"https:\\\/\\\/my-french-grocery.com\\\/wp-content\\\/uploads\\\/2021\\\/11\\\/My-French-Grocery-Online-French-Grocery.png\",\"contentUrl\":\"https:\\\/\\\/my-french-grocery.com\\\/wp-content\\\/uploads\\\/2021\\\/11\\\/My-French-Grocery-Online-French-Grocery.png\",\"width\":100,\"height\":100,\"caption\":\"MY FRENCH GROCERY\"},\"image\":{\"@id\":\"https:\\\/\\\/my-french-grocery.com\\\/fr\\\/#\\\/schema\\\/logo\\\/image\\\/\"},\"sameAs\":[\"https:\\\/\\\/www.facebook.com\\\/myfrenchgrocery\\\/\"]}]}<\/script>\n<!-- \/ Yoast SEO plugin. -->","yoast_head_json":{"title":"Vinaigre de Vin blanc Aromatis\u00e9 Noix Maille | Acheter En Ligne | My French Grocery","description":"Vinaigre de Vin blanc Aromatis\u00e9 Noix Maille - bouteille de 50 cl - D\u00e9couvrez le vinaigre de vin blanc aromatis\u00e9 noix 50 cl Maille, une recette \u00e0 la saveur fra\u00eeche et bois\u00e9e.","robots":{"index":"index","follow":"follow","max-snippet":"max-snippet:-1","max-image-preview":"max-image-preview:large","max-video-preview":"max-video-preview:-1"},"canonical":"https:\/\/my-french-grocery.com\/fr\/produit\/vinaigre-de-vin-blanc-aromatise-noix-maille\/","og_locale":"fr_FR","og_type":"article","og_title":"Vinaigre de Vin blanc Aromatis\u00e9 Noix Maille | Acheter En Ligne | My French Grocery","og_description":"Vinaigre de Vin blanc Aromatis\u00e9 Noix Maille - bouteille de 50 cl - D\u00e9couvrez le vinaigre de vin blanc aromatis\u00e9 noix 50 cl Maille, une recette \u00e0 la saveur fra\u00eeche et bois\u00e9e.","og_url":"https:\/\/my-french-grocery.com\/fr\/produit\/vinaigre-de-vin-blanc-aromatise-noix-maille\/","og_site_name":"My French Grocery","article_publisher":"https:\/\/www.facebook.com\/myfrenchgrocery\/","article_modified_time":"2024-05-11T09:11:03+00:00","og_image":[{"width":1200,"height":1200,"url":"https:\/\/my-french-grocery.com\/wp-content\/uploads\/2024\/04\/walnut-flavored-wine-vinegar.webp","type":"image\/webp"}],"twitter_card":"summary_large_image","twitter_misc":{"Dur\u00e9e de lecture estim\u00e9e":"1 minute"},"schema":{"@context":"https:\/\/schema.org","@graph":[{"@type":"WebPage","@id":"https:\/\/my-french-grocery.com\/fr\/produit\/vinaigre-de-vin-blanc-aromatise-noix-maille\/","url":"https:\/\/my-french-grocery.com\/fr\/produit\/vinaigre-de-vin-blanc-aromatise-noix-maille\/","name":"Vinaigre de Vin blanc Aromatis\u00e9 Noix Maille | Acheter En Ligne | My French Grocery","isPartOf":{"@id":"https:\/\/my-french-grocery.com\/fr\/#website"},"primaryImageOfPage":{"@id":"https:\/\/my-french-grocery.com\/fr\/produit\/vinaigre-de-vin-blanc-aromatise-noix-maille\/#primaryimage"},"image":{"@id":"https:\/\/my-french-grocery.com\/fr\/produit\/vinaigre-de-vin-blanc-aromatise-noix-maille\/#primaryimage"},"thumbnailUrl":"https:\/\/my-french-grocery.com\/wp-content\/uploads\/2024\/04\/walnut-flavored-wine-vinegar.webp","datePublished":"2024-04-03T08:15:06+00:00","dateModified":"2024-05-11T09:11:03+00:00","description":"Vinaigre de Vin blanc Aromatis\u00e9 Noix Maille - bouteille de 50 cl - D\u00e9couvrez le vinaigre de vin blanc aromatis\u00e9 noix 50 cl Maille, une recette \u00e0 la saveur fra\u00eeche et bois\u00e9e.","breadcrumb":{"@id":"https:\/\/my-french-grocery.com\/fr\/produit\/vinaigre-de-vin-blanc-aromatise-noix-maille\/#breadcrumb"},"inLanguage":"fr-FR","potentialAction":[{"@type":"ReadAction","target":["https:\/\/my-french-grocery.com\/fr\/produit\/vinaigre-de-vin-blanc-aromatise-noix-maille\/"]}]},{"@type":"ImageObject","inLanguage":"fr-FR","@id":"https:\/\/my-french-grocery.com\/fr\/produit\/vinaigre-de-vin-blanc-aromatise-noix-maille\/#primaryimage","url":"https:\/\/my-french-grocery.com\/wp-content\/uploads\/2024\/04\/walnut-flavored-wine-vinegar.webp","contentUrl":"https:\/\/my-french-grocery.com\/wp-content\/uploads\/2024\/04\/walnut-flavored-wine-vinegar.webp","width":1200,"height":1200,"caption":"Vinaigre de Vin blanc Aromatis\u00e9 Noix Maille"},{"@type":"BreadcrumbList","@id":"https:\/\/my-french-grocery.com\/fr\/produit\/vinaigre-de-vin-blanc-aromatise-noix-maille\/#breadcrumb","itemListElement":[{"@type":"ListItem","position":1,"name":"Home","item":"https:\/\/my-french-grocery.com\/fr\/"},{"@type":"ListItem","position":2,"name":"Shop","item":"https:\/\/my-french-grocery.com\/shop\/"},{"@type":"ListItem","position":3,"name":"Alimentation","item":"https:\/\/my-french-grocery.com\/fr\/categorie-produit\/alimentation\/"},{"@type":"ListItem","position":4,"name":"Condiments","item":"https:\/\/my-french-grocery.com\/fr\/categorie-produit\/alimentation\/condiments-fr\/"},{"@type":"ListItem","position":5,"name":"Vinaigre de Vin blanc Aromatis\u00e9 Noix Maille"}]},{"@type":"WebSite","@id":"https:\/\/my-french-grocery.com\/fr\/#website","url":"https:\/\/my-french-grocery.com\/fr\/","name":"My French Grocery","description":"Your Online French Grocery  !","publisher":{"@id":"https:\/\/my-french-grocery.com\/fr\/#organization"},"potentialAction":[{"@type":"SearchAction","target":{"@type":"EntryPoint","urlTemplate":"https:\/\/my-french-grocery.com\/fr\/?s={search_term_string}"},"query-input":{"@type":"PropertyValueSpecification","valueRequired":true,"valueName":"search_term_string"}}],"inLanguage":"fr-FR"},{"@type":"Organization","@id":"https:\/\/my-french-grocery.com\/fr\/#organization","name":"MY FRENCH GROCERY","url":"https:\/\/my-french-grocery.com\/fr\/","logo":{"@type":"ImageObject","inLanguage":"fr-FR","@id":"https:\/\/my-french-grocery.com\/fr\/#\/schema\/logo\/image\/","url":"https:\/\/my-french-grocery.com\/wp-content\/uploads\/2021\/11\/My-French-Grocery-Online-French-Grocery.png","contentUrl":"https:\/\/my-french-grocery.com\/wp-content\/uploads\/2021\/11\/My-French-Grocery-Online-French-Grocery.png","width":100,"height":100,"caption":"MY FRENCH GROCERY"},"image":{"@id":"https:\/\/my-french-grocery.com\/fr\/#\/schema\/logo\/image\/"},"sameAs":["https:\/\/www.facebook.com\/myfrenchgrocery\/"]}]}},"brands":[{"id":780,"name":"Maille","slug":"maille-fr"}],"_links":{"self":[{"href":"https:\/\/my-french-grocery.com\/fr\/wp-json\/wp\/v2\/product\/39498","targetHints":{"allow":["GET"]}}],"collection":[{"href":"https:\/\/my-french-grocery.com\/fr\/wp-json\/wp\/v2\/product"}],"about":[{"href":"https:\/\/my-french-grocery.com\/fr\/wp-json\/wp\/v2\/types\/product"}],"replies":[{"embeddable":true,"href":"https:\/\/my-french-grocery.com\/fr\/wp-json\/wp\/v2\/comments?post=39498"}],"wp:featuredmedia":[{"embeddable":true,"href":"https:\/\/my-french-grocery.com\/fr\/wp-json\/wp\/v2\/media\/39502"}],"wp:attachment":[{"href":"https:\/\/my-french-grocery.com\/fr\/wp-json\/wp\/v2\/media?parent=39498"}],"wp:term":[{"taxonomy":"pwb-brand","embeddable":true,"href":"https:\/\/my-french-grocery.com\/fr\/wp-json\/wp\/v2\/pwb-brand?post=39498"},{"taxonomy":"product_brand","embeddable":true,"href":"https:\/\/my-french-grocery.com\/fr\/wp-json\/wp\/v2\/product_brand?post=39498"},{"taxonomy":"product_cat","embeddable":true,"href":"https:\/\/my-french-grocery.com\/fr\/wp-json\/wp\/v2\/product_cat?post=39498"},{"taxonomy":"product_tag","embeddable":true,"href":"https:\/\/my-french-grocery.com\/fr\/wp-json\/wp\/v2\/product_tag?post=39498"}],"curies":[{"name":"wp","href":"https:\/\/api.w.org\/{rel}","templated":true}]}}