{"id":39543,"date":"2024-04-03T17:49:28","date_gmt":"2024-04-03T15:49:28","guid":{"rendered":"https:\/\/my-french-grocery.com\/?post_type=product&#038;p=39543"},"modified":"2026-03-16T10:11:15","modified_gmt":"2026-03-16T08:11:15","slug":"biscuits-florentins-aux-amandes-caramelisees-kambly","status":"publish","type":"product","link":"https:\/\/my-french-grocery.com\/fr\/produit\/biscuits-florentins-aux-amandes-caramelisees-kambly\/","title":{"rendered":"Biscuits Florentins Aux Amandes Caram\u00e9lis\u00e9es Kambly"},"content":{"rendered":"<p>Biscuits Florentins Aux Amandes Caram\u00e9lis\u00e9es Kambly<\/p>\n<p>paquet de 100 g<\/p>\n<p>Les produits Kambly ont pour ambition premiere d&rsquo;offrir un plaisir a savourer grace a des delices raffines, crees par les confiseurs de Kambly dans la tradition de la maison familiale, dans l&rsquo;esprit de la grande confiserie: une confection soignee et dans les regles de l&rsquo;art, avec les meilleurs produits, pour fournir une qualite irreprochable.<\/p>\n","protected":false},"excerpt":{"rendered":"<p>Biscuits Florentins Aux Amandes Caram\u00e9lis\u00e9es Kambly<\/p>\n<p>paquet de 100 g<\/p>\n<p>&nbsp;<\/p>\n","protected":false},"featured_media":39547,"comment_status":"open","ping_status":"closed","template":"","meta":[],"pwb-brand":[3573],"product_brand":[],"product_cat":[1025],"product_tag":[3586,3594,3571],"class_list":{"0":"post-39543","1":"product","2":"type-product","3":"status-publish","4":"has-post-thumbnail","6":"pwb-brand-kambly-fr","7":"product_cat-gateaux-biscuits","8":"product_tag-amandes-fr","9":"product_tag-florentins-fr","10":"product_tag-kambly-fr","11":"product_shipping_class-expedition-dans-le-monde-entier","13":"first","14":"instock","15":"taxable","16":"shipping-taxable","17":"purchasable","18":"product-type-simple"},"yoast_head":"<!-- This site is optimized with the Yoast SEO plugin v27.4 - https:\/\/yoast.com\/product\/yoast-seo-wordpress\/ -->\n<title>Biscuits Florentins Aux Amandes Caram\u00e9lis\u00e9es Kambly | Acheter En Ligne | My French Grocery<\/title>\n<meta name=\"description\" content=\"Biscuits Florentins Aux Amandes Caram\u00e9lis\u00e9es Kambly - paquet de 100 g - Les produits Kambly ont pour ambition premiere d&#039;offrir un plaisir a savourer grace a des delices raffines\" \/>\n<meta name=\"robots\" content=\"index, follow, max-snippet:-1, max-image-preview:large, max-video-preview:-1\" \/>\n<link rel=\"canonical\" href=\"https:\/\/my-french-grocery.com\/fr\/produit\/biscuits-florentins-aux-amandes-caramelisees-kambly\/\" \/>\n<meta property=\"og:locale\" content=\"fr_FR\" \/>\n<meta property=\"og:type\" content=\"article\" \/>\n<meta property=\"og:title\" content=\"Biscuits Florentins Aux Amandes Caram\u00e9lis\u00e9es Kambly | Acheter En Ligne | My French Grocery\" \/>\n<meta property=\"og:description\" content=\"Biscuits Florentins Aux Amandes Caram\u00e9lis\u00e9es Kambly - paquet de 100 g - Les produits Kambly ont pour ambition premiere d&#039;offrir un plaisir a savourer grace a des delices raffines\" \/>\n<meta property=\"og:url\" content=\"https:\/\/my-french-grocery.com\/fr\/produit\/biscuits-florentins-aux-amandes-caramelisees-kambly\/\" \/>\n<meta property=\"og:site_name\" content=\"My French Grocery\" \/>\n<meta property=\"article:publisher\" content=\"https:\/\/www.facebook.com\/myfrenchgrocery\/\" \/>\n<meta property=\"article:modified_time\" content=\"2026-03-16T08:11:15+00:00\" \/>\n<meta property=\"og:image\" content=\"https:\/\/my-french-grocery.com\/wp-content\/uploads\/2024\/04\/Florentine-biscuits-with-caramelized-almonds.webp\" \/>\n\t<meta property=\"og:image:width\" content=\"1200\" \/>\n\t<meta property=\"og:image:height\" content=\"1200\" \/>\n\t<meta property=\"og:image:type\" content=\"image\/webp\" \/>\n<meta name=\"twitter:card\" content=\"summary_large_image\" \/>\n<meta name=\"twitter:label1\" content=\"Dur\u00e9e de lecture estim\u00e9e\" \/>\n\t<meta name=\"twitter:data1\" content=\"1 minute\" \/>\n<script type=\"application\/ld+json\" class=\"yoast-schema-graph\">{\"@context\":\"https:\\\/\\\/schema.org\",\"@graph\":[{\"@type\":\"WebPage\",\"@id\":\"https:\\\/\\\/my-french-grocery.com\\\/fr\\\/produit\\\/biscuits-florentins-aux-amandes-caramelisees-kambly\\\/\",\"url\":\"https:\\\/\\\/my-french-grocery.com\\\/fr\\\/produit\\\/biscuits-florentins-aux-amandes-caramelisees-kambly\\\/\",\"name\":\"Biscuits Florentins Aux Amandes Caram\u00e9lis\u00e9es Kambly | Acheter En Ligne | My French Grocery\",\"isPartOf\":{\"@id\":\"https:\\\/\\\/my-french-grocery.com\\\/fr\\\/#website\"},\"primaryImageOfPage\":{\"@id\":\"https:\\\/\\\/my-french-grocery.com\\\/fr\\\/produit\\\/biscuits-florentins-aux-amandes-caramelisees-kambly\\\/#primaryimage\"},\"image\":{\"@id\":\"https:\\\/\\\/my-french-grocery.com\\\/fr\\\/produit\\\/biscuits-florentins-aux-amandes-caramelisees-kambly\\\/#primaryimage\"},\"thumbnailUrl\":\"https:\\\/\\\/my-french-grocery.com\\\/wp-content\\\/uploads\\\/2024\\\/04\\\/Florentine-biscuits-with-caramelized-almonds.webp\",\"datePublished\":\"2024-04-03T15:49:28+00:00\",\"dateModified\":\"2026-03-16T08:11:15+00:00\",\"description\":\"Biscuits Florentins Aux Amandes Caram\u00e9lis\u00e9es Kambly - paquet de 100 g - Les produits Kambly ont pour ambition premiere d'offrir un plaisir a savourer grace a des delices raffines\",\"breadcrumb\":{\"@id\":\"https:\\\/\\\/my-french-grocery.com\\\/fr\\\/produit\\\/biscuits-florentins-aux-amandes-caramelisees-kambly\\\/#breadcrumb\"},\"inLanguage\":\"fr-FR\",\"potentialAction\":[{\"@type\":\"ReadAction\",\"target\":[\"https:\\\/\\\/my-french-grocery.com\\\/fr\\\/produit\\\/biscuits-florentins-aux-amandes-caramelisees-kambly\\\/\"]}]},{\"@type\":\"ImageObject\",\"inLanguage\":\"fr-FR\",\"@id\":\"https:\\\/\\\/my-french-grocery.com\\\/fr\\\/produit\\\/biscuits-florentins-aux-amandes-caramelisees-kambly\\\/#primaryimage\",\"url\":\"https:\\\/\\\/my-french-grocery.com\\\/wp-content\\\/uploads\\\/2024\\\/04\\\/Florentine-biscuits-with-caramelized-almonds.webp\",\"contentUrl\":\"https:\\\/\\\/my-french-grocery.com\\\/wp-content\\\/uploads\\\/2024\\\/04\\\/Florentine-biscuits-with-caramelized-almonds.webp\",\"width\":1200,\"height\":1200,\"caption\":\"Biscuits Florentins Aux Amandes Caram\u00e9lis\u00e9es Kambly\"},{\"@type\":\"BreadcrumbList\",\"@id\":\"https:\\\/\\\/my-french-grocery.com\\\/fr\\\/produit\\\/biscuits-florentins-aux-amandes-caramelisees-kambly\\\/#breadcrumb\",\"itemListElement\":[{\"@type\":\"ListItem\",\"position\":1,\"name\":\"Home\",\"item\":\"https:\\\/\\\/my-french-grocery.com\\\/fr\\\/\"},{\"@type\":\"ListItem\",\"position\":2,\"name\":\"Shop\",\"item\":\"https:\\\/\\\/my-french-grocery.com\\\/shop\\\/\"},{\"@type\":\"ListItem\",\"position\":3,\"name\":\"Alimentation\",\"item\":\"https:\\\/\\\/my-french-grocery.com\\\/fr\\\/categorie-produit\\\/alimentation\\\/\"},{\"@type\":\"ListItem\",\"position\":4,\"name\":\"G\u00e2teaux &amp; Biscuits\",\"item\":\"https:\\\/\\\/my-french-grocery.com\\\/fr\\\/categorie-produit\\\/alimentation\\\/gateaux-biscuits\\\/\"},{\"@type\":\"ListItem\",\"position\":5,\"name\":\"Biscuits Florentins Aux Amandes Caram\u00e9lis\u00e9es Kambly\"}]},{\"@type\":\"WebSite\",\"@id\":\"https:\\\/\\\/my-french-grocery.com\\\/fr\\\/#website\",\"url\":\"https:\\\/\\\/my-french-grocery.com\\\/fr\\\/\",\"name\":\"My French Grocery\",\"description\":\"Your Online French Grocery  !\",\"publisher\":{\"@id\":\"https:\\\/\\\/my-french-grocery.com\\\/fr\\\/#organization\"},\"potentialAction\":[{\"@type\":\"SearchAction\",\"target\":{\"@type\":\"EntryPoint\",\"urlTemplate\":\"https:\\\/\\\/my-french-grocery.com\\\/fr\\\/?s={search_term_string}\"},\"query-input\":{\"@type\":\"PropertyValueSpecification\",\"valueRequired\":true,\"valueName\":\"search_term_string\"}}],\"inLanguage\":\"fr-FR\"},{\"@type\":\"Organization\",\"@id\":\"https:\\\/\\\/my-french-grocery.com\\\/fr\\\/#organization\",\"name\":\"MY FRENCH GROCERY\",\"url\":\"https:\\\/\\\/my-french-grocery.com\\\/fr\\\/\",\"logo\":{\"@type\":\"ImageObject\",\"inLanguage\":\"fr-FR\",\"@id\":\"https:\\\/\\\/my-french-grocery.com\\\/fr\\\/#\\\/schema\\\/logo\\\/image\\\/\",\"url\":\"https:\\\/\\\/my-french-grocery.com\\\/wp-content\\\/uploads\\\/2021\\\/11\\\/My-French-Grocery-Online-French-Grocery.png\",\"contentUrl\":\"https:\\\/\\\/my-french-grocery.com\\\/wp-content\\\/uploads\\\/2021\\\/11\\\/My-French-Grocery-Online-French-Grocery.png\",\"width\":100,\"height\":100,\"caption\":\"MY FRENCH GROCERY\"},\"image\":{\"@id\":\"https:\\\/\\\/my-french-grocery.com\\\/fr\\\/#\\\/schema\\\/logo\\\/image\\\/\"},\"sameAs\":[\"https:\\\/\\\/www.facebook.com\\\/myfrenchgrocery\\\/\"]}]}<\/script>\n<!-- \/ Yoast SEO plugin. -->","yoast_head_json":{"title":"Biscuits Florentins Aux Amandes Caram\u00e9lis\u00e9es Kambly | Acheter En Ligne | My French Grocery","description":"Biscuits Florentins Aux Amandes Caram\u00e9lis\u00e9es Kambly - paquet de 100 g - Les produits Kambly ont pour ambition premiere d'offrir un plaisir a savourer grace a des delices raffines","robots":{"index":"index","follow":"follow","max-snippet":"max-snippet:-1","max-image-preview":"max-image-preview:large","max-video-preview":"max-video-preview:-1"},"canonical":"https:\/\/my-french-grocery.com\/fr\/produit\/biscuits-florentins-aux-amandes-caramelisees-kambly\/","og_locale":"fr_FR","og_type":"article","og_title":"Biscuits Florentins Aux Amandes Caram\u00e9lis\u00e9es Kambly | Acheter En Ligne | My French Grocery","og_description":"Biscuits Florentins Aux Amandes Caram\u00e9lis\u00e9es Kambly - paquet de 100 g - Les produits Kambly ont pour ambition premiere d'offrir un plaisir a savourer grace a des delices raffines","og_url":"https:\/\/my-french-grocery.com\/fr\/produit\/biscuits-florentins-aux-amandes-caramelisees-kambly\/","og_site_name":"My French Grocery","article_publisher":"https:\/\/www.facebook.com\/myfrenchgrocery\/","article_modified_time":"2026-03-16T08:11:15+00:00","og_image":[{"width":1200,"height":1200,"url":"https:\/\/my-french-grocery.com\/wp-content\/uploads\/2024\/04\/Florentine-biscuits-with-caramelized-almonds.webp","type":"image\/webp"}],"twitter_card":"summary_large_image","twitter_misc":{"Dur\u00e9e de lecture estim\u00e9e":"1 minute"},"schema":{"@context":"https:\/\/schema.org","@graph":[{"@type":"WebPage","@id":"https:\/\/my-french-grocery.com\/fr\/produit\/biscuits-florentins-aux-amandes-caramelisees-kambly\/","url":"https:\/\/my-french-grocery.com\/fr\/produit\/biscuits-florentins-aux-amandes-caramelisees-kambly\/","name":"Biscuits Florentins Aux Amandes Caram\u00e9lis\u00e9es Kambly | Acheter En Ligne | My French Grocery","isPartOf":{"@id":"https:\/\/my-french-grocery.com\/fr\/#website"},"primaryImageOfPage":{"@id":"https:\/\/my-french-grocery.com\/fr\/produit\/biscuits-florentins-aux-amandes-caramelisees-kambly\/#primaryimage"},"image":{"@id":"https:\/\/my-french-grocery.com\/fr\/produit\/biscuits-florentins-aux-amandes-caramelisees-kambly\/#primaryimage"},"thumbnailUrl":"https:\/\/my-french-grocery.com\/wp-content\/uploads\/2024\/04\/Florentine-biscuits-with-caramelized-almonds.webp","datePublished":"2024-04-03T15:49:28+00:00","dateModified":"2026-03-16T08:11:15+00:00","description":"Biscuits Florentins Aux Amandes Caram\u00e9lis\u00e9es Kambly - paquet de 100 g - Les produits Kambly ont pour ambition premiere d'offrir un plaisir a savourer grace a des delices raffines","breadcrumb":{"@id":"https:\/\/my-french-grocery.com\/fr\/produit\/biscuits-florentins-aux-amandes-caramelisees-kambly\/#breadcrumb"},"inLanguage":"fr-FR","potentialAction":[{"@type":"ReadAction","target":["https:\/\/my-french-grocery.com\/fr\/produit\/biscuits-florentins-aux-amandes-caramelisees-kambly\/"]}]},{"@type":"ImageObject","inLanguage":"fr-FR","@id":"https:\/\/my-french-grocery.com\/fr\/produit\/biscuits-florentins-aux-amandes-caramelisees-kambly\/#primaryimage","url":"https:\/\/my-french-grocery.com\/wp-content\/uploads\/2024\/04\/Florentine-biscuits-with-caramelized-almonds.webp","contentUrl":"https:\/\/my-french-grocery.com\/wp-content\/uploads\/2024\/04\/Florentine-biscuits-with-caramelized-almonds.webp","width":1200,"height":1200,"caption":"Biscuits Florentins Aux Amandes Caram\u00e9lis\u00e9es Kambly"},{"@type":"BreadcrumbList","@id":"https:\/\/my-french-grocery.com\/fr\/produit\/biscuits-florentins-aux-amandes-caramelisees-kambly\/#breadcrumb","itemListElement":[{"@type":"ListItem","position":1,"name":"Home","item":"https:\/\/my-french-grocery.com\/fr\/"},{"@type":"ListItem","position":2,"name":"Shop","item":"https:\/\/my-french-grocery.com\/shop\/"},{"@type":"ListItem","position":3,"name":"Alimentation","item":"https:\/\/my-french-grocery.com\/fr\/categorie-produit\/alimentation\/"},{"@type":"ListItem","position":4,"name":"G\u00e2teaux &amp; Biscuits","item":"https:\/\/my-french-grocery.com\/fr\/categorie-produit\/alimentation\/gateaux-biscuits\/"},{"@type":"ListItem","position":5,"name":"Biscuits Florentins Aux Amandes Caram\u00e9lis\u00e9es Kambly"}]},{"@type":"WebSite","@id":"https:\/\/my-french-grocery.com\/fr\/#website","url":"https:\/\/my-french-grocery.com\/fr\/","name":"My French Grocery","description":"Your Online French Grocery  !","publisher":{"@id":"https:\/\/my-french-grocery.com\/fr\/#organization"},"potentialAction":[{"@type":"SearchAction","target":{"@type":"EntryPoint","urlTemplate":"https:\/\/my-french-grocery.com\/fr\/?s={search_term_string}"},"query-input":{"@type":"PropertyValueSpecification","valueRequired":true,"valueName":"search_term_string"}}],"inLanguage":"fr-FR"},{"@type":"Organization","@id":"https:\/\/my-french-grocery.com\/fr\/#organization","name":"MY FRENCH GROCERY","url":"https:\/\/my-french-grocery.com\/fr\/","logo":{"@type":"ImageObject","inLanguage":"fr-FR","@id":"https:\/\/my-french-grocery.com\/fr\/#\/schema\/logo\/image\/","url":"https:\/\/my-french-grocery.com\/wp-content\/uploads\/2021\/11\/My-French-Grocery-Online-French-Grocery.png","contentUrl":"https:\/\/my-french-grocery.com\/wp-content\/uploads\/2021\/11\/My-French-Grocery-Online-French-Grocery.png","width":100,"height":100,"caption":"MY FRENCH GROCERY"},"image":{"@id":"https:\/\/my-french-grocery.com\/fr\/#\/schema\/logo\/image\/"},"sameAs":["https:\/\/www.facebook.com\/myfrenchgrocery\/"]}]}},"brands":[{"id":3573,"name":"Kambly","slug":"kambly-fr"}],"_links":{"self":[{"href":"https:\/\/my-french-grocery.com\/fr\/wp-json\/wp\/v2\/product\/39543","targetHints":{"allow":["GET"]}}],"collection":[{"href":"https:\/\/my-french-grocery.com\/fr\/wp-json\/wp\/v2\/product"}],"about":[{"href":"https:\/\/my-french-grocery.com\/fr\/wp-json\/wp\/v2\/types\/product"}],"replies":[{"embeddable":true,"href":"https:\/\/my-french-grocery.com\/fr\/wp-json\/wp\/v2\/comments?post=39543"}],"wp:featuredmedia":[{"embeddable":true,"href":"https:\/\/my-french-grocery.com\/fr\/wp-json\/wp\/v2\/media\/39547"}],"wp:attachment":[{"href":"https:\/\/my-french-grocery.com\/fr\/wp-json\/wp\/v2\/media?parent=39543"}],"wp:term":[{"taxonomy":"pwb-brand","embeddable":true,"href":"https:\/\/my-french-grocery.com\/fr\/wp-json\/wp\/v2\/pwb-brand?post=39543"},{"taxonomy":"product_brand","embeddable":true,"href":"https:\/\/my-french-grocery.com\/fr\/wp-json\/wp\/v2\/product_brand?post=39543"},{"taxonomy":"product_cat","embeddable":true,"href":"https:\/\/my-french-grocery.com\/fr\/wp-json\/wp\/v2\/product_cat?post=39543"},{"taxonomy":"product_tag","embeddable":true,"href":"https:\/\/my-french-grocery.com\/fr\/wp-json\/wp\/v2\/product_tag?post=39543"}],"curies":[{"name":"wp","href":"https:\/\/api.w.org\/{rel}","templated":true}]}}