{"id":39802,"date":"2018-05-26T18:32:05","date_gmt":"2024-04-17T16:32:06","guid":{"rendered":"https:\/\/my-french-grocery.com\/?post_type=product&#038;p=39802"},"modified":"2024-04-17T18:37:03","modified_gmt":"2024-04-17T16:37:03","slug":"confiture-orange-amere-bonne-maman-copy","status":"publish","type":"product","link":"https:\/\/my-french-grocery.com\/fr\/produit\/confiture-orange-amere-bonne-maman-copy\/","title":{"rendered":"Gel\u00e9e De Coings Bonne Maman"},"content":{"rendered":"<p>Gel\u00e9e De Coings Bonne Maman<\/p>\n<p>pot de 370 g<\/p>\n<div class=\"secondary-details__description\">\n<p class=\"paragraph\">Gr\u00e2ce \u00e0 son inimitable savoir-faire et \u00e0 la qualit\u00e9 de ses ingr\u00e9dients, Bonne Maman vous offre le meilleur de de la gel\u00e9e de fruits \u00e0 travers des recettes authentiques et gourmandes, pour votre plus grand plaisir, tout simplement ! D\u00e9couvrez les d\u00e9licates gel\u00e9es de Bonne Maman \u00e0 la texture lisse et fondante. A d\u00e9guster tartin\u00e9es au petit d\u00e9jeuner ou au go\u00fbter.<\/p>\n<\/div>\n","protected":false},"excerpt":{"rendered":"<p>Gel\u00e9e De Coings Bonne Maman<\/p>\n<p>pot de 370 g<\/p>\n<div class=\"secondary-details__description\">\n<p class=\"paragraph\">\n<\/div>\n","protected":false},"featured_media":39806,"comment_status":"open","ping_status":"closed","template":"","meta":[],"pwb-brand":[537],"product_brand":[],"product_cat":[1042],"product_tag":[3624,3552],"class_list":{"0":"post-39802","1":"product","2":"type-product","3":"status-publish","4":"has-post-thumbnail","6":"pwb-brand-bonne-maman-fr","7":"product_cat-confiture","8":"product_tag-coings","9":"product_tag-gelee","10":"product_shipping_class-expedition-dans-le-monde-entier","12":"first","13":"instock","14":"taxable","15":"shipping-taxable","16":"purchasable","17":"product-type-simple"},"brands":[{"id":537,"name":"Bonne Maman","slug":"bonne-maman-fr"}],"_links":{"self":[{"href":"https:\/\/my-french-grocery.com\/fr\/wp-json\/wp\/v2\/product\/39802","targetHints":{"allow":["GET"]}}],"collection":[{"href":"https:\/\/my-french-grocery.com\/fr\/wp-json\/wp\/v2\/product"}],"about":[{"href":"https:\/\/my-french-grocery.com\/fr\/wp-json\/wp\/v2\/types\/product"}],"replies":[{"embeddable":true,"href":"https:\/\/my-french-grocery.com\/fr\/wp-json\/wp\/v2\/comments?post=39802"}],"wp:featuredmedia":[{"embeddable":true,"href":"https:\/\/my-french-grocery.com\/fr\/wp-json\/wp\/v2\/media\/39806"}],"wp:attachment":[{"href":"https:\/\/my-french-grocery.com\/fr\/wp-json\/wp\/v2\/media?parent=39802"}],"wp:term":[{"taxonomy":"pwb-brand","embeddable":true,"href":"https:\/\/my-french-grocery.com\/fr\/wp-json\/wp\/v2\/pwb-brand?post=39802"},{"taxonomy":"product_brand","embeddable":true,"href":"https:\/\/my-french-grocery.com\/fr\/wp-json\/wp\/v2\/product_brand?post=39802"},{"taxonomy":"product_cat","embeddable":true,"href":"https:\/\/my-french-grocery.com\/fr\/wp-json\/wp\/v2\/product_cat?post=39802"},{"taxonomy":"product_tag","embeddable":true,"href":"https:\/\/my-french-grocery.com\/fr\/wp-json\/wp\/v2\/product_tag?post=39802"}],"curies":[{"name":"wp","href":"https:\/\/api.w.org\/{rel}","templated":true}]}}