{"id":40269,"date":"2024-05-15T14:14:05","date_gmt":"2024-05-15T12:14:05","guid":{"rendered":"https:\/\/my-french-grocery.com\/?post_type=product&#038;p=40269"},"modified":"2024-05-15T17:07:00","modified_gmt":"2024-05-15T15:07:00","slug":"jus-orange-carotte-citron-pago","status":"publish","type":"product","link":"https:\/\/my-french-grocery.com\/fr\/produit\/jus-orange-carotte-citron-pago\/","title":{"rendered":"Jus Orange , Carotte &#038; Citron Pago"},"content":{"rendered":"<p>Jus Orange , Carotte &amp; Citron Pago<\/p>\n<p>bouteille de 75cL<\/p>\n<p>Plongez dans l&rsquo;univers exaltant de la gamme ACE. Une gamme gourmande compos\u00e9e d&rsquo;une alliance de fruits uniqueS et richeS en vitamines. Savourez les plaisirs de la Wonderfruit life Pago. Cr\u00e9ateurs de sensations et de parfums originaux, nous mettons tout en oeuvre pour s\u00e9lectionner les meilleurs fruits et r\u00e9aliser des boissons intenses, que vous appr\u00e9ciez pour toutes vos pauses gourmandes.<\/p>\n","protected":false},"excerpt":{"rendered":"<p>Jus Orange , Carotte &amp; Citron Pago<\/p>\n<p>bouteille de 75cL<\/p>\n<p>Plongez dans l&rsquo;univers exaltant de la gamme ACE.<\/p>\n","protected":false},"featured_media":40273,"comment_status":"open","ping_status":"closed","template":"","meta":[],"pwb-brand":[3693],"product_brand":[],"product_cat":[1015],"product_tag":[3691,3692],"class_list":{"0":"post-40269","1":"product","2":"type-product","3":"status-publish","4":"has-post-thumbnail","6":"pwb-brand-pago-fr","7":"product_cat-eau-jus-de-fruits-sodas-sirops","8":"product_tag-jus","9":"product_tag-pago-fr","10":"product_shipping_class-expedition-dans-le-monde-entier","12":"first","13":"instock","14":"taxable","15":"shipping-taxable","16":"purchasable","17":"product-type-simple"},"yoast_head":"<!-- This site is optimized with the Yoast SEO plugin v27.4 - https:\/\/yoast.com\/product\/yoast-seo-wordpress\/ -->\n<title>Jus Orange , Carotte &amp; Citron Pago | Acheter En Ligne | My French Grocery<\/title>\n<meta name=\"description\" content=\"Jus Orange , Carotte &amp; Citron Pago - bouteille de 75cL - Plongez dans l&#039;univers exaltant de la gamme ACE.\" \/>\n<meta name=\"robots\" content=\"index, follow, max-snippet:-1, max-image-preview:large, max-video-preview:-1\" \/>\n<link rel=\"canonical\" href=\"https:\/\/my-french-grocery.com\/fr\/produit\/jus-orange-carotte-citron-pago\/\" \/>\n<meta property=\"og:locale\" content=\"fr_FR\" \/>\n<meta property=\"og:type\" content=\"article\" \/>\n<meta property=\"og:title\" content=\"Jus Orange , Carotte &amp; Citron Pago | Acheter En Ligne | My French Grocery\" \/>\n<meta property=\"og:description\" content=\"Jus Orange , Carotte &amp; Citron Pago - bouteille de 75cL - Plongez dans l&#039;univers exaltant de la gamme ACE.\" \/>\n<meta property=\"og:url\" content=\"https:\/\/my-french-grocery.com\/fr\/produit\/jus-orange-carotte-citron-pago\/\" \/>\n<meta property=\"og:site_name\" content=\"My French Grocery\" \/>\n<meta property=\"article:publisher\" content=\"https:\/\/www.facebook.com\/myfrenchgrocery\/\" \/>\n<meta property=\"article:modified_time\" content=\"2024-05-15T15:07:00+00:00\" \/>\n<meta property=\"og:image\" content=\"https:\/\/my-french-grocery.com\/wp-content\/uploads\/2024\/05\/Orange-carrot-lemon-drink-ACE-vitamins-Pago.webp\" \/>\n\t<meta property=\"og:image:width\" content=\"1200\" \/>\n\t<meta property=\"og:image:height\" content=\"1200\" \/>\n\t<meta property=\"og:image:type\" content=\"image\/webp\" \/>\n<meta name=\"twitter:card\" content=\"summary_large_image\" \/>\n<meta name=\"twitter:label1\" content=\"Dur\u00e9e de lecture estim\u00e9e\" \/>\n\t<meta name=\"twitter:data1\" content=\"1 minute\" \/>\n<script type=\"application\/ld+json\" class=\"yoast-schema-graph\">{\"@context\":\"https:\\\/\\\/schema.org\",\"@graph\":[{\"@type\":\"WebPage\",\"@id\":\"https:\\\/\\\/my-french-grocery.com\\\/fr\\\/produit\\\/jus-orange-carotte-citron-pago\\\/\",\"url\":\"https:\\\/\\\/my-french-grocery.com\\\/fr\\\/produit\\\/jus-orange-carotte-citron-pago\\\/\",\"name\":\"Jus Orange , Carotte & Citron Pago | Acheter En Ligne | My French Grocery\",\"isPartOf\":{\"@id\":\"https:\\\/\\\/my-french-grocery.com\\\/fr\\\/#website\"},\"primaryImageOfPage\":{\"@id\":\"https:\\\/\\\/my-french-grocery.com\\\/fr\\\/produit\\\/jus-orange-carotte-citron-pago\\\/#primaryimage\"},\"image\":{\"@id\":\"https:\\\/\\\/my-french-grocery.com\\\/fr\\\/produit\\\/jus-orange-carotte-citron-pago\\\/#primaryimage\"},\"thumbnailUrl\":\"https:\\\/\\\/my-french-grocery.com\\\/wp-content\\\/uploads\\\/2024\\\/05\\\/Orange-carrot-lemon-drink-ACE-vitamins-Pago.webp\",\"datePublished\":\"2024-05-15T12:14:05+00:00\",\"dateModified\":\"2024-05-15T15:07:00+00:00\",\"description\":\"Jus Orange , Carotte & Citron Pago - bouteille de 75cL - Plongez dans l'univers exaltant de la gamme ACE.\",\"breadcrumb\":{\"@id\":\"https:\\\/\\\/my-french-grocery.com\\\/fr\\\/produit\\\/jus-orange-carotte-citron-pago\\\/#breadcrumb\"},\"inLanguage\":\"fr-FR\",\"potentialAction\":[{\"@type\":\"ReadAction\",\"target\":[\"https:\\\/\\\/my-french-grocery.com\\\/fr\\\/produit\\\/jus-orange-carotte-citron-pago\\\/\"]}]},{\"@type\":\"ImageObject\",\"inLanguage\":\"fr-FR\",\"@id\":\"https:\\\/\\\/my-french-grocery.com\\\/fr\\\/produit\\\/jus-orange-carotte-citron-pago\\\/#primaryimage\",\"url\":\"https:\\\/\\\/my-french-grocery.com\\\/wp-content\\\/uploads\\\/2024\\\/05\\\/Orange-carrot-lemon-drink-ACE-vitamins-Pago.webp\",\"contentUrl\":\"https:\\\/\\\/my-french-grocery.com\\\/wp-content\\\/uploads\\\/2024\\\/05\\\/Orange-carrot-lemon-drink-ACE-vitamins-Pago.webp\",\"width\":1200,\"height\":1200,\"caption\":\"Jus Orange , Carotte & Citron Pago\"},{\"@type\":\"BreadcrumbList\",\"@id\":\"https:\\\/\\\/my-french-grocery.com\\\/fr\\\/produit\\\/jus-orange-carotte-citron-pago\\\/#breadcrumb\",\"itemListElement\":[{\"@type\":\"ListItem\",\"position\":1,\"name\":\"Home\",\"item\":\"https:\\\/\\\/my-french-grocery.com\\\/fr\\\/\"},{\"@type\":\"ListItem\",\"position\":2,\"name\":\"Shop\",\"item\":\"https:\\\/\\\/my-french-grocery.com\\\/shop\\\/\"},{\"@type\":\"ListItem\",\"position\":3,\"name\":\"Boissons - Vins - Champagnes\",\"item\":\"https:\\\/\\\/my-french-grocery.com\\\/fr\\\/categorie-produit\\\/boissons-vins-champagnes\\\/\"},{\"@type\":\"ListItem\",\"position\":4,\"name\":\"Eau, Jus De fruits, Sodas, Sirops\",\"item\":\"https:\\\/\\\/my-french-grocery.com\\\/fr\\\/categorie-produit\\\/boissons-vins-champagnes\\\/eau-jus-de-fruits-sodas-sirops\\\/\"},{\"@type\":\"ListItem\",\"position\":5,\"name\":\"Jus Orange , Carotte &#038; Citron Pago\"}]},{\"@type\":\"WebSite\",\"@id\":\"https:\\\/\\\/my-french-grocery.com\\\/fr\\\/#website\",\"url\":\"https:\\\/\\\/my-french-grocery.com\\\/fr\\\/\",\"name\":\"My French Grocery\",\"description\":\"Your Online French Grocery  !\",\"publisher\":{\"@id\":\"https:\\\/\\\/my-french-grocery.com\\\/fr\\\/#organization\"},\"potentialAction\":[{\"@type\":\"SearchAction\",\"target\":{\"@type\":\"EntryPoint\",\"urlTemplate\":\"https:\\\/\\\/my-french-grocery.com\\\/fr\\\/?s={search_term_string}\"},\"query-input\":{\"@type\":\"PropertyValueSpecification\",\"valueRequired\":true,\"valueName\":\"search_term_string\"}}],\"inLanguage\":\"fr-FR\"},{\"@type\":\"Organization\",\"@id\":\"https:\\\/\\\/my-french-grocery.com\\\/fr\\\/#organization\",\"name\":\"MY FRENCH GROCERY\",\"url\":\"https:\\\/\\\/my-french-grocery.com\\\/fr\\\/\",\"logo\":{\"@type\":\"ImageObject\",\"inLanguage\":\"fr-FR\",\"@id\":\"https:\\\/\\\/my-french-grocery.com\\\/fr\\\/#\\\/schema\\\/logo\\\/image\\\/\",\"url\":\"https:\\\/\\\/my-french-grocery.com\\\/wp-content\\\/uploads\\\/2021\\\/11\\\/My-French-Grocery-Online-French-Grocery.png\",\"contentUrl\":\"https:\\\/\\\/my-french-grocery.com\\\/wp-content\\\/uploads\\\/2021\\\/11\\\/My-French-Grocery-Online-French-Grocery.png\",\"width\":100,\"height\":100,\"caption\":\"MY FRENCH GROCERY\"},\"image\":{\"@id\":\"https:\\\/\\\/my-french-grocery.com\\\/fr\\\/#\\\/schema\\\/logo\\\/image\\\/\"},\"sameAs\":[\"https:\\\/\\\/www.facebook.com\\\/myfrenchgrocery\\\/\"]}]}<\/script>\n<!-- \/ Yoast SEO plugin. -->","yoast_head_json":{"title":"Jus Orange , Carotte & Citron Pago | Acheter En Ligne | My French Grocery","description":"Jus Orange , Carotte & Citron Pago - bouteille de 75cL - Plongez dans l'univers exaltant de la gamme ACE.","robots":{"index":"index","follow":"follow","max-snippet":"max-snippet:-1","max-image-preview":"max-image-preview:large","max-video-preview":"max-video-preview:-1"},"canonical":"https:\/\/my-french-grocery.com\/fr\/produit\/jus-orange-carotte-citron-pago\/","og_locale":"fr_FR","og_type":"article","og_title":"Jus Orange , Carotte & Citron Pago | Acheter En Ligne | My French Grocery","og_description":"Jus Orange , Carotte & Citron Pago - bouteille de 75cL - Plongez dans l'univers exaltant de la gamme ACE.","og_url":"https:\/\/my-french-grocery.com\/fr\/produit\/jus-orange-carotte-citron-pago\/","og_site_name":"My French Grocery","article_publisher":"https:\/\/www.facebook.com\/myfrenchgrocery\/","article_modified_time":"2024-05-15T15:07:00+00:00","og_image":[{"width":1200,"height":1200,"url":"https:\/\/my-french-grocery.com\/wp-content\/uploads\/2024\/05\/Orange-carrot-lemon-drink-ACE-vitamins-Pago.webp","type":"image\/webp"}],"twitter_card":"summary_large_image","twitter_misc":{"Dur\u00e9e de lecture estim\u00e9e":"1 minute"},"schema":{"@context":"https:\/\/schema.org","@graph":[{"@type":"WebPage","@id":"https:\/\/my-french-grocery.com\/fr\/produit\/jus-orange-carotte-citron-pago\/","url":"https:\/\/my-french-grocery.com\/fr\/produit\/jus-orange-carotte-citron-pago\/","name":"Jus Orange , Carotte & Citron Pago | Acheter En Ligne | My French Grocery","isPartOf":{"@id":"https:\/\/my-french-grocery.com\/fr\/#website"},"primaryImageOfPage":{"@id":"https:\/\/my-french-grocery.com\/fr\/produit\/jus-orange-carotte-citron-pago\/#primaryimage"},"image":{"@id":"https:\/\/my-french-grocery.com\/fr\/produit\/jus-orange-carotte-citron-pago\/#primaryimage"},"thumbnailUrl":"https:\/\/my-french-grocery.com\/wp-content\/uploads\/2024\/05\/Orange-carrot-lemon-drink-ACE-vitamins-Pago.webp","datePublished":"2024-05-15T12:14:05+00:00","dateModified":"2024-05-15T15:07:00+00:00","description":"Jus Orange , Carotte & Citron Pago - bouteille de 75cL - Plongez dans l'univers exaltant de la gamme ACE.","breadcrumb":{"@id":"https:\/\/my-french-grocery.com\/fr\/produit\/jus-orange-carotte-citron-pago\/#breadcrumb"},"inLanguage":"fr-FR","potentialAction":[{"@type":"ReadAction","target":["https:\/\/my-french-grocery.com\/fr\/produit\/jus-orange-carotte-citron-pago\/"]}]},{"@type":"ImageObject","inLanguage":"fr-FR","@id":"https:\/\/my-french-grocery.com\/fr\/produit\/jus-orange-carotte-citron-pago\/#primaryimage","url":"https:\/\/my-french-grocery.com\/wp-content\/uploads\/2024\/05\/Orange-carrot-lemon-drink-ACE-vitamins-Pago.webp","contentUrl":"https:\/\/my-french-grocery.com\/wp-content\/uploads\/2024\/05\/Orange-carrot-lemon-drink-ACE-vitamins-Pago.webp","width":1200,"height":1200,"caption":"Jus Orange , Carotte & Citron Pago"},{"@type":"BreadcrumbList","@id":"https:\/\/my-french-grocery.com\/fr\/produit\/jus-orange-carotte-citron-pago\/#breadcrumb","itemListElement":[{"@type":"ListItem","position":1,"name":"Home","item":"https:\/\/my-french-grocery.com\/fr\/"},{"@type":"ListItem","position":2,"name":"Shop","item":"https:\/\/my-french-grocery.com\/shop\/"},{"@type":"ListItem","position":3,"name":"Boissons - Vins - Champagnes","item":"https:\/\/my-french-grocery.com\/fr\/categorie-produit\/boissons-vins-champagnes\/"},{"@type":"ListItem","position":4,"name":"Eau, Jus De fruits, Sodas, Sirops","item":"https:\/\/my-french-grocery.com\/fr\/categorie-produit\/boissons-vins-champagnes\/eau-jus-de-fruits-sodas-sirops\/"},{"@type":"ListItem","position":5,"name":"Jus Orange , Carotte &#038; Citron Pago"}]},{"@type":"WebSite","@id":"https:\/\/my-french-grocery.com\/fr\/#website","url":"https:\/\/my-french-grocery.com\/fr\/","name":"My French Grocery","description":"Your Online French Grocery  !","publisher":{"@id":"https:\/\/my-french-grocery.com\/fr\/#organization"},"potentialAction":[{"@type":"SearchAction","target":{"@type":"EntryPoint","urlTemplate":"https:\/\/my-french-grocery.com\/fr\/?s={search_term_string}"},"query-input":{"@type":"PropertyValueSpecification","valueRequired":true,"valueName":"search_term_string"}}],"inLanguage":"fr-FR"},{"@type":"Organization","@id":"https:\/\/my-french-grocery.com\/fr\/#organization","name":"MY FRENCH GROCERY","url":"https:\/\/my-french-grocery.com\/fr\/","logo":{"@type":"ImageObject","inLanguage":"fr-FR","@id":"https:\/\/my-french-grocery.com\/fr\/#\/schema\/logo\/image\/","url":"https:\/\/my-french-grocery.com\/wp-content\/uploads\/2021\/11\/My-French-Grocery-Online-French-Grocery.png","contentUrl":"https:\/\/my-french-grocery.com\/wp-content\/uploads\/2021\/11\/My-French-Grocery-Online-French-Grocery.png","width":100,"height":100,"caption":"MY FRENCH GROCERY"},"image":{"@id":"https:\/\/my-french-grocery.com\/fr\/#\/schema\/logo\/image\/"},"sameAs":["https:\/\/www.facebook.com\/myfrenchgrocery\/"]}]}},"brands":[{"id":3693,"name":"Pago","slug":"pago-fr"}],"_links":{"self":[{"href":"https:\/\/my-french-grocery.com\/fr\/wp-json\/wp\/v2\/product\/40269","targetHints":{"allow":["GET"]}}],"collection":[{"href":"https:\/\/my-french-grocery.com\/fr\/wp-json\/wp\/v2\/product"}],"about":[{"href":"https:\/\/my-french-grocery.com\/fr\/wp-json\/wp\/v2\/types\/product"}],"replies":[{"embeddable":true,"href":"https:\/\/my-french-grocery.com\/fr\/wp-json\/wp\/v2\/comments?post=40269"}],"wp:featuredmedia":[{"embeddable":true,"href":"https:\/\/my-french-grocery.com\/fr\/wp-json\/wp\/v2\/media\/40273"}],"wp:attachment":[{"href":"https:\/\/my-french-grocery.com\/fr\/wp-json\/wp\/v2\/media?parent=40269"}],"wp:term":[{"taxonomy":"pwb-brand","embeddable":true,"href":"https:\/\/my-french-grocery.com\/fr\/wp-json\/wp\/v2\/pwb-brand?post=40269"},{"taxonomy":"product_brand","embeddable":true,"href":"https:\/\/my-french-grocery.com\/fr\/wp-json\/wp\/v2\/product_brand?post=40269"},{"taxonomy":"product_cat","embeddable":true,"href":"https:\/\/my-french-grocery.com\/fr\/wp-json\/wp\/v2\/product_cat?post=40269"},{"taxonomy":"product_tag","embeddable":true,"href":"https:\/\/my-french-grocery.com\/fr\/wp-json\/wp\/v2\/product_tag?post=40269"}],"curies":[{"name":"wp","href":"https:\/\/api.w.org\/{rel}","templated":true}]}}