{"id":40494,"date":"2024-05-26T17:52:31","date_gmt":"2024-05-26T15:52:32","guid":{"rendered":"https:\/\/my-french-grocery.com\/?post_type=product&#038;p=40494"},"modified":"2024-05-28T18:14:30","modified_gmt":"2024-05-28T16:14:30","slug":"gel-douche-surgras-karite-cadum","status":"publish","type":"product","link":"https:\/\/my-french-grocery.com\/fr\/produit\/gel-douche-surgras-karite-cadum\/","title":{"rendered":"Gel Douche Surgras Karit\u00e9 Cadum"},"content":{"rendered":"<p>Gel Douche Surgras Karit\u00e9 Cadum<\/p>\n<p>flacon de 450ml<\/p>\n<div class=\"secondary-details__description\">\n<div class=\"secondary-details-intro\">\n<div class=\"regulated-name\">\n<div class=\"secondary-details-intro\">\n<div class=\"regulated-name\">\n<div class=\"secondary-details-intro\">\n<div class=\"regulated-name\">\n<div class=\"product-description__feature-group-wrapper\">\n<div class=\"product-description__feature-values\">Sa formule Surgras au beurre de karit\u00e9 enrichie \u00e0 l\u2019huile d\u2019amandes douces Bio est id\u00e9ale pour prot\u00e9ger les peaux s\u00e8ches. Elle nettoie en douceur votre peau et l\u2019enveloppe d\u2019une mousse riche et g\u00e9n\u00e9reuse. Elle vous apporte soin et douceur pendant 24h,.<\/div>\n<\/div>\n<div class=\"product-description__feature-group-wrapper\"><\/div>\n<\/div>\n<\/div>\n<\/div>\n<\/div>\n<\/div>\n<\/div>\n<\/div>\n","protected":false},"excerpt":{"rendered":"<p>Gel Douche Surgras Karit\u00e9 Cadum<\/p>\n<p>flacon de 450ml<\/p>\n","protected":false},"featured_media":40498,"comment_status":"open","ping_status":"closed","template":"","meta":[],"pwb-brand":[3726],"product_brand":[],"product_cat":[993],"product_tag":[3725,1992],"class_list":{"0":"post-40494","1":"product","2":"type-product","3":"status-publish","4":"has-post-thumbnail","6":"pwb-brand-cadum-fr","7":"product_cat-gel-douche","8":"product_tag-cadum-fr","9":"product_tag-gel-douche","11":"first","12":"instock","13":"taxable","14":"shipping-taxable","15":"purchasable","16":"product-type-simple"},"brands":[{"id":3726,"name":"Cadum","slug":"cadum-fr"}],"_links":{"self":[{"href":"https:\/\/my-french-grocery.com\/fr\/wp-json\/wp\/v2\/product\/40494","targetHints":{"allow":["GET"]}}],"collection":[{"href":"https:\/\/my-french-grocery.com\/fr\/wp-json\/wp\/v2\/product"}],"about":[{"href":"https:\/\/my-french-grocery.com\/fr\/wp-json\/wp\/v2\/types\/product"}],"replies":[{"embeddable":true,"href":"https:\/\/my-french-grocery.com\/fr\/wp-json\/wp\/v2\/comments?post=40494"}],"wp:featuredmedia":[{"embeddable":true,"href":"https:\/\/my-french-grocery.com\/fr\/wp-json\/wp\/v2\/media\/40498"}],"wp:attachment":[{"href":"https:\/\/my-french-grocery.com\/fr\/wp-json\/wp\/v2\/media?parent=40494"}],"wp:term":[{"taxonomy":"pwb-brand","embeddable":true,"href":"https:\/\/my-french-grocery.com\/fr\/wp-json\/wp\/v2\/pwb-brand?post=40494"},{"taxonomy":"product_brand","embeddable":true,"href":"https:\/\/my-french-grocery.com\/fr\/wp-json\/wp\/v2\/product_brand?post=40494"},{"taxonomy":"product_cat","embeddable":true,"href":"https:\/\/my-french-grocery.com\/fr\/wp-json\/wp\/v2\/product_cat?post=40494"},{"taxonomy":"product_tag","embeddable":true,"href":"https:\/\/my-french-grocery.com\/fr\/wp-json\/wp\/v2\/product_tag?post=40494"}],"curies":[{"name":"wp","href":"https:\/\/api.w.org\/{rel}","templated":true}]}}