{"id":40658,"date":"2024-06-02T10:24:18","date_gmt":"2024-06-02T08:24:19","guid":{"rendered":"https:\/\/my-french-grocery.com\/?post_type=product&#038;p=40658"},"modified":"2024-06-02T11:02:28","modified_gmt":"2024-06-02T09:02:28","slug":"petit-sale-aux-lentilles-william-saurin-2","status":"publish","type":"product","link":"https:\/\/my-french-grocery.com\/fr\/produit\/petit-sale-aux-lentilles-william-saurin-2\/","title":{"rendered":"Petit Sal\u00e9 Aux Lentilles William Saurin"},"content":{"rendered":"<p>Petit Sal\u00e9 Aux Lentilles William Saurin<\/p>\n<p>boite de 840 g (2 personnes)<\/p>\n<p>La qualit\u00e9 authentique<br \/>\nTraiteur depuis 1898, William Saurin est l\u2019expert de la Cuisine Fran\u00e7aise dans le respect de la tradition. Les recettes William Saurin sont ainsi naturellement \u00e9quilibr\u00e9es, et c\u2019est gr\u00e2ce \u00e0 leur mode de cuisson, et uniquement \u00e0 cela, que les produits William Saurin se conservent longtemps.<\/p>\n","protected":false},"excerpt":{"rendered":"<p>Petit Sal\u00e9 Aux Lentilles William Saurin<\/p>\n<p>boite de 840 g (2 personnes)<\/p>\n","protected":false},"featured_media":40662,"comment_status":"open","ping_status":"closed","template":"","meta":[],"pwb-brand":[984],"product_brand":[],"product_cat":[1053],"product_tag":[3743,3741,3742],"class_list":{"0":"post-40658","1":"product","2":"type-product","3":"status-publish","4":"has-post-thumbnail","6":"pwb-brand-william-saurin-fr","7":"product_cat-plats-prepares","8":"product_tag-lentilles-fr","9":"product_tag-petit-sale-fr","10":"product_tag-william-saurin-fr","11":"product_shipping_class-expedition-dans-le-monde-entier","13":"first","14":"instock","15":"taxable","16":"shipping-taxable","17":"purchasable","18":"product-type-simple"},"yoast_head":"<!-- This site is optimized with the Yoast SEO plugin v27.3 - https:\/\/yoast.com\/product\/yoast-seo-wordpress\/ -->\n<title>Petit Sal\u00e9 Aux Lentilles William Saurin | Acheter En Ligne | My French Grocery<\/title>\n<meta name=\"description\" content=\"Petit Sal\u00e9 Aux Lentilles William Saurin - boite de 840 g - La qualit\u00e9 authentique Traiteur depuis 1898, William Saurin est l\u2019expert de la Cuisine Fran\u00e7aise dans le respect de la tradition\" \/>\n<meta name=\"robots\" content=\"index, follow, max-snippet:-1, max-image-preview:large, max-video-preview:-1\" \/>\n<link rel=\"canonical\" href=\"https:\/\/my-french-grocery.com\/fr\/produit\/petit-sale-aux-lentilles-william-saurin-2\/\" \/>\n<meta property=\"og:locale\" content=\"fr_FR\" \/>\n<meta property=\"og:type\" content=\"article\" \/>\n<meta property=\"og:title\" content=\"Petit Sal\u00e9 Aux Lentilles William Saurin | Acheter En Ligne | My French Grocery\" \/>\n<meta property=\"og:description\" content=\"Petit Sal\u00e9 Aux Lentilles William Saurin - boite de 840 g - La qualit\u00e9 authentique Traiteur depuis 1898, William Saurin est l\u2019expert de la Cuisine Fran\u00e7aise dans le respect de la tradition\" \/>\n<meta property=\"og:url\" content=\"https:\/\/my-french-grocery.com\/fr\/produit\/petit-sale-aux-lentilles-william-saurin-2\/\" \/>\n<meta property=\"og:site_name\" content=\"My French Grocery\" \/>\n<meta property=\"article:publisher\" content=\"https:\/\/www.facebook.com\/myfrenchgrocery\/\" \/>\n<meta property=\"article:modified_time\" content=\"2024-06-02T09:02:28+00:00\" \/>\n<meta property=\"og:image\" content=\"https:\/\/my-french-grocery.com\/wp-content\/uploads\/2024\/06\/Petit-Sale-cooked-dish-with-lentils-WILLIAM-SAURIN.webp\" \/>\n\t<meta property=\"og:image:width\" content=\"1500\" \/>\n\t<meta property=\"og:image:height\" content=\"1500\" \/>\n\t<meta property=\"og:image:type\" content=\"image\/webp\" \/>\n<meta name=\"twitter:card\" content=\"summary_large_image\" \/>\n<meta name=\"twitter:label1\" content=\"Dur\u00e9e de lecture estim\u00e9e\" \/>\n\t<meta name=\"twitter:data1\" content=\"1 minute\" \/>\n<script type=\"application\/ld+json\" class=\"yoast-schema-graph\">{\"@context\":\"https:\\\/\\\/schema.org\",\"@graph\":[{\"@type\":\"WebPage\",\"@id\":\"https:\\\/\\\/my-french-grocery.com\\\/fr\\\/produit\\\/petit-sale-aux-lentilles-william-saurin-2\\\/\",\"url\":\"https:\\\/\\\/my-french-grocery.com\\\/fr\\\/produit\\\/petit-sale-aux-lentilles-william-saurin-2\\\/\",\"name\":\"Petit Sal\u00e9 Aux Lentilles William Saurin | Acheter En Ligne | My French Grocery\",\"isPartOf\":{\"@id\":\"https:\\\/\\\/my-french-grocery.com\\\/fr\\\/#website\"},\"primaryImageOfPage\":{\"@id\":\"https:\\\/\\\/my-french-grocery.com\\\/fr\\\/produit\\\/petit-sale-aux-lentilles-william-saurin-2\\\/#primaryimage\"},\"image\":{\"@id\":\"https:\\\/\\\/my-french-grocery.com\\\/fr\\\/produit\\\/petit-sale-aux-lentilles-william-saurin-2\\\/#primaryimage\"},\"thumbnailUrl\":\"https:\\\/\\\/my-french-grocery.com\\\/wp-content\\\/uploads\\\/2024\\\/06\\\/Petit-Sale-cooked-dish-with-lentils-WILLIAM-SAURIN.webp\",\"datePublished\":\"2024-06-02T08:24:19+00:00\",\"dateModified\":\"2024-06-02T09:02:28+00:00\",\"description\":\"Petit Sal\u00e9 Aux Lentilles William Saurin - boite de 840 g - La qualit\u00e9 authentique Traiteur depuis 1898, William Saurin est l\u2019expert de la Cuisine Fran\u00e7aise dans le respect de la tradition\",\"breadcrumb\":{\"@id\":\"https:\\\/\\\/my-french-grocery.com\\\/fr\\\/produit\\\/petit-sale-aux-lentilles-william-saurin-2\\\/#breadcrumb\"},\"inLanguage\":\"fr-FR\",\"potentialAction\":[{\"@type\":\"ReadAction\",\"target\":[\"https:\\\/\\\/my-french-grocery.com\\\/fr\\\/produit\\\/petit-sale-aux-lentilles-william-saurin-2\\\/\"]}]},{\"@type\":\"ImageObject\",\"inLanguage\":\"fr-FR\",\"@id\":\"https:\\\/\\\/my-french-grocery.com\\\/fr\\\/produit\\\/petit-sale-aux-lentilles-william-saurin-2\\\/#primaryimage\",\"url\":\"https:\\\/\\\/my-french-grocery.com\\\/wp-content\\\/uploads\\\/2024\\\/06\\\/Petit-Sale-cooked-dish-with-lentils-WILLIAM-SAURIN.webp\",\"contentUrl\":\"https:\\\/\\\/my-french-grocery.com\\\/wp-content\\\/uploads\\\/2024\\\/06\\\/Petit-Sale-cooked-dish-with-lentils-WILLIAM-SAURIN.webp\",\"width\":1500,\"height\":1500,\"caption\":\"Petit Sal\u00e9 Aux Lentilles William Saurin\"},{\"@type\":\"BreadcrumbList\",\"@id\":\"https:\\\/\\\/my-french-grocery.com\\\/fr\\\/produit\\\/petit-sale-aux-lentilles-william-saurin-2\\\/#breadcrumb\",\"itemListElement\":[{\"@type\":\"ListItem\",\"position\":1,\"name\":\"Home\",\"item\":\"https:\\\/\\\/my-french-grocery.com\\\/fr\\\/\"},{\"@type\":\"ListItem\",\"position\":2,\"name\":\"Shop\",\"item\":\"https:\\\/\\\/my-french-grocery.com\\\/shop\\\/\"},{\"@type\":\"ListItem\",\"position\":3,\"name\":\"Alimentation\",\"item\":\"https:\\\/\\\/my-french-grocery.com\\\/fr\\\/categorie-produit\\\/alimentation\\\/\"},{\"@type\":\"ListItem\",\"position\":4,\"name\":\"Conserves &amp; Plats Pr\u00e9par\u00e9s\",\"item\":\"https:\\\/\\\/my-french-grocery.com\\\/fr\\\/categorie-produit\\\/alimentation\\\/conserves-plats-prepares\\\/\"},{\"@type\":\"ListItem\",\"position\":5,\"name\":\"Plats Pr\u00e9par\u00e9s\",\"item\":\"https:\\\/\\\/my-french-grocery.com\\\/fr\\\/categorie-produit\\\/alimentation\\\/conserves-plats-prepares\\\/plats-prepares\\\/\"},{\"@type\":\"ListItem\",\"position\":6,\"name\":\"Petit Sal\u00e9 Aux Lentilles William Saurin\"}]},{\"@type\":\"WebSite\",\"@id\":\"https:\\\/\\\/my-french-grocery.com\\\/fr\\\/#website\",\"url\":\"https:\\\/\\\/my-french-grocery.com\\\/fr\\\/\",\"name\":\"My French Grocery\",\"description\":\"Your Online French Grocery  !\",\"publisher\":{\"@id\":\"https:\\\/\\\/my-french-grocery.com\\\/fr\\\/#organization\"},\"potentialAction\":[{\"@type\":\"SearchAction\",\"target\":{\"@type\":\"EntryPoint\",\"urlTemplate\":\"https:\\\/\\\/my-french-grocery.com\\\/fr\\\/?s={search_term_string}\"},\"query-input\":{\"@type\":\"PropertyValueSpecification\",\"valueRequired\":true,\"valueName\":\"search_term_string\"}}],\"inLanguage\":\"fr-FR\"},{\"@type\":\"Organization\",\"@id\":\"https:\\\/\\\/my-french-grocery.com\\\/fr\\\/#organization\",\"name\":\"MY FRENCH GROCERY\",\"url\":\"https:\\\/\\\/my-french-grocery.com\\\/fr\\\/\",\"logo\":{\"@type\":\"ImageObject\",\"inLanguage\":\"fr-FR\",\"@id\":\"https:\\\/\\\/my-french-grocery.com\\\/fr\\\/#\\\/schema\\\/logo\\\/image\\\/\",\"url\":\"https:\\\/\\\/my-french-grocery.com\\\/wp-content\\\/uploads\\\/2021\\\/11\\\/My-French-Grocery-Online-French-Grocery.png\",\"contentUrl\":\"https:\\\/\\\/my-french-grocery.com\\\/wp-content\\\/uploads\\\/2021\\\/11\\\/My-French-Grocery-Online-French-Grocery.png\",\"width\":100,\"height\":100,\"caption\":\"MY FRENCH GROCERY\"},\"image\":{\"@id\":\"https:\\\/\\\/my-french-grocery.com\\\/fr\\\/#\\\/schema\\\/logo\\\/image\\\/\"},\"sameAs\":[\"https:\\\/\\\/www.facebook.com\\\/myfrenchgrocery\\\/\"]}]}<\/script>\n<!-- \/ Yoast SEO plugin. -->","yoast_head_json":{"title":"Petit Sal\u00e9 Aux Lentilles William Saurin | Acheter En Ligne | My French Grocery","description":"Petit Sal\u00e9 Aux Lentilles William Saurin - boite de 840 g - La qualit\u00e9 authentique Traiteur depuis 1898, William Saurin est l\u2019expert de la Cuisine Fran\u00e7aise dans le respect de la tradition","robots":{"index":"index","follow":"follow","max-snippet":"max-snippet:-1","max-image-preview":"max-image-preview:large","max-video-preview":"max-video-preview:-1"},"canonical":"https:\/\/my-french-grocery.com\/fr\/produit\/petit-sale-aux-lentilles-william-saurin-2\/","og_locale":"fr_FR","og_type":"article","og_title":"Petit Sal\u00e9 Aux Lentilles William Saurin | Acheter En Ligne | My French Grocery","og_description":"Petit Sal\u00e9 Aux Lentilles William Saurin - boite de 840 g - La qualit\u00e9 authentique Traiteur depuis 1898, William Saurin est l\u2019expert de la Cuisine Fran\u00e7aise dans le respect de la tradition","og_url":"https:\/\/my-french-grocery.com\/fr\/produit\/petit-sale-aux-lentilles-william-saurin-2\/","og_site_name":"My French Grocery","article_publisher":"https:\/\/www.facebook.com\/myfrenchgrocery\/","article_modified_time":"2024-06-02T09:02:28+00:00","og_image":[{"width":1500,"height":1500,"url":"https:\/\/my-french-grocery.com\/wp-content\/uploads\/2024\/06\/Petit-Sale-cooked-dish-with-lentils-WILLIAM-SAURIN.webp","type":"image\/webp"}],"twitter_card":"summary_large_image","twitter_misc":{"Dur\u00e9e de lecture estim\u00e9e":"1 minute"},"schema":{"@context":"https:\/\/schema.org","@graph":[{"@type":"WebPage","@id":"https:\/\/my-french-grocery.com\/fr\/produit\/petit-sale-aux-lentilles-william-saurin-2\/","url":"https:\/\/my-french-grocery.com\/fr\/produit\/petit-sale-aux-lentilles-william-saurin-2\/","name":"Petit Sal\u00e9 Aux Lentilles William Saurin | Acheter En Ligne | My French Grocery","isPartOf":{"@id":"https:\/\/my-french-grocery.com\/fr\/#website"},"primaryImageOfPage":{"@id":"https:\/\/my-french-grocery.com\/fr\/produit\/petit-sale-aux-lentilles-william-saurin-2\/#primaryimage"},"image":{"@id":"https:\/\/my-french-grocery.com\/fr\/produit\/petit-sale-aux-lentilles-william-saurin-2\/#primaryimage"},"thumbnailUrl":"https:\/\/my-french-grocery.com\/wp-content\/uploads\/2024\/06\/Petit-Sale-cooked-dish-with-lentils-WILLIAM-SAURIN.webp","datePublished":"2024-06-02T08:24:19+00:00","dateModified":"2024-06-02T09:02:28+00:00","description":"Petit Sal\u00e9 Aux Lentilles William Saurin - boite de 840 g - La qualit\u00e9 authentique Traiteur depuis 1898, William Saurin est l\u2019expert de la Cuisine Fran\u00e7aise dans le respect de la tradition","breadcrumb":{"@id":"https:\/\/my-french-grocery.com\/fr\/produit\/petit-sale-aux-lentilles-william-saurin-2\/#breadcrumb"},"inLanguage":"fr-FR","potentialAction":[{"@type":"ReadAction","target":["https:\/\/my-french-grocery.com\/fr\/produit\/petit-sale-aux-lentilles-william-saurin-2\/"]}]},{"@type":"ImageObject","inLanguage":"fr-FR","@id":"https:\/\/my-french-grocery.com\/fr\/produit\/petit-sale-aux-lentilles-william-saurin-2\/#primaryimage","url":"https:\/\/my-french-grocery.com\/wp-content\/uploads\/2024\/06\/Petit-Sale-cooked-dish-with-lentils-WILLIAM-SAURIN.webp","contentUrl":"https:\/\/my-french-grocery.com\/wp-content\/uploads\/2024\/06\/Petit-Sale-cooked-dish-with-lentils-WILLIAM-SAURIN.webp","width":1500,"height":1500,"caption":"Petit Sal\u00e9 Aux Lentilles William Saurin"},{"@type":"BreadcrumbList","@id":"https:\/\/my-french-grocery.com\/fr\/produit\/petit-sale-aux-lentilles-william-saurin-2\/#breadcrumb","itemListElement":[{"@type":"ListItem","position":1,"name":"Home","item":"https:\/\/my-french-grocery.com\/fr\/"},{"@type":"ListItem","position":2,"name":"Shop","item":"https:\/\/my-french-grocery.com\/shop\/"},{"@type":"ListItem","position":3,"name":"Alimentation","item":"https:\/\/my-french-grocery.com\/fr\/categorie-produit\/alimentation\/"},{"@type":"ListItem","position":4,"name":"Conserves &amp; Plats Pr\u00e9par\u00e9s","item":"https:\/\/my-french-grocery.com\/fr\/categorie-produit\/alimentation\/conserves-plats-prepares\/"},{"@type":"ListItem","position":5,"name":"Plats Pr\u00e9par\u00e9s","item":"https:\/\/my-french-grocery.com\/fr\/categorie-produit\/alimentation\/conserves-plats-prepares\/plats-prepares\/"},{"@type":"ListItem","position":6,"name":"Petit Sal\u00e9 Aux Lentilles William Saurin"}]},{"@type":"WebSite","@id":"https:\/\/my-french-grocery.com\/fr\/#website","url":"https:\/\/my-french-grocery.com\/fr\/","name":"My French Grocery","description":"Your Online French Grocery  !","publisher":{"@id":"https:\/\/my-french-grocery.com\/fr\/#organization"},"potentialAction":[{"@type":"SearchAction","target":{"@type":"EntryPoint","urlTemplate":"https:\/\/my-french-grocery.com\/fr\/?s={search_term_string}"},"query-input":{"@type":"PropertyValueSpecification","valueRequired":true,"valueName":"search_term_string"}}],"inLanguage":"fr-FR"},{"@type":"Organization","@id":"https:\/\/my-french-grocery.com\/fr\/#organization","name":"MY FRENCH GROCERY","url":"https:\/\/my-french-grocery.com\/fr\/","logo":{"@type":"ImageObject","inLanguage":"fr-FR","@id":"https:\/\/my-french-grocery.com\/fr\/#\/schema\/logo\/image\/","url":"https:\/\/my-french-grocery.com\/wp-content\/uploads\/2021\/11\/My-French-Grocery-Online-French-Grocery.png","contentUrl":"https:\/\/my-french-grocery.com\/wp-content\/uploads\/2021\/11\/My-French-Grocery-Online-French-Grocery.png","width":100,"height":100,"caption":"MY FRENCH GROCERY"},"image":{"@id":"https:\/\/my-french-grocery.com\/fr\/#\/schema\/logo\/image\/"},"sameAs":["https:\/\/www.facebook.com\/myfrenchgrocery\/"]}]}},"brands":[{"id":984,"name":"William Saurin","slug":"william-saurin-fr"}],"_links":{"self":[{"href":"https:\/\/my-french-grocery.com\/fr\/wp-json\/wp\/v2\/product\/40658","targetHints":{"allow":["GET"]}}],"collection":[{"href":"https:\/\/my-french-grocery.com\/fr\/wp-json\/wp\/v2\/product"}],"about":[{"href":"https:\/\/my-french-grocery.com\/fr\/wp-json\/wp\/v2\/types\/product"}],"replies":[{"embeddable":true,"href":"https:\/\/my-french-grocery.com\/fr\/wp-json\/wp\/v2\/comments?post=40658"}],"wp:featuredmedia":[{"embeddable":true,"href":"https:\/\/my-french-grocery.com\/fr\/wp-json\/wp\/v2\/media\/40662"}],"wp:attachment":[{"href":"https:\/\/my-french-grocery.com\/fr\/wp-json\/wp\/v2\/media?parent=40658"}],"wp:term":[{"taxonomy":"pwb-brand","embeddable":true,"href":"https:\/\/my-french-grocery.com\/fr\/wp-json\/wp\/v2\/pwb-brand?post=40658"},{"taxonomy":"product_brand","embeddable":true,"href":"https:\/\/my-french-grocery.com\/fr\/wp-json\/wp\/v2\/product_brand?post=40658"},{"taxonomy":"product_cat","embeddable":true,"href":"https:\/\/my-french-grocery.com\/fr\/wp-json\/wp\/v2\/product_cat?post=40658"},{"taxonomy":"product_tag","embeddable":true,"href":"https:\/\/my-french-grocery.com\/fr\/wp-json\/wp\/v2\/product_tag?post=40658"}],"curies":[{"name":"wp","href":"https:\/\/api.w.org\/{rel}","templated":true}]}}