{"id":41390,"date":"2024-07-27T18:08:06","date_gmt":"2024-07-27T16:08:07","guid":{"rendered":"https:\/\/my-french-grocery.com\/?post_type=product&#038;p=41390"},"modified":"2024-09-05T08:46:24","modified_gmt":"2024-09-05T06:46:24","slug":"bonbons-haribo-carensac","status":"publish","type":"product","link":"https:\/\/my-french-grocery.com\/fr\/produit\/bonbons-haribo-carensac\/","title":{"rendered":"Bonbons Haribo Carensac"},"content":{"rendered":"<p>Bonbons Haribo Carensac<\/p>\n<p>Sachet de 250 g<\/p>\n<div id=\"product-description\" class=\"main-details__block product-content\">\n<div class=\"product-content__content c-text c-text--size-s c-text--style-p\">\n<div>Une drag\u00e9e color\u00e9e au bon go\u00fbt de r\u00e9glisse. Sans g\u00e9latine<\/div>\n<\/div>\n<\/div>\n<div id=\"product-ingredients\" class=\"main-details__block product-content\">\n<div class=\"product-content__title\"><\/div>\n<\/div>\n","protected":false},"excerpt":{"rendered":"<p>Bonbons Haribo Carensac<\/p>\n<p>Sachet de 250 g<\/p>\n<div id=\"product-description\" class=\"main-details__block product-content\">\n<div class=\"product-content__content c-text c-text--size-s c-text--style-p\">\n<div><\/div>\n<\/div>\n<\/div>\n","protected":false},"featured_media":41394,"comment_status":"open","ping_status":"closed","template":"","meta":[],"pwb-brand":[642],"product_brand":[],"product_cat":[449],"product_tag":[3771,1222],"class_list":{"0":"post-41390","1":"product","2":"type-product","3":"status-publish","4":"has-post-thumbnail","6":"pwb-brand-haribo-fr","7":"product_cat-bonbons","8":"product_tag-carensac-fr","9":"product_tag-haribo-fr","10":"product_shipping_class-expedition-dans-le-monde-entier","12":"first","13":"instock","14":"taxable","15":"shipping-taxable","16":"purchasable","17":"product-type-simple"},"yoast_head":"<!-- This site is optimized with the Yoast SEO plugin v27.3 - https:\/\/yoast.com\/product\/yoast-seo-wordpress\/ -->\n<title>Bonbons Haribo Carensac | Acheter En Ligne | My French Grocery<\/title>\n<meta name=\"description\" content=\"Bonbons Haribo Carensac - Sachet de 250 g - Une drag\u00e9e color\u00e9e au bon go\u00fbt de r\u00e9glisse.\" \/>\n<meta name=\"robots\" content=\"index, follow, max-snippet:-1, max-image-preview:large, max-video-preview:-1\" \/>\n<link rel=\"canonical\" href=\"https:\/\/my-french-grocery.com\/fr\/produit\/bonbons-haribo-carensac\/\" \/>\n<meta property=\"og:locale\" content=\"fr_FR\" \/>\n<meta property=\"og:type\" content=\"article\" \/>\n<meta property=\"og:title\" content=\"Bonbons Haribo Carensac | Acheter En Ligne | My French Grocery\" \/>\n<meta property=\"og:description\" content=\"Bonbons Haribo Carensac - Sachet de 250 g - Une drag\u00e9e color\u00e9e au bon go\u00fbt de r\u00e9glisse.\" \/>\n<meta property=\"og:url\" content=\"https:\/\/my-french-grocery.com\/fr\/produit\/bonbons-haribo-carensac\/\" \/>\n<meta property=\"og:site_name\" content=\"My French Grocery\" \/>\n<meta property=\"article:publisher\" content=\"https:\/\/www.facebook.com\/myfrenchgrocery\/\" \/>\n<meta property=\"article:modified_time\" content=\"2024-09-05T06:46:24+00:00\" \/>\n<meta property=\"og:image\" content=\"https:\/\/my-french-grocery.com\/wp-content\/uploads\/2024\/07\/haribo-carensac.webp\" \/>\n\t<meta property=\"og:image:width\" content=\"1500\" \/>\n\t<meta property=\"og:image:height\" content=\"1500\" \/>\n\t<meta property=\"og:image:type\" content=\"image\/webp\" \/>\n<meta name=\"twitter:card\" content=\"summary_large_image\" \/>\n<meta name=\"twitter:label1\" content=\"Dur\u00e9e de lecture estim\u00e9e\" \/>\n\t<meta name=\"twitter:data1\" content=\"1 minute\" \/>\n<script type=\"application\/ld+json\" class=\"yoast-schema-graph\">{\"@context\":\"https:\\\/\\\/schema.org\",\"@graph\":[{\"@type\":\"WebPage\",\"@id\":\"https:\\\/\\\/my-french-grocery.com\\\/fr\\\/produit\\\/bonbons-haribo-carensac\\\/\",\"url\":\"https:\\\/\\\/my-french-grocery.com\\\/fr\\\/produit\\\/bonbons-haribo-carensac\\\/\",\"name\":\"Bonbons Haribo Carensac | Acheter En Ligne | My French Grocery\",\"isPartOf\":{\"@id\":\"https:\\\/\\\/my-french-grocery.com\\\/fr\\\/#website\"},\"primaryImageOfPage\":{\"@id\":\"https:\\\/\\\/my-french-grocery.com\\\/fr\\\/produit\\\/bonbons-haribo-carensac\\\/#primaryimage\"},\"image\":{\"@id\":\"https:\\\/\\\/my-french-grocery.com\\\/fr\\\/produit\\\/bonbons-haribo-carensac\\\/#primaryimage\"},\"thumbnailUrl\":\"https:\\\/\\\/my-french-grocery.com\\\/wp-content\\\/uploads\\\/2024\\\/07\\\/haribo-carensac.webp\",\"datePublished\":\"2024-07-27T16:08:07+00:00\",\"dateModified\":\"2024-09-05T06:46:24+00:00\",\"description\":\"Bonbons Haribo Carensac - Sachet de 250 g - Une drag\u00e9e color\u00e9e au bon go\u00fbt de r\u00e9glisse.\",\"breadcrumb\":{\"@id\":\"https:\\\/\\\/my-french-grocery.com\\\/fr\\\/produit\\\/bonbons-haribo-carensac\\\/#breadcrumb\"},\"inLanguage\":\"fr-FR\",\"potentialAction\":[{\"@type\":\"ReadAction\",\"target\":[\"https:\\\/\\\/my-french-grocery.com\\\/fr\\\/produit\\\/bonbons-haribo-carensac\\\/\"]}]},{\"@type\":\"ImageObject\",\"inLanguage\":\"fr-FR\",\"@id\":\"https:\\\/\\\/my-french-grocery.com\\\/fr\\\/produit\\\/bonbons-haribo-carensac\\\/#primaryimage\",\"url\":\"https:\\\/\\\/my-french-grocery.com\\\/wp-content\\\/uploads\\\/2024\\\/07\\\/haribo-carensac.webp\",\"contentUrl\":\"https:\\\/\\\/my-french-grocery.com\\\/wp-content\\\/uploads\\\/2024\\\/07\\\/haribo-carensac.webp\",\"width\":1500,\"height\":1500,\"caption\":\"Bonbons Haribo Carensac\"},{\"@type\":\"BreadcrumbList\",\"@id\":\"https:\\\/\\\/my-french-grocery.com\\\/fr\\\/produit\\\/bonbons-haribo-carensac\\\/#breadcrumb\",\"itemListElement\":[{\"@type\":\"ListItem\",\"position\":1,\"name\":\"Home\",\"item\":\"https:\\\/\\\/my-french-grocery.com\\\/fr\\\/\"},{\"@type\":\"ListItem\",\"position\":2,\"name\":\"Shop\",\"item\":\"https:\\\/\\\/my-french-grocery.com\\\/shop\\\/\"},{\"@type\":\"ListItem\",\"position\":3,\"name\":\"Alimentation\",\"item\":\"https:\\\/\\\/my-french-grocery.com\\\/fr\\\/categorie-produit\\\/alimentation\\\/\"},{\"@type\":\"ListItem\",\"position\":4,\"name\":\"Bonbons &amp; Chocolats\",\"item\":\"https:\\\/\\\/my-french-grocery.com\\\/fr\\\/categorie-produit\\\/alimentation\\\/bonbons-chocolats\\\/\"},{\"@type\":\"ListItem\",\"position\":5,\"name\":\"Bonbons\",\"item\":\"https:\\\/\\\/my-french-grocery.com\\\/fr\\\/categorie-produit\\\/alimentation\\\/bonbons-chocolats\\\/bonbons\\\/\"},{\"@type\":\"ListItem\",\"position\":6,\"name\":\"Bonbons Haribo Carensac\"}]},{\"@type\":\"WebSite\",\"@id\":\"https:\\\/\\\/my-french-grocery.com\\\/fr\\\/#website\",\"url\":\"https:\\\/\\\/my-french-grocery.com\\\/fr\\\/\",\"name\":\"My French Grocery\",\"description\":\"Your Online French Grocery  !\",\"publisher\":{\"@id\":\"https:\\\/\\\/my-french-grocery.com\\\/fr\\\/#organization\"},\"potentialAction\":[{\"@type\":\"SearchAction\",\"target\":{\"@type\":\"EntryPoint\",\"urlTemplate\":\"https:\\\/\\\/my-french-grocery.com\\\/fr\\\/?s={search_term_string}\"},\"query-input\":{\"@type\":\"PropertyValueSpecification\",\"valueRequired\":true,\"valueName\":\"search_term_string\"}}],\"inLanguage\":\"fr-FR\"},{\"@type\":\"Organization\",\"@id\":\"https:\\\/\\\/my-french-grocery.com\\\/fr\\\/#organization\",\"name\":\"MY FRENCH GROCERY\",\"url\":\"https:\\\/\\\/my-french-grocery.com\\\/fr\\\/\",\"logo\":{\"@type\":\"ImageObject\",\"inLanguage\":\"fr-FR\",\"@id\":\"https:\\\/\\\/my-french-grocery.com\\\/fr\\\/#\\\/schema\\\/logo\\\/image\\\/\",\"url\":\"https:\\\/\\\/my-french-grocery.com\\\/wp-content\\\/uploads\\\/2021\\\/11\\\/My-French-Grocery-Online-French-Grocery.png\",\"contentUrl\":\"https:\\\/\\\/my-french-grocery.com\\\/wp-content\\\/uploads\\\/2021\\\/11\\\/My-French-Grocery-Online-French-Grocery.png\",\"width\":100,\"height\":100,\"caption\":\"MY FRENCH GROCERY\"},\"image\":{\"@id\":\"https:\\\/\\\/my-french-grocery.com\\\/fr\\\/#\\\/schema\\\/logo\\\/image\\\/\"},\"sameAs\":[\"https:\\\/\\\/www.facebook.com\\\/myfrenchgrocery\\\/\"]}]}<\/script>\n<!-- \/ Yoast SEO plugin. -->","yoast_head_json":{"title":"Bonbons Haribo Carensac | Acheter En Ligne | My French Grocery","description":"Bonbons Haribo Carensac - Sachet de 250 g - Une drag\u00e9e color\u00e9e au bon go\u00fbt de r\u00e9glisse.","robots":{"index":"index","follow":"follow","max-snippet":"max-snippet:-1","max-image-preview":"max-image-preview:large","max-video-preview":"max-video-preview:-1"},"canonical":"https:\/\/my-french-grocery.com\/fr\/produit\/bonbons-haribo-carensac\/","og_locale":"fr_FR","og_type":"article","og_title":"Bonbons Haribo Carensac | Acheter En Ligne | My French Grocery","og_description":"Bonbons Haribo Carensac - Sachet de 250 g - Une drag\u00e9e color\u00e9e au bon go\u00fbt de r\u00e9glisse.","og_url":"https:\/\/my-french-grocery.com\/fr\/produit\/bonbons-haribo-carensac\/","og_site_name":"My French Grocery","article_publisher":"https:\/\/www.facebook.com\/myfrenchgrocery\/","article_modified_time":"2024-09-05T06:46:24+00:00","og_image":[{"width":1500,"height":1500,"url":"https:\/\/my-french-grocery.com\/wp-content\/uploads\/2024\/07\/haribo-carensac.webp","type":"image\/webp"}],"twitter_card":"summary_large_image","twitter_misc":{"Dur\u00e9e de lecture estim\u00e9e":"1 minute"},"schema":{"@context":"https:\/\/schema.org","@graph":[{"@type":"WebPage","@id":"https:\/\/my-french-grocery.com\/fr\/produit\/bonbons-haribo-carensac\/","url":"https:\/\/my-french-grocery.com\/fr\/produit\/bonbons-haribo-carensac\/","name":"Bonbons Haribo Carensac | Acheter En Ligne | My French Grocery","isPartOf":{"@id":"https:\/\/my-french-grocery.com\/fr\/#website"},"primaryImageOfPage":{"@id":"https:\/\/my-french-grocery.com\/fr\/produit\/bonbons-haribo-carensac\/#primaryimage"},"image":{"@id":"https:\/\/my-french-grocery.com\/fr\/produit\/bonbons-haribo-carensac\/#primaryimage"},"thumbnailUrl":"https:\/\/my-french-grocery.com\/wp-content\/uploads\/2024\/07\/haribo-carensac.webp","datePublished":"2024-07-27T16:08:07+00:00","dateModified":"2024-09-05T06:46:24+00:00","description":"Bonbons Haribo Carensac - Sachet de 250 g - Une drag\u00e9e color\u00e9e au bon go\u00fbt de r\u00e9glisse.","breadcrumb":{"@id":"https:\/\/my-french-grocery.com\/fr\/produit\/bonbons-haribo-carensac\/#breadcrumb"},"inLanguage":"fr-FR","potentialAction":[{"@type":"ReadAction","target":["https:\/\/my-french-grocery.com\/fr\/produit\/bonbons-haribo-carensac\/"]}]},{"@type":"ImageObject","inLanguage":"fr-FR","@id":"https:\/\/my-french-grocery.com\/fr\/produit\/bonbons-haribo-carensac\/#primaryimage","url":"https:\/\/my-french-grocery.com\/wp-content\/uploads\/2024\/07\/haribo-carensac.webp","contentUrl":"https:\/\/my-french-grocery.com\/wp-content\/uploads\/2024\/07\/haribo-carensac.webp","width":1500,"height":1500,"caption":"Bonbons Haribo Carensac"},{"@type":"BreadcrumbList","@id":"https:\/\/my-french-grocery.com\/fr\/produit\/bonbons-haribo-carensac\/#breadcrumb","itemListElement":[{"@type":"ListItem","position":1,"name":"Home","item":"https:\/\/my-french-grocery.com\/fr\/"},{"@type":"ListItem","position":2,"name":"Shop","item":"https:\/\/my-french-grocery.com\/shop\/"},{"@type":"ListItem","position":3,"name":"Alimentation","item":"https:\/\/my-french-grocery.com\/fr\/categorie-produit\/alimentation\/"},{"@type":"ListItem","position":4,"name":"Bonbons &amp; Chocolats","item":"https:\/\/my-french-grocery.com\/fr\/categorie-produit\/alimentation\/bonbons-chocolats\/"},{"@type":"ListItem","position":5,"name":"Bonbons","item":"https:\/\/my-french-grocery.com\/fr\/categorie-produit\/alimentation\/bonbons-chocolats\/bonbons\/"},{"@type":"ListItem","position":6,"name":"Bonbons Haribo Carensac"}]},{"@type":"WebSite","@id":"https:\/\/my-french-grocery.com\/fr\/#website","url":"https:\/\/my-french-grocery.com\/fr\/","name":"My French Grocery","description":"Your Online French Grocery  !","publisher":{"@id":"https:\/\/my-french-grocery.com\/fr\/#organization"},"potentialAction":[{"@type":"SearchAction","target":{"@type":"EntryPoint","urlTemplate":"https:\/\/my-french-grocery.com\/fr\/?s={search_term_string}"},"query-input":{"@type":"PropertyValueSpecification","valueRequired":true,"valueName":"search_term_string"}}],"inLanguage":"fr-FR"},{"@type":"Organization","@id":"https:\/\/my-french-grocery.com\/fr\/#organization","name":"MY FRENCH GROCERY","url":"https:\/\/my-french-grocery.com\/fr\/","logo":{"@type":"ImageObject","inLanguage":"fr-FR","@id":"https:\/\/my-french-grocery.com\/fr\/#\/schema\/logo\/image\/","url":"https:\/\/my-french-grocery.com\/wp-content\/uploads\/2021\/11\/My-French-Grocery-Online-French-Grocery.png","contentUrl":"https:\/\/my-french-grocery.com\/wp-content\/uploads\/2021\/11\/My-French-Grocery-Online-French-Grocery.png","width":100,"height":100,"caption":"MY FRENCH GROCERY"},"image":{"@id":"https:\/\/my-french-grocery.com\/fr\/#\/schema\/logo\/image\/"},"sameAs":["https:\/\/www.facebook.com\/myfrenchgrocery\/"]}]}},"brands":[{"id":642,"name":"Haribo","slug":"haribo-fr"}],"_links":{"self":[{"href":"https:\/\/my-french-grocery.com\/fr\/wp-json\/wp\/v2\/product\/41390","targetHints":{"allow":["GET"]}}],"collection":[{"href":"https:\/\/my-french-grocery.com\/fr\/wp-json\/wp\/v2\/product"}],"about":[{"href":"https:\/\/my-french-grocery.com\/fr\/wp-json\/wp\/v2\/types\/product"}],"replies":[{"embeddable":true,"href":"https:\/\/my-french-grocery.com\/fr\/wp-json\/wp\/v2\/comments?post=41390"}],"wp:featuredmedia":[{"embeddable":true,"href":"https:\/\/my-french-grocery.com\/fr\/wp-json\/wp\/v2\/media\/41394"}],"wp:attachment":[{"href":"https:\/\/my-french-grocery.com\/fr\/wp-json\/wp\/v2\/media?parent=41390"}],"wp:term":[{"taxonomy":"pwb-brand","embeddable":true,"href":"https:\/\/my-french-grocery.com\/fr\/wp-json\/wp\/v2\/pwb-brand?post=41390"},{"taxonomy":"product_brand","embeddable":true,"href":"https:\/\/my-french-grocery.com\/fr\/wp-json\/wp\/v2\/product_brand?post=41390"},{"taxonomy":"product_cat","embeddable":true,"href":"https:\/\/my-french-grocery.com\/fr\/wp-json\/wp\/v2\/product_cat?post=41390"},{"taxonomy":"product_tag","embeddable":true,"href":"https:\/\/my-french-grocery.com\/fr\/wp-json\/wp\/v2\/product_tag?post=41390"}],"curies":[{"name":"wp","href":"https:\/\/api.w.org\/{rel}","templated":true}]}}