{"id":44776,"date":"2019-07-23T18:35:33","date_gmt":"2024-11-09T16:35:34","guid":{"rendered":"https:\/\/my-french-grocery.com\/?post_type=product&#038;p=44776"},"modified":"2024-11-09T18:53:38","modified_gmt":"2024-11-09T16:53:38","slug":"piment-despelette-ducros","status":"publish","type":"product","link":"https:\/\/my-french-grocery.com\/fr\/produit\/piment-despelette-ducros\/","title":{"rendered":"Piment d&rsquo;Espelette Ducros"},"content":{"rendered":"<p>Piment d&rsquo;Espelette Ducros<\/p>\n<p>flacon de 40 g<\/p>\n<p>Ducros, le partenaire des Fran\u00e7ais depuis 1963, se d\u00e9carcasse afin de proposer herbes, \u00e9pices, m\u00e9langes et poivres de qualit\u00e9 pour assurer chaque jour en cuisine. Ce qui nous stimule, c&rsquo;est vous donner le go\u00fbt de cuisiner en vous proposant une palette de saveurs pour repousser toujours plus loin le champ des possibles. Ainsi, nous sommes la petite \u00e9tincelle qui d\u00e9clenche l&rsquo;inspiration, nous sommes le coup de pouce qui apporte du plaisir : le plaisir de cuisiner pour soi, certes&#8230;mais surtout pour les autres. Aujourd&rsquo;hui avec Ducros, vous pouvez \u00eatre fiers, vous avez assur\u00e9 !<\/p>\n","protected":false},"excerpt":{"rendered":"<p>Piment d&rsquo;Espelette Ducros<\/p>\n<p>flacon de 40 g<\/p>\n<p>&nbsp;<\/p>\n","protected":false},"featured_media":44780,"comment_status":"open","ping_status":"closed","template":"","meta":[],"pwb-brand":[607],"product_brand":[],"product_cat":[1033],"product_tag":[1190],"class_list":{"0":"post-44776","1":"product","2":"type-product","3":"status-publish","4":"has-post-thumbnail","6":"pwb-brand-ducros-fr","7":"product_cat-condiments-fr","8":"product_tag-piment-despelette","9":"product_shipping_class-expedition-dans-le-monde-entier","11":"first","12":"instock","13":"taxable","14":"shipping-taxable","15":"purchasable","16":"product-type-simple"},"yoast_head":"<!-- This site is optimized with the Yoast SEO plugin v27.4 - https:\/\/yoast.com\/product\/yoast-seo-wordpress\/ -->\n<title>Piment d&#039;Espelette Ducros | Acheter En Ligne | My French Grocery<\/title>\n<meta name=\"description\" content=\"Piment d&#039;Espelette Ducros - flacon de 40 g - Ducros, le partenaire des Fran\u00e7ais depuis 1963, se d\u00e9carcasse afin de proposer herbes, \u00e9pices, m\u00e9langes et poivres de qualit\u00e9 pour assurer chaque jour en cuisine.\" \/>\n<meta name=\"robots\" content=\"index, follow, max-snippet:-1, max-image-preview:large, max-video-preview:-1\" \/>\n<link rel=\"canonical\" href=\"https:\/\/my-french-grocery.com\/fr\/produit\/piment-despelette-ducros\/\" \/>\n<meta property=\"og:locale\" content=\"fr_FR\" \/>\n<meta property=\"og:type\" content=\"article\" \/>\n<meta property=\"og:title\" content=\"Piment d&#039;Espelette Ducros | Acheter En Ligne | My French Grocery\" \/>\n<meta property=\"og:description\" content=\"Piment d&#039;Espelette Ducros - flacon de 40 g - Ducros, le partenaire des Fran\u00e7ais depuis 1963, se d\u00e9carcasse afin de proposer herbes, \u00e9pices, m\u00e9langes et poivres de qualit\u00e9 pour assurer chaque jour en cuisine.\" \/>\n<meta property=\"og:url\" content=\"https:\/\/my-french-grocery.com\/fr\/produit\/piment-despelette-ducros\/\" \/>\n<meta property=\"og:site_name\" content=\"My French Grocery\" \/>\n<meta property=\"article:publisher\" content=\"https:\/\/www.facebook.com\/myfrenchgrocery\/\" \/>\n<meta property=\"article:modified_time\" content=\"2024-11-09T16:53:38+00:00\" \/>\n<meta property=\"og:image\" content=\"https:\/\/my-french-grocery.com\/wp-content\/uploads\/2024\/11\/espelette-ducros.webp\" \/>\n\t<meta property=\"og:image:width\" content=\"1500\" \/>\n\t<meta property=\"og:image:height\" content=\"1500\" \/>\n\t<meta property=\"og:image:type\" content=\"image\/webp\" \/>\n<meta name=\"twitter:card\" content=\"summary_large_image\" \/>\n<meta name=\"twitter:label1\" content=\"Dur\u00e9e de lecture estim\u00e9e\" \/>\n\t<meta name=\"twitter:data1\" content=\"1 minute\" \/>\n<script type=\"application\/ld+json\" class=\"yoast-schema-graph\">{\"@context\":\"https:\\\/\\\/schema.org\",\"@graph\":[{\"@type\":\"WebPage\",\"@id\":\"https:\\\/\\\/my-french-grocery.com\\\/fr\\\/produit\\\/piment-despelette-ducros\\\/\",\"url\":\"https:\\\/\\\/my-french-grocery.com\\\/fr\\\/produit\\\/piment-despelette-ducros\\\/\",\"name\":\"Piment d'Espelette Ducros | Acheter En Ligne | My French Grocery\",\"isPartOf\":{\"@id\":\"https:\\\/\\\/my-french-grocery.com\\\/fr\\\/#website\"},\"primaryImageOfPage\":{\"@id\":\"https:\\\/\\\/my-french-grocery.com\\\/fr\\\/produit\\\/piment-despelette-ducros\\\/#primaryimage\"},\"image\":{\"@id\":\"https:\\\/\\\/my-french-grocery.com\\\/fr\\\/produit\\\/piment-despelette-ducros\\\/#primaryimage\"},\"thumbnailUrl\":\"https:\\\/\\\/my-french-grocery.com\\\/wp-content\\\/uploads\\\/2024\\\/11\\\/espelette-ducros.webp\",\"datePublished\":\"2024-11-09T16:35:34+00:00\",\"dateModified\":\"2024-11-09T16:53:38+00:00\",\"description\":\"Piment d'Espelette Ducros - flacon de 40 g - Ducros, le partenaire des Fran\u00e7ais depuis 1963, se d\u00e9carcasse afin de proposer herbes, \u00e9pices, m\u00e9langes et poivres de qualit\u00e9 pour assurer chaque jour en cuisine.\",\"breadcrumb\":{\"@id\":\"https:\\\/\\\/my-french-grocery.com\\\/fr\\\/produit\\\/piment-despelette-ducros\\\/#breadcrumb\"},\"inLanguage\":\"fr-FR\",\"potentialAction\":[{\"@type\":\"ReadAction\",\"target\":[\"https:\\\/\\\/my-french-grocery.com\\\/fr\\\/produit\\\/piment-despelette-ducros\\\/\"]}]},{\"@type\":\"ImageObject\",\"inLanguage\":\"fr-FR\",\"@id\":\"https:\\\/\\\/my-french-grocery.com\\\/fr\\\/produit\\\/piment-despelette-ducros\\\/#primaryimage\",\"url\":\"https:\\\/\\\/my-french-grocery.com\\\/wp-content\\\/uploads\\\/2024\\\/11\\\/espelette-ducros.webp\",\"contentUrl\":\"https:\\\/\\\/my-french-grocery.com\\\/wp-content\\\/uploads\\\/2024\\\/11\\\/espelette-ducros.webp\",\"width\":1500,\"height\":1500,\"caption\":\"Piment d'Espelette Ducros\"},{\"@type\":\"BreadcrumbList\",\"@id\":\"https:\\\/\\\/my-french-grocery.com\\\/fr\\\/produit\\\/piment-despelette-ducros\\\/#breadcrumb\",\"itemListElement\":[{\"@type\":\"ListItem\",\"position\":1,\"name\":\"Home\",\"item\":\"https:\\\/\\\/my-french-grocery.com\\\/fr\\\/\"},{\"@type\":\"ListItem\",\"position\":2,\"name\":\"Shop\",\"item\":\"https:\\\/\\\/my-french-grocery.com\\\/shop\\\/\"},{\"@type\":\"ListItem\",\"position\":3,\"name\":\"Alimentation\",\"item\":\"https:\\\/\\\/my-french-grocery.com\\\/fr\\\/categorie-produit\\\/alimentation\\\/\"},{\"@type\":\"ListItem\",\"position\":4,\"name\":\"Condiments\",\"item\":\"https:\\\/\\\/my-french-grocery.com\\\/fr\\\/categorie-produit\\\/alimentation\\\/condiments-fr\\\/\"},{\"@type\":\"ListItem\",\"position\":5,\"name\":\"Piment d&#8217;Espelette Ducros\"}]},{\"@type\":\"WebSite\",\"@id\":\"https:\\\/\\\/my-french-grocery.com\\\/fr\\\/#website\",\"url\":\"https:\\\/\\\/my-french-grocery.com\\\/fr\\\/\",\"name\":\"My French Grocery\",\"description\":\"Your Online French Grocery  !\",\"publisher\":{\"@id\":\"https:\\\/\\\/my-french-grocery.com\\\/fr\\\/#organization\"},\"potentialAction\":[{\"@type\":\"SearchAction\",\"target\":{\"@type\":\"EntryPoint\",\"urlTemplate\":\"https:\\\/\\\/my-french-grocery.com\\\/fr\\\/?s={search_term_string}\"},\"query-input\":{\"@type\":\"PropertyValueSpecification\",\"valueRequired\":true,\"valueName\":\"search_term_string\"}}],\"inLanguage\":\"fr-FR\"},{\"@type\":\"Organization\",\"@id\":\"https:\\\/\\\/my-french-grocery.com\\\/fr\\\/#organization\",\"name\":\"MY FRENCH GROCERY\",\"url\":\"https:\\\/\\\/my-french-grocery.com\\\/fr\\\/\",\"logo\":{\"@type\":\"ImageObject\",\"inLanguage\":\"fr-FR\",\"@id\":\"https:\\\/\\\/my-french-grocery.com\\\/fr\\\/#\\\/schema\\\/logo\\\/image\\\/\",\"url\":\"https:\\\/\\\/my-french-grocery.com\\\/wp-content\\\/uploads\\\/2021\\\/11\\\/My-French-Grocery-Online-French-Grocery.png\",\"contentUrl\":\"https:\\\/\\\/my-french-grocery.com\\\/wp-content\\\/uploads\\\/2021\\\/11\\\/My-French-Grocery-Online-French-Grocery.png\",\"width\":100,\"height\":100,\"caption\":\"MY FRENCH GROCERY\"},\"image\":{\"@id\":\"https:\\\/\\\/my-french-grocery.com\\\/fr\\\/#\\\/schema\\\/logo\\\/image\\\/\"},\"sameAs\":[\"https:\\\/\\\/www.facebook.com\\\/myfrenchgrocery\\\/\"]}]}<\/script>\n<!-- \/ Yoast SEO plugin. -->","yoast_head_json":{"title":"Piment d'Espelette Ducros | Acheter En Ligne | My French Grocery","description":"Piment d'Espelette Ducros - flacon de 40 g - Ducros, le partenaire des Fran\u00e7ais depuis 1963, se d\u00e9carcasse afin de proposer herbes, \u00e9pices, m\u00e9langes et poivres de qualit\u00e9 pour assurer chaque jour en cuisine.","robots":{"index":"index","follow":"follow","max-snippet":"max-snippet:-1","max-image-preview":"max-image-preview:large","max-video-preview":"max-video-preview:-1"},"canonical":"https:\/\/my-french-grocery.com\/fr\/produit\/piment-despelette-ducros\/","og_locale":"fr_FR","og_type":"article","og_title":"Piment d'Espelette Ducros | Acheter En Ligne | My French Grocery","og_description":"Piment d'Espelette Ducros - flacon de 40 g - Ducros, le partenaire des Fran\u00e7ais depuis 1963, se d\u00e9carcasse afin de proposer herbes, \u00e9pices, m\u00e9langes et poivres de qualit\u00e9 pour assurer chaque jour en cuisine.","og_url":"https:\/\/my-french-grocery.com\/fr\/produit\/piment-despelette-ducros\/","og_site_name":"My French Grocery","article_publisher":"https:\/\/www.facebook.com\/myfrenchgrocery\/","article_modified_time":"2024-11-09T16:53:38+00:00","og_image":[{"width":1500,"height":1500,"url":"https:\/\/my-french-grocery.com\/wp-content\/uploads\/2024\/11\/espelette-ducros.webp","type":"image\/webp"}],"twitter_card":"summary_large_image","twitter_misc":{"Dur\u00e9e de lecture estim\u00e9e":"1 minute"},"schema":{"@context":"https:\/\/schema.org","@graph":[{"@type":"WebPage","@id":"https:\/\/my-french-grocery.com\/fr\/produit\/piment-despelette-ducros\/","url":"https:\/\/my-french-grocery.com\/fr\/produit\/piment-despelette-ducros\/","name":"Piment d'Espelette Ducros | Acheter En Ligne | My French Grocery","isPartOf":{"@id":"https:\/\/my-french-grocery.com\/fr\/#website"},"primaryImageOfPage":{"@id":"https:\/\/my-french-grocery.com\/fr\/produit\/piment-despelette-ducros\/#primaryimage"},"image":{"@id":"https:\/\/my-french-grocery.com\/fr\/produit\/piment-despelette-ducros\/#primaryimage"},"thumbnailUrl":"https:\/\/my-french-grocery.com\/wp-content\/uploads\/2024\/11\/espelette-ducros.webp","datePublished":"2024-11-09T16:35:34+00:00","dateModified":"2024-11-09T16:53:38+00:00","description":"Piment d'Espelette Ducros - flacon de 40 g - Ducros, le partenaire des Fran\u00e7ais depuis 1963, se d\u00e9carcasse afin de proposer herbes, \u00e9pices, m\u00e9langes et poivres de qualit\u00e9 pour assurer chaque jour en cuisine.","breadcrumb":{"@id":"https:\/\/my-french-grocery.com\/fr\/produit\/piment-despelette-ducros\/#breadcrumb"},"inLanguage":"fr-FR","potentialAction":[{"@type":"ReadAction","target":["https:\/\/my-french-grocery.com\/fr\/produit\/piment-despelette-ducros\/"]}]},{"@type":"ImageObject","inLanguage":"fr-FR","@id":"https:\/\/my-french-grocery.com\/fr\/produit\/piment-despelette-ducros\/#primaryimage","url":"https:\/\/my-french-grocery.com\/wp-content\/uploads\/2024\/11\/espelette-ducros.webp","contentUrl":"https:\/\/my-french-grocery.com\/wp-content\/uploads\/2024\/11\/espelette-ducros.webp","width":1500,"height":1500,"caption":"Piment d'Espelette Ducros"},{"@type":"BreadcrumbList","@id":"https:\/\/my-french-grocery.com\/fr\/produit\/piment-despelette-ducros\/#breadcrumb","itemListElement":[{"@type":"ListItem","position":1,"name":"Home","item":"https:\/\/my-french-grocery.com\/fr\/"},{"@type":"ListItem","position":2,"name":"Shop","item":"https:\/\/my-french-grocery.com\/shop\/"},{"@type":"ListItem","position":3,"name":"Alimentation","item":"https:\/\/my-french-grocery.com\/fr\/categorie-produit\/alimentation\/"},{"@type":"ListItem","position":4,"name":"Condiments","item":"https:\/\/my-french-grocery.com\/fr\/categorie-produit\/alimentation\/condiments-fr\/"},{"@type":"ListItem","position":5,"name":"Piment d&#8217;Espelette Ducros"}]},{"@type":"WebSite","@id":"https:\/\/my-french-grocery.com\/fr\/#website","url":"https:\/\/my-french-grocery.com\/fr\/","name":"My French Grocery","description":"Your Online French Grocery  !","publisher":{"@id":"https:\/\/my-french-grocery.com\/fr\/#organization"},"potentialAction":[{"@type":"SearchAction","target":{"@type":"EntryPoint","urlTemplate":"https:\/\/my-french-grocery.com\/fr\/?s={search_term_string}"},"query-input":{"@type":"PropertyValueSpecification","valueRequired":true,"valueName":"search_term_string"}}],"inLanguage":"fr-FR"},{"@type":"Organization","@id":"https:\/\/my-french-grocery.com\/fr\/#organization","name":"MY FRENCH GROCERY","url":"https:\/\/my-french-grocery.com\/fr\/","logo":{"@type":"ImageObject","inLanguage":"fr-FR","@id":"https:\/\/my-french-grocery.com\/fr\/#\/schema\/logo\/image\/","url":"https:\/\/my-french-grocery.com\/wp-content\/uploads\/2021\/11\/My-French-Grocery-Online-French-Grocery.png","contentUrl":"https:\/\/my-french-grocery.com\/wp-content\/uploads\/2021\/11\/My-French-Grocery-Online-French-Grocery.png","width":100,"height":100,"caption":"MY FRENCH GROCERY"},"image":{"@id":"https:\/\/my-french-grocery.com\/fr\/#\/schema\/logo\/image\/"},"sameAs":["https:\/\/www.facebook.com\/myfrenchgrocery\/"]}]}},"brands":[{"id":607,"name":"Ducros","slug":"ducros-fr"}],"_links":{"self":[{"href":"https:\/\/my-french-grocery.com\/fr\/wp-json\/wp\/v2\/product\/44776","targetHints":{"allow":["GET"]}}],"collection":[{"href":"https:\/\/my-french-grocery.com\/fr\/wp-json\/wp\/v2\/product"}],"about":[{"href":"https:\/\/my-french-grocery.com\/fr\/wp-json\/wp\/v2\/types\/product"}],"replies":[{"embeddable":true,"href":"https:\/\/my-french-grocery.com\/fr\/wp-json\/wp\/v2\/comments?post=44776"}],"wp:featuredmedia":[{"embeddable":true,"href":"https:\/\/my-french-grocery.com\/fr\/wp-json\/wp\/v2\/media\/44780"}],"wp:attachment":[{"href":"https:\/\/my-french-grocery.com\/fr\/wp-json\/wp\/v2\/media?parent=44776"}],"wp:term":[{"taxonomy":"pwb-brand","embeddable":true,"href":"https:\/\/my-french-grocery.com\/fr\/wp-json\/wp\/v2\/pwb-brand?post=44776"},{"taxonomy":"product_brand","embeddable":true,"href":"https:\/\/my-french-grocery.com\/fr\/wp-json\/wp\/v2\/product_brand?post=44776"},{"taxonomy":"product_cat","embeddable":true,"href":"https:\/\/my-french-grocery.com\/fr\/wp-json\/wp\/v2\/product_cat?post=44776"},{"taxonomy":"product_tag","embeddable":true,"href":"https:\/\/my-french-grocery.com\/fr\/wp-json\/wp\/v2\/product_tag?post=44776"}],"curies":[{"name":"wp","href":"https:\/\/api.w.org\/{rel}","templated":true}]}}