{"id":44807,"date":"2024-11-10T19:04:57","date_gmt":"2024-11-10T17:04:59","guid":{"rendered":"https:\/\/my-french-grocery.com\/?post_type=product&#038;p=44807"},"modified":"2024-11-12T21:12:01","modified_gmt":"2024-11-12T19:12:01","slug":"parmentier-de-canard-la-cuisine-doceane","status":"publish","type":"product","link":"https:\/\/my-french-grocery.com\/fr\/produit\/parmentier-de-canard-la-cuisine-doceane\/","title":{"rendered":"Parmentier De Canard La Cuisine D&rsquo;Oc\u00e9ane"},"content":{"rendered":"<p>Parmentier De Canard La Cuisine D&rsquo;Oc\u00e9ane<\/p>\n<p>Assiette de 300 g<\/p>\n<p class=\"pdp-description-text pdp-description-text-bold\">J&rsquo;ai s\u00e9lectionn\u00e9 pour vous un effiloch\u00e9 de canard, revenu dans de la graisse de canard avec des petits oignons et des carottes. Pour une assiette savoureuse, un \u00e9cras\u00e9 de pommes de terre \u00e0 la cr\u00e8me fra\u00eeche vient compl\u00e9ter mon Parmentier. Un plat du terroir qui r\u00e9galera vos papilles ! Une recette \u00e9quilibr\u00e9e, source de prot\u00e9ines, garantie sans colorant et sans ar\u00f4me artificiel.<\/p>\n","protected":false},"excerpt":{"rendered":"<p>Parmentier De Canard La Cuisine D&rsquo;Oc\u00e9ane<\/p>\n<p>Assiette de 300 g<\/p>\n<p class=\"pdp-description-text pdp-description-text-bold\">\n","protected":false},"featured_media":44811,"comment_status":"open","ping_status":"closed","template":"","meta":[],"pwb-brand":[3826],"product_brand":[],"product_cat":[1053],"product_tag":[3840,3841],"class_list":{"0":"post-44807","1":"product","2":"type-product","3":"status-publish","4":"has-post-thumbnail","6":"pwb-brand-la-cuisine-doceane-fr","7":"product_cat-plats-prepares","8":"product_tag-canard","9":"product_tag-parmentier-fr","10":"product_shipping_class-expedition-dans-le-monde-entier","12":"first","13":"instock","14":"taxable","15":"shipping-taxable","16":"purchasable","17":"product-type-simple"},"yoast_head":"<!-- This site is optimized with the Yoast SEO plugin v27.3 - https:\/\/yoast.com\/product\/yoast-seo-wordpress\/ -->\n<title>Parmentier De Canard La Cuisine D&#039;Oc\u00e9ane | Acheter En Ligne | My French Grocery<\/title>\n<meta name=\"description\" content=\"Parmentier De Canard La Cuisine D&#039;Oc\u00e9ane - Assiette de 300 g - J&#039;ai s\u00e9lectionn\u00e9 pour vous un effiloch\u00e9 de canard, revenu dans de la graisse de canard avec des petits oignons et des carottes.\" \/>\n<meta name=\"robots\" content=\"index, follow, max-snippet:-1, max-image-preview:large, max-video-preview:-1\" \/>\n<link rel=\"canonical\" href=\"https:\/\/my-french-grocery.com\/fr\/produit\/parmentier-de-canard-la-cuisine-doceane\/\" \/>\n<meta property=\"og:locale\" content=\"fr_FR\" \/>\n<meta property=\"og:type\" content=\"article\" \/>\n<meta property=\"og:title\" content=\"Parmentier De Canard La Cuisine D&#039;Oc\u00e9ane | Acheter En Ligne | My French Grocery\" \/>\n<meta property=\"og:description\" content=\"Parmentier De Canard La Cuisine D&#039;Oc\u00e9ane - Assiette de 300 g - J&#039;ai s\u00e9lectionn\u00e9 pour vous un effiloch\u00e9 de canard, revenu dans de la graisse de canard avec des petits oignons et des carottes.\" \/>\n<meta property=\"og:url\" content=\"https:\/\/my-french-grocery.com\/fr\/produit\/parmentier-de-canard-la-cuisine-doceane\/\" \/>\n<meta property=\"og:site_name\" content=\"My French Grocery\" \/>\n<meta property=\"article:publisher\" content=\"https:\/\/www.facebook.com\/myfrenchgrocery\/\" \/>\n<meta property=\"article:modified_time\" content=\"2024-11-12T19:12:01+00:00\" \/>\n<meta property=\"og:image\" content=\"https:\/\/my-french-grocery.com\/wp-content\/uploads\/2024\/11\/Duck-Parmentier-La-Cuisine-doceane.webp\" \/>\n\t<meta property=\"og:image:width\" content=\"1500\" \/>\n\t<meta property=\"og:image:height\" content=\"1500\" \/>\n\t<meta property=\"og:image:type\" content=\"image\/webp\" \/>\n<meta name=\"twitter:card\" content=\"summary_large_image\" \/>\n<meta name=\"twitter:label1\" content=\"Dur\u00e9e de lecture estim\u00e9e\" \/>\n\t<meta name=\"twitter:data1\" content=\"1 minute\" \/>\n<script type=\"application\/ld+json\" class=\"yoast-schema-graph\">{\"@context\":\"https:\\\/\\\/schema.org\",\"@graph\":[{\"@type\":\"WebPage\",\"@id\":\"https:\\\/\\\/my-french-grocery.com\\\/fr\\\/produit\\\/parmentier-de-canard-la-cuisine-doceane\\\/\",\"url\":\"https:\\\/\\\/my-french-grocery.com\\\/fr\\\/produit\\\/parmentier-de-canard-la-cuisine-doceane\\\/\",\"name\":\"Parmentier De Canard La Cuisine D'Oc\u00e9ane | Acheter En Ligne | My French Grocery\",\"isPartOf\":{\"@id\":\"https:\\\/\\\/my-french-grocery.com\\\/#website\"},\"primaryImageOfPage\":{\"@id\":\"https:\\\/\\\/my-french-grocery.com\\\/fr\\\/produit\\\/parmentier-de-canard-la-cuisine-doceane\\\/#primaryimage\"},\"image\":{\"@id\":\"https:\\\/\\\/my-french-grocery.com\\\/fr\\\/produit\\\/parmentier-de-canard-la-cuisine-doceane\\\/#primaryimage\"},\"thumbnailUrl\":\"https:\\\/\\\/my-french-grocery.com\\\/wp-content\\\/uploads\\\/2024\\\/11\\\/Duck-Parmentier-La-Cuisine-doceane.webp\",\"datePublished\":\"2024-11-10T17:04:59+00:00\",\"dateModified\":\"2024-11-12T19:12:01+00:00\",\"description\":\"Parmentier De Canard La Cuisine D'Oc\u00e9ane - Assiette de 300 g - J'ai s\u00e9lectionn\u00e9 pour vous un effiloch\u00e9 de canard, revenu dans de la graisse de canard avec des petits oignons et des carottes.\",\"breadcrumb\":{\"@id\":\"https:\\\/\\\/my-french-grocery.com\\\/fr\\\/produit\\\/parmentier-de-canard-la-cuisine-doceane\\\/#breadcrumb\"},\"inLanguage\":\"fr-FR\",\"potentialAction\":[{\"@type\":\"ReadAction\",\"target\":[\"https:\\\/\\\/my-french-grocery.com\\\/fr\\\/produit\\\/parmentier-de-canard-la-cuisine-doceane\\\/\"]}]},{\"@type\":\"ImageObject\",\"inLanguage\":\"fr-FR\",\"@id\":\"https:\\\/\\\/my-french-grocery.com\\\/fr\\\/produit\\\/parmentier-de-canard-la-cuisine-doceane\\\/#primaryimage\",\"url\":\"https:\\\/\\\/my-french-grocery.com\\\/wp-content\\\/uploads\\\/2024\\\/11\\\/Duck-Parmentier-La-Cuisine-doceane.webp\",\"contentUrl\":\"https:\\\/\\\/my-french-grocery.com\\\/wp-content\\\/uploads\\\/2024\\\/11\\\/Duck-Parmentier-La-Cuisine-doceane.webp\",\"width\":1500,\"height\":1500,\"caption\":\"Parmentier De Canard La Cuisine D'Oc\u00e9ane\"},{\"@type\":\"BreadcrumbList\",\"@id\":\"https:\\\/\\\/my-french-grocery.com\\\/fr\\\/produit\\\/parmentier-de-canard-la-cuisine-doceane\\\/#breadcrumb\",\"itemListElement\":[{\"@type\":\"ListItem\",\"position\":1,\"name\":\"Home\",\"item\":\"https:\\\/\\\/my-french-grocery.com\\\/fr\\\/\"},{\"@type\":\"ListItem\",\"position\":2,\"name\":\"Shop\",\"item\":\"https:\\\/\\\/my-french-grocery.com\\\/shop\\\/\"},{\"@type\":\"ListItem\",\"position\":3,\"name\":\"Alimentation\",\"item\":\"https:\\\/\\\/my-french-grocery.com\\\/fr\\\/categorie-produit\\\/alimentation\\\/\"},{\"@type\":\"ListItem\",\"position\":4,\"name\":\"Conserves &amp; Plats Pr\u00e9par\u00e9s\",\"item\":\"https:\\\/\\\/my-french-grocery.com\\\/fr\\\/categorie-produit\\\/alimentation\\\/conserves-plats-prepares\\\/\"},{\"@type\":\"ListItem\",\"position\":5,\"name\":\"Plats Pr\u00e9par\u00e9s\",\"item\":\"https:\\\/\\\/my-french-grocery.com\\\/fr\\\/categorie-produit\\\/alimentation\\\/conserves-plats-prepares\\\/plats-prepares\\\/\"},{\"@type\":\"ListItem\",\"position\":6,\"name\":\"Parmentier De Canard La Cuisine D&#8217;Oc\u00e9ane\"}]},{\"@type\":\"WebSite\",\"@id\":\"https:\\\/\\\/my-french-grocery.com\\\/#website\",\"url\":\"https:\\\/\\\/my-french-grocery.com\\\/\",\"name\":\"My French Grocery\",\"description\":\"Your Online French Grocery  !\",\"publisher\":{\"@id\":\"https:\\\/\\\/my-french-grocery.com\\\/#organization\"},\"potentialAction\":[{\"@type\":\"SearchAction\",\"target\":{\"@type\":\"EntryPoint\",\"urlTemplate\":\"https:\\\/\\\/my-french-grocery.com\\\/?s={search_term_string}\"},\"query-input\":{\"@type\":\"PropertyValueSpecification\",\"valueRequired\":true,\"valueName\":\"search_term_string\"}}],\"inLanguage\":\"fr-FR\"},{\"@type\":\"Organization\",\"@id\":\"https:\\\/\\\/my-french-grocery.com\\\/#organization\",\"name\":\"MY FRENCH GROCERY\",\"url\":\"https:\\\/\\\/my-french-grocery.com\\\/\",\"logo\":{\"@type\":\"ImageObject\",\"inLanguage\":\"fr-FR\",\"@id\":\"https:\\\/\\\/my-french-grocery.com\\\/#\\\/schema\\\/logo\\\/image\\\/\",\"url\":\"https:\\\/\\\/my-french-grocery.com\\\/wp-content\\\/uploads\\\/2021\\\/11\\\/My-French-Grocery-Online-French-Grocery.png\",\"contentUrl\":\"https:\\\/\\\/my-french-grocery.com\\\/wp-content\\\/uploads\\\/2021\\\/11\\\/My-French-Grocery-Online-French-Grocery.png\",\"width\":100,\"height\":100,\"caption\":\"MY FRENCH GROCERY\"},\"image\":{\"@id\":\"https:\\\/\\\/my-french-grocery.com\\\/#\\\/schema\\\/logo\\\/image\\\/\"},\"sameAs\":[\"https:\\\/\\\/www.facebook.com\\\/myfrenchgrocery\\\/\"]}]}<\/script>\n<!-- \/ Yoast SEO plugin. -->","yoast_head_json":{"title":"Parmentier De Canard La Cuisine D'Oc\u00e9ane | Acheter En Ligne | My French Grocery","description":"Parmentier De Canard La Cuisine D'Oc\u00e9ane - Assiette de 300 g - J'ai s\u00e9lectionn\u00e9 pour vous un effiloch\u00e9 de canard, revenu dans de la graisse de canard avec des petits oignons et des carottes.","robots":{"index":"index","follow":"follow","max-snippet":"max-snippet:-1","max-image-preview":"max-image-preview:large","max-video-preview":"max-video-preview:-1"},"canonical":"https:\/\/my-french-grocery.com\/fr\/produit\/parmentier-de-canard-la-cuisine-doceane\/","og_locale":"fr_FR","og_type":"article","og_title":"Parmentier De Canard La Cuisine D'Oc\u00e9ane | Acheter En Ligne | My French Grocery","og_description":"Parmentier De Canard La Cuisine D'Oc\u00e9ane - Assiette de 300 g - J'ai s\u00e9lectionn\u00e9 pour vous un effiloch\u00e9 de canard, revenu dans de la graisse de canard avec des petits oignons et des carottes.","og_url":"https:\/\/my-french-grocery.com\/fr\/produit\/parmentier-de-canard-la-cuisine-doceane\/","og_site_name":"My French Grocery","article_publisher":"https:\/\/www.facebook.com\/myfrenchgrocery\/","article_modified_time":"2024-11-12T19:12:01+00:00","og_image":[{"width":1500,"height":1500,"url":"https:\/\/my-french-grocery.com\/wp-content\/uploads\/2024\/11\/Duck-Parmentier-La-Cuisine-doceane.webp","type":"image\/webp"}],"twitter_card":"summary_large_image","twitter_misc":{"Dur\u00e9e de lecture estim\u00e9e":"1 minute"},"schema":{"@context":"https:\/\/schema.org","@graph":[{"@type":"WebPage","@id":"https:\/\/my-french-grocery.com\/fr\/produit\/parmentier-de-canard-la-cuisine-doceane\/","url":"https:\/\/my-french-grocery.com\/fr\/produit\/parmentier-de-canard-la-cuisine-doceane\/","name":"Parmentier De Canard La Cuisine D'Oc\u00e9ane | Acheter En Ligne | My French Grocery","isPartOf":{"@id":"https:\/\/my-french-grocery.com\/#website"},"primaryImageOfPage":{"@id":"https:\/\/my-french-grocery.com\/fr\/produit\/parmentier-de-canard-la-cuisine-doceane\/#primaryimage"},"image":{"@id":"https:\/\/my-french-grocery.com\/fr\/produit\/parmentier-de-canard-la-cuisine-doceane\/#primaryimage"},"thumbnailUrl":"https:\/\/my-french-grocery.com\/wp-content\/uploads\/2024\/11\/Duck-Parmentier-La-Cuisine-doceane.webp","datePublished":"2024-11-10T17:04:59+00:00","dateModified":"2024-11-12T19:12:01+00:00","description":"Parmentier De Canard La Cuisine D'Oc\u00e9ane - Assiette de 300 g - J'ai s\u00e9lectionn\u00e9 pour vous un effiloch\u00e9 de canard, revenu dans de la graisse de canard avec des petits oignons et des carottes.","breadcrumb":{"@id":"https:\/\/my-french-grocery.com\/fr\/produit\/parmentier-de-canard-la-cuisine-doceane\/#breadcrumb"},"inLanguage":"fr-FR","potentialAction":[{"@type":"ReadAction","target":["https:\/\/my-french-grocery.com\/fr\/produit\/parmentier-de-canard-la-cuisine-doceane\/"]}]},{"@type":"ImageObject","inLanguage":"fr-FR","@id":"https:\/\/my-french-grocery.com\/fr\/produit\/parmentier-de-canard-la-cuisine-doceane\/#primaryimage","url":"https:\/\/my-french-grocery.com\/wp-content\/uploads\/2024\/11\/Duck-Parmentier-La-Cuisine-doceane.webp","contentUrl":"https:\/\/my-french-grocery.com\/wp-content\/uploads\/2024\/11\/Duck-Parmentier-La-Cuisine-doceane.webp","width":1500,"height":1500,"caption":"Parmentier De Canard La Cuisine D'Oc\u00e9ane"},{"@type":"BreadcrumbList","@id":"https:\/\/my-french-grocery.com\/fr\/produit\/parmentier-de-canard-la-cuisine-doceane\/#breadcrumb","itemListElement":[{"@type":"ListItem","position":1,"name":"Home","item":"https:\/\/my-french-grocery.com\/fr\/"},{"@type":"ListItem","position":2,"name":"Shop","item":"https:\/\/my-french-grocery.com\/shop\/"},{"@type":"ListItem","position":3,"name":"Alimentation","item":"https:\/\/my-french-grocery.com\/fr\/categorie-produit\/alimentation\/"},{"@type":"ListItem","position":4,"name":"Conserves &amp; Plats Pr\u00e9par\u00e9s","item":"https:\/\/my-french-grocery.com\/fr\/categorie-produit\/alimentation\/conserves-plats-prepares\/"},{"@type":"ListItem","position":5,"name":"Plats Pr\u00e9par\u00e9s","item":"https:\/\/my-french-grocery.com\/fr\/categorie-produit\/alimentation\/conserves-plats-prepares\/plats-prepares\/"},{"@type":"ListItem","position":6,"name":"Parmentier De Canard La Cuisine D&#8217;Oc\u00e9ane"}]},{"@type":"WebSite","@id":"https:\/\/my-french-grocery.com\/#website","url":"https:\/\/my-french-grocery.com\/","name":"My French Grocery","description":"Your Online French Grocery  !","publisher":{"@id":"https:\/\/my-french-grocery.com\/#organization"},"potentialAction":[{"@type":"SearchAction","target":{"@type":"EntryPoint","urlTemplate":"https:\/\/my-french-grocery.com\/?s={search_term_string}"},"query-input":{"@type":"PropertyValueSpecification","valueRequired":true,"valueName":"search_term_string"}}],"inLanguage":"fr-FR"},{"@type":"Organization","@id":"https:\/\/my-french-grocery.com\/#organization","name":"MY FRENCH GROCERY","url":"https:\/\/my-french-grocery.com\/","logo":{"@type":"ImageObject","inLanguage":"fr-FR","@id":"https:\/\/my-french-grocery.com\/#\/schema\/logo\/image\/","url":"https:\/\/my-french-grocery.com\/wp-content\/uploads\/2021\/11\/My-French-Grocery-Online-French-Grocery.png","contentUrl":"https:\/\/my-french-grocery.com\/wp-content\/uploads\/2021\/11\/My-French-Grocery-Online-French-Grocery.png","width":100,"height":100,"caption":"MY FRENCH GROCERY"},"image":{"@id":"https:\/\/my-french-grocery.com\/#\/schema\/logo\/image\/"},"sameAs":["https:\/\/www.facebook.com\/myfrenchgrocery\/"]}]}},"brands":[{"id":3826,"name":"La Cuisine D'Oc\u00e9ane","slug":"la-cuisine-doceane-fr"}],"_links":{"self":[{"href":"https:\/\/my-french-grocery.com\/fr\/wp-json\/wp\/v2\/product\/44807","targetHints":{"allow":["GET"]}}],"collection":[{"href":"https:\/\/my-french-grocery.com\/fr\/wp-json\/wp\/v2\/product"}],"about":[{"href":"https:\/\/my-french-grocery.com\/fr\/wp-json\/wp\/v2\/types\/product"}],"replies":[{"embeddable":true,"href":"https:\/\/my-french-grocery.com\/fr\/wp-json\/wp\/v2\/comments?post=44807"}],"wp:featuredmedia":[{"embeddable":true,"href":"https:\/\/my-french-grocery.com\/fr\/wp-json\/wp\/v2\/media\/44811"}],"wp:attachment":[{"href":"https:\/\/my-french-grocery.com\/fr\/wp-json\/wp\/v2\/media?parent=44807"}],"wp:term":[{"taxonomy":"pwb-brand","embeddable":true,"href":"https:\/\/my-french-grocery.com\/fr\/wp-json\/wp\/v2\/pwb-brand?post=44807"},{"taxonomy":"product_brand","embeddable":true,"href":"https:\/\/my-french-grocery.com\/fr\/wp-json\/wp\/v2\/product_brand?post=44807"},{"taxonomy":"product_cat","embeddable":true,"href":"https:\/\/my-french-grocery.com\/fr\/wp-json\/wp\/v2\/product_cat?post=44807"},{"taxonomy":"product_tag","embeddable":true,"href":"https:\/\/my-french-grocery.com\/fr\/wp-json\/wp\/v2\/product_tag?post=44807"}],"curies":[{"name":"wp","href":"https:\/\/api.w.org\/{rel}","templated":true}]}}