{"id":44831,"date":"2024-11-11T18:39:26","date_gmt":"2024-11-11T16:39:27","guid":{"rendered":"https:\/\/my-french-grocery.com\/?post_type=product&#038;p=44831"},"modified":"2024-11-12T21:12:30","modified_gmt":"2024-11-12T19:12:30","slug":"roti-de-porc-gratin-dauphinois-la-cuisine-doceane","status":"publish","type":"product","link":"https:\/\/my-french-grocery.com\/fr\/produit\/roti-de-porc-gratin-dauphinois-la-cuisine-doceane\/","title":{"rendered":"R\u00f4ti De Porc &#038; Gratin Dauphinois La Cuisine D&rsquo;Oc\u00e9ane"},"content":{"rendered":"<p>R\u00f4ti De Porc &amp; Gratin Dauphinois La Cuisine D&rsquo;Oc\u00e9ane<\/p>\n<p>Assiette de 300 g<\/p>\n<p class=\"pdp-description-text pdp-description-text-bold\">Je vous propose un beau morceau de r\u00f4ti de porc coup\u00e9 dans l&rsquo;\u00e9chine, issu de porcs n\u00e9s, \u00e9lev\u00e9s et abattus en France. Une pi\u00e8ce g\u00e9n\u00e9reuse servie avec un jus de viande et un gratin dauphinois cuisin\u00e9 avec des pommes de terre gratin\u00e9es \u00e0 l&#8217;emmental et assaisonn\u00e9es d&rsquo;une pointe de muscade. Un plat \u00e0 la fois savoureux et gourmand ! Une recette \u00e9quilibr\u00e9e, riche en prot\u00e9ines, garantie sans colorant et sans ar\u00f4me artificiel.<\/p>\n","protected":false},"excerpt":{"rendered":"<p>R\u00f4ti De Porc &amp; Gratin Dauphinois La Cuisine D&rsquo;Oc\u00e9ane<\/p>\n<p>Assiette de 300 g<\/p>\n<p class=\"pdp-description-text pdp-description-text-bold\">\n","protected":false},"featured_media":44835,"comment_status":"open","ping_status":"closed","template":"","meta":[],"pwb-brand":[3826],"product_brand":[],"product_cat":[1053],"product_tag":[3849,3339],"class_list":{"0":"post-44831","1":"product","2":"type-product","3":"status-publish","4":"has-post-thumbnail","6":"pwb-brand-la-cuisine-doceane-fr","7":"product_cat-plats-prepares","8":"product_tag-gratin-fr","9":"product_tag-porc","10":"product_shipping_class-expedition-dans-le-monde-entier","12":"first","13":"instock","14":"taxable","15":"shipping-taxable","16":"purchasable","17":"product-type-simple"},"yoast_head":"<!-- This site is optimized with the Yoast SEO plugin v27.4 - https:\/\/yoast.com\/product\/yoast-seo-wordpress\/ -->\n<title>R\u00f4ti De Porc &amp; Gratin Dauphinois La Cuisine D&#039;Oc\u00e9ane | Acheter En Ligne | My French Grocery<\/title>\n<meta name=\"description\" content=\"R\u00f4ti De Porc &amp; Gratin Dauphinois La Cuisine D&#039;Oc\u00e9ane - Assiette de 300 g - Je vous propose un beau morceau de r\u00f4ti de porc coup\u00e9 dans l&#039;\u00e9chine, issu de porcs n\u00e9s, \u00e9lev\u00e9s et abattus en France.\" \/>\n<meta name=\"robots\" content=\"index, follow, max-snippet:-1, max-image-preview:large, max-video-preview:-1\" \/>\n<link rel=\"canonical\" href=\"https:\/\/my-french-grocery.com\/fr\/produit\/roti-de-porc-gratin-dauphinois-la-cuisine-doceane\/\" \/>\n<meta property=\"og:locale\" content=\"fr_FR\" \/>\n<meta property=\"og:type\" content=\"article\" \/>\n<meta property=\"og:title\" content=\"R\u00f4ti De Porc &amp; Gratin Dauphinois La Cuisine D&#039;Oc\u00e9ane | Acheter En Ligne | My French Grocery\" \/>\n<meta property=\"og:description\" content=\"R\u00f4ti De Porc &amp; Gratin Dauphinois La Cuisine D&#039;Oc\u00e9ane - Assiette de 300 g - Je vous propose un beau morceau de r\u00f4ti de porc coup\u00e9 dans l&#039;\u00e9chine, issu de porcs n\u00e9s, \u00e9lev\u00e9s et abattus en France.\" \/>\n<meta property=\"og:url\" content=\"https:\/\/my-french-grocery.com\/fr\/produit\/roti-de-porc-gratin-dauphinois-la-cuisine-doceane\/\" \/>\n<meta property=\"og:site_name\" content=\"My French Grocery\" \/>\n<meta property=\"article:publisher\" content=\"https:\/\/www.facebook.com\/myfrenchgrocery\/\" \/>\n<meta property=\"article:modified_time\" content=\"2024-11-12T19:12:30+00:00\" \/>\n<meta property=\"og:image\" content=\"https:\/\/my-french-grocery.com\/wp-content\/uploads\/2024\/11\/Roast-pork-and-gratin-dauphinois.webp\" \/>\n\t<meta property=\"og:image:width\" content=\"1500\" \/>\n\t<meta property=\"og:image:height\" content=\"1500\" \/>\n\t<meta property=\"og:image:type\" content=\"image\/webp\" \/>\n<meta name=\"twitter:card\" content=\"summary_large_image\" \/>\n<meta name=\"twitter:label1\" content=\"Dur\u00e9e de lecture estim\u00e9e\" \/>\n\t<meta name=\"twitter:data1\" content=\"1 minute\" \/>\n<script type=\"application\/ld+json\" class=\"yoast-schema-graph\">{\"@context\":\"https:\\\/\\\/schema.org\",\"@graph\":[{\"@type\":\"WebPage\",\"@id\":\"https:\\\/\\\/my-french-grocery.com\\\/fr\\\/produit\\\/roti-de-porc-gratin-dauphinois-la-cuisine-doceane\\\/\",\"url\":\"https:\\\/\\\/my-french-grocery.com\\\/fr\\\/produit\\\/roti-de-porc-gratin-dauphinois-la-cuisine-doceane\\\/\",\"name\":\"R\u00f4ti De Porc & Gratin Dauphinois La Cuisine D'Oc\u00e9ane | Acheter En Ligne | My French Grocery\",\"isPartOf\":{\"@id\":\"https:\\\/\\\/my-french-grocery.com\\\/fr\\\/#website\"},\"primaryImageOfPage\":{\"@id\":\"https:\\\/\\\/my-french-grocery.com\\\/fr\\\/produit\\\/roti-de-porc-gratin-dauphinois-la-cuisine-doceane\\\/#primaryimage\"},\"image\":{\"@id\":\"https:\\\/\\\/my-french-grocery.com\\\/fr\\\/produit\\\/roti-de-porc-gratin-dauphinois-la-cuisine-doceane\\\/#primaryimage\"},\"thumbnailUrl\":\"https:\\\/\\\/my-french-grocery.com\\\/wp-content\\\/uploads\\\/2024\\\/11\\\/Roast-pork-and-gratin-dauphinois.webp\",\"datePublished\":\"2024-11-11T16:39:27+00:00\",\"dateModified\":\"2024-11-12T19:12:30+00:00\",\"description\":\"R\u00f4ti De Porc & Gratin Dauphinois La Cuisine D'Oc\u00e9ane - Assiette de 300 g - Je vous propose un beau morceau de r\u00f4ti de porc coup\u00e9 dans l'\u00e9chine, issu de porcs n\u00e9s, \u00e9lev\u00e9s et abattus en France.\",\"breadcrumb\":{\"@id\":\"https:\\\/\\\/my-french-grocery.com\\\/fr\\\/produit\\\/roti-de-porc-gratin-dauphinois-la-cuisine-doceane\\\/#breadcrumb\"},\"inLanguage\":\"fr-FR\",\"potentialAction\":[{\"@type\":\"ReadAction\",\"target\":[\"https:\\\/\\\/my-french-grocery.com\\\/fr\\\/produit\\\/roti-de-porc-gratin-dauphinois-la-cuisine-doceane\\\/\"]}]},{\"@type\":\"ImageObject\",\"inLanguage\":\"fr-FR\",\"@id\":\"https:\\\/\\\/my-french-grocery.com\\\/fr\\\/produit\\\/roti-de-porc-gratin-dauphinois-la-cuisine-doceane\\\/#primaryimage\",\"url\":\"https:\\\/\\\/my-french-grocery.com\\\/wp-content\\\/uploads\\\/2024\\\/11\\\/Roast-pork-and-gratin-dauphinois.webp\",\"contentUrl\":\"https:\\\/\\\/my-french-grocery.com\\\/wp-content\\\/uploads\\\/2024\\\/11\\\/Roast-pork-and-gratin-dauphinois.webp\",\"width\":1500,\"height\":1500,\"caption\":\"R\u00f4ti De Porc & Gratin Dauphinois La Cuisine D'Oc\u00e9ane\"},{\"@type\":\"BreadcrumbList\",\"@id\":\"https:\\\/\\\/my-french-grocery.com\\\/fr\\\/produit\\\/roti-de-porc-gratin-dauphinois-la-cuisine-doceane\\\/#breadcrumb\",\"itemListElement\":[{\"@type\":\"ListItem\",\"position\":1,\"name\":\"Home\",\"item\":\"https:\\\/\\\/my-french-grocery.com\\\/fr\\\/\"},{\"@type\":\"ListItem\",\"position\":2,\"name\":\"Shop\",\"item\":\"https:\\\/\\\/my-french-grocery.com\\\/shop\\\/\"},{\"@type\":\"ListItem\",\"position\":3,\"name\":\"Alimentation\",\"item\":\"https:\\\/\\\/my-french-grocery.com\\\/fr\\\/categorie-produit\\\/alimentation\\\/\"},{\"@type\":\"ListItem\",\"position\":4,\"name\":\"Conserves &amp; Plats Pr\u00e9par\u00e9s\",\"item\":\"https:\\\/\\\/my-french-grocery.com\\\/fr\\\/categorie-produit\\\/alimentation\\\/conserves-plats-prepares\\\/\"},{\"@type\":\"ListItem\",\"position\":5,\"name\":\"Plats Pr\u00e9par\u00e9s\",\"item\":\"https:\\\/\\\/my-french-grocery.com\\\/fr\\\/categorie-produit\\\/alimentation\\\/conserves-plats-prepares\\\/plats-prepares\\\/\"},{\"@type\":\"ListItem\",\"position\":6,\"name\":\"R\u00f4ti De Porc &#038; Gratin Dauphinois La Cuisine D&#8217;Oc\u00e9ane\"}]},{\"@type\":\"WebSite\",\"@id\":\"https:\\\/\\\/my-french-grocery.com\\\/fr\\\/#website\",\"url\":\"https:\\\/\\\/my-french-grocery.com\\\/fr\\\/\",\"name\":\"My French Grocery\",\"description\":\"Your Online French Grocery  !\",\"publisher\":{\"@id\":\"https:\\\/\\\/my-french-grocery.com\\\/fr\\\/#organization\"},\"potentialAction\":[{\"@type\":\"SearchAction\",\"target\":{\"@type\":\"EntryPoint\",\"urlTemplate\":\"https:\\\/\\\/my-french-grocery.com\\\/fr\\\/?s={search_term_string}\"},\"query-input\":{\"@type\":\"PropertyValueSpecification\",\"valueRequired\":true,\"valueName\":\"search_term_string\"}}],\"inLanguage\":\"fr-FR\"},{\"@type\":\"Organization\",\"@id\":\"https:\\\/\\\/my-french-grocery.com\\\/fr\\\/#organization\",\"name\":\"MY FRENCH GROCERY\",\"url\":\"https:\\\/\\\/my-french-grocery.com\\\/fr\\\/\",\"logo\":{\"@type\":\"ImageObject\",\"inLanguage\":\"fr-FR\",\"@id\":\"https:\\\/\\\/my-french-grocery.com\\\/fr\\\/#\\\/schema\\\/logo\\\/image\\\/\",\"url\":\"https:\\\/\\\/my-french-grocery.com\\\/wp-content\\\/uploads\\\/2021\\\/11\\\/My-French-Grocery-Online-French-Grocery.png\",\"contentUrl\":\"https:\\\/\\\/my-french-grocery.com\\\/wp-content\\\/uploads\\\/2021\\\/11\\\/My-French-Grocery-Online-French-Grocery.png\",\"width\":100,\"height\":100,\"caption\":\"MY FRENCH GROCERY\"},\"image\":{\"@id\":\"https:\\\/\\\/my-french-grocery.com\\\/fr\\\/#\\\/schema\\\/logo\\\/image\\\/\"},\"sameAs\":[\"https:\\\/\\\/www.facebook.com\\\/myfrenchgrocery\\\/\"]}]}<\/script>\n<!-- \/ Yoast SEO plugin. -->","yoast_head_json":{"title":"R\u00f4ti De Porc & Gratin Dauphinois La Cuisine D'Oc\u00e9ane | Acheter En Ligne | My French Grocery","description":"R\u00f4ti De Porc & Gratin Dauphinois La Cuisine D'Oc\u00e9ane - Assiette de 300 g - Je vous propose un beau morceau de r\u00f4ti de porc coup\u00e9 dans l'\u00e9chine, issu de porcs n\u00e9s, \u00e9lev\u00e9s et abattus en France.","robots":{"index":"index","follow":"follow","max-snippet":"max-snippet:-1","max-image-preview":"max-image-preview:large","max-video-preview":"max-video-preview:-1"},"canonical":"https:\/\/my-french-grocery.com\/fr\/produit\/roti-de-porc-gratin-dauphinois-la-cuisine-doceane\/","og_locale":"fr_FR","og_type":"article","og_title":"R\u00f4ti De Porc & Gratin Dauphinois La Cuisine D'Oc\u00e9ane | Acheter En Ligne | My French Grocery","og_description":"R\u00f4ti De Porc & Gratin Dauphinois La Cuisine D'Oc\u00e9ane - Assiette de 300 g - Je vous propose un beau morceau de r\u00f4ti de porc coup\u00e9 dans l'\u00e9chine, issu de porcs n\u00e9s, \u00e9lev\u00e9s et abattus en France.","og_url":"https:\/\/my-french-grocery.com\/fr\/produit\/roti-de-porc-gratin-dauphinois-la-cuisine-doceane\/","og_site_name":"My French Grocery","article_publisher":"https:\/\/www.facebook.com\/myfrenchgrocery\/","article_modified_time":"2024-11-12T19:12:30+00:00","og_image":[{"width":1500,"height":1500,"url":"https:\/\/my-french-grocery.com\/wp-content\/uploads\/2024\/11\/Roast-pork-and-gratin-dauphinois.webp","type":"image\/webp"}],"twitter_card":"summary_large_image","twitter_misc":{"Dur\u00e9e de lecture estim\u00e9e":"1 minute"},"schema":{"@context":"https:\/\/schema.org","@graph":[{"@type":"WebPage","@id":"https:\/\/my-french-grocery.com\/fr\/produit\/roti-de-porc-gratin-dauphinois-la-cuisine-doceane\/","url":"https:\/\/my-french-grocery.com\/fr\/produit\/roti-de-porc-gratin-dauphinois-la-cuisine-doceane\/","name":"R\u00f4ti De Porc & Gratin Dauphinois La Cuisine D'Oc\u00e9ane | Acheter En Ligne | My French Grocery","isPartOf":{"@id":"https:\/\/my-french-grocery.com\/fr\/#website"},"primaryImageOfPage":{"@id":"https:\/\/my-french-grocery.com\/fr\/produit\/roti-de-porc-gratin-dauphinois-la-cuisine-doceane\/#primaryimage"},"image":{"@id":"https:\/\/my-french-grocery.com\/fr\/produit\/roti-de-porc-gratin-dauphinois-la-cuisine-doceane\/#primaryimage"},"thumbnailUrl":"https:\/\/my-french-grocery.com\/wp-content\/uploads\/2024\/11\/Roast-pork-and-gratin-dauphinois.webp","datePublished":"2024-11-11T16:39:27+00:00","dateModified":"2024-11-12T19:12:30+00:00","description":"R\u00f4ti De Porc & Gratin Dauphinois La Cuisine D'Oc\u00e9ane - Assiette de 300 g - Je vous propose un beau morceau de r\u00f4ti de porc coup\u00e9 dans l'\u00e9chine, issu de porcs n\u00e9s, \u00e9lev\u00e9s et abattus en France.","breadcrumb":{"@id":"https:\/\/my-french-grocery.com\/fr\/produit\/roti-de-porc-gratin-dauphinois-la-cuisine-doceane\/#breadcrumb"},"inLanguage":"fr-FR","potentialAction":[{"@type":"ReadAction","target":["https:\/\/my-french-grocery.com\/fr\/produit\/roti-de-porc-gratin-dauphinois-la-cuisine-doceane\/"]}]},{"@type":"ImageObject","inLanguage":"fr-FR","@id":"https:\/\/my-french-grocery.com\/fr\/produit\/roti-de-porc-gratin-dauphinois-la-cuisine-doceane\/#primaryimage","url":"https:\/\/my-french-grocery.com\/wp-content\/uploads\/2024\/11\/Roast-pork-and-gratin-dauphinois.webp","contentUrl":"https:\/\/my-french-grocery.com\/wp-content\/uploads\/2024\/11\/Roast-pork-and-gratin-dauphinois.webp","width":1500,"height":1500,"caption":"R\u00f4ti De Porc & Gratin Dauphinois La Cuisine D'Oc\u00e9ane"},{"@type":"BreadcrumbList","@id":"https:\/\/my-french-grocery.com\/fr\/produit\/roti-de-porc-gratin-dauphinois-la-cuisine-doceane\/#breadcrumb","itemListElement":[{"@type":"ListItem","position":1,"name":"Home","item":"https:\/\/my-french-grocery.com\/fr\/"},{"@type":"ListItem","position":2,"name":"Shop","item":"https:\/\/my-french-grocery.com\/shop\/"},{"@type":"ListItem","position":3,"name":"Alimentation","item":"https:\/\/my-french-grocery.com\/fr\/categorie-produit\/alimentation\/"},{"@type":"ListItem","position":4,"name":"Conserves &amp; Plats Pr\u00e9par\u00e9s","item":"https:\/\/my-french-grocery.com\/fr\/categorie-produit\/alimentation\/conserves-plats-prepares\/"},{"@type":"ListItem","position":5,"name":"Plats Pr\u00e9par\u00e9s","item":"https:\/\/my-french-grocery.com\/fr\/categorie-produit\/alimentation\/conserves-plats-prepares\/plats-prepares\/"},{"@type":"ListItem","position":6,"name":"R\u00f4ti De Porc &#038; Gratin Dauphinois La Cuisine D&#8217;Oc\u00e9ane"}]},{"@type":"WebSite","@id":"https:\/\/my-french-grocery.com\/fr\/#website","url":"https:\/\/my-french-grocery.com\/fr\/","name":"My French Grocery","description":"Your Online French Grocery  !","publisher":{"@id":"https:\/\/my-french-grocery.com\/fr\/#organization"},"potentialAction":[{"@type":"SearchAction","target":{"@type":"EntryPoint","urlTemplate":"https:\/\/my-french-grocery.com\/fr\/?s={search_term_string}"},"query-input":{"@type":"PropertyValueSpecification","valueRequired":true,"valueName":"search_term_string"}}],"inLanguage":"fr-FR"},{"@type":"Organization","@id":"https:\/\/my-french-grocery.com\/fr\/#organization","name":"MY FRENCH GROCERY","url":"https:\/\/my-french-grocery.com\/fr\/","logo":{"@type":"ImageObject","inLanguage":"fr-FR","@id":"https:\/\/my-french-grocery.com\/fr\/#\/schema\/logo\/image\/","url":"https:\/\/my-french-grocery.com\/wp-content\/uploads\/2021\/11\/My-French-Grocery-Online-French-Grocery.png","contentUrl":"https:\/\/my-french-grocery.com\/wp-content\/uploads\/2021\/11\/My-French-Grocery-Online-French-Grocery.png","width":100,"height":100,"caption":"MY FRENCH GROCERY"},"image":{"@id":"https:\/\/my-french-grocery.com\/fr\/#\/schema\/logo\/image\/"},"sameAs":["https:\/\/www.facebook.com\/myfrenchgrocery\/"]}]}},"brands":[{"id":3826,"name":"La Cuisine D'Oc\u00e9ane","slug":"la-cuisine-doceane-fr"}],"_links":{"self":[{"href":"https:\/\/my-french-grocery.com\/fr\/wp-json\/wp\/v2\/product\/44831","targetHints":{"allow":["GET"]}}],"collection":[{"href":"https:\/\/my-french-grocery.com\/fr\/wp-json\/wp\/v2\/product"}],"about":[{"href":"https:\/\/my-french-grocery.com\/fr\/wp-json\/wp\/v2\/types\/product"}],"replies":[{"embeddable":true,"href":"https:\/\/my-french-grocery.com\/fr\/wp-json\/wp\/v2\/comments?post=44831"}],"wp:featuredmedia":[{"embeddable":true,"href":"https:\/\/my-french-grocery.com\/fr\/wp-json\/wp\/v2\/media\/44835"}],"wp:attachment":[{"href":"https:\/\/my-french-grocery.com\/fr\/wp-json\/wp\/v2\/media?parent=44831"}],"wp:term":[{"taxonomy":"pwb-brand","embeddable":true,"href":"https:\/\/my-french-grocery.com\/fr\/wp-json\/wp\/v2\/pwb-brand?post=44831"},{"taxonomy":"product_brand","embeddable":true,"href":"https:\/\/my-french-grocery.com\/fr\/wp-json\/wp\/v2\/product_brand?post=44831"},{"taxonomy":"product_cat","embeddable":true,"href":"https:\/\/my-french-grocery.com\/fr\/wp-json\/wp\/v2\/product_cat?post=44831"},{"taxonomy":"product_tag","embeddable":true,"href":"https:\/\/my-french-grocery.com\/fr\/wp-json\/wp\/v2\/product_tag?post=44831"}],"curies":[{"name":"wp","href":"https:\/\/api.w.org\/{rel}","templated":true}]}}