{"id":46109,"date":"2025-01-05T20:09:03","date_gmt":"2025-01-05T18:09:05","guid":{"rendered":"https:\/\/my-french-grocery.com\/?post_type=product&#038;p=46109"},"modified":"2025-02-13T16:55:55","modified_gmt":"2025-02-13T14:55:55","slug":"infusion-peche-abricot-elephant","status":"publish","type":"product","link":"https:\/\/my-french-grocery.com\/fr\/produit\/infusion-peche-abricot-elephant\/","title":{"rendered":"Infusion P\u00eache &#038; Abricot Elephant"},"content":{"rendered":"<p>Infusion P\u00eache &amp; Abricot Elephant<\/p>\n<p>Boite de 20 sachets<\/p>\n<p>Go\u00fbtez les plaisirs de l&rsquo;\u00e9t\u00e9 en savourant les notes velout\u00e9es et gourmandes de la p\u00eache et celles d\u00e9licieusement acidul\u00e9es de l&rsquo;abricot gr\u00e2ce \u00e0 l&rsquo;infusion P\u00eache Abricot et ses 20 Sachets Pyramid\u00ae.<\/p>\n","protected":false},"excerpt":{"rendered":"<p>Infusion P\u00eache &amp; Abricot Elephant<\/p>\n<p>Boite de 20 sachets<\/p>\n","protected":false},"featured_media":46113,"comment_status":"open","ping_status":"closed","template":"","meta":[],"pwb-brand":[3898],"product_brand":[],"product_cat":[1051],"product_tag":[3885,3511,3497],"class_list":{"0":"post-46109","1":"product","2":"type-product","3":"status-publish","4":"has-post-thumbnail","6":"pwb-brand-elephant-fr-2","7":"product_cat-the","8":"product_tag-elephant-fr","9":"product_tag-infusion-fr","10":"product_tag-the-fr-2","11":"product_shipping_class-expedition-dans-le-monde-entier","13":"first","14":"instock","15":"taxable","16":"shipping-taxable","17":"purchasable","18":"product-type-simple"},"yoast_head":"<!-- This site is optimized with the Yoast SEO plugin v27.4 - https:\/\/yoast.com\/product\/yoast-seo-wordpress\/ -->\n<title>Infusion P\u00eache &amp; Abricot Elephant | Acheter En Ligne | My French Grocery<\/title>\n<meta name=\"description\" content=\"Infusion P\u00eache &amp; Abricot Elephant - Boite de 20 sachets - Go\u00fbtez les plaisirs de l&#039;\u00e9t\u00e9 en savourant les notes velout\u00e9es et gourmandes de la p\u00eache et celles d\u00e9licieusement acidul\u00e9es de l&#039;abricot\" \/>\n<meta name=\"robots\" content=\"index, follow, max-snippet:-1, max-image-preview:large, max-video-preview:-1\" \/>\n<link rel=\"canonical\" href=\"https:\/\/my-french-grocery.com\/fr\/produit\/infusion-peche-abricot-elephant\/\" \/>\n<meta property=\"og:locale\" content=\"fr_FR\" \/>\n<meta property=\"og:type\" content=\"article\" \/>\n<meta property=\"og:title\" content=\"Infusion P\u00eache &amp; Abricot Elephant | Acheter En Ligne | My French Grocery\" \/>\n<meta property=\"og:description\" content=\"Infusion P\u00eache &amp; Abricot Elephant - Boite de 20 sachets - Go\u00fbtez les plaisirs de l&#039;\u00e9t\u00e9 en savourant les notes velout\u00e9es et gourmandes de la p\u00eache et celles d\u00e9licieusement acidul\u00e9es de l&#039;abricot\" \/>\n<meta property=\"og:url\" content=\"https:\/\/my-french-grocery.com\/fr\/produit\/infusion-peche-abricot-elephant\/\" \/>\n<meta property=\"og:site_name\" content=\"My French Grocery\" \/>\n<meta property=\"article:publisher\" content=\"https:\/\/www.facebook.com\/myfrenchgrocery\/\" \/>\n<meta property=\"article:modified_time\" content=\"2025-02-13T14:55:55+00:00\" \/>\n<meta property=\"og:image\" content=\"https:\/\/my-french-grocery.com\/wp-content\/uploads\/2025\/01\/Elephant-Peach-Apricot-Infusion.webp\" \/>\n\t<meta property=\"og:image:width\" content=\"1500\" \/>\n\t<meta property=\"og:image:height\" content=\"1500\" \/>\n\t<meta property=\"og:image:type\" content=\"image\/webp\" \/>\n<meta name=\"twitter:card\" content=\"summary_large_image\" \/>\n<meta name=\"twitter:label1\" content=\"Dur\u00e9e de lecture estim\u00e9e\" \/>\n\t<meta name=\"twitter:data1\" content=\"1 minute\" \/>\n<script type=\"application\/ld+json\" class=\"yoast-schema-graph\">{\"@context\":\"https:\\\/\\\/schema.org\",\"@graph\":[{\"@type\":\"WebPage\",\"@id\":\"https:\\\/\\\/my-french-grocery.com\\\/fr\\\/produit\\\/infusion-peche-abricot-elephant\\\/\",\"url\":\"https:\\\/\\\/my-french-grocery.com\\\/fr\\\/produit\\\/infusion-peche-abricot-elephant\\\/\",\"name\":\"Infusion P\u00eache & Abricot Elephant | Acheter En Ligne | My French Grocery\",\"isPartOf\":{\"@id\":\"https:\\\/\\\/my-french-grocery.com\\\/fr\\\/#website\"},\"primaryImageOfPage\":{\"@id\":\"https:\\\/\\\/my-french-grocery.com\\\/fr\\\/produit\\\/infusion-peche-abricot-elephant\\\/#primaryimage\"},\"image\":{\"@id\":\"https:\\\/\\\/my-french-grocery.com\\\/fr\\\/produit\\\/infusion-peche-abricot-elephant\\\/#primaryimage\"},\"thumbnailUrl\":\"https:\\\/\\\/my-french-grocery.com\\\/wp-content\\\/uploads\\\/2025\\\/01\\\/Elephant-Peach-Apricot-Infusion.webp\",\"datePublished\":\"2025-01-05T18:09:05+00:00\",\"dateModified\":\"2025-02-13T14:55:55+00:00\",\"description\":\"Infusion P\u00eache & Abricot Elephant - Boite de 20 sachets - Go\u00fbtez les plaisirs de l'\u00e9t\u00e9 en savourant les notes velout\u00e9es et gourmandes de la p\u00eache et celles d\u00e9licieusement acidul\u00e9es de l'abricot\",\"breadcrumb\":{\"@id\":\"https:\\\/\\\/my-french-grocery.com\\\/fr\\\/produit\\\/infusion-peche-abricot-elephant\\\/#breadcrumb\"},\"inLanguage\":\"fr-FR\",\"potentialAction\":[{\"@type\":\"ReadAction\",\"target\":[\"https:\\\/\\\/my-french-grocery.com\\\/fr\\\/produit\\\/infusion-peche-abricot-elephant\\\/\"]}]},{\"@type\":\"ImageObject\",\"inLanguage\":\"fr-FR\",\"@id\":\"https:\\\/\\\/my-french-grocery.com\\\/fr\\\/produit\\\/infusion-peche-abricot-elephant\\\/#primaryimage\",\"url\":\"https:\\\/\\\/my-french-grocery.com\\\/wp-content\\\/uploads\\\/2025\\\/01\\\/Elephant-Peach-Apricot-Infusion.webp\",\"contentUrl\":\"https:\\\/\\\/my-french-grocery.com\\\/wp-content\\\/uploads\\\/2025\\\/01\\\/Elephant-Peach-Apricot-Infusion.webp\",\"width\":1500,\"height\":1500,\"caption\":\"Infusion P\u00eache & Abricot Elephant\"},{\"@type\":\"BreadcrumbList\",\"@id\":\"https:\\\/\\\/my-french-grocery.com\\\/fr\\\/produit\\\/infusion-peche-abricot-elephant\\\/#breadcrumb\",\"itemListElement\":[{\"@type\":\"ListItem\",\"position\":1,\"name\":\"Home\",\"item\":\"https:\\\/\\\/my-french-grocery.com\\\/fr\\\/\"},{\"@type\":\"ListItem\",\"position\":2,\"name\":\"Shop\",\"item\":\"https:\\\/\\\/my-french-grocery.com\\\/shop\\\/\"},{\"@type\":\"ListItem\",\"position\":3,\"name\":\"Alimentation\",\"item\":\"https:\\\/\\\/my-french-grocery.com\\\/fr\\\/categorie-produit\\\/alimentation\\\/\"},{\"@type\":\"ListItem\",\"position\":4,\"name\":\"Th\u00e9s, Caf\u00e9s, Chocolat En Poudre\",\"item\":\"https:\\\/\\\/my-french-grocery.com\\\/fr\\\/categorie-produit\\\/alimentation\\\/thes-cafes-chocolat-en-poudre\\\/\"},{\"@type\":\"ListItem\",\"position\":5,\"name\":\"Th\u00e9\",\"item\":\"https:\\\/\\\/my-french-grocery.com\\\/fr\\\/categorie-produit\\\/alimentation\\\/thes-cafes-chocolat-en-poudre\\\/the\\\/\"},{\"@type\":\"ListItem\",\"position\":6,\"name\":\"Infusion P\u00eache &#038; Abricot Elephant\"}]},{\"@type\":\"WebSite\",\"@id\":\"https:\\\/\\\/my-french-grocery.com\\\/fr\\\/#website\",\"url\":\"https:\\\/\\\/my-french-grocery.com\\\/fr\\\/\",\"name\":\"My French Grocery\",\"description\":\"Your Online French Grocery  !\",\"publisher\":{\"@id\":\"https:\\\/\\\/my-french-grocery.com\\\/fr\\\/#organization\"},\"potentialAction\":[{\"@type\":\"SearchAction\",\"target\":{\"@type\":\"EntryPoint\",\"urlTemplate\":\"https:\\\/\\\/my-french-grocery.com\\\/fr\\\/?s={search_term_string}\"},\"query-input\":{\"@type\":\"PropertyValueSpecification\",\"valueRequired\":true,\"valueName\":\"search_term_string\"}}],\"inLanguage\":\"fr-FR\"},{\"@type\":\"Organization\",\"@id\":\"https:\\\/\\\/my-french-grocery.com\\\/fr\\\/#organization\",\"name\":\"MY FRENCH GROCERY\",\"url\":\"https:\\\/\\\/my-french-grocery.com\\\/fr\\\/\",\"logo\":{\"@type\":\"ImageObject\",\"inLanguage\":\"fr-FR\",\"@id\":\"https:\\\/\\\/my-french-grocery.com\\\/fr\\\/#\\\/schema\\\/logo\\\/image\\\/\",\"url\":\"https:\\\/\\\/my-french-grocery.com\\\/wp-content\\\/uploads\\\/2021\\\/11\\\/My-French-Grocery-Online-French-Grocery.png\",\"contentUrl\":\"https:\\\/\\\/my-french-grocery.com\\\/wp-content\\\/uploads\\\/2021\\\/11\\\/My-French-Grocery-Online-French-Grocery.png\",\"width\":100,\"height\":100,\"caption\":\"MY FRENCH GROCERY\"},\"image\":{\"@id\":\"https:\\\/\\\/my-french-grocery.com\\\/fr\\\/#\\\/schema\\\/logo\\\/image\\\/\"},\"sameAs\":[\"https:\\\/\\\/www.facebook.com\\\/myfrenchgrocery\\\/\"]}]}<\/script>\n<!-- \/ Yoast SEO plugin. -->","yoast_head_json":{"title":"Infusion P\u00eache & Abricot Elephant | Acheter En Ligne | My French Grocery","description":"Infusion P\u00eache & Abricot Elephant - Boite de 20 sachets - Go\u00fbtez les plaisirs de l'\u00e9t\u00e9 en savourant les notes velout\u00e9es et gourmandes de la p\u00eache et celles d\u00e9licieusement acidul\u00e9es de l'abricot","robots":{"index":"index","follow":"follow","max-snippet":"max-snippet:-1","max-image-preview":"max-image-preview:large","max-video-preview":"max-video-preview:-1"},"canonical":"https:\/\/my-french-grocery.com\/fr\/produit\/infusion-peche-abricot-elephant\/","og_locale":"fr_FR","og_type":"article","og_title":"Infusion P\u00eache & Abricot Elephant | Acheter En Ligne | My French Grocery","og_description":"Infusion P\u00eache & Abricot Elephant - Boite de 20 sachets - Go\u00fbtez les plaisirs de l'\u00e9t\u00e9 en savourant les notes velout\u00e9es et gourmandes de la p\u00eache et celles d\u00e9licieusement acidul\u00e9es de l'abricot","og_url":"https:\/\/my-french-grocery.com\/fr\/produit\/infusion-peche-abricot-elephant\/","og_site_name":"My French Grocery","article_publisher":"https:\/\/www.facebook.com\/myfrenchgrocery\/","article_modified_time":"2025-02-13T14:55:55+00:00","og_image":[{"width":1500,"height":1500,"url":"https:\/\/my-french-grocery.com\/wp-content\/uploads\/2025\/01\/Elephant-Peach-Apricot-Infusion.webp","type":"image\/webp"}],"twitter_card":"summary_large_image","twitter_misc":{"Dur\u00e9e de lecture estim\u00e9e":"1 minute"},"schema":{"@context":"https:\/\/schema.org","@graph":[{"@type":"WebPage","@id":"https:\/\/my-french-grocery.com\/fr\/produit\/infusion-peche-abricot-elephant\/","url":"https:\/\/my-french-grocery.com\/fr\/produit\/infusion-peche-abricot-elephant\/","name":"Infusion P\u00eache & Abricot Elephant | Acheter En Ligne | My French Grocery","isPartOf":{"@id":"https:\/\/my-french-grocery.com\/fr\/#website"},"primaryImageOfPage":{"@id":"https:\/\/my-french-grocery.com\/fr\/produit\/infusion-peche-abricot-elephant\/#primaryimage"},"image":{"@id":"https:\/\/my-french-grocery.com\/fr\/produit\/infusion-peche-abricot-elephant\/#primaryimage"},"thumbnailUrl":"https:\/\/my-french-grocery.com\/wp-content\/uploads\/2025\/01\/Elephant-Peach-Apricot-Infusion.webp","datePublished":"2025-01-05T18:09:05+00:00","dateModified":"2025-02-13T14:55:55+00:00","description":"Infusion P\u00eache & Abricot Elephant - Boite de 20 sachets - Go\u00fbtez les plaisirs de l'\u00e9t\u00e9 en savourant les notes velout\u00e9es et gourmandes de la p\u00eache et celles d\u00e9licieusement acidul\u00e9es de l'abricot","breadcrumb":{"@id":"https:\/\/my-french-grocery.com\/fr\/produit\/infusion-peche-abricot-elephant\/#breadcrumb"},"inLanguage":"fr-FR","potentialAction":[{"@type":"ReadAction","target":["https:\/\/my-french-grocery.com\/fr\/produit\/infusion-peche-abricot-elephant\/"]}]},{"@type":"ImageObject","inLanguage":"fr-FR","@id":"https:\/\/my-french-grocery.com\/fr\/produit\/infusion-peche-abricot-elephant\/#primaryimage","url":"https:\/\/my-french-grocery.com\/wp-content\/uploads\/2025\/01\/Elephant-Peach-Apricot-Infusion.webp","contentUrl":"https:\/\/my-french-grocery.com\/wp-content\/uploads\/2025\/01\/Elephant-Peach-Apricot-Infusion.webp","width":1500,"height":1500,"caption":"Infusion P\u00eache & Abricot Elephant"},{"@type":"BreadcrumbList","@id":"https:\/\/my-french-grocery.com\/fr\/produit\/infusion-peche-abricot-elephant\/#breadcrumb","itemListElement":[{"@type":"ListItem","position":1,"name":"Home","item":"https:\/\/my-french-grocery.com\/fr\/"},{"@type":"ListItem","position":2,"name":"Shop","item":"https:\/\/my-french-grocery.com\/shop\/"},{"@type":"ListItem","position":3,"name":"Alimentation","item":"https:\/\/my-french-grocery.com\/fr\/categorie-produit\/alimentation\/"},{"@type":"ListItem","position":4,"name":"Th\u00e9s, Caf\u00e9s, Chocolat En Poudre","item":"https:\/\/my-french-grocery.com\/fr\/categorie-produit\/alimentation\/thes-cafes-chocolat-en-poudre\/"},{"@type":"ListItem","position":5,"name":"Th\u00e9","item":"https:\/\/my-french-grocery.com\/fr\/categorie-produit\/alimentation\/thes-cafes-chocolat-en-poudre\/the\/"},{"@type":"ListItem","position":6,"name":"Infusion P\u00eache &#038; Abricot Elephant"}]},{"@type":"WebSite","@id":"https:\/\/my-french-grocery.com\/fr\/#website","url":"https:\/\/my-french-grocery.com\/fr\/","name":"My French Grocery","description":"Your Online French Grocery  !","publisher":{"@id":"https:\/\/my-french-grocery.com\/fr\/#organization"},"potentialAction":[{"@type":"SearchAction","target":{"@type":"EntryPoint","urlTemplate":"https:\/\/my-french-grocery.com\/fr\/?s={search_term_string}"},"query-input":{"@type":"PropertyValueSpecification","valueRequired":true,"valueName":"search_term_string"}}],"inLanguage":"fr-FR"},{"@type":"Organization","@id":"https:\/\/my-french-grocery.com\/fr\/#organization","name":"MY FRENCH GROCERY","url":"https:\/\/my-french-grocery.com\/fr\/","logo":{"@type":"ImageObject","inLanguage":"fr-FR","@id":"https:\/\/my-french-grocery.com\/fr\/#\/schema\/logo\/image\/","url":"https:\/\/my-french-grocery.com\/wp-content\/uploads\/2021\/11\/My-French-Grocery-Online-French-Grocery.png","contentUrl":"https:\/\/my-french-grocery.com\/wp-content\/uploads\/2021\/11\/My-French-Grocery-Online-French-Grocery.png","width":100,"height":100,"caption":"MY FRENCH GROCERY"},"image":{"@id":"https:\/\/my-french-grocery.com\/fr\/#\/schema\/logo\/image\/"},"sameAs":["https:\/\/www.facebook.com\/myfrenchgrocery\/"]}]}},"brands":[{"id":3898,"name":"Elephant","slug":"elephant-fr-2"}],"_links":{"self":[{"href":"https:\/\/my-french-grocery.com\/fr\/wp-json\/wp\/v2\/product\/46109","targetHints":{"allow":["GET"]}}],"collection":[{"href":"https:\/\/my-french-grocery.com\/fr\/wp-json\/wp\/v2\/product"}],"about":[{"href":"https:\/\/my-french-grocery.com\/fr\/wp-json\/wp\/v2\/types\/product"}],"replies":[{"embeddable":true,"href":"https:\/\/my-french-grocery.com\/fr\/wp-json\/wp\/v2\/comments?post=46109"}],"wp:featuredmedia":[{"embeddable":true,"href":"https:\/\/my-french-grocery.com\/fr\/wp-json\/wp\/v2\/media\/46113"}],"wp:attachment":[{"href":"https:\/\/my-french-grocery.com\/fr\/wp-json\/wp\/v2\/media?parent=46109"}],"wp:term":[{"taxonomy":"pwb-brand","embeddable":true,"href":"https:\/\/my-french-grocery.com\/fr\/wp-json\/wp\/v2\/pwb-brand?post=46109"},{"taxonomy":"product_brand","embeddable":true,"href":"https:\/\/my-french-grocery.com\/fr\/wp-json\/wp\/v2\/product_brand?post=46109"},{"taxonomy":"product_cat","embeddable":true,"href":"https:\/\/my-french-grocery.com\/fr\/wp-json\/wp\/v2\/product_cat?post=46109"},{"taxonomy":"product_tag","embeddable":true,"href":"https:\/\/my-french-grocery.com\/fr\/wp-json\/wp\/v2\/product_tag?post=46109"}],"curies":[{"name":"wp","href":"https:\/\/api.w.org\/{rel}","templated":true}]}}