{"id":46972,"date":"2025-02-20T11:24:19","date_gmt":"2025-02-20T09:24:19","guid":{"rendered":"https:\/\/my-french-grocery.com\/product\/creme-anti-rides-hydratation-intense-diadermine\/"},"modified":"2025-02-20T11:24:19","modified_gmt":"2025-02-20T09:24:19","slug":"creme-anti-rides-hydratation-intense-diadermine","status":"publish","type":"product","link":"https:\/\/my-french-grocery.com\/fr\/produit\/creme-anti-rides-hydratation-intense-diadermine\/","title":{"rendered":"Cr\u00e8me Anti-Rides Hydratation Intense Diadermine"},"content":{"rendered":"<p>Cr\u00e8me Anti-Rides Hydratation Intense Diadermine<\/p>\n<p>pot de 50 ml<\/p>\n<p>LIFT+ HYDRATANT combine 2 actions anti-\u00e2ge cibl\u00e9es : &#8211; La formule enrichie en Pro-Collag\u00e8ne agit sur les 5 types de collag\u00e8ne les plus importants. Elle stimule la production naturelle de collag\u00e8ne et redensifie sa structure pour am\u00e9liorer la fermet\u00e9 de la peau et lui offrir un effet retenseur longue dur\u00e9e.<\/p>\n","protected":false},"excerpt":{"rendered":"<p>Cr\u00e8me Anti-Rides Hydratation Intense Diadermine<\/p>\n<p>pot de 50 ml<\/p>\n","protected":false},"featured_media":46967,"comment_status":"open","ping_status":"closed","template":"","meta":[],"pwb-brand":[3912],"product_brand":[],"product_cat":[2753],"product_tag":[3910,3911],"class_list":{"0":"post-46972","1":"product","2":"type-product","3":"status-publish","4":"has-post-thumbnail","6":"pwb-brand-diadermine-fr","7":"product_cat-soin-du-corps","8":"product_tag-diadermine-fr","9":"product_tag-soin-de-la-peau","10":"product_shipping_class-expedition-dans-le-monde-entier","12":"first","13":"instock","14":"taxable","15":"shipping-taxable","16":"purchasable","17":"product-type-simple"},"yoast_head":"<!-- This site is optimized with the Yoast SEO plugin v27.3 - https:\/\/yoast.com\/product\/yoast-seo-wordpress\/ -->\n<title>Cr\u00e8me Anti-Rides Hydratation Intense Diadermine | Buy Online | My French Grocery<\/title>\n<meta name=\"description\" content=\"Cr\u00e8me Anti-Rides Hydratation Intense Diadermine\" \/>\n<meta name=\"robots\" content=\"index, follow, max-snippet:-1, max-image-preview:large, max-video-preview:-1\" \/>\n<link rel=\"canonical\" href=\"https:\/\/my-french-grocery.com\/fr\/produit\/creme-anti-rides-hydratation-intense-diadermine\/\" \/>\n<meta property=\"og:locale\" content=\"fr_FR\" \/>\n<meta property=\"og:type\" content=\"article\" \/>\n<meta property=\"og:title\" content=\"Cr\u00e8me Anti-Rides Hydratation Intense Diadermine | Buy Online | My French Grocery\" \/>\n<meta property=\"og:description\" content=\"Cr\u00e8me Anti-Rides Hydratation Intense Diadermine\" \/>\n<meta property=\"og:url\" content=\"https:\/\/my-french-grocery.com\/fr\/produit\/creme-anti-rides-hydratation-intense-diadermine\/\" \/>\n<meta property=\"og:site_name\" content=\"My French Grocery\" \/>\n<meta property=\"article:publisher\" content=\"https:\/\/www.facebook.com\/myfrenchgrocery\/\" \/>\n<meta property=\"og:image\" content=\"https:\/\/my-french-grocery.com\/wp-content\/uploads\/2025\/02\/DIADERMINE-intense-hydration-anti-wrinkle-cream.webp\" \/>\n\t<meta property=\"og:image:width\" content=\"1500\" \/>\n\t<meta property=\"og:image:height\" content=\"1500\" \/>\n\t<meta property=\"og:image:type\" content=\"image\/webp\" \/>\n<meta name=\"twitter:card\" content=\"summary_large_image\" \/>\n<script type=\"application\/ld+json\" class=\"yoast-schema-graph\">{\"@context\":\"https:\\\/\\\/schema.org\",\"@graph\":[{\"@type\":\"WebPage\",\"@id\":\"https:\\\/\\\/my-french-grocery.com\\\/fr\\\/produit\\\/creme-anti-rides-hydratation-intense-diadermine\\\/\",\"url\":\"https:\\\/\\\/my-french-grocery.com\\\/fr\\\/produit\\\/creme-anti-rides-hydratation-intense-diadermine\\\/\",\"name\":\"Cr\u00e8me Anti-Rides Hydratation Intense Diadermine | Buy Online | My French Grocery\",\"isPartOf\":{\"@id\":\"https:\\\/\\\/my-french-grocery.com\\\/fr\\\/#website\"},\"primaryImageOfPage\":{\"@id\":\"https:\\\/\\\/my-french-grocery.com\\\/fr\\\/produit\\\/creme-anti-rides-hydratation-intense-diadermine\\\/#primaryimage\"},\"image\":{\"@id\":\"https:\\\/\\\/my-french-grocery.com\\\/fr\\\/produit\\\/creme-anti-rides-hydratation-intense-diadermine\\\/#primaryimage\"},\"thumbnailUrl\":\"https:\\\/\\\/my-french-grocery.com\\\/wp-content\\\/uploads\\\/2025\\\/02\\\/DIADERMINE-intense-hydration-anti-wrinkle-cream.webp\",\"datePublished\":\"2025-02-20T09:24:19+00:00\",\"description\":\"Cr\u00e8me Anti-Rides Hydratation Intense Diadermine\",\"breadcrumb\":{\"@id\":\"https:\\\/\\\/my-french-grocery.com\\\/fr\\\/produit\\\/creme-anti-rides-hydratation-intense-diadermine\\\/#breadcrumb\"},\"inLanguage\":\"fr-FR\",\"potentialAction\":[{\"@type\":\"ReadAction\",\"target\":[\"https:\\\/\\\/my-french-grocery.com\\\/fr\\\/produit\\\/creme-anti-rides-hydratation-intense-diadermine\\\/\"]}]},{\"@type\":\"ImageObject\",\"inLanguage\":\"fr-FR\",\"@id\":\"https:\\\/\\\/my-french-grocery.com\\\/fr\\\/produit\\\/creme-anti-rides-hydratation-intense-diadermine\\\/#primaryimage\",\"url\":\"https:\\\/\\\/my-french-grocery.com\\\/wp-content\\\/uploads\\\/2025\\\/02\\\/DIADERMINE-intense-hydration-anti-wrinkle-cream.webp\",\"contentUrl\":\"https:\\\/\\\/my-french-grocery.com\\\/wp-content\\\/uploads\\\/2025\\\/02\\\/DIADERMINE-intense-hydration-anti-wrinkle-cream.webp\",\"width\":1500,\"height\":1500,\"caption\":\"Cr\u00e8me Anti-Rides Hydratation Intense Diadermine\"},{\"@type\":\"BreadcrumbList\",\"@id\":\"https:\\\/\\\/my-french-grocery.com\\\/fr\\\/produit\\\/creme-anti-rides-hydratation-intense-diadermine\\\/#breadcrumb\",\"itemListElement\":[{\"@type\":\"ListItem\",\"position\":1,\"name\":\"Home\",\"item\":\"https:\\\/\\\/my-french-grocery.com\\\/fr\\\/\"},{\"@type\":\"ListItem\",\"position\":2,\"name\":\"Shop\",\"item\":\"https:\\\/\\\/my-french-grocery.com\\\/shop\\\/\"},{\"@type\":\"ListItem\",\"position\":3,\"name\":\"Cosm\u00e9tiques\",\"item\":\"https:\\\/\\\/my-french-grocery.com\\\/fr\\\/categorie-produit\\\/cosmetiques\\\/\"},{\"@type\":\"ListItem\",\"position\":4,\"name\":\"Soin Du Corps\",\"item\":\"https:\\\/\\\/my-french-grocery.com\\\/fr\\\/categorie-produit\\\/cosmetiques\\\/soin-du-corps\\\/\"},{\"@type\":\"ListItem\",\"position\":5,\"name\":\"Cr\u00e8me Anti-Rides Hydratation Intense Diadermine\"}]},{\"@type\":\"WebSite\",\"@id\":\"https:\\\/\\\/my-french-grocery.com\\\/fr\\\/#website\",\"url\":\"https:\\\/\\\/my-french-grocery.com\\\/fr\\\/\",\"name\":\"My French Grocery\",\"description\":\"Your Online French Grocery  !\",\"publisher\":{\"@id\":\"https:\\\/\\\/my-french-grocery.com\\\/fr\\\/#organization\"},\"potentialAction\":[{\"@type\":\"SearchAction\",\"target\":{\"@type\":\"EntryPoint\",\"urlTemplate\":\"https:\\\/\\\/my-french-grocery.com\\\/fr\\\/?s={search_term_string}\"},\"query-input\":{\"@type\":\"PropertyValueSpecification\",\"valueRequired\":true,\"valueName\":\"search_term_string\"}}],\"inLanguage\":\"fr-FR\"},{\"@type\":\"Organization\",\"@id\":\"https:\\\/\\\/my-french-grocery.com\\\/fr\\\/#organization\",\"name\":\"MY FRENCH GROCERY\",\"url\":\"https:\\\/\\\/my-french-grocery.com\\\/fr\\\/\",\"logo\":{\"@type\":\"ImageObject\",\"inLanguage\":\"fr-FR\",\"@id\":\"https:\\\/\\\/my-french-grocery.com\\\/fr\\\/#\\\/schema\\\/logo\\\/image\\\/\",\"url\":\"https:\\\/\\\/my-french-grocery.com\\\/wp-content\\\/uploads\\\/2021\\\/11\\\/My-French-Grocery-Online-French-Grocery.png\",\"contentUrl\":\"https:\\\/\\\/my-french-grocery.com\\\/wp-content\\\/uploads\\\/2021\\\/11\\\/My-French-Grocery-Online-French-Grocery.png\",\"width\":100,\"height\":100,\"caption\":\"MY FRENCH GROCERY\"},\"image\":{\"@id\":\"https:\\\/\\\/my-french-grocery.com\\\/fr\\\/#\\\/schema\\\/logo\\\/image\\\/\"},\"sameAs\":[\"https:\\\/\\\/www.facebook.com\\\/myfrenchgrocery\\\/\"]}]}<\/script>\n<!-- \/ Yoast SEO plugin. -->","yoast_head_json":{"title":"Cr\u00e8me Anti-Rides Hydratation Intense Diadermine | Buy Online | My French Grocery","description":"Cr\u00e8me Anti-Rides Hydratation Intense Diadermine","robots":{"index":"index","follow":"follow","max-snippet":"max-snippet:-1","max-image-preview":"max-image-preview:large","max-video-preview":"max-video-preview:-1"},"canonical":"https:\/\/my-french-grocery.com\/fr\/produit\/creme-anti-rides-hydratation-intense-diadermine\/","og_locale":"fr_FR","og_type":"article","og_title":"Cr\u00e8me Anti-Rides Hydratation Intense Diadermine | Buy Online | My French Grocery","og_description":"Cr\u00e8me Anti-Rides Hydratation Intense Diadermine","og_url":"https:\/\/my-french-grocery.com\/fr\/produit\/creme-anti-rides-hydratation-intense-diadermine\/","og_site_name":"My French Grocery","article_publisher":"https:\/\/www.facebook.com\/myfrenchgrocery\/","og_image":[{"width":1500,"height":1500,"url":"https:\/\/my-french-grocery.com\/wp-content\/uploads\/2025\/02\/DIADERMINE-intense-hydration-anti-wrinkle-cream.webp","type":"image\/webp"}],"twitter_card":"summary_large_image","schema":{"@context":"https:\/\/schema.org","@graph":[{"@type":"WebPage","@id":"https:\/\/my-french-grocery.com\/fr\/produit\/creme-anti-rides-hydratation-intense-diadermine\/","url":"https:\/\/my-french-grocery.com\/fr\/produit\/creme-anti-rides-hydratation-intense-diadermine\/","name":"Cr\u00e8me Anti-Rides Hydratation Intense Diadermine | Buy Online | My French Grocery","isPartOf":{"@id":"https:\/\/my-french-grocery.com\/fr\/#website"},"primaryImageOfPage":{"@id":"https:\/\/my-french-grocery.com\/fr\/produit\/creme-anti-rides-hydratation-intense-diadermine\/#primaryimage"},"image":{"@id":"https:\/\/my-french-grocery.com\/fr\/produit\/creme-anti-rides-hydratation-intense-diadermine\/#primaryimage"},"thumbnailUrl":"https:\/\/my-french-grocery.com\/wp-content\/uploads\/2025\/02\/DIADERMINE-intense-hydration-anti-wrinkle-cream.webp","datePublished":"2025-02-20T09:24:19+00:00","description":"Cr\u00e8me Anti-Rides Hydratation Intense Diadermine","breadcrumb":{"@id":"https:\/\/my-french-grocery.com\/fr\/produit\/creme-anti-rides-hydratation-intense-diadermine\/#breadcrumb"},"inLanguage":"fr-FR","potentialAction":[{"@type":"ReadAction","target":["https:\/\/my-french-grocery.com\/fr\/produit\/creme-anti-rides-hydratation-intense-diadermine\/"]}]},{"@type":"ImageObject","inLanguage":"fr-FR","@id":"https:\/\/my-french-grocery.com\/fr\/produit\/creme-anti-rides-hydratation-intense-diadermine\/#primaryimage","url":"https:\/\/my-french-grocery.com\/wp-content\/uploads\/2025\/02\/DIADERMINE-intense-hydration-anti-wrinkle-cream.webp","contentUrl":"https:\/\/my-french-grocery.com\/wp-content\/uploads\/2025\/02\/DIADERMINE-intense-hydration-anti-wrinkle-cream.webp","width":1500,"height":1500,"caption":"Cr\u00e8me Anti-Rides Hydratation Intense Diadermine"},{"@type":"BreadcrumbList","@id":"https:\/\/my-french-grocery.com\/fr\/produit\/creme-anti-rides-hydratation-intense-diadermine\/#breadcrumb","itemListElement":[{"@type":"ListItem","position":1,"name":"Home","item":"https:\/\/my-french-grocery.com\/fr\/"},{"@type":"ListItem","position":2,"name":"Shop","item":"https:\/\/my-french-grocery.com\/shop\/"},{"@type":"ListItem","position":3,"name":"Cosm\u00e9tiques","item":"https:\/\/my-french-grocery.com\/fr\/categorie-produit\/cosmetiques\/"},{"@type":"ListItem","position":4,"name":"Soin Du Corps","item":"https:\/\/my-french-grocery.com\/fr\/categorie-produit\/cosmetiques\/soin-du-corps\/"},{"@type":"ListItem","position":5,"name":"Cr\u00e8me Anti-Rides Hydratation Intense Diadermine"}]},{"@type":"WebSite","@id":"https:\/\/my-french-grocery.com\/fr\/#website","url":"https:\/\/my-french-grocery.com\/fr\/","name":"My French Grocery","description":"Your Online French Grocery  !","publisher":{"@id":"https:\/\/my-french-grocery.com\/fr\/#organization"},"potentialAction":[{"@type":"SearchAction","target":{"@type":"EntryPoint","urlTemplate":"https:\/\/my-french-grocery.com\/fr\/?s={search_term_string}"},"query-input":{"@type":"PropertyValueSpecification","valueRequired":true,"valueName":"search_term_string"}}],"inLanguage":"fr-FR"},{"@type":"Organization","@id":"https:\/\/my-french-grocery.com\/fr\/#organization","name":"MY FRENCH GROCERY","url":"https:\/\/my-french-grocery.com\/fr\/","logo":{"@type":"ImageObject","inLanguage":"fr-FR","@id":"https:\/\/my-french-grocery.com\/fr\/#\/schema\/logo\/image\/","url":"https:\/\/my-french-grocery.com\/wp-content\/uploads\/2021\/11\/My-French-Grocery-Online-French-Grocery.png","contentUrl":"https:\/\/my-french-grocery.com\/wp-content\/uploads\/2021\/11\/My-French-Grocery-Online-French-Grocery.png","width":100,"height":100,"caption":"MY FRENCH GROCERY"},"image":{"@id":"https:\/\/my-french-grocery.com\/fr\/#\/schema\/logo\/image\/"},"sameAs":["https:\/\/www.facebook.com\/myfrenchgrocery\/"]}]}},"brands":[{"id":3912,"name":"Diadermine","slug":"diadermine-fr"}],"_links":{"self":[{"href":"https:\/\/my-french-grocery.com\/fr\/wp-json\/wp\/v2\/product\/46972","targetHints":{"allow":["GET"]}}],"collection":[{"href":"https:\/\/my-french-grocery.com\/fr\/wp-json\/wp\/v2\/product"}],"about":[{"href":"https:\/\/my-french-grocery.com\/fr\/wp-json\/wp\/v2\/types\/product"}],"replies":[{"embeddable":true,"href":"https:\/\/my-french-grocery.com\/fr\/wp-json\/wp\/v2\/comments?post=46972"}],"wp:featuredmedia":[{"embeddable":true,"href":"https:\/\/my-french-grocery.com\/fr\/wp-json\/wp\/v2\/media\/46967"}],"wp:attachment":[{"href":"https:\/\/my-french-grocery.com\/fr\/wp-json\/wp\/v2\/media?parent=46972"}],"wp:term":[{"taxonomy":"pwb-brand","embeddable":true,"href":"https:\/\/my-french-grocery.com\/fr\/wp-json\/wp\/v2\/pwb-brand?post=46972"},{"taxonomy":"product_brand","embeddable":true,"href":"https:\/\/my-french-grocery.com\/fr\/wp-json\/wp\/v2\/product_brand?post=46972"},{"taxonomy":"product_cat","embeddable":true,"href":"https:\/\/my-french-grocery.com\/fr\/wp-json\/wp\/v2\/product_cat?post=46972"},{"taxonomy":"product_tag","embeddable":true,"href":"https:\/\/my-french-grocery.com\/fr\/wp-json\/wp\/v2\/product_tag?post=46972"}],"curies":[{"name":"wp","href":"https:\/\/api.w.org\/{rel}","templated":true}]}}