{"id":47029,"date":"2025-02-20T18:29:57","date_gmt":"2025-02-20T16:29:58","guid":{"rendered":"https:\/\/my-french-grocery.com\/?post_type=product&#038;p=47029"},"modified":"2025-02-23T19:04:53","modified_gmt":"2025-02-23T17:04:53","slug":"creme-visage-nuit-peaux-matures-diadermine","status":"publish","type":"product","link":"https:\/\/my-french-grocery.com\/fr\/produit\/creme-visage-nuit-peaux-matures-diadermine\/","title":{"rendered":"Cr\u00e8me Visage Nuit Peaux Matures Diadermine"},"content":{"rendered":"<p>Cr\u00e8me Visage Nuit Peaux Matures Diadermine<\/p>\n<p>pot de 50 ml<\/p>\n<p>Cr\u00e8me riche et velout\u00e9e. R\u00e9g\u00e9n\u00e8re. Revitalise. Raffermit. R\u00e9pare. Ce Soin Global Nuit ultra-riche enrichi en endonucl\u00e9ase agit contre les signes majeurs de l\u2019\u00e2ge<\/p>\n","protected":false},"excerpt":{"rendered":"<p>Cr\u00e8me Visage Nuit Peaux Matures Diadermine<\/p>\n<p>pot de 50 ml<\/p>\n","protected":false},"featured_media":47033,"comment_status":"open","ping_status":"closed","template":"","meta":[],"pwb-brand":[3912],"product_brand":[],"product_cat":[2753],"product_tag":[3910,3911],"class_list":{"0":"post-47029","1":"product","2":"type-product","3":"status-publish","4":"has-post-thumbnail","6":"pwb-brand-diadermine-fr","7":"product_cat-soin-du-corps","8":"product_tag-diadermine-fr","9":"product_tag-soin-de-la-peau","11":"first","12":"instock","13":"taxable","14":"shipping-taxable","15":"purchasable","16":"product-type-simple"},"brands":[{"id":3912,"name":"Diadermine","slug":"diadermine-fr"}],"_links":{"self":[{"href":"https:\/\/my-french-grocery.com\/fr\/wp-json\/wp\/v2\/product\/47029","targetHints":{"allow":["GET"]}}],"collection":[{"href":"https:\/\/my-french-grocery.com\/fr\/wp-json\/wp\/v2\/product"}],"about":[{"href":"https:\/\/my-french-grocery.com\/fr\/wp-json\/wp\/v2\/types\/product"}],"replies":[{"embeddable":true,"href":"https:\/\/my-french-grocery.com\/fr\/wp-json\/wp\/v2\/comments?post=47029"}],"wp:featuredmedia":[{"embeddable":true,"href":"https:\/\/my-french-grocery.com\/fr\/wp-json\/wp\/v2\/media\/47033"}],"wp:attachment":[{"href":"https:\/\/my-french-grocery.com\/fr\/wp-json\/wp\/v2\/media?parent=47029"}],"wp:term":[{"taxonomy":"pwb-brand","embeddable":true,"href":"https:\/\/my-french-grocery.com\/fr\/wp-json\/wp\/v2\/pwb-brand?post=47029"},{"taxonomy":"product_brand","embeddable":true,"href":"https:\/\/my-french-grocery.com\/fr\/wp-json\/wp\/v2\/product_brand?post=47029"},{"taxonomy":"product_cat","embeddable":true,"href":"https:\/\/my-french-grocery.com\/fr\/wp-json\/wp\/v2\/product_cat?post=47029"},{"taxonomy":"product_tag","embeddable":true,"href":"https:\/\/my-french-grocery.com\/fr\/wp-json\/wp\/v2\/product_tag?post=47029"}],"curies":[{"name":"wp","href":"https:\/\/api.w.org\/{rel}","templated":true}]}}